{"id":1433,"date":"2020-12-07T02:21:16","date_gmt":"2020-12-07T02:21:16","guid":{"rendered":"https:\/\/ninetheme.com\/themes\/agrikon\/?page_id=1433"},"modified":"2024-05-13T08:58:30","modified_gmt":"2024-05-13T06:58:30","slug":"domasz","status":"publish","type":"page","link":"https:\/\/zagro.hr\/en\/domasz\/","title":{"rendered":"Domasz"},"content":{"rendered":"<div data-elementor-type=\"wp-page\" data-elementor-id=\"1433\" class=\"elementor elementor-1433\" data-elementor-settings=\"[]\">\n\t\t\t\t\t\t\t<div class=\"elementor-section-wrap\">\n\t\t\t\t\t\t\t<div class=\"elementor-section elementor-top-section elementor-element elementor-element-c8315a4 elementor-section-full_width elementor-section-height-default elementor-section-height-default nt-section-ripped-top ripped-top-no nt-section-ripped-bottom ripped-bottom-no\" data-id=\"c8315a4\" data-element_type=\"section\">\n\t\t\t\t\t\t<div class=\"elementor-container elementor-column-gap-no\">\n\t\t\t\t\t<div class=\"elementor-column elementor-col-100 elementor-top-column elementor-element elementor-element-5a27a41\" data-id=\"5a27a41\" data-element_type=\"column\">\n\t\t\t<div class=\"elementor-widget-wrap elementor-element-populated\">\n\t\t\t\t\t\t\t\t<div class=\"elementor-element elementor-element-4e5250b elementor-widget elementor-widget-agrikon-page-hero\" data-id=\"4e5250b\" data-element_type=\"widget\" data-widget_type=\"agrikon-page-hero.default\">\n\t\t\t\t<div class=\"elementor-widget-container\">\n\t\t\t<div class=\"page-header\"><div class=\"page-header__bg\"><\/div><div class=\"container\"><ul class=\"breadcrumbs thm-breadcrumb list-unstyled\"><li><a class=\"breadcrumb_link\" href=\"https:\/\/zagro.hr\/en\/\"> Home<\/a><\/li><\/ul><h2 class=\"page-title\"><img decoding=\"async\" src=\"http:\/\/zagro.hr\/wp-content\/uploads\/2021\/02\/domasz-systemy-pakowania-i-wazenia.png\"><\/h2><\/div><\/div>\t\t<\/div>\n\t\t\t\t<\/div>\n\t\t\t\t\t<\/div>\n\t\t<\/div>\n\t\t\t\t\t\t\t<\/div>\n\t\t<\/div>\n\t\t\t\t<div class=\"elementor-section elementor-top-section elementor-element elementor-element-2472444 elementor-section-boxed elementor-section-height-default elementor-section-height-default nt-section-ripped-top ripped-top-no nt-section-ripped-bottom ripped-bottom-no\" data-id=\"2472444\" data-element_type=\"section\">\n\t\t\t\t\t\t<div class=\"elementor-container elementor-column-gap-no\">\n\t\t\t\t\t<div class=\"elementor-column elementor-col-33 elementor-top-column elementor-element elementor-element-59d7fa6\" data-id=\"59d7fa6\" data-element_type=\"column\" data-settings=\"{&quot;background_background&quot;:&quot;classic&quot;}\">\n\t\t\t<div class=\"elementor-widget-wrap elementor-element-populated\">\n\t\t\t\t\t\t\t\t<div class=\"elementor-section elementor-inner-section elementor-element elementor-element-713d062 elementor-section-boxed elementor-section-height-default elementor-section-height-default nt-section-ripped-top ripped-top-no nt-section-ripped-bottom ripped-bottom-no\" data-id=\"713d062\" data-element_type=\"section\" data-settings=\"{&quot;background_background&quot;:&quot;classic&quot;}\">\n\t\t\t\t\t\t<div class=\"elementor-container elementor-column-gap-default\">\n\t\t\t\t\t<div class=\"elementor-column elementor-col-100 elementor-inner-column elementor-element elementor-element-6a91259\" data-id=\"6a91259\" data-element_type=\"column\">\n\t\t\t<div class=\"elementor-widget-wrap elementor-element-populated\">\n\t\t\t\t\t\t\t\t<div class=\"elementor-element elementor-element-6c077ff agrikon-transform transform-type-translate elementor-widget elementor-widget-heading\" data-id=\"6c077ff\" data-element_type=\"widget\" data-widget_type=\"heading.default\">\n\t\t\t\t<div class=\"elementor-widget-container\">\n\t\t\t<div class=\"elementor-heading-title elementor-size-default\"><a href=\"https:\/\/domasz.com.pl\/en\/\"><img decoding=\"async\" src=\"http:\/\/zagro.hr\/wp-content\/uploads\/2021\/02\/domasz-systemy-pakowania-i-wazenia.png\"><\/a><\/div>\t\t<\/div>\n\t\t\t\t<\/div>\n\t\t\t\t<div class=\"elementor-element elementor-element-9b36251 elementor-widget elementor-widget-text-editor\" data-id=\"9b36251\" data-element_type=\"widget\" data-widget_type=\"text-editor.default\">\n\t\t\t\t<div class=\"elementor-widget-container\">\n\t\t\t\t\t<div class=\"elementor-text-editor elementor-clearfix\"><p><a href=\"https:\/\/domasz.com.pl\/en\/\" target=\"_blank\" rel=\"noopener\">www.domasz.com.pl<\/a><\/p><\/div>\n\t\t\t\t<\/div>\n\t\t\t\t<\/div>\n\t\t\t\t<div class=\"elementor-element elementor-element-e953fe2 agrikon-heading-link-#255946 agrikon-transform transform-type-translate elementor-widget elementor-widget-heading\" data-id=\"e953fe2\" data-element_type=\"widget\" data-widget_type=\"heading.default\">\n\t\t\t\t<div class=\"elementor-widget-container\">\n\t\t\t<div class=\"elementor-heading-title elementor-size-default\"><a href=\"https:\/\/domasz.com.pl\/en\/\" target=\"_blank\">Products<\/a><\/div>\t\t<\/div>\n\t\t\t\t<\/div>\n\t\t\t\t\t<\/div>\n\t\t<\/div>\n\t\t\t\t\t\t\t<\/div>\n\t\t<\/div>\n\t\t\t\t<div class=\"elementor-section elementor-inner-section elementor-element elementor-element-d821553 elementor-section-boxed elementor-section-height-default elementor-section-height-default nt-section-ripped-top ripped-top-no nt-section-ripped-bottom ripped-bottom-no\" data-id=\"d821553\" data-element_type=\"section\" data-settings=\"{&quot;background_background&quot;:&quot;classic&quot;}\">\n\t\t\t\t\t\t\t<div class=\"elementor-background-overlay\"><\/div>\n\t\t\t\t\t\t\t<div class=\"elementor-container elementor-column-gap-no\">\n\t\t\t\t\t<div class=\"elementor-column elementor-col-100 elementor-inner-column elementor-element elementor-element-2f55d38\" data-id=\"2f55d38\" data-element_type=\"column\">\n\t\t\t<div class=\"elementor-widget-wrap elementor-element-populated\">\n\t\t\t\t\t\t\t\t<div class=\"elementor-element elementor-element-4aa30c6 agrikon-transform transform-type-translate elementor-widget elementor-widget-heading\" data-id=\"4aa30c6\" data-element_type=\"widget\" data-widget_type=\"heading.default\">\n\t\t\t\t<div class=\"elementor-widget-container\">\n\t\t\t<h3 class=\"elementor-heading-title elementor-size-default\">Modern packaging and weighing systems. <\/h3>\t\t<\/div>\n\t\t\t\t<\/div>\n\t\t\t\t\t<\/div>\n\t\t<\/div>\n\t\t\t\t\t\t\t<\/div>\n\t\t<\/div>\n\t\t\t\t<div class=\"elementor-section elementor-inner-section elementor-element elementor-element-e4e243c elementor-section-content-middle elementor-section-boxed elementor-section-height-default elementor-section-height-default nt-section-ripped-top ripped-top-no nt-section-ripped-bottom ripped-bottom-no\" data-id=\"e4e243c\" data-element_type=\"section\">\n\t\t\t\t\t\t<div class=\"elementor-container elementor-column-gap-no\">\n\t\t\t\t\t<div class=\"elementor-column elementor-col-100 elementor-inner-column elementor-element elementor-element-0b1f3ea\" data-id=\"0b1f3ea\" data-element_type=\"column\">\n\t\t\t<div class=\"elementor-widget-wrap elementor-element-populated\">\n\t\t\t\t\t\t\t\t<div class=\"elementor-element elementor-element-7732423 agrikon-transform transform-type-translate elementor-widget elementor-widget-heading\" data-id=\"7732423\" data-element_type=\"widget\" data-widget_type=\"heading.default\">\n\t\t\t\t<div class=\"elementor-widget-container\">\n\t\t\t<h4 class=\"elementor-heading-title elementor-size-default\">Products<\/h4>\t\t<\/div>\n\t\t\t\t<\/div>\n\t\t\t\t<div class=\"elementor-element elementor-element-dd9de4d elementor-align-left elementor-icon-list--layout-traditional elementor-list-item-link-full_width elementor-widget elementor-widget-icon-list\" data-id=\"dd9de4d\" data-element_type=\"widget\" data-widget_type=\"icon-list.default\">\n\t\t\t\t<div class=\"elementor-widget-container\">\n\t\t\t\t\t<ul class=\"elementor-icon-list-items\">\n\t\t\t\t\t\t\t<li class=\"elementor-icon-list-item\">\n\t\t\t\t\t\t\t\t\t\t\t<span class=\"elementor-icon-list-icon\">\n\t\t\t\t\t\t\t<i aria-hidden=\"true\" class=\"fas fa-check-circle\"><\/i>\t\t\t\t\t\t<\/span>\n\t\t\t\t\t\t\t\t\t\t<span class=\"elementor-icon-list-text\"> WEIGHING AND PACKAGING OF VEGETABLES<\/span>\n\t\t\t\t\t\t\t\t\t<\/li>\n\t\t\t\t\t\t\t\t<li class=\"elementor-icon-list-item\">\n\t\t\t\t\t\t\t\t\t\t\t<span class=\"elementor-icon-list-icon\">\n\t\t\t\t\t\t\t<i aria-hidden=\"true\" class=\"fas fa-check-circle\"><\/i>\t\t\t\t\t\t<\/span>\n\t\t\t\t\t\t\t\t\t\t<span class=\"elementor-icon-list-text\">CLEANING, SORTING AND TRANSPORT OF VEGETABLES<\/span>\n\t\t\t\t\t\t\t\t\t<\/li>\n\t\t\t\t\t\t\t\t<li class=\"elementor-icon-list-item\">\n\t\t\t\t\t\t\t\t\t\t\t<span class=\"elementor-icon-list-icon\">\n\t\t\t\t\t\t\t<i aria-hidden=\"true\" class=\"fas fa-check-circle\"><\/i>\t\t\t\t\t\t<\/span>\n\t\t\t\t\t\t\t\t\t\t<span class=\"elementor-icon-list-text\">WEIGHING AND PACKAGING MATS<\/span>\n\t\t\t\t\t\t\t\t\t<\/li>\n\t\t\t\t\t\t\t\t<li class=\"elementor-icon-list-item\">\n\t\t\t\t\t\t\t\t\t\t\t<span class=\"elementor-icon-list-icon\">\n\t\t\t\t\t\t\t<i aria-hidden=\"true\" class=\"fas fa-check-circle\"><\/i>\t\t\t\t\t\t<\/span>\n\t\t\t\t\t\t\t\t\t\t<span class=\"elementor-icon-list-text\">SEWING MACHINES AND WELDING MACHINES<\/span>\n\t\t\t\t\t\t\t\t\t<\/li>\n\t\t\t\t\t\t<\/ul>\n\t\t\t\t<\/div>\n\t\t\t\t<\/div>\n\t\t\t\t\t<\/div>\n\t\t<\/div>\n\t\t\t\t\t\t\t<\/div>\n\t\t<\/div>\n\t\t\t\t<div class=\"elementor-element elementor-element-a6fe582 elementor-widget elementor-widget-image\" data-id=\"a6fe582\" data-element_type=\"widget\" data-widget_type=\"image.default\">\n\t\t\t\t<div class=\"elementor-widget-container\">\n\t\t\t\t\t<div class=\"elementor-image\">\n\t\t\t\t\t\t\t\t\t\t<img loading=\"lazy\" decoding=\"async\" width=\"500\" height=\"500\" src=\"https:\/\/zagro.hr\/wp-content\/uploads\/2021\/02\/wagoworkownica-we-30-plus12-500x500.jpg\" class=\"attachment-agrikon-square size-agrikon-square\" alt=\"\" srcset=\"https:\/\/zagro.hr\/wp-content\/uploads\/2021\/02\/wagoworkownica-we-30-plus12-500x500.jpg 500w, https:\/\/zagro.hr\/wp-content\/uploads\/2021\/02\/wagoworkownica-we-30-plus12-150x150.jpg 150w, https:\/\/zagro.hr\/wp-content\/uploads\/2021\/02\/wagoworkownica-we-30-plus12-48x48.jpg 48w, https:\/\/zagro.hr\/wp-content\/uploads\/2021\/02\/wagoworkownica-we-30-plus12-300x300.jpg 300w, https:\/\/zagro.hr\/wp-content\/uploads\/2021\/02\/wagoworkownica-we-30-plus12-450x450.jpg 450w, https:\/\/zagro.hr\/wp-content\/uploads\/2021\/02\/wagoworkownica-we-30-plus12-100x100.jpg 100w\" sizes=\"auto, (max-width: 500px) 100vw, 500px\" \/>\t\t\t\t\t\t\t\t\t\t\t<\/div>\n\t\t\t\t<\/div>\n\t\t\t\t<\/div>\n\t\t\t\t\t<\/div>\n\t\t<\/div>\n\t\t\t\t<div class=\"elementor-column elementor-col-66 elementor-top-column elementor-element elementor-element-b32df19\" data-id=\"b32df19\" data-element_type=\"column\">\n\t\t\t<div class=\"elementor-widget-wrap elementor-element-populated\">\n\t\t\t\t\t\t\t\t<div class=\"elementor-element elementor-element-ca3e392 elementor-widget elementor-widget-image\" data-id=\"ca3e392\" data-element_type=\"widget\" data-widget_type=\"image.default\">\n\t\t\t\t<div class=\"elementor-widget-container\">\n\t\t\t\t\t<div class=\"elementor-image\">\n\t\t\t\t\t\t\t\t\t\t<img loading=\"lazy\" decoding=\"async\" width=\"800\" height=\"533\" src=\"https:\/\/zagro.hr\/wp-content\/uploads\/2021\/02\/wagoworkownica-we-30-plus14.jpg\" class=\"attachment-large size-large\" alt=\"\" srcset=\"https:\/\/zagro.hr\/wp-content\/uploads\/2021\/02\/wagoworkownica-we-30-plus14.jpg 800w, https:\/\/zagro.hr\/wp-content\/uploads\/2021\/02\/wagoworkownica-we-30-plus14-300x200.jpg 300w, https:\/\/zagro.hr\/wp-content\/uploads\/2021\/02\/wagoworkownica-we-30-plus14-768x512.jpg 768w, https:\/\/zagro.hr\/wp-content\/uploads\/2021\/02\/wagoworkownica-we-30-plus14-250x167.jpg 250w, https:\/\/zagro.hr\/wp-content\/uploads\/2021\/02\/wagoworkownica-we-30-plus14-550x366.jpg 550w, https:\/\/zagro.hr\/wp-content\/uploads\/2021\/02\/wagoworkownica-we-30-plus14-270x180.jpg 270w, https:\/\/zagro.hr\/wp-content\/uploads\/2021\/02\/wagoworkownica-we-30-plus14-450x300.jpg 450w, https:\/\/zagro.hr\/wp-content\/uploads\/2021\/02\/wagoworkownica-we-30-plus14-750x500.jpg 750w\" sizes=\"auto, (max-width: 800px) 100vw, 800px\" \/>\t\t\t\t\t\t\t\t\t\t\t<\/div>\n\t\t\t\t<\/div>\n\t\t\t\t<\/div>\n\t\t\t\t<section class=\"elementor-section elementor-inner-section elementor-element elementor-element-1e63add elementor-section-boxed elementor-section-height-default elementor-section-height-default nt-section-ripped-top ripped-top-no nt-section-ripped-bottom ripped-bottom-no\" data-id=\"1e63add\" data-element_type=\"section\">\n\t\t\t\t\t\t<div class=\"elementor-container elementor-column-gap-default\">\n\t\t\t\t\t<div class=\"elementor-column elementor-col-50 elementor-inner-column elementor-element elementor-element-966c844\" data-id=\"966c844\" data-element_type=\"column\">\n\t\t\t<div class=\"elementor-widget-wrap elementor-element-populated\">\n\t\t\t\t\t\t\t\t<div class=\"elementor-element elementor-element-32b17f6 elementor-widget elementor-widget-image\" data-id=\"32b17f6\" data-element_type=\"widget\" data-widget_type=\"image.default\">\n\t\t\t\t<div class=\"elementor-widget-container\">\n\t\t\t\t\t<div class=\"elementor-image\">\n\t\t\t\t\t\t\t\t\t\t<img loading=\"lazy\" decoding=\"async\" width=\"900\" height=\"600\" src=\"https:\/\/zagro.hr\/wp-content\/uploads\/2021\/02\/we30-1.jpg\" class=\"attachment-full size-full\" alt=\"Vaga automatska WE - 30 PLUS Domasz 1\" srcset=\"https:\/\/zagro.hr\/wp-content\/uploads\/2021\/02\/we30-1.jpg 900w, https:\/\/zagro.hr\/wp-content\/uploads\/2021\/02\/we30-1-300x200.jpg 300w, https:\/\/zagro.hr\/wp-content\/uploads\/2021\/02\/we30-1-768x512.jpg 768w, https:\/\/zagro.hr\/wp-content\/uploads\/2021\/02\/we30-1-250x167.jpg 250w, https:\/\/zagro.hr\/wp-content\/uploads\/2021\/02\/we30-1-550x367.jpg 550w, https:\/\/zagro.hr\/wp-content\/uploads\/2021\/02\/we30-1-800x533.jpg 800w, https:\/\/zagro.hr\/wp-content\/uploads\/2021\/02\/we30-1-270x180.jpg 270w, https:\/\/zagro.hr\/wp-content\/uploads\/2021\/02\/we30-1-450x300.jpg 450w, https:\/\/zagro.hr\/wp-content\/uploads\/2021\/02\/we30-1-750x500.jpg 750w\" sizes=\"auto, (max-width: 900px) 100vw, 900px\" \/>\t\t\t\t\t\t\t\t\t\t\t<\/div>\n\t\t\t\t<\/div>\n\t\t\t\t<\/div>\n\t\t\t\t\t<\/div>\n\t\t<\/div>\n\t\t\t\t<div class=\"elementor-column elementor-col-50 elementor-inner-column elementor-element elementor-element-fca780e\" data-id=\"fca780e\" data-element_type=\"column\">\n\t\t\t<div class=\"elementor-widget-wrap elementor-element-populated\">\n\t\t\t\t\t\t\t\t<div class=\"elementor-element elementor-element-42d1828 elementor-widget elementor-widget-image\" data-id=\"42d1828\" data-element_type=\"widget\" data-widget_type=\"image.default\">\n\t\t\t\t<div class=\"elementor-widget-container\">\n\t\t\t\t\t<div class=\"elementor-image\">\n\t\t\t\t\t\t\t\t\t\t<img loading=\"lazy\" decoding=\"async\" width=\"900\" height=\"600\" src=\"https:\/\/zagro.hr\/wp-content\/uploads\/2021\/02\/ra011.jpg\" class=\"attachment-full size-full\" alt=\"Pakirnica automatska RA-1 tvrtka Domasz\" srcset=\"https:\/\/zagro.hr\/wp-content\/uploads\/2021\/02\/ra011.jpg 900w, https:\/\/zagro.hr\/wp-content\/uploads\/2021\/02\/ra011-300x200.jpg 300w, https:\/\/zagro.hr\/wp-content\/uploads\/2021\/02\/ra011-768x512.jpg 768w, https:\/\/zagro.hr\/wp-content\/uploads\/2021\/02\/ra011-250x167.jpg 250w, https:\/\/zagro.hr\/wp-content\/uploads\/2021\/02\/ra011-550x367.jpg 550w, https:\/\/zagro.hr\/wp-content\/uploads\/2021\/02\/ra011-800x533.jpg 800w, https:\/\/zagro.hr\/wp-content\/uploads\/2021\/02\/ra011-270x180.jpg 270w, https:\/\/zagro.hr\/wp-content\/uploads\/2021\/02\/ra011-450x300.jpg 450w, https:\/\/zagro.hr\/wp-content\/uploads\/2021\/02\/ra011-750x500.jpg 750w\" sizes=\"auto, (max-width: 900px) 100vw, 900px\" \/>\t\t\t\t\t\t\t\t\t\t\t<\/div>\n\t\t\t\t<\/div>\n\t\t\t\t<\/div>\n\t\t\t\t\t<\/div>\n\t\t<\/div>\n\t\t\t\t\t\t\t<\/div>\n\t\t<\/section>\n\t\t\t\t<div class=\"elementor-element elementor-element-cb579e0 agrikon-transform transform-type-translate elementor-widget elementor-widget-heading\" data-id=\"cb579e0\" data-element_type=\"widget\" data-widget_type=\"heading.default\">\n\t\t\t\t<div class=\"elementor-widget-container\">\n\t\t\t<h2 class=\"elementor-heading-title elementor-size-default\">Domasz - modern packaging and weighing systems<\/h2>\t\t<\/div>\n\t\t\t\t<\/div>\n\t\t\t\t<div class=\"elementor-element elementor-element-d588f0c elementor-widget elementor-widget-text-editor\" data-id=\"d588f0c\" data-element_type=\"widget\" data-widget_type=\"text-editor.default\">\n\t\t\t\t<div class=\"elementor-widget-container\">\n\t\t\t\t\t<div class=\"elementor-text-editor elementor-clearfix\"><p class=\" translation-block\">The company has been producing modern weighing and packaging systems for many years. Domasz devices are successfully used in various industries, where various products are often packaged in a three-shift cycle.<\/p><p><span>From the very beginning of the company's existence, the main goal has been to present safe, modern and reliable machines on the market. In addition to the competitive price of the device, DOMASZ offers its customers professional advice, free training during the first start of the machines, warranty and post-warranty service and in most cases free transport to the customer throughout the country.<\/span><\/p><\/div>\n\t\t\t\t<\/div>\n\t\t\t\t<\/div>\n\t\t\t\t<div class=\"elementor-element elementor-element-97840ae elementor-widget elementor-widget-agrikon-button\" data-id=\"97840ae\" data-element_type=\"widget\" data-widget_type=\"agrikon-button.default\">\n\t\t\t\t<div class=\"elementor-widget-container\">\n\t\t\t<div class=\"agrikon-button\"><a class=\"agrikon-btn thm-btn\" href=\"https:\/\/zagro.hr\/en\/kontakt\/\">Contact us <\/a><\/div>\t\t<\/div>\n\t\t\t\t<\/div>\n\t\t\t\t\t<\/div>\n\t\t<\/div>\n\t\t\t\t\t\t\t<\/div>\n\t\t<\/div>\n\t\t\t\t\t\t<\/div>\n\t\t\t\t\t<\/div>","protected":false},"excerpt":{"rendered":"<p>Home www.domasz.com.pl Proizvodi Suvremeni sustavi pakiranja i vaganja. Proizvodi VAGANJE I PAKIRANJE POVR\u0106A \u010cI\u0160\u0106ENJE, SORTIRANJE I TRANSPORT POVR\u0106A PROSTIRKE ZA VAGANJE I PAKIRANJE \u0160IVA\u0106I STROJEVI I STROJEVI ZA ZAVARIVANJE Domasz &#8211; suvremeni sustavi pakiranja i vaganja Tvrtka ve\u0107 dugi niz godina\u00a0proizvodi moderne sustave za\u00a0vaganje i pakiranje.\u00a0Domasz ure\u0111aji uspje\u0161no se koriste u raznim industrijama, gdje se&#8230;<\/p>","protected":false},"author":1,"featured_media":0,"parent":0,"menu_order":0,"comment_status":"closed","ping_status":"closed","template":"","meta":{"bgseo_title":"Domasz","bgseo_description":"Tvrtka Domasz ve\u0107 dugi niz godina proizvodi moderne sustave za vaganje i pakiranje. Njihovi ure\u0111aji uspje\u0161no se koriste u raznim industrijama.","bgseo_robots_index":"index","bgseo_robots_follow":"follow","footnotes":""},"class_list":{"0":"post-1433","1":"page","2":"type-page","3":"status-publish","4":"hentry","5":"nt-post-class","6":"","8":"thumb-none","10":"excerpt-none"},"yoast_head":"<!-- This site is optimized with the Yoast SEO plugin v16.5 - https:\/\/yoast.com\/wordpress\/plugins\/seo\/ -->\n<title>Domasz<\/title>\n<meta name=\"description\" content=\"Tvrtka Domasz ve\u0107 dugi niz godina proizvodi moderne sustave za vaganje i pakiranje. Domasz ure\u0111aji uspje\u0161no se koriste u raznim industrijama.\" \/>\n<meta name=\"robots\" content=\"index, follow, max-snippet:-1, max-image-preview:large, max-video-preview:-1\" \/>\n<link rel=\"canonical\" href=\"https:\/\/zagro.hr\/en\/domasz\/\" \/>\n<meta property=\"og:locale\" content=\"en_GB\" \/>\n<meta property=\"og:type\" content=\"article\" \/>\n<meta property=\"og:title\" content=\"Domasz - Zagro d.o.o.\" \/>\n<meta property=\"og:description\" content=\"Tvrtka Domasz ve\u0107 dugi niz godina proizvodi moderne sustave za vaganje i pakiranje. Domasz ure\u0111aji uspje\u0161no se koriste u raznim industrijama.\" \/>\n<meta property=\"og:url\" content=\"https:\/\/zagro.hr\/en\/domasz\/\" \/>\n<meta property=\"og:site_name\" content=\"Zagro d.o.o.\" \/>\n<meta property=\"article:modified_time\" content=\"2024-05-13T06:58:30+00:00\" \/>\n<meta property=\"og:image\" content=\"http:\/\/zagro.hr\/wp-content\/uploads\/2021\/02\/domasz-systemy-pakowania-i-wazenia.png\" \/>\n<meta name=\"twitter:card\" content=\"summary_large_image\" \/>\n<meta name=\"twitter:label1\" content=\"Estimated reading time\" \/>\n\t<meta name=\"twitter:data1\" content=\"2 minutes\" \/>\n<script type=\"application\/ld+json\" class=\"yoast-schema-graph\">{\"@context\":\"https:\/\/schema.org\",\"@graph\":[{\"@type\":\"Organization\",\"@id\":\"https:\/\/zagro.hr\/#organization\",\"name\":\"Zagro d.o.o.\",\"url\":\"https:\/\/zagro.hr\/\",\"sameAs\":[],\"logo\":{\"@type\":\"ImageObject\",\"@id\":\"https:\/\/zagro.hr\/#logo\",\"inLanguage\":\"en-GB\",\"url\":\"https:\/\/zagro.hr\/wp-content\/uploads\/2021\/01\/logo-1-e1461010389735.png\",\"contentUrl\":\"https:\/\/zagro.hr\/wp-content\/uploads\/2021\/01\/logo-1-e1461010389735.png\",\"width\":200,\"height\":100,\"caption\":\"Zagro d.o.o.\"},\"image\":{\"@id\":\"https:\/\/zagro.hr\/#logo\"}},{\"@type\":\"WebSite\",\"@id\":\"https:\/\/zagro.hr\/#website\",\"url\":\"https:\/\/zagro.hr\/\",\"name\":\"Zagro d.o.o.\",\"description\":\"\",\"publisher\":{\"@id\":\"https:\/\/zagro.hr\/#organization\"},\"potentialAction\":[{\"@type\":\"SearchAction\",\"target\":\"https:\/\/zagro.hr\/?s={search_term_string}\",\"query-input\":\"required name=search_term_string\"}],\"inLanguage\":\"en-GB\"},{\"@type\":\"ImageObject\",\"@id\":\"https:\/\/zagro.hr\/domasz\/#primaryimage\",\"inLanguage\":\"en-GB\",\"url\":\"http:\/\/zagro.hr\/wp-content\/uploads\/2021\/02\/domasz-systemy-pakowania-i-wazenia.png\",\"contentUrl\":\"http:\/\/zagro.hr\/wp-content\/uploads\/2021\/02\/domasz-systemy-pakowania-i-wazenia.png\"},{\"@type\":\"WebPage\",\"@id\":\"https:\/\/zagro.hr\/domasz\/#webpage\",\"url\":\"https:\/\/zagro.hr\/domasz\/\",\"name\":\"Domasz - Zagro d.o.o.\",\"isPartOf\":{\"@id\":\"https:\/\/zagro.hr\/#website\"},\"primaryImageOfPage\":{\"@id\":\"https:\/\/zagro.hr\/domasz\/#primaryimage\"},\"datePublished\":\"2020-12-07T02:21:16+00:00\",\"dateModified\":\"2024-05-13T06:58:30+00:00\",\"description\":\"Tvrtka Domasz ve\\u0107 dugi niz godina proizvodi moderne sustave za vaganje i pakiranje. Domasz ure\\u0111aji uspje\\u0161no se koriste u raznim industrijama.\",\"breadcrumb\":{\"@id\":\"https:\/\/zagro.hr\/domasz\/#breadcrumb\"},\"inLanguage\":\"en-GB\",\"potentialAction\":[{\"@type\":\"ReadAction\",\"target\":[\"https:\/\/zagro.hr\/domasz\/\"]}]},{\"@type\":\"BreadcrumbList\",\"@id\":\"https:\/\/zagro.hr\/domasz\/#breadcrumb\",\"itemListElement\":[{\"@type\":\"ListItem\",\"position\":1,\"name\":\"Po\\u010detna stranica\",\"item\":\"https:\/\/zagro.hr\/\"},{\"@type\":\"ListItem\",\"position\":2,\"name\":\"Domasz\"}]}]}<\/script>\n<!-- \/ Yoast SEO plugin. -->","_links":{"self":[{"href":"https:\/\/zagro.hr\/en\/wp-json\/wp\/v2\/pages\/1433","targetHints":{"allow":["GET"]}}],"collection":[{"href":"https:\/\/zagro.hr\/en\/wp-json\/wp\/v2\/pages"}],"about":[{"href":"https:\/\/zagro.hr\/en\/wp-json\/wp\/v2\/types\/page"}],"author":[{"embeddable":true,"href":"https:\/\/zagro.hr\/en\/wp-json\/wp\/v2\/users\/1"}],"replies":[{"embeddable":true,"href":"https:\/\/zagro.hr\/en\/wp-json\/wp\/v2\/comments?post=1433"}],"version-history":[{"count":10,"href":"https:\/\/zagro.hr\/en\/wp-json\/wp\/v2\/pages\/1433\/revisions"}],"predecessor-version":[{"id":6078,"href":"https:\/\/zagro.hr\/en\/wp-json\/wp\/v2\/pages\/1433\/revisions\/6078"}],"wp:attachment":[{"href":"https:\/\/zagro.hr\/en\/wp-json\/wp\/v2\/media?parent=1433"}],"curies":[{"name":"wp","href":"https:\/\/api.w.org\/{rel}","templated":true}]}}