{"id":4507,"date":"2021-01-08T13:50:26","date_gmt":"2021-01-08T13:50:26","guid":{"rendered":"https:\/\/ninetheme.com\/themes\/agrikon\/?page_id=4507"},"modified":"2024-05-07T15:06:27","modified_gmt":"2024-05-07T13:06:27","slug":"kontakt","status":"publish","type":"page","link":"https:\/\/zagro.hr\/en\/kontakt\/","title":{"rendered":"Contact"},"content":{"rendered":"<div data-elementor-type=\"wp-page\" data-elementor-id=\"4507\" class=\"elementor elementor-4507\" data-elementor-settings=\"[]\">\n\t\t\t\t\t\t\t<div class=\"elementor-section-wrap\">\n\t\t\t\t\t\t\t<div class=\"elementor-section elementor-top-section elementor-element elementor-element-19fda5ea elementor-section-full_width elementor-section-height-default elementor-section-height-default nt-section-ripped-top ripped-top-no nt-section-ripped-bottom ripped-bottom-no\" data-id=\"19fda5ea\" data-element_type=\"section\">\n\t\t\t\t\t\t<div class=\"elementor-container elementor-column-gap-no\">\n\t\t\t\t\t<div class=\"elementor-column elementor-col-100 elementor-top-column elementor-element elementor-element-573c2887\" data-id=\"573c2887\" data-element_type=\"column\">\n\t\t\t<div class=\"elementor-widget-wrap elementor-element-populated\">\n\t\t\t\t\t\t\t\t<div class=\"elementor-element elementor-element-972ebb2 elementor-widget elementor-widget-agrikon-page-hero\" data-id=\"972ebb2\" data-element_type=\"widget\" data-widget_type=\"agrikon-page-hero.default\">\n\t\t\t\t<div class=\"elementor-widget-container\">\n\t\t\t<div class=\"page-header\"><div class=\"page-header__bg\"><\/div><div class=\"container\"><h2 class=\"page-title\">Contact<\/h2><\/div><\/div>\t\t<\/div>\n\t\t\t\t<\/div>\n\t\t\t\t\t<\/div>\n\t\t<\/div>\n\t\t\t\t\t\t\t<\/div>\n\t\t<\/div>\n\t\t\t\t<div class=\"elementor-section elementor-top-section elementor-element elementor-element-7c282b7d nt-section section-padding elementor-section-boxed elementor-section-height-default elementor-section-height-default nt-section-ripped-bottom ripped-bottom-no\" data-id=\"7c282b7d\" data-element_type=\"section\">\n\t\t\t\t\t\t<div class=\"elementor-container elementor-column-gap-no\">\n\t\t\t\t\t<div class=\"elementor-column elementor-col-50 elementor-top-column elementor-element elementor-element-7ac1ff80\" data-id=\"7ac1ff80\" data-element_type=\"column\">\n\t\t\t<div class=\"elementor-widget-wrap elementor-element-populated\">\n\t\t\t\t\t\t\t\t<div class=\"elementor-element elementor-element-851d931 elementor-widget elementor-widget-image\" data-id=\"851d931\" data-element_type=\"widget\" data-widget_type=\"image.default\">\n\t\t\t\t<div class=\"elementor-widget-container\">\n\t\t\t\t\t<div class=\"elementor-image\">\n\t\t\t\t\t\t\t\t\t\t<img loading=\"lazy\" decoding=\"async\" width=\"338\" height=\"510\" src=\"https:\/\/zagro.hr\/wp-content\/uploads\/2024\/05\/2018-10-22.jpg\" class=\"attachment-full size-full\" alt=\"\" srcset=\"https:\/\/zagro.hr\/wp-content\/uploads\/2024\/05\/2018-10-22.jpg 338w, https:\/\/zagro.hr\/wp-content\/uploads\/2024\/05\/2018-10-22-199x300.jpg 199w, https:\/\/zagro.hr\/wp-content\/uploads\/2024\/05\/2018-10-22-250x377.jpg 250w, https:\/\/zagro.hr\/wp-content\/uploads\/2024\/05\/2018-10-22-119x180.jpg 119w, https:\/\/zagro.hr\/wp-content\/uploads\/2024\/05\/2018-10-22-331x500.jpg 331w\" sizes=\"auto, (max-width: 338px) 100vw, 338px\" \/>\t\t\t\t\t\t\t\t\t\t\t<\/div>\n\t\t\t\t<\/div>\n\t\t\t\t<\/div>\n\t\t\t\t<div class=\"elementor-element elementor-element-b099e2d elementor-widget elementor-widget-google_maps\" data-id=\"b099e2d\" data-element_type=\"widget\" data-widget_type=\"google_maps.default\">\n\t\t\t\t<div class=\"elementor-widget-container\">\n\t\t\t<div class=\"elementor-custom-embed\"><iframe frameborder=\"0\" scrolling=\"no\" marginheight=\"0\" marginwidth=\"0\" src=\"https:\/\/maps.google.com\/maps?q=Kralja%20Tomislava%20100A%2C%20Belica%2C%20Hrvatska&amp;t=m&amp;z=13&amp;output=embed&amp;iwloc=near\" title=\"Kralja Tomislava 100A, Belica, Hrvatska\" aria-label=\"Kralja Tomislava 100A, Belica, Hrvatska\"><\/iframe><\/div>\t\t<\/div>\n\t\t\t\t<\/div>\n\t\t\t\t\t<\/div>\n\t\t<\/div>\n\t\t\t\t<div class=\"elementor-column elementor-col-50 elementor-top-column elementor-element elementor-element-7ed2e338\" data-id=\"7ed2e338\" data-element_type=\"column\">\n\t\t\t<div class=\"elementor-widget-wrap elementor-element-populated\">\n\t\t\t\t\t\t\t\t<div class=\"elementor-element elementor-element-478932df elementor-hidden-desktop elementor-hidden-tablet elementor-hidden-phone elementor-widget elementor-widget-image\" data-id=\"478932df\" data-element_type=\"widget\" data-widget_type=\"image.default\">\n\t\t\t\t<div class=\"elementor-widget-container\">\n\t\t\t\t\t<div class=\"elementor-image\">\n\t\t\t\t\t\t\t\t\t\t<img decoding=\"async\" src=\"https:\/\/zagro.hr\/wp-content\/uploads\/elementor\/thumbs\/Mrkva-p2ev5uqapat0ij8b5kjmlv99wp3x3cpiitcbptdw4c.png\" title=\"Mrkva\" alt=\"Mrkva\" \/>\t\t\t\t\t\t\t\t\t\t\t<\/div>\n\t\t\t\t<\/div>\n\t\t\t\t<\/div>\n\t\t\t\t<div class=\"elementor-element elementor-element-751fcb6a agrikon-transform transform-type-translate elementor-widget elementor-widget-heading\" data-id=\"751fcb6a\" data-element_type=\"widget\" data-widget_type=\"heading.default\">\n\t\t\t\t<div class=\"elementor-widget-container\">\n\t\t\t<p class=\"elementor-heading-title elementor-size-default\">Contact us<\/p>\t\t<\/div>\n\t\t\t\t<\/div>\n\t\t\t\t<section class=\"elementor-section elementor-inner-section elementor-element elementor-element-0c6866d elementor-section-boxed elementor-section-height-default elementor-section-height-default nt-section-ripped-top ripped-top-no nt-section-ripped-bottom ripped-bottom-no\" data-id=\"0c6866d\" data-element_type=\"section\">\n\t\t\t\t\t\t<div class=\"elementor-container elementor-column-gap-default\">\n\t\t\t\t\t<div class=\"elementor-column elementor-col-50 elementor-inner-column elementor-element elementor-element-bfc6e1d\" data-id=\"bfc6e1d\" data-element_type=\"column\">\n\t\t\t<div class=\"elementor-widget-wrap elementor-element-populated\">\n\t\t\t\t\t\t\t\t<div class=\"elementor-element elementor-element-cc55a76 elementor-widget elementor-widget-text-editor\" data-id=\"cc55a76\" data-element_type=\"widget\" data-widget_type=\"text-editor.default\">\n\t\t\t\t<div class=\"elementor-widget-container\">\n\t\t\t\t\t<div class=\"elementor-text-editor elementor-clearfix\"><p><strong>Headquarters<\/strong><\/p><\/div>\n\t\t\t\t<\/div>\n\t\t\t\t<\/div>\n\t\t\t\t<div class=\"elementor-element elementor-element-b45b5f7 elementor-icon-list--layout-traditional elementor-list-item-link-full_width elementor-widget elementor-widget-icon-list\" data-id=\"b45b5f7\" data-element_type=\"widget\" data-widget_type=\"icon-list.default\">\n\t\t\t\t<div class=\"elementor-widget-container\">\n\t\t\t\t\t<ul class=\"elementor-icon-list-items\">\n\t\t\t\t\t\t\t<li class=\"elementor-icon-list-item\">\n\t\t\t\t\t\t\t\t\t\t<span class=\"elementor-icon-list-text\">ZAGRO d.o.o.<\/span>\n\t\t\t\t\t\t\t\t\t<\/li>\n\t\t\t\t\t\t\t\t<li class=\"elementor-icon-list-item\">\n\t\t\t\t\t\t\t\t\t\t\t<span class=\"elementor-icon-list-icon\">\n\t\t\t\t\t\t\t<i aria-hidden=\"true\" class=\"fas fa-map-marker-alt\"><\/i>\t\t\t\t\t\t<\/span>\n\t\t\t\t\t\t\t\t\t\t<span class=\"elementor-icon-list-text\">I.G.Kova\u010di\u0107a 21, <br>40321 Mala Subotica<\/span>\n\t\t\t\t\t\t\t\t\t<\/li>\n\t\t\t\t\t\t\t\t<li class=\"elementor-icon-list-item\">\n\t\t\t\t\t\t\t\t\t\t\t<span class=\"elementor-icon-list-icon\">\n\t\t\t\t\t\t\t<i aria-hidden=\"true\" class=\"fas fa-phone\"><\/i>\t\t\t\t\t\t<\/span>\n\t\t\t\t\t\t\t\t\t\t<span class=\"elementor-icon-list-text\">+385 40 845 126<\/span>\n\t\t\t\t\t\t\t\t\t<\/li>\n\t\t\t\t\t\t\t\t<li class=\"elementor-icon-list-item\">\n\t\t\t\t\t\t\t\t\t\t\t<span class=\"elementor-icon-list-icon\">\n\t\t\t\t\t\t\t<i aria-hidden=\"true\" class=\"far fa-check-circle\"><\/i>\t\t\t\t\t\t<\/span>\n\t\t\t\t\t\t\t\t\t\t<span class=\"elementor-icon-list-text\">OIB: HR39231567360<\/span>\n\t\t\t\t\t\t\t\t\t<\/li>\n\t\t\t\t\t\t<\/ul>\n\t\t\t\t<\/div>\n\t\t\t\t<\/div>\n\t\t\t\t\t<\/div>\n\t\t<\/div>\n\t\t\t\t<div class=\"elementor-column elementor-col-50 elementor-inner-column elementor-element elementor-element-c15fe0e\" data-id=\"c15fe0e\" data-element_type=\"column\">\n\t\t\t<div class=\"elementor-widget-wrap elementor-element-populated\">\n\t\t\t\t\t\t\t\t<div class=\"elementor-element elementor-element-00f948b elementor-widget elementor-widget-text-editor\" data-id=\"00f948b\" data-element_type=\"widget\" data-widget_type=\"text-editor.default\">\n\t\t\t\t<div class=\"elementor-widget-container\">\n\t\t\t\t\t<div class=\"elementor-text-editor elementor-clearfix\"><p><strong>Sales (exhibition) location<\/strong><\/p><\/div>\n\t\t\t\t<\/div>\n\t\t\t\t<\/div>\n\t\t\t\t<div class=\"elementor-element elementor-element-7e51e8b elementor-icon-list--layout-traditional elementor-list-item-link-full_width elementor-widget elementor-widget-icon-list\" data-id=\"7e51e8b\" data-element_type=\"widget\" data-widget_type=\"icon-list.default\">\n\t\t\t\t<div class=\"elementor-widget-container\">\n\t\t\t\t\t<ul class=\"elementor-icon-list-items\">\n\t\t\t\t\t\t\t<li class=\"elementor-icon-list-item\">\n\t\t\t\t\t\t\t\t\t\t<span class=\"elementor-icon-list-text\">Main warehouse<\/span>\n\t\t\t\t\t\t\t\t\t<\/li>\n\t\t\t\t\t\t\t\t<li class=\"elementor-icon-list-item\">\n\t\t\t\t\t\t\t\t\t\t\t<span class=\"elementor-icon-list-icon\">\n\t\t\t\t\t\t\t<i aria-hidden=\"true\" class=\"fas fa-map-marker-alt\"><\/i>\t\t\t\t\t\t<\/span>\n\t\t\t\t\t\t\t\t\t\t<span class=\"elementor-icon-list-text\">Kralja Tomislava 100a <br>40319 Belica<\/span>\n\t\t\t\t\t\t\t\t\t<\/li>\n\t\t\t\t\t\t<\/ul>\n\t\t\t\t<\/div>\n\t\t\t\t<\/div>\n\t\t\t\t\t<\/div>\n\t\t<\/div>\n\t\t\t\t\t\t\t<\/div>\n\t\t<\/section>\n\t\t\t\t<div class=\"elementor-element elementor-element-6776be66 agrikon-transform transform-type-translate elementor-widget elementor-widget-heading\" data-id=\"6776be66\" data-element_type=\"widget\" data-widget_type=\"heading.default\">\n\t\t\t\t<div class=\"elementor-widget-container\">\n\t\t\t<h3 class=\"elementor-heading-title elementor-size-default\">Send inquiry<\/h3>\t\t<\/div>\n\t\t\t\t<\/div>\n\t\t\t\t<div class=\"elementor-element elementor-element-3dfc2764 elementor-widget elementor-widget-agrikon-contact-form-7\" data-id=\"3dfc2764\" data-element_type=\"widget\" data-widget_type=\"agrikon-contact-form-7.default\">\n\t\t\t\t<div class=\"elementor-widget-container\">\n\t\t\t<div class=\"nt-cf7-form-wrapper form_3dfc2764\"><div role=\"form\" class=\"wpcf7\" id=\"wpcf7-f1338-o1\" lang=\"en-US\" dir=\"ltr\">\n<div class=\"screen-reader-response\"><p role=\"status\" aria-live=\"polite\" aria-atomic=\"true\"><\/p> <ul><\/ul><\/div>\n<form action=\"\/en\/wp-json\/wp\/v2\/pages\/4507#wpcf7-f1338-o1\" method=\"post\" class=\"wpcf7-form init\" novalidate=\"novalidate\" data-status=\"init\" data-trp-original-action=\"\/en\/wp-json\/wp\/v2\/pages\/4507#wpcf7-f1338-o1\">\n<div style=\"display: none;\">\n<input type=\"hidden\" name=\"_wpcf7\" value=\"1338\" \/>\n<input type=\"hidden\" name=\"_wpcf7_version\" value=\"5.4.1\" \/>\n<input type=\"hidden\" name=\"_wpcf7_locale\" value=\"en_US\" \/>\n<input type=\"hidden\" name=\"_wpcf7_unit_tag\" value=\"wpcf7-f1338-o1\" \/>\n<input type=\"hidden\" name=\"_wpcf7_container_post\" value=\"0\" \/>\n<input type=\"hidden\" name=\"_wpcf7_posted_data_hash\" value=\"\" \/>\n<input type=\"hidden\" name=\"_wpcf7_recaptcha_response\" value=\"\" \/>\n<\/div>\n<div class=\"contact-one__form\">\n<div class=\"row\">\n<div class=\"col-lg-6\"><span class=\"wpcf7-form-control-wrap name-2\"><input type=\"text\" name=\"name-2\" value=\"\" size=\"40\" class=\"wpcf7-form-control wpcf7-text wpcf7-validates-as-required\" aria-required=\"true\" aria-invalid=\"false\" placeholder=\"Name and surname\" \/><\/span><\/div>\n<div class=\"col-lg-6\"><span class=\"wpcf7-form-control-wrap email-2\"><input type=\"email\" name=\"email-2\" value=\"\" size=\"40\" class=\"wpcf7-form-control wpcf7-text wpcf7-email wpcf7-validates-as-required wpcf7-validates-as-email\" aria-required=\"true\" aria-invalid=\"false\" placeholder=\"Email adresa\" \/><\/span><\/div>\n<div class=\"col-lg-6\"><span class=\"wpcf7-form-control-wrap tel-2\"><input type=\"tel\" name=\"tel-2\" value=\"\" size=\"40\" class=\"wpcf7-form-control wpcf7-text wpcf7-tel wpcf7-validates-as-required wpcf7-validates-as-tel\" aria-required=\"true\" aria-invalid=\"false\" placeholder=\"Phone\" \/><\/span><\/div>\n<div class=\"col-lg-6\"><span class=\"wpcf7-form-control-wrap subject-2\"><input type=\"text\" name=\"subject-2\" value=\"\" size=\"40\" class=\"wpcf7-form-control wpcf7-text wpcf7-validates-as-required\" aria-required=\"true\" aria-invalid=\"false\" placeholder=\"Subject\" \/><\/span><\/div>\n<div class=\"col-lg-12\"><span class=\"wpcf7-form-control-wrap textarea-2\"><textarea name=\"textarea-2\" cols=\"40\" rows=\"10\" class=\"wpcf7-form-control wpcf7-textarea wpcf7-validates-as-required\" aria-required=\"true\" aria-invalid=\"false\" placeholder=\"Message\"><\/textarea><\/span><\/div>\n<div class=\"col-lg-12\"><button type=\"submit\" class=\"wpcf7-submit thm-btn\">Send<\/button><\/div>\n<\/div>\n<\/div>\n<div class=\"wpcf7-response-output\" aria-hidden=\"true\"><\/div><input type=\"hidden\" name=\"trp-form-language\" value=\"en\"\/><\/form><\/div><\/div>\t\t<\/div>\n\t\t\t\t<\/div>\n\t\t\t\t<div class=\"elementor-element elementor-element-7e7d979a elementor-shape-circle e-grid-align-left e-grid-align-center elementor-grid-0 elementor-widget elementor-widget-social-icons\" data-id=\"7e7d979a\" data-element_type=\"widget\" data-widget_type=\"social-icons.default\">\n\t\t\t\t<div class=\"elementor-widget-container\">\n\t\t\t\t\t<div class=\"elementor-social-icons-wrapper elementor-grid\">\n\t\t\t\t\t\t\t<div class=\"elementor-grid-item\">\n\t\t\t\t\t<a class=\"elementor-icon elementor-social-icon elementor-social-icon-facebook elementor-repeater-item-0359d9b\" href=\"https:\/\/www.facebook.com\/Zagro-Belica-108562830804472\" target=\"_blank\">\n\t\t\t\t\t\t<span class=\"elementor-screen-only\">Facebook<\/span>\n\t\t\t\t\t\t<i class=\"fab fa-facebook\"><\/i>\t\t\t\t\t<\/a>\n\t\t\t\t<\/div>\n\t\t\t\t\t\t\t<div class=\"elementor-grid-item\">\n\t\t\t\t\t<a class=\"elementor-icon elementor-social-icon elementor-social-icon-whatsapp elementor-repeater-item-4b56654\" href=\"https:\/\/api.whatsapp.com\/send?phone=+385989924458\" target=\"_blank\">\n\t\t\t\t\t\t<span class=\"elementor-screen-only\">Whatsapp<\/span>\n\t\t\t\t\t\t<i class=\"fab fa-whatsapp\"><\/i>\t\t\t\t\t<\/a>\n\t\t\t\t<\/div>\n\t\t\t\t\t\t\t<div class=\"elementor-grid-item\">\n\t\t\t\t\t<a class=\"elementor-icon elementor-social-icon elementor-social-icon-viber elementor-repeater-item-b91df43\" href=\"viber:\/\/chat\/?number=%2B385989924458\" target=\"_blank\">\n\t\t\t\t\t\t<span class=\"elementor-screen-only\">Viber<\/span>\n\t\t\t\t\t\t<i class=\"fab fa-viber\"><\/i>\t\t\t\t\t<\/a>\n\t\t\t\t<\/div>\n\t\t\t\t\t<\/div>\n\t\t\t\t<\/div>\n\t\t\t\t<\/div>\n\t\t\t\t\t<\/div>\n\t\t<\/div>\n\t\t\t\t\t\t\t<\/div>\n\t\t<\/div>\n\t\t\t\t<section class=\"elementor-section elementor-top-section elementor-element elementor-element-065e11b elementor-section-boxed elementor-section-height-default elementor-section-height-default nt-section-ripped-top ripped-top-no nt-section-ripped-bottom ripped-bottom-no\" data-id=\"065e11b\" data-element_type=\"section\">\n\t\t\t\t\t\t<div class=\"elementor-container elementor-column-gap-default\">\n\t\t\t\t\t<div class=\"elementor-column elementor-col-100 elementor-top-column elementor-element elementor-element-bcbe2e6\" data-id=\"bcbe2e6\" data-element_type=\"column\">\n\t\t\t<div class=\"elementor-widget-wrap elementor-element-populated\">\n\t\t\t\t\t\t\t\t<div class=\"elementor-element elementor-element-5e405aa elementor-widget elementor-widget-shortcode\" data-id=\"5e405aa\" data-element_type=\"widget\" data-widget_type=\"shortcode.default\">\n\t\t\t\t<div class=\"elementor-widget-container\">\n\t\t\t\t\t<div class=\"elementor-shortcode\"><div class=\"map_wrapper\" id=\"map_wrapper_5260\">\n\t\t\t\t<div class=\"map_box\" style=\"max-width:2200px\">\n\t\t\t\t\t\n\t\t\t\t\t<div class=\"map_aspect_ratio\" style=\"padding-top:56%\">\n\t\t\t\t\t\t<div class=\"map_container\">\n\t\t\t\t\t\t\t<div class=\"map_render map_loading\" id=\"map_5260\"><\/div>\n\t\t\t\t\t\t<\/div>\n\t\t\t\t\t<\/div>\n\t\t\t\t<\/div>\n\t\t\t<\/div><\/div>\n\t\t\t\t<\/div>\n\t\t\t\t<\/div>\n\t\t\t\t\t<\/div>\n\t\t<\/div>\n\t\t\t\t\t\t\t<\/div>\n\t\t<\/section>\n\t\t\t\t\t\t<\/div>\n\t\t\t\t\t<\/div>","protected":false},"excerpt":{"rendered":"<p>Kontakt Kontaktirajte nas Sjedi\u0161te ZAGRO d.o.o. I.G.Kova\u010di\u0107a 21, 40321 Mala Subotica +385 40 845 126 OIB: HR39231567360 Prodajni (izlo\u017ebeni) prostor Glavno skladi\u0161te Kralja Tomislava 100a 40319 Belica Po\u0161aljite upit Po\u0161alji Facebook Whatsapp Viber<\/p>","protected":false},"author":1,"featured_media":5335,"parent":0,"menu_order":0,"comment_status":"closed","ping_status":"closed","template":"","meta":{"bgseo_title":"Kontakt - Zagro d.o.o.","bgseo_description":"Kontakt - Zagro d.o.o. - Kontaktirajte nas u vezi nabavke poljoprivredne ambala\u017ee ili poljoprivrednih strojeva. Po\u0161aljite nam upit ili nas nazovite.","bgseo_robots_index":"index","bgseo_robots_follow":"follow","footnotes":""},"class_list":{"0":"post-4507","1":"page","2":"type-page","3":"status-publish","4":"has-post-thumbnail","5":"hentry","6":"nt-post-class","7":"","11":"excerpt-none"},"yoast_head":"<!-- This site is optimized with the Yoast SEO plugin v16.5 - https:\/\/yoast.com\/wordpress\/plugins\/seo\/ -->\n<title>Kontakt - Zagro d.o.o.<\/title>\n<meta name=\"description\" content=\"Kontakt - Zagro d.o.o. - Kontaktirajte nas u vezi nabavke poljoprivredne ambala\u017ee ili poljoprivrednih strojeva. Po\u0161aljite nam upit ili nas nazovite.\" \/>\n<meta name=\"robots\" content=\"index, follow, max-snippet:-1, max-image-preview:large, max-video-preview:-1\" \/>\n<link rel=\"canonical\" href=\"https:\/\/zagro.hr\/en\/kontakt\/\" \/>\n<meta property=\"og:locale\" content=\"en_GB\" \/>\n<meta property=\"og:type\" content=\"article\" \/>\n<meta property=\"og:title\" content=\"Kontakt - Zagro d.o.o.\" \/>\n<meta property=\"og:description\" content=\"Kontakt - Zagro d.o.o. - Kontaktirajte nas u vezi nabavke poljoprivredne ambala\u017ee ili poljoprivrednih strojeva. Po\u0161aljite nam upit ili nas nazovite.\" \/>\n<meta property=\"og:url\" content=\"https:\/\/zagro.hr\/en\/kontakt\/\" \/>\n<meta property=\"og:site_name\" content=\"Zagro d.o.o.\" \/>\n<meta property=\"article:modified_time\" content=\"2024-05-07T13:06:27+00:00\" \/>\n<meta property=\"og:image\" content=\"https:\/\/zagro.hr\/wp-content\/uploads\/2021\/04\/potatoes-vegetables-erdfrucht-bio-144248.jpeg\" \/>\n\t<meta property=\"og:image:width\" content=\"2250\" \/>\n\t<meta property=\"og:image:height\" content=\"1500\" \/>\n<meta name=\"twitter:card\" content=\"summary_large_image\" \/>\n<meta name=\"twitter:label1\" content=\"Estimated reading time\" \/>\n\t<meta name=\"twitter:data1\" content=\"1 minute\" \/>\n<script type=\"application\/ld+json\" class=\"yoast-schema-graph\">{\"@context\":\"https:\/\/schema.org\",\"@graph\":[{\"@type\":\"Organization\",\"@id\":\"https:\/\/zagro.hr\/#organization\",\"name\":\"Zagro d.o.o.\",\"url\":\"https:\/\/zagro.hr\/\",\"sameAs\":[],\"logo\":{\"@type\":\"ImageObject\",\"@id\":\"https:\/\/zagro.hr\/#logo\",\"inLanguage\":\"en-GB\",\"url\":\"https:\/\/zagro.hr\/wp-content\/uploads\/2021\/01\/logo-1-e1461010389735.png\",\"contentUrl\":\"https:\/\/zagro.hr\/wp-content\/uploads\/2021\/01\/logo-1-e1461010389735.png\",\"width\":200,\"height\":100,\"caption\":\"Zagro d.o.o.\"},\"image\":{\"@id\":\"https:\/\/zagro.hr\/#logo\"}},{\"@type\":\"WebSite\",\"@id\":\"https:\/\/zagro.hr\/#website\",\"url\":\"https:\/\/zagro.hr\/\",\"name\":\"Zagro d.o.o.\",\"description\":\"\",\"publisher\":{\"@id\":\"https:\/\/zagro.hr\/#organization\"},\"potentialAction\":[{\"@type\":\"SearchAction\",\"target\":\"https:\/\/zagro.hr\/?s={search_term_string}\",\"query-input\":\"required name=search_term_string\"}],\"inLanguage\":\"en-GB\"},{\"@type\":\"ImageObject\",\"@id\":\"https:\/\/zagro.hr\/kontakt\/#primaryimage\",\"inLanguage\":\"en-GB\",\"url\":\"https:\/\/zagro.hr\/wp-content\/uploads\/2021\/04\/potatoes-vegetables-erdfrucht-bio-144248.jpeg\",\"contentUrl\":\"https:\/\/zagro.hr\/wp-content\/uploads\/2021\/04\/potatoes-vegetables-erdfrucht-bio-144248.jpeg\",\"width\":2250,\"height\":1500,\"caption\":\"Vre\\u0107a krumpira\"},{\"@type\":\"WebPage\",\"@id\":\"https:\/\/zagro.hr\/kontakt\/#webpage\",\"url\":\"https:\/\/zagro.hr\/kontakt\/\",\"name\":\"Kontakt - Zagro d.o.o.\",\"isPartOf\":{\"@id\":\"https:\/\/zagro.hr\/#website\"},\"primaryImageOfPage\":{\"@id\":\"https:\/\/zagro.hr\/kontakt\/#primaryimage\"},\"datePublished\":\"2021-01-08T13:50:26+00:00\",\"dateModified\":\"2024-05-07T13:06:27+00:00\",\"description\":\"Kontakt - Zagro d.o.o. - Kontaktirajte nas u vezi nabavke poljoprivredne ambala\\u017ee ili poljoprivrednih strojeva. Po\\u0161aljite nam upit ili nas nazovite.\",\"breadcrumb\":{\"@id\":\"https:\/\/zagro.hr\/kontakt\/#breadcrumb\"},\"inLanguage\":\"en-GB\",\"potentialAction\":[{\"@type\":\"ReadAction\",\"target\":[\"https:\/\/zagro.hr\/kontakt\/\"]}]},{\"@type\":\"BreadcrumbList\",\"@id\":\"https:\/\/zagro.hr\/kontakt\/#breadcrumb\",\"itemListElement\":[{\"@type\":\"ListItem\",\"position\":1,\"name\":\"Po\\u010detna stranica\",\"item\":\"https:\/\/zagro.hr\/\"},{\"@type\":\"ListItem\",\"position\":2,\"name\":\"Kontakt\"}]}]}<\/script>\n<!-- \/ Yoast SEO plugin. -->","_links":{"self":[{"href":"https:\/\/zagro.hr\/en\/wp-json\/wp\/v2\/pages\/4507","targetHints":{"allow":["GET"]}}],"collection":[{"href":"https:\/\/zagro.hr\/en\/wp-json\/wp\/v2\/pages"}],"about":[{"href":"https:\/\/zagro.hr\/en\/wp-json\/wp\/v2\/types\/page"}],"author":[{"embeddable":true,"href":"https:\/\/zagro.hr\/en\/wp-json\/wp\/v2\/users\/1"}],"replies":[{"embeddable":true,"href":"https:\/\/zagro.hr\/en\/wp-json\/wp\/v2\/comments?post=4507"}],"version-history":[{"count":10,"href":"https:\/\/zagro.hr\/en\/wp-json\/wp\/v2\/pages\/4507\/revisions"}],"predecessor-version":[{"id":5821,"href":"https:\/\/zagro.hr\/en\/wp-json\/wp\/v2\/pages\/4507\/revisions\/5821"}],"wp:featuredmedia":[{"embeddable":true,"href":"https:\/\/zagro.hr\/en\/wp-json\/wp\/v2\/media\/5335"}],"wp:attachment":[{"href":"https:\/\/zagro.hr\/en\/wp-json\/wp\/v2\/media?parent=4507"}],"curies":[{"name":"wp","href":"https:\/\/api.w.org\/{rel}","templated":true}]}}