{"id":4967,"date":"2021-02-12T08:13:14","date_gmt":"2021-02-12T08:13:14","guid":{"rendered":"http:\/\/zagro.cwebspace.hr\/?page_id=4967"},"modified":"2024-05-13T08:59:14","modified_gmt":"2024-05-13T06:59:14","slug":"pro-vega","status":"publish","type":"page","link":"https:\/\/zagro.hr\/en\/pro-vega\/","title":{"rendered":"Pro-vega"},"content":{"rendered":"<div data-elementor-type=\"wp-page\" data-elementor-id=\"4967\" class=\"elementor elementor-4967\" data-elementor-settings=\"[]\">\n\t\t\t\t\t\t\t<div class=\"elementor-section-wrap\">\n\t\t\t\t\t\t\t<div class=\"elementor-section elementor-top-section elementor-element elementor-element-24054a9f elementor-section-full_width elementor-section-height-default elementor-section-height-default nt-section-ripped-top ripped-top-no nt-section-ripped-bottom ripped-bottom-no\" data-id=\"24054a9f\" data-element_type=\"section\">\n\t\t\t\t\t\t<div class=\"elementor-container elementor-column-gap-no\">\n\t\t\t\t\t<div class=\"elementor-column elementor-col-100 elementor-top-column elementor-element elementor-element-52d7174f\" data-id=\"52d7174f\" data-element_type=\"column\">\n\t\t\t<div class=\"elementor-widget-wrap elementor-element-populated\">\n\t\t\t\t\t\t\t\t<div class=\"elementor-element elementor-element-3d519683 elementor-widget elementor-widget-agrikon-page-hero\" data-id=\"3d519683\" data-element_type=\"widget\" data-widget_type=\"agrikon-page-hero.default\">\n\t\t\t\t<div class=\"elementor-widget-container\">\n\t\t\t<div class=\"page-header\"><div class=\"page-header__bg\"><\/div><div class=\"container\"><h2 class=\"page-title\"><img decoding=\"async\" src=\"http:\/\/zagro.hr\/wp-content\/uploads\/2021\/02\/provega.jpg\"><\/h2><\/div><\/div>\t\t<\/div>\n\t\t\t\t<\/div>\n\t\t\t\t\t<\/div>\n\t\t<\/div>\n\t\t\t\t\t\t\t<\/div>\n\t\t<\/div>\n\t\t\t\t<div class=\"elementor-section elementor-top-section elementor-element elementor-element-aab9bd1 elementor-section-boxed elementor-section-height-default elementor-section-height-default nt-section-ripped-top ripped-top-no nt-section-ripped-bottom ripped-bottom-no\" data-id=\"aab9bd1\" data-element_type=\"section\">\n\t\t\t\t\t\t<div class=\"elementor-container elementor-column-gap-no\">\n\t\t\t\t\t<div class=\"elementor-column elementor-col-33 elementor-top-column elementor-element elementor-element-221d6d38\" data-id=\"221d6d38\" data-element_type=\"column\" data-settings=\"{&quot;background_background&quot;:&quot;classic&quot;}\">\n\t\t\t<div class=\"elementor-widget-wrap elementor-element-populated\">\n\t\t\t\t\t\t\t\t<div class=\"elementor-section elementor-inner-section elementor-element elementor-element-3459f6b2 elementor-section-boxed elementor-section-height-default elementor-section-height-default nt-section-ripped-top ripped-top-no nt-section-ripped-bottom ripped-bottom-no\" data-id=\"3459f6b2\" data-element_type=\"section\" data-settings=\"{&quot;background_background&quot;:&quot;classic&quot;}\">\n\t\t\t\t\t\t<div class=\"elementor-container elementor-column-gap-default\">\n\t\t\t\t\t<div class=\"elementor-column elementor-col-100 elementor-inner-column elementor-element elementor-element-36329108\" data-id=\"36329108\" data-element_type=\"column\">\n\t\t\t<div class=\"elementor-widget-wrap elementor-element-populated\">\n\t\t\t\t\t\t\t\t<div class=\"elementor-element elementor-element-49bed3a5 agrikon-transform transform-type-translate elementor-widget elementor-widget-heading\" data-id=\"49bed3a5\" data-element_type=\"widget\" data-widget_type=\"heading.default\">\n\t\t\t\t<div class=\"elementor-widget-container\">\n\t\t\t<div class=\"elementor-heading-title elementor-size-default\"><a href=\"https:\/\/pro-vega.pl\/en\"><img decoding=\"async\" src=\"http:\/\/zagro.hr\/wp-content\/uploads\/2021\/02\/provega.jpg\"><\/a><\/div>\t\t<\/div>\n\t\t\t\t<\/div>\n\t\t\t\t<div class=\"elementor-element elementor-element-bfab0e9 elementor-widget elementor-widget-text-editor\" data-id=\"bfab0e9\" data-element_type=\"widget\" data-widget_type=\"text-editor.default\">\n\t\t\t\t<div class=\"elementor-widget-container\">\n\t\t\t\t\t<div class=\"elementor-text-editor elementor-clearfix\"><p><a href=\"https:\/\/pro-vega.pl\/en\" target=\"_blank\" rel=\"noopener\">www.pro-vega.pl<\/a><\/p><\/div>\n\t\t\t\t<\/div>\n\t\t\t\t<\/div>\n\t\t\t\t<div class=\"elementor-element elementor-element-37928520 agrikon-heading-link-#255946 agrikon-transform transform-type-translate elementor-widget elementor-widget-heading\" data-id=\"37928520\" data-element_type=\"widget\" data-widget_type=\"heading.default\">\n\t\t\t\t<div class=\"elementor-widget-container\">\n\t\t\t<div class=\"elementor-heading-title elementor-size-default\"><a href=\"https:\/\/pro-vega.pl\/en\">Products<\/a><\/div>\t\t<\/div>\n\t\t\t\t<\/div>\n\t\t\t\t\t<\/div>\n\t\t<\/div>\n\t\t\t\t\t\t\t<\/div>\n\t\t<\/div>\n\t\t\t\t<div class=\"elementor-section elementor-inner-section elementor-element elementor-element-61c3a1a elementor-section-boxed elementor-section-height-default elementor-section-height-default nt-section-ripped-top ripped-top-no nt-section-ripped-bottom ripped-bottom-no\" data-id=\"61c3a1a\" data-element_type=\"section\" data-settings=\"{&quot;background_background&quot;:&quot;classic&quot;}\">\n\t\t\t\t\t\t\t<div class=\"elementor-background-overlay\"><\/div>\n\t\t\t\t\t\t\t<div class=\"elementor-container elementor-column-gap-no\">\n\t\t\t\t\t<div class=\"elementor-column elementor-col-100 elementor-inner-column elementor-element elementor-element-542294f9\" data-id=\"542294f9\" data-element_type=\"column\">\n\t\t\t<div class=\"elementor-widget-wrap elementor-element-populated\">\n\t\t\t\t\t\t\t\t<div class=\"elementor-element elementor-element-42d0c1a7 agrikon-transform transform-type-translate elementor-widget elementor-widget-heading\" data-id=\"42d0c1a7\" data-element_type=\"widget\" data-widget_type=\"heading.default\">\n\t\t\t\t<div class=\"elementor-widget-container\">\n\t\t\t<h3 class=\"elementor-heading-title elementor-size-default\">Manufacture of vegetable machinery, production lines and nursery machinery<\/h3>\t\t<\/div>\n\t\t\t\t<\/div>\n\t\t\t\t\t<\/div>\n\t\t<\/div>\n\t\t\t\t\t\t\t<\/div>\n\t\t<\/div>\n\t\t\t\t<div class=\"elementor-section elementor-inner-section elementor-element elementor-element-415e9d87 elementor-section-content-middle elementor-section-boxed elementor-section-height-default elementor-section-height-default nt-section-ripped-top ripped-top-no nt-section-ripped-bottom ripped-bottom-no\" data-id=\"415e9d87\" data-element_type=\"section\">\n\t\t\t\t\t\t<div class=\"elementor-container elementor-column-gap-no\">\n\t\t\t\t\t<div class=\"elementor-column elementor-col-100 elementor-inner-column elementor-element elementor-element-8799f70\" data-id=\"8799f70\" data-element_type=\"column\">\n\t\t\t<div class=\"elementor-widget-wrap elementor-element-populated\">\n\t\t\t\t\t\t\t\t<div class=\"elementor-element elementor-element-2be1823f agrikon-transform transform-type-translate elementor-widget elementor-widget-heading\" data-id=\"2be1823f\" data-element_type=\"widget\" data-widget_type=\"heading.default\">\n\t\t\t\t<div class=\"elementor-widget-container\">\n\t\t\t<h4 class=\"elementor-heading-title elementor-size-default\">Products<\/h4>\t\t<\/div>\n\t\t\t\t<\/div>\n\t\t\t\t<div class=\"elementor-element elementor-element-5b29c5b8 elementor-align-left elementor-icon-list--layout-traditional elementor-list-item-link-full_width elementor-widget elementor-widget-icon-list\" data-id=\"5b29c5b8\" data-element_type=\"widget\" data-widget_type=\"icon-list.default\">\n\t\t\t\t<div class=\"elementor-widget-container\">\n\t\t\t\t\t<ul class=\"elementor-icon-list-items\">\n\t\t\t\t\t\t\t<li class=\"elementor-icon-list-item\">\n\t\t\t\t\t\t\t\t\t\t\t<span class=\"elementor-icon-list-icon\">\n\t\t\t\t\t\t\t<i aria-hidden=\"true\" class=\"fas fa-check-circle\"><\/i>\t\t\t\t\t\t<\/span>\n\t\t\t\t\t\t\t\t\t\t<span class=\"elementor-icon-list-text\">VEGETABLE MACHINES<\/span>\n\t\t\t\t\t\t\t\t\t<\/li>\n\t\t\t\t\t\t\t\t<li class=\"elementor-icon-list-item\">\n\t\t\t\t\t\t\t\t\t\t\t<span class=\"elementor-icon-list-icon\">\n\t\t\t\t\t\t\t<i aria-hidden=\"true\" class=\"fas fa-check-circle\"><\/i>\t\t\t\t\t\t<\/span>\n\t\t\t\t\t\t\t\t\t\t<span class=\"elementor-icon-list-text\">PRODUCTION LINES<\/span>\n\t\t\t\t\t\t\t\t\t<\/li>\n\t\t\t\t\t\t\t\t<li class=\"elementor-icon-list-item\">\n\t\t\t\t\t\t\t\t\t\t\t<span class=\"elementor-icon-list-icon\">\n\t\t\t\t\t\t\t<i aria-hidden=\"true\" class=\"fas fa-check-circle\"><\/i>\t\t\t\t\t\t<\/span>\n\t\t\t\t\t\t\t\t\t\t<span class=\"elementor-icon-list-text\">NURSERY MACHINES<\/span>\n\t\t\t\t\t\t\t\t\t<\/li>\n\t\t\t\t\t\t<\/ul>\n\t\t\t\t<\/div>\n\t\t\t\t<\/div>\n\t\t\t\t\t<\/div>\n\t\t<\/div>\n\t\t\t\t\t\t\t<\/div>\n\t\t<\/div>\n\t\t\t\t<div class=\"elementor-element elementor-element-43d1b9e elementor-widget elementor-widget-image\" data-id=\"43d1b9e\" data-element_type=\"widget\" data-widget_type=\"image.default\">\n\t\t\t\t<div class=\"elementor-widget-container\">\n\t\t\t\t\t<div class=\"elementor-image\">\n\t\t\t\t\t\t\t\t\t\t<img loading=\"lazy\" decoding=\"async\" width=\"800\" height=\"480\" src=\"https:\/\/zagro.hr\/wp-content\/uploads\/2022\/01\/MBP-Pro-vega.jpg\" class=\"attachment-full size-full\" alt=\"MBP Pro-vega\" srcset=\"https:\/\/zagro.hr\/wp-content\/uploads\/2022\/01\/MBP-Pro-vega.jpg 800w, https:\/\/zagro.hr\/wp-content\/uploads\/2022\/01\/MBP-Pro-vega-300x180.jpg 300w, https:\/\/zagro.hr\/wp-content\/uploads\/2022\/01\/MBP-Pro-vega-768x461.jpg 768w, https:\/\/zagro.hr\/wp-content\/uploads\/2022\/01\/MBP-Pro-vega-16x10.jpg 16w, https:\/\/zagro.hr\/wp-content\/uploads\/2022\/01\/MBP-Pro-vega-250x150.jpg 250w, https:\/\/zagro.hr\/wp-content\/uploads\/2022\/01\/MBP-Pro-vega-550x330.jpg 550w, https:\/\/zagro.hr\/wp-content\/uploads\/2022\/01\/MBP-Pro-vega-500x300.jpg 500w\" sizes=\"auto, (max-width: 800px) 100vw, 800px\" \/>\t\t\t\t\t\t\t\t\t\t\t<\/div>\n\t\t\t\t<\/div>\n\t\t\t\t<\/div>\n\t\t\t\t<div class=\"elementor-element elementor-element-4a6188d elementor-widget elementor-widget-image\" data-id=\"4a6188d\" data-element_type=\"widget\" data-widget_type=\"image.default\">\n\t\t\t\t<div class=\"elementor-widget-container\">\n\t\t\t\t\t<div class=\"elementor-image\">\n\t\t\t\t\t\t\t\t\t\t<img loading=\"lazy\" decoding=\"async\" width=\"800\" height=\"389\" src=\"https:\/\/zagro.hr\/wp-content\/uploads\/2021\/02\/RB2060_GLOWNE_-_800x600.jpg\" class=\"attachment-full size-full\" alt=\"\" srcset=\"https:\/\/zagro.hr\/wp-content\/uploads\/2021\/02\/RB2060_GLOWNE_-_800x600.jpg 800w, https:\/\/zagro.hr\/wp-content\/uploads\/2021\/02\/RB2060_GLOWNE_-_800x600-300x146.jpg 300w, https:\/\/zagro.hr\/wp-content\/uploads\/2021\/02\/RB2060_GLOWNE_-_800x600-768x373.jpg 768w, https:\/\/zagro.hr\/wp-content\/uploads\/2021\/02\/RB2060_GLOWNE_-_800x600-250x122.jpg 250w, https:\/\/zagro.hr\/wp-content\/uploads\/2021\/02\/RB2060_GLOWNE_-_800x600-550x267.jpg 550w, https:\/\/zagro.hr\/wp-content\/uploads\/2021\/02\/RB2060_GLOWNE_-_800x600-370x180.jpg 370w, https:\/\/zagro.hr\/wp-content\/uploads\/2021\/02\/RB2060_GLOWNE_-_800x600-617x300.jpg 617w\" sizes=\"auto, (max-width: 800px) 100vw, 800px\" \/>\t\t\t\t\t\t\t\t\t\t\t<\/div>\n\t\t\t\t<\/div>\n\t\t\t\t<\/div>\n\t\t\t\t\t<\/div>\n\t\t<\/div>\n\t\t\t\t<div class=\"elementor-column elementor-col-66 elementor-top-column elementor-element elementor-element-7f883d27\" data-id=\"7f883d27\" data-element_type=\"column\">\n\t\t\t<div class=\"elementor-widget-wrap elementor-element-populated\">\n\t\t\t\t\t\t\t\t<div class=\"elementor-element elementor-element-3f088ec1 elementor-widget elementor-widget-image\" data-id=\"3f088ec1\" data-element_type=\"widget\" data-widget_type=\"image.default\">\n\t\t\t\t<div class=\"elementor-widget-container\">\n\t\t\t\t\t<div class=\"elementor-image\">\n\t\t\t\t\t\t\t\t\t\t<img loading=\"lazy\" decoding=\"async\" width=\"750\" height=\"750\" src=\"https:\/\/zagro.hr\/wp-content\/uploads\/2021\/02\/PRo-vega-production-line-750x750.jpg\" class=\"attachment-agrikon-grid size-agrikon-grid\" alt=\"PRo-vega production line\" srcset=\"https:\/\/zagro.hr\/wp-content\/uploads\/2021\/02\/PRo-vega-production-line-750x750.jpg 750w, https:\/\/zagro.hr\/wp-content\/uploads\/2021\/02\/PRo-vega-production-line-150x150.jpg 150w, https:\/\/zagro.hr\/wp-content\/uploads\/2021\/02\/PRo-vega-production-line-500x500.jpg 500w, https:\/\/zagro.hr\/wp-content\/uploads\/2021\/02\/PRo-vega-production-line-48x48.jpg 48w, https:\/\/zagro.hr\/wp-content\/uploads\/2021\/02\/PRo-vega-production-line-300x300.jpg 300w, https:\/\/zagro.hr\/wp-content\/uploads\/2021\/02\/PRo-vega-production-line-450x450.jpg 450w, https:\/\/zagro.hr\/wp-content\/uploads\/2021\/02\/PRo-vega-production-line-100x100.jpg 100w\" sizes=\"auto, (max-width: 750px) 100vw, 750px\" \/>\t\t\t\t\t\t\t\t\t\t\t<\/div>\n\t\t\t\t<\/div>\n\t\t\t\t<\/div>\n\t\t\t\t<section class=\"elementor-section elementor-inner-section elementor-element elementor-element-3e36fac2 elementor-section-boxed elementor-section-height-default elementor-section-height-default nt-section-ripped-top ripped-top-no nt-section-ripped-bottom ripped-bottom-no\" data-id=\"3e36fac2\" data-element_type=\"section\">\n\t\t\t\t\t\t<div class=\"elementor-container elementor-column-gap-default\">\n\t\t\t\t\t<div class=\"elementor-column elementor-col-50 elementor-inner-column elementor-element elementor-element-4c5ffcac\" data-id=\"4c5ffcac\" data-element_type=\"column\">\n\t\t\t<div class=\"elementor-widget-wrap elementor-element-populated\">\n\t\t\t\t\t\t\t\t<div class=\"elementor-element elementor-element-33742f6b elementor-widget elementor-widget-image\" data-id=\"33742f6b\" data-element_type=\"widget\" data-widget_type=\"image.default\">\n\t\t\t\t<div class=\"elementor-widget-container\">\n\t\t\t\t\t<div class=\"elementor-image\">\n\t\t\t\t\t\t\t\t\t\t<img loading=\"lazy\" decoding=\"async\" width=\"800\" height=\"600\" src=\"https:\/\/zagro.hr\/wp-content\/uploads\/2021\/02\/64a88f4bd133b48728267806697cc719_f161.jpg\" class=\"attachment-large size-large\" alt=\"Pro-vega production line2\" srcset=\"https:\/\/zagro.hr\/wp-content\/uploads\/2021\/02\/64a88f4bd133b48728267806697cc719_f161.jpg 800w, https:\/\/zagro.hr\/wp-content\/uploads\/2021\/02\/64a88f4bd133b48728267806697cc719_f161-300x225.jpg 300w, https:\/\/zagro.hr\/wp-content\/uploads\/2021\/02\/64a88f4bd133b48728267806697cc719_f161-768x576.jpg 768w, https:\/\/zagro.hr\/wp-content\/uploads\/2021\/02\/64a88f4bd133b48728267806697cc719_f161-250x188.jpg 250w, https:\/\/zagro.hr\/wp-content\/uploads\/2021\/02\/64a88f4bd133b48728267806697cc719_f161-550x413.jpg 550w, https:\/\/zagro.hr\/wp-content\/uploads\/2021\/02\/64a88f4bd133b48728267806697cc719_f161-240x180.jpg 240w, https:\/\/zagro.hr\/wp-content\/uploads\/2021\/02\/64a88f4bd133b48728267806697cc719_f161-400x300.jpg 400w, https:\/\/zagro.hr\/wp-content\/uploads\/2021\/02\/64a88f4bd133b48728267806697cc719_f161-667x500.jpg 667w\" sizes=\"auto, (max-width: 800px) 100vw, 800px\" \/>\t\t\t\t\t\t\t\t\t\t\t<\/div>\n\t\t\t\t<\/div>\n\t\t\t\t<\/div>\n\t\t\t\t\t<\/div>\n\t\t<\/div>\n\t\t\t\t<div class=\"elementor-column elementor-col-50 elementor-inner-column elementor-element elementor-element-1994c15c\" data-id=\"1994c15c\" data-element_type=\"column\">\n\t\t\t<div class=\"elementor-widget-wrap elementor-element-populated\">\n\t\t\t\t\t\t\t\t<div class=\"elementor-element elementor-element-6860cef7 elementor-widget elementor-widget-image\" data-id=\"6860cef7\" data-element_type=\"widget\" data-widget_type=\"image.default\">\n\t\t\t\t<div class=\"elementor-widget-container\">\n\t\t\t\t\t<div class=\"elementor-image\">\n\t\t\t\t\t\t\t\t\t\t<img loading=\"lazy\" decoding=\"async\" width=\"800\" height=\"600\" src=\"https:\/\/zagro.hr\/wp-content\/uploads\/2021\/02\/Pro_vega.jpg\" class=\"attachment-large size-large\" alt=\"Pro_vega\" srcset=\"https:\/\/zagro.hr\/wp-content\/uploads\/2021\/02\/Pro_vega.jpg 800w, https:\/\/zagro.hr\/wp-content\/uploads\/2021\/02\/Pro_vega-300x225.jpg 300w, https:\/\/zagro.hr\/wp-content\/uploads\/2021\/02\/Pro_vega-768x576.jpg 768w, https:\/\/zagro.hr\/wp-content\/uploads\/2021\/02\/Pro_vega-250x188.jpg 250w, https:\/\/zagro.hr\/wp-content\/uploads\/2021\/02\/Pro_vega-550x413.jpg 550w, https:\/\/zagro.hr\/wp-content\/uploads\/2021\/02\/Pro_vega-240x180.jpg 240w, https:\/\/zagro.hr\/wp-content\/uploads\/2021\/02\/Pro_vega-400x300.jpg 400w, https:\/\/zagro.hr\/wp-content\/uploads\/2021\/02\/Pro_vega-667x500.jpg 667w\" sizes=\"auto, (max-width: 800px) 100vw, 800px\" \/>\t\t\t\t\t\t\t\t\t\t\t<\/div>\n\t\t\t\t<\/div>\n\t\t\t\t<\/div>\n\t\t\t\t\t<\/div>\n\t\t<\/div>\n\t\t\t\t\t\t\t<\/div>\n\t\t<\/section>\n\t\t\t\t<div class=\"elementor-element elementor-element-57d82625 agrikon-transform transform-type-translate elementor-widget elementor-widget-heading\" data-id=\"57d82625\" data-element_type=\"widget\" data-widget_type=\"heading.default\">\n\t\t\t\t<div class=\"elementor-widget-container\">\n\t\t\t<h2 class=\"elementor-heading-title elementor-size-default\">Pro-Vega - Production of machines for vegetables, nurseries and production lines<\/h2>\t\t<\/div>\n\t\t\t\t<\/div>\n\t\t\t\t<div class=\"elementor-element elementor-element-63cf55d5 elementor-widget elementor-widget-text-editor\" data-id=\"63cf55d5\" data-element_type=\"widget\" data-widget_type=\"text-editor.default\">\n\t\t\t\t<div class=\"elementor-widget-container\">\n\t\t\t\t\t<div class=\"elementor-text-editor elementor-clearfix\"><p>Pro-Vega has been growing in the agricultural equipment market for more than 10 years and is committed to continuous product improvement. Customer satisfaction comes first and they are constantly looking for new ideas and trying to improve current solutions.\u00a0<\/p><p>At Pro-Vega, they design, manufacture and install complete production lines with all the necessary accessories.<\/p><\/div>\n\t\t\t\t<\/div>\n\t\t\t\t<\/div>\n\t\t\t\t<div class=\"elementor-element elementor-element-507030bc elementor-widget elementor-widget-agrikon-button\" data-id=\"507030bc\" data-element_type=\"widget\" data-widget_type=\"agrikon-button.default\">\n\t\t\t\t<div class=\"elementor-widget-container\">\n\t\t\t<div class=\"agrikon-button\"><a class=\"agrikon-btn thm-btn\" href=\"https:\/\/zagro.hr\/en\/kontakt\/\">Contact us <\/a><\/div>\t\t<\/div>\n\t\t\t\t<\/div>\n\t\t\t\t\t<\/div>\n\t\t<\/div>\n\t\t\t\t\t\t\t<\/div>\n\t\t<\/div>\n\t\t\t\t\t\t<\/div>\n\t\t\t\t\t<\/div>","protected":false},"excerpt":{"rendered":"<p>www.pro-vega.pl Proizvodi Proizvodnja strojeva za povr\u0107e, proizvodnih linija i strojeva za rasadnike Proizvodi STROJEVI ZA POVR\u0106E PROIZVODNE LINIJE STROJEVI ZA RASADNIKE Pro-Vega &#8211; Proizvodnja strojeva za povr\u0107e, rasadnike i proizvodnih linija Tvrtka Pro-Vega ve\u0107 vi\u0161e od 10 godina raste na tr\u017ei\u0161tu po pitanju poljoprivredne opreme i posve\u0107eni su stalnom pobolj\u0161anju proizvoda. Zadovoljstvo kupaca im je&#8230;<\/p>","protected":false},"author":1,"featured_media":0,"parent":0,"menu_order":0,"comment_status":"closed","ping_status":"closed","template":"","meta":{"bgseo_title":"Pro-vega","bgseo_description":"Proizvodnja strojeva za povr\u0107e, rasadnike i proizvodnih linija. Tvrtka Pro-Vega ve\u0107 vi\u0161e od 10 godina raste na tr\u017ei\u0161tu po pitanju poljoprivredne opreme.","bgseo_robots_index":"index","bgseo_robots_follow":"follow","footnotes":""},"class_list":{"0":"post-4967","1":"page","2":"type-page","3":"status-publish","4":"hentry","5":"nt-post-class","6":"","8":"thumb-none","10":"excerpt-none"},"yoast_head":"<!-- This site is optimized with the Yoast SEO plugin v16.5 - https:\/\/yoast.com\/wordpress\/plugins\/seo\/ -->\n<title>Pro-vega<\/title>\n<meta name=\"description\" content=\"Proizvodnja strojeva za povr\u0107e, rasadnike i proizvodnih linija. Tvrtka Pro-Vega ve\u0107 vi\u0161e od 10 godina raste na tr\u017ei\u0161tu po pitanju poljoprivredne opreme.\" \/>\n<meta name=\"robots\" content=\"index, follow, max-snippet:-1, max-image-preview:large, max-video-preview:-1\" \/>\n<link rel=\"canonical\" href=\"https:\/\/zagro.hr\/en\/pro-vega\/\" \/>\n<meta property=\"og:locale\" content=\"en_GB\" \/>\n<meta property=\"og:type\" content=\"article\" \/>\n<meta property=\"og:title\" content=\"Pro-vega - Zagro d.o.o.\" \/>\n<meta property=\"og:description\" content=\"Proizvodnja strojeva za povr\u0107e, rasadnike i proizvodnih linija. Tvrtka Pro-Vega ve\u0107 vi\u0161e od 10 godina raste na tr\u017ei\u0161tu po pitanju poljoprivredne opreme.\" \/>\n<meta property=\"og:url\" content=\"https:\/\/zagro.hr\/en\/pro-vega\/\" \/>\n<meta property=\"og:site_name\" content=\"Zagro d.o.o.\" \/>\n<meta property=\"article:modified_time\" content=\"2024-05-13T06:59:14+00:00\" \/>\n<meta property=\"og:image\" content=\"http:\/\/zagro.hr\/wp-content\/uploads\/2021\/02\/provega.jpg\" \/>\n<meta name=\"twitter:card\" content=\"summary_large_image\" \/>\n<meta name=\"twitter:label1\" content=\"Estimated reading time\" \/>\n\t<meta name=\"twitter:data1\" content=\"2 minutes\" \/>\n<script type=\"application\/ld+json\" class=\"yoast-schema-graph\">{\"@context\":\"https:\/\/schema.org\",\"@graph\":[{\"@type\":\"Organization\",\"@id\":\"https:\/\/zagro.hr\/#organization\",\"name\":\"Zagro d.o.o.\",\"url\":\"https:\/\/zagro.hr\/\",\"sameAs\":[],\"logo\":{\"@type\":\"ImageObject\",\"@id\":\"https:\/\/zagro.hr\/#logo\",\"inLanguage\":\"en-GB\",\"url\":\"https:\/\/zagro.hr\/wp-content\/uploads\/2021\/01\/logo-1-e1461010389735.png\",\"contentUrl\":\"https:\/\/zagro.hr\/wp-content\/uploads\/2021\/01\/logo-1-e1461010389735.png\",\"width\":200,\"height\":100,\"caption\":\"Zagro d.o.o.\"},\"image\":{\"@id\":\"https:\/\/zagro.hr\/#logo\"}},{\"@type\":\"WebSite\",\"@id\":\"https:\/\/zagro.hr\/#website\",\"url\":\"https:\/\/zagro.hr\/\",\"name\":\"Zagro d.o.o.\",\"description\":\"\",\"publisher\":{\"@id\":\"https:\/\/zagro.hr\/#organization\"},\"potentialAction\":[{\"@type\":\"SearchAction\",\"target\":\"https:\/\/zagro.hr\/?s={search_term_string}\",\"query-input\":\"required name=search_term_string\"}],\"inLanguage\":\"en-GB\"},{\"@type\":\"ImageObject\",\"@id\":\"https:\/\/zagro.hr\/pro-vega\/#primaryimage\",\"inLanguage\":\"en-GB\",\"url\":\"http:\/\/zagro.hr\/wp-content\/uploads\/2021\/02\/provega.jpg\",\"contentUrl\":\"http:\/\/zagro.hr\/wp-content\/uploads\/2021\/02\/provega.jpg\"},{\"@type\":\"WebPage\",\"@id\":\"https:\/\/zagro.hr\/pro-vega\/#webpage\",\"url\":\"https:\/\/zagro.hr\/pro-vega\/\",\"name\":\"Pro-vega - Zagro d.o.o.\",\"isPartOf\":{\"@id\":\"https:\/\/zagro.hr\/#website\"},\"primaryImageOfPage\":{\"@id\":\"https:\/\/zagro.hr\/pro-vega\/#primaryimage\"},\"datePublished\":\"2021-02-12T08:13:14+00:00\",\"dateModified\":\"2024-05-13T06:59:14+00:00\",\"description\":\"Proizvodnja strojeva za povr\\u0107e, rasadnike i proizvodnih linija. Tvrtka Pro-Vega ve\\u0107 vi\\u0161e od 10 godina raste na tr\\u017ei\\u0161tu po pitanju poljoprivredne opreme.\",\"breadcrumb\":{\"@id\":\"https:\/\/zagro.hr\/pro-vega\/#breadcrumb\"},\"inLanguage\":\"en-GB\",\"potentialAction\":[{\"@type\":\"ReadAction\",\"target\":[\"https:\/\/zagro.hr\/pro-vega\/\"]}]},{\"@type\":\"BreadcrumbList\",\"@id\":\"https:\/\/zagro.hr\/pro-vega\/#breadcrumb\",\"itemListElement\":[{\"@type\":\"ListItem\",\"position\":1,\"name\":\"Po\\u010detna stranica\",\"item\":\"https:\/\/zagro.hr\/\"},{\"@type\":\"ListItem\",\"position\":2,\"name\":\"Pro-vega\"}]}]}<\/script>\n<!-- \/ Yoast SEO plugin. -->","_links":{"self":[{"href":"https:\/\/zagro.hr\/en\/wp-json\/wp\/v2\/pages\/4967","targetHints":{"allow":["GET"]}}],"collection":[{"href":"https:\/\/zagro.hr\/en\/wp-json\/wp\/v2\/pages"}],"about":[{"href":"https:\/\/zagro.hr\/en\/wp-json\/wp\/v2\/types\/page"}],"author":[{"embeddable":true,"href":"https:\/\/zagro.hr\/en\/wp-json\/wp\/v2\/users\/1"}],"replies":[{"embeddable":true,"href":"https:\/\/zagro.hr\/en\/wp-json\/wp\/v2\/comments?post=4967"}],"version-history":[{"count":10,"href":"https:\/\/zagro.hr\/en\/wp-json\/wp\/v2\/pages\/4967\/revisions"}],"predecessor-version":[{"id":6082,"href":"https:\/\/zagro.hr\/en\/wp-json\/wp\/v2\/pages\/4967\/revisions\/6082"}],"wp:attachment":[{"href":"https:\/\/zagro.hr\/en\/wp-json\/wp\/v2\/media?parent=4967"}],"curies":[{"name":"wp","href":"https:\/\/api.w.org\/{rel}","templated":true}]}}