{"id":4987,"date":"2021-02-12T08:45:30","date_gmt":"2021-02-12T08:45:30","guid":{"rendered":"http:\/\/zagro.cwebspace.hr\/?page_id=4987"},"modified":"2024-05-13T08:52:06","modified_gmt":"2024-05-13T06:52:06","slug":"krukowiak","status":"publish","type":"page","link":"https:\/\/zagro.hr\/en\/krukowiak\/","title":{"rendered":"Krukowiak"},"content":{"rendered":"<div data-elementor-type=\"wp-page\" data-elementor-id=\"4987\" class=\"elementor elementor-4987\" data-elementor-settings=\"[]\">\n\t\t\t\t\t\t\t<div class=\"elementor-section-wrap\">\n\t\t\t\t\t\t\t<div class=\"elementor-section elementor-top-section elementor-element elementor-element-5a908d53 elementor-section-full_width elementor-section-height-default elementor-section-height-default nt-section-ripped-top ripped-top-no nt-section-ripped-bottom ripped-bottom-no\" data-id=\"5a908d53\" data-element_type=\"section\">\n\t\t\t\t\t\t<div class=\"elementor-container elementor-column-gap-no\">\n\t\t\t\t\t<div class=\"elementor-column elementor-col-100 elementor-top-column elementor-element elementor-element-17db7f13\" data-id=\"17db7f13\" data-element_type=\"column\">\n\t\t\t<div class=\"elementor-widget-wrap elementor-element-populated\">\n\t\t\t\t\t\t\t\t<div class=\"elementor-element elementor-element-168bffef elementor-widget elementor-widget-agrikon-page-hero\" data-id=\"168bffef\" data-element_type=\"widget\" data-widget_type=\"agrikon-page-hero.default\">\n\t\t\t\t<div class=\"elementor-widget-container\">\n\t\t\t<div class=\"page-header\"><div class=\"page-header__bg\"><\/div><div class=\"container\"><ul class=\"breadcrumbs thm-breadcrumb list-unstyled\"><li><a class=\"breadcrumb_link\" href=\"https:\/\/zagro.hr\/en\/\"> Home<\/a><\/li><\/ul><h2 class=\"page-title\"><img decoding=\"async\" src=\"http:\/\/zagro.hr\/wp-content\/uploads\/2021\/02\/logo_krukowiak_-300x175-1.png\"><\/h2><\/div><\/div>\t\t<\/div>\n\t\t\t\t<\/div>\n\t\t\t\t\t<\/div>\n\t\t<\/div>\n\t\t\t\t\t\t\t<\/div>\n\t\t<\/div>\n\t\t\t\t<div class=\"elementor-section elementor-top-section elementor-element elementor-element-1b8346a1 elementor-section-boxed elementor-section-height-default elementor-section-height-default nt-section-ripped-top ripped-top-no nt-section-ripped-bottom ripped-bottom-no\" data-id=\"1b8346a1\" data-element_type=\"section\">\n\t\t\t\t\t\t<div class=\"elementor-container elementor-column-gap-no\">\n\t\t\t\t\t<div class=\"elementor-column elementor-col-33 elementor-top-column elementor-element elementor-element-7634ee9a\" data-id=\"7634ee9a\" data-element_type=\"column\" data-settings=\"{&quot;background_background&quot;:&quot;classic&quot;}\">\n\t\t\t<div class=\"elementor-widget-wrap elementor-element-populated\">\n\t\t\t\t\t\t\t\t<div class=\"elementor-section elementor-inner-section elementor-element elementor-element-6e0e71d elementor-section-boxed elementor-section-height-default elementor-section-height-default nt-section-ripped-top ripped-top-no nt-section-ripped-bottom ripped-bottom-no\" data-id=\"6e0e71d\" data-element_type=\"section\" data-settings=\"{&quot;background_background&quot;:&quot;classic&quot;}\">\n\t\t\t\t\t\t<div class=\"elementor-container elementor-column-gap-default\">\n\t\t\t\t\t<div class=\"elementor-column elementor-col-100 elementor-inner-column elementor-element elementor-element-1e8c56cd\" data-id=\"1e8c56cd\" data-element_type=\"column\">\n\t\t\t<div class=\"elementor-widget-wrap elementor-element-populated\">\n\t\t\t\t\t\t\t\t<div class=\"elementor-element elementor-element-3edac9c6 agrikon-transform transform-type-translate elementor-widget elementor-widget-heading\" data-id=\"3edac9c6\" data-element_type=\"widget\" data-widget_type=\"heading.default\">\n\t\t\t\t<div class=\"elementor-widget-container\">\n\t\t\t<div class=\"elementor-heading-title elementor-size-default\"><a href=\"http:\/\/www.krukowiak.com.pl\"><img decoding=\"async\" src=\"http:\/\/zagro.hr\/wp-content\/uploads\/2021\/02\/logo_krukowiak_-300x175-1.png\"><\/a><\/div>\t\t<\/div>\n\t\t\t\t<\/div>\n\t\t\t\t<div class=\"elementor-element elementor-element-3f591dc elementor-widget elementor-widget-text-editor\" data-id=\"3f591dc\" data-element_type=\"widget\" data-widget_type=\"text-editor.default\">\n\t\t\t\t<div class=\"elementor-widget-container\">\n\t\t\t\t\t<div class=\"elementor-text-editor elementor-clearfix\"><p><a href=\"https:\/\/www.krukowiak.com.pl\/en\/\" target=\"_blank\" rel=\"noopener\">www.krukowiak.com.pl<\/a><\/p><\/div>\n\t\t\t\t<\/div>\n\t\t\t\t<\/div>\n\t\t\t\t<div class=\"elementor-element elementor-element-59fdba35 agrikon-heading-link-#255946 agrikon-transform transform-type-translate elementor-widget elementor-widget-heading\" data-id=\"59fdba35\" data-element_type=\"widget\" data-widget_type=\"heading.default\">\n\t\t\t\t<div class=\"elementor-widget-container\">\n\t\t\t<div class=\"elementor-heading-title elementor-size-default\"><a href=\"http:\/\/www.krukowiak.com.pl\/en\/offer\/machines-for-vegetables\">Products<\/a><\/div>\t\t<\/div>\n\t\t\t\t<\/div>\n\t\t\t\t\t<\/div>\n\t\t<\/div>\n\t\t\t\t\t\t\t<\/div>\n\t\t<\/div>\n\t\t\t\t<div class=\"elementor-section elementor-inner-section elementor-element elementor-element-318be2df elementor-section-boxed elementor-section-height-default elementor-section-height-default nt-section-ripped-top ripped-top-no nt-section-ripped-bottom ripped-bottom-no\" data-id=\"318be2df\" data-element_type=\"section\" data-settings=\"{&quot;background_background&quot;:&quot;classic&quot;}\">\n\t\t\t\t\t\t\t<div class=\"elementor-background-overlay\"><\/div>\n\t\t\t\t\t\t\t<div class=\"elementor-container elementor-column-gap-no\">\n\t\t\t\t\t<div class=\"elementor-column elementor-col-100 elementor-inner-column elementor-element elementor-element-7bc35e84\" data-id=\"7bc35e84\" data-element_type=\"column\">\n\t\t\t<div class=\"elementor-widget-wrap elementor-element-populated\">\n\t\t\t\t\t\t\t\t<div class=\"elementor-element elementor-element-6e3f4e57 agrikon-transform transform-type-translate elementor-widget elementor-widget-heading\" data-id=\"6e3f4e57\" data-element_type=\"widget\" data-widget_type=\"heading.default\">\n\t\t\t\t<div class=\"elementor-widget-container\">\n\t\t\t<h3 class=\"elementor-heading-title elementor-size-default\">Production of high quality agricultural machinery<\/h3>\t\t<\/div>\n\t\t\t\t<\/div>\n\t\t\t\t\t<\/div>\n\t\t<\/div>\n\t\t\t\t\t\t\t<\/div>\n\t\t<\/div>\n\t\t\t\t<div class=\"elementor-section elementor-inner-section elementor-element elementor-element-11777a7b elementor-section-content-middle elementor-section-boxed elementor-section-height-default elementor-section-height-default nt-section-ripped-top ripped-top-no nt-section-ripped-bottom ripped-bottom-no\" data-id=\"11777a7b\" data-element_type=\"section\">\n\t\t\t\t\t\t<div class=\"elementor-container elementor-column-gap-no\">\n\t\t\t\t\t<div class=\"elementor-column elementor-col-100 elementor-inner-column elementor-element elementor-element-597cf5be\" data-id=\"597cf5be\" data-element_type=\"column\">\n\t\t\t<div class=\"elementor-widget-wrap elementor-element-populated\">\n\t\t\t\t\t\t\t\t<div class=\"elementor-element elementor-element-4d39c6fd agrikon-transform transform-type-translate elementor-widget elementor-widget-heading\" data-id=\"4d39c6fd\" data-element_type=\"widget\" data-widget_type=\"heading.default\">\n\t\t\t\t<div class=\"elementor-widget-container\">\n\t\t\t<h4 class=\"elementor-heading-title elementor-size-default\">Products<\/h4>\t\t<\/div>\n\t\t\t\t<\/div>\n\t\t\t\t<div class=\"elementor-element elementor-element-4e9a6224 elementor-align-left elementor-icon-list--layout-traditional elementor-list-item-link-full_width elementor-widget elementor-widget-icon-list\" data-id=\"4e9a6224\" data-element_type=\"widget\" data-widget_type=\"icon-list.default\">\n\t\t\t\t<div class=\"elementor-widget-container\">\n\t\t\t\t\t<ul class=\"elementor-icon-list-items\">\n\t\t\t\t\t\t\t<li class=\"elementor-icon-list-item\">\n\t\t\t\t\t\t\t\t\t\t\t<span class=\"elementor-icon-list-icon\">\n\t\t\t\t\t\t\t<i aria-hidden=\"true\" class=\"fas fa-check-circle\"><\/i>\t\t\t\t\t\t<\/span>\n\t\t\t\t\t\t\t\t\t\t<span class=\"elementor-icon-list-text\">SPRAYERS<\/span>\n\t\t\t\t\t\t\t\t\t<\/li>\n\t\t\t\t\t\t\t\t<li class=\"elementor-icon-list-item\">\n\t\t\t\t\t\t\t\t\t\t\t<span class=\"elementor-icon-list-icon\">\n\t\t\t\t\t\t\t<i aria-hidden=\"true\" class=\"fas fa-check-circle\"><\/i>\t\t\t\t\t\t<\/span>\n\t\t\t\t\t\t\t\t\t\t<span class=\"elementor-icon-list-text\">ONION AND POTATO MACHINES<\/span>\n\t\t\t\t\t\t\t\t\t<\/li>\n\t\t\t\t\t\t\t\t<li class=\"elementor-icon-list-item\">\n\t\t\t\t\t\t\t\t\t\t\t<span class=\"elementor-icon-list-icon\">\n\t\t\t\t\t\t\t<i aria-hidden=\"true\" class=\"fas fa-check-circle\"><\/i>\t\t\t\t\t\t<\/span>\n\t\t\t\t\t\t\t\t\t\t<span class=\"elementor-icon-list-text\">FRUIT AND VEGETABLE MACHINES<\/span>\n\t\t\t\t\t\t\t\t\t<\/li>\n\t\t\t\t\t\t\t\t<li class=\"elementor-icon-list-item\">\n\t\t\t\t\t\t\t\t\t\t\t<span class=\"elementor-icon-list-icon\">\n\t\t\t\t\t\t\t<i aria-hidden=\"true\" class=\"fas fa-check-circle\"><\/i>\t\t\t\t\t\t<\/span>\n\t\t\t\t\t\t\t\t\t\t<span class=\"elementor-icon-list-text\">FEEDERS, SEEDLINGS, PICKING, CLEANING, CUTTING<\/span>\n\t\t\t\t\t\t\t\t\t<\/li>\n\t\t\t\t\t\t<\/ul>\n\t\t\t\t<\/div>\n\t\t\t\t<\/div>\n\t\t\t\t\t<\/div>\n\t\t<\/div>\n\t\t\t\t\t\t\t<\/div>\n\t\t<\/div>\n\t\t\t\t<div class=\"elementor-element elementor-element-228cd25a elementor-widget elementor-widget-image\" data-id=\"228cd25a\" data-element_type=\"widget\" data-widget_type=\"image.default\">\n\t\t\t\t<div class=\"elementor-widget-container\">\n\t\t\t\t\t<div class=\"elementor-image\">\n\t\t\t\t\t\t\t\t\t\t<img loading=\"lazy\" decoding=\"async\" width=\"500\" height=\"456\" src=\"https:\/\/zagro.hr\/wp-content\/uploads\/2021\/02\/0548677e6432786dd8df61eb3aaec139_L-500x456.jpg\" class=\"attachment-agrikon-square size-agrikon-square\" alt=\"\" \/>\t\t\t\t\t\t\t\t\t\t\t<\/div>\n\t\t\t\t<\/div>\n\t\t\t\t<\/div>\n\t\t\t\t\t<\/div>\n\t\t<\/div>\n\t\t\t\t<div class=\"elementor-column elementor-col-66 elementor-top-column elementor-element elementor-element-49384541\" data-id=\"49384541\" data-element_type=\"column\">\n\t\t\t<div class=\"elementor-widget-wrap elementor-element-populated\">\n\t\t\t\t\t\t\t\t<div class=\"elementor-element elementor-element-337aa90 elementor-widget elementor-widget-image\" data-id=\"337aa90\" data-element_type=\"widget\" data-widget_type=\"image.default\">\n\t\t\t\t<div class=\"elementor-widget-container\">\n\t\t\t\t\t<div class=\"elementor-image\">\n\t\t\t\t\t\t\t\t\t\t<img loading=\"lazy\" decoding=\"async\" width=\"750\" height=\"750\" src=\"https:\/\/zagro.hr\/wp-content\/uploads\/2021\/02\/68b62085e41e8f225811766f8d5eb2bb_XL-750x750.jpg\" class=\"attachment-agrikon-grid size-agrikon-grid\" alt=\"\" srcset=\"https:\/\/zagro.hr\/wp-content\/uploads\/2021\/02\/68b62085e41e8f225811766f8d5eb2bb_XL-750x750.jpg 750w, https:\/\/zagro.hr\/wp-content\/uploads\/2021\/02\/68b62085e41e8f225811766f8d5eb2bb_XL-150x150.jpg 150w, https:\/\/zagro.hr\/wp-content\/uploads\/2021\/02\/68b62085e41e8f225811766f8d5eb2bb_XL-500x500.jpg 500w, https:\/\/zagro.hr\/wp-content\/uploads\/2021\/02\/68b62085e41e8f225811766f8d5eb2bb_XL-48x48.jpg 48w, https:\/\/zagro.hr\/wp-content\/uploads\/2021\/02\/68b62085e41e8f225811766f8d5eb2bb_XL-300x300.jpg 300w, https:\/\/zagro.hr\/wp-content\/uploads\/2021\/02\/68b62085e41e8f225811766f8d5eb2bb_XL-450x450.jpg 450w, https:\/\/zagro.hr\/wp-content\/uploads\/2021\/02\/68b62085e41e8f225811766f8d5eb2bb_XL-100x100.jpg 100w\" sizes=\"auto, (max-width: 750px) 100vw, 750px\" \/>\t\t\t\t\t\t\t\t\t\t\t<\/div>\n\t\t\t\t<\/div>\n\t\t\t\t<\/div>\n\t\t\t\t<section class=\"elementor-section elementor-inner-section elementor-element elementor-element-29fac245 elementor-section-boxed elementor-section-height-default elementor-section-height-default nt-section-ripped-top ripped-top-no nt-section-ripped-bottom ripped-bottom-no\" data-id=\"29fac245\" data-element_type=\"section\">\n\t\t\t\t\t\t<div class=\"elementor-container elementor-column-gap-default\">\n\t\t\t\t\t<div class=\"elementor-column elementor-col-50 elementor-inner-column elementor-element elementor-element-45bab1d5\" data-id=\"45bab1d5\" data-element_type=\"column\">\n\t\t\t<div class=\"elementor-widget-wrap elementor-element-populated\">\n\t\t\t\t\t\t\t\t<div class=\"elementor-element elementor-element-4edc68b7 elementor-widget elementor-widget-image\" data-id=\"4edc68b7\" data-element_type=\"widget\" data-widget_type=\"image.default\">\n\t\t\t\t<div class=\"elementor-widget-container\">\n\t\t\t\t\t<div class=\"elementor-image\">\n\t\t\t\t\t\t\t\t\t\t<img loading=\"lazy\" decoding=\"async\" width=\"600\" height=\"456\" src=\"https:\/\/zagro.hr\/wp-content\/uploads\/2021\/02\/5483e331a9bace540b3a2478fc014e25_L.jpg\" class=\"attachment-large size-large\" alt=\"\" srcset=\"https:\/\/zagro.hr\/wp-content\/uploads\/2021\/02\/5483e331a9bace540b3a2478fc014e25_L.jpg 600w, https:\/\/zagro.hr\/wp-content\/uploads\/2021\/02\/5483e331a9bace540b3a2478fc014e25_L-300x228.jpg 300w, https:\/\/zagro.hr\/wp-content\/uploads\/2021\/02\/5483e331a9bace540b3a2478fc014e25_L-250x190.jpg 250w, https:\/\/zagro.hr\/wp-content\/uploads\/2021\/02\/5483e331a9bace540b3a2478fc014e25_L-550x418.jpg 550w, https:\/\/zagro.hr\/wp-content\/uploads\/2021\/02\/5483e331a9bace540b3a2478fc014e25_L-237x180.jpg 237w, https:\/\/zagro.hr\/wp-content\/uploads\/2021\/02\/5483e331a9bace540b3a2478fc014e25_L-395x300.jpg 395w\" sizes=\"auto, (max-width: 600px) 100vw, 600px\" \/>\t\t\t\t\t\t\t\t\t\t\t<\/div>\n\t\t\t\t<\/div>\n\t\t\t\t<\/div>\n\t\t\t\t\t<\/div>\n\t\t<\/div>\n\t\t\t\t<div class=\"elementor-column elementor-col-50 elementor-inner-column elementor-element elementor-element-7363a6fc\" data-id=\"7363a6fc\" data-element_type=\"column\">\n\t\t\t<div class=\"elementor-widget-wrap elementor-element-populated\">\n\t\t\t\t\t\t\t\t<div class=\"elementor-element elementor-element-5c3c4b44 elementor-widget elementor-widget-image\" data-id=\"5c3c4b44\" data-element_type=\"widget\" data-widget_type=\"image.default\">\n\t\t\t\t<div class=\"elementor-widget-container\">\n\t\t\t\t\t<div class=\"elementor-image\">\n\t\t\t\t\t\t\t\t\t\t<img loading=\"lazy\" decoding=\"async\" width=\"600\" height=\"456\" src=\"https:\/\/zagro.hr\/wp-content\/uploads\/2021\/02\/1698b847c2e4fe98c05adcdc9d420590_L.jpg\" class=\"attachment-large size-large\" alt=\"\" srcset=\"https:\/\/zagro.hr\/wp-content\/uploads\/2021\/02\/1698b847c2e4fe98c05adcdc9d420590_L.jpg 600w, https:\/\/zagro.hr\/wp-content\/uploads\/2021\/02\/1698b847c2e4fe98c05adcdc9d420590_L-300x228.jpg 300w, https:\/\/zagro.hr\/wp-content\/uploads\/2021\/02\/1698b847c2e4fe98c05adcdc9d420590_L-250x190.jpg 250w, https:\/\/zagro.hr\/wp-content\/uploads\/2021\/02\/1698b847c2e4fe98c05adcdc9d420590_L-550x418.jpg 550w, https:\/\/zagro.hr\/wp-content\/uploads\/2021\/02\/1698b847c2e4fe98c05adcdc9d420590_L-237x180.jpg 237w, https:\/\/zagro.hr\/wp-content\/uploads\/2021\/02\/1698b847c2e4fe98c05adcdc9d420590_L-395x300.jpg 395w\" sizes=\"auto, (max-width: 600px) 100vw, 600px\" \/>\t\t\t\t\t\t\t\t\t\t\t<\/div>\n\t\t\t\t<\/div>\n\t\t\t\t<\/div>\n\t\t\t\t\t<\/div>\n\t\t<\/div>\n\t\t\t\t\t\t\t<\/div>\n\t\t<\/section>\n\t\t\t\t<div class=\"elementor-element elementor-element-4fe1c308 agrikon-transform transform-type-translate elementor-widget elementor-widget-heading\" data-id=\"4fe1c308\" data-element_type=\"widget\" data-widget_type=\"heading.default\">\n\t\t\t\t<div class=\"elementor-widget-container\">\n\t\t\t<h2 class=\"elementor-heading-title elementor-size-default\">Krukowiak - one of the most important manufacturers of agricultural machinery<\/h2>\t\t<\/div>\n\t\t\t\t<\/div>\n\t\t\t\t<div class=\"elementor-element elementor-element-636787ae elementor-widget elementor-widget-text-editor\" data-id=\"636787ae\" data-element_type=\"widget\" data-widget_type=\"text-editor.default\">\n\t\t\t\t<div class=\"elementor-widget-container\">\n\t\t\t\t\t<div class=\"elementor-text-editor elementor-clearfix\"><p class=\" translation-block\">Since 1987, KRUKOWIAK has been one of the most important manufacturers of agricultural machinery in Poland. The beginnings of the company founded on the farm of Janusz Borkowski did not suggest that within a few years KRUKOWIAK will become the leading manufacturer of sprayers in Poland. Since then, the company has maintained a leading position in this market.<\/p><p><span>Although the company is well known mainly for its sprayers, in its offer you can also find a wide range of machines for producers and processors of vegetables and fruits. There is a rich offer for farmers who grow potatoes and onions, for which KRUKOWIAK offers machines for practically every stage of production, both for producers with smaller areas and for producers on an industrial scale.\u00a0\u00a0<\/span><\/p><\/div>\n\t\t\t\t<\/div>\n\t\t\t\t<\/div>\n\t\t\t\t<div class=\"elementor-element elementor-element-4e97faf3 elementor-widget elementor-widget-agrikon-button\" data-id=\"4e97faf3\" data-element_type=\"widget\" data-widget_type=\"agrikon-button.default\">\n\t\t\t\t<div class=\"elementor-widget-container\">\n\t\t\t<div class=\"agrikon-button\"><a class=\"agrikon-btn thm-btn\" href=\"https:\/\/zagro.hr\/en\/kontakt\/\">Contact us <\/a><\/div>\t\t<\/div>\n\t\t\t\t<\/div>\n\t\t\t\t\t<\/div>\n\t\t<\/div>\n\t\t\t\t\t\t\t<\/div>\n\t\t<\/div>\n\t\t\t\t\t\t<\/div>\n\t\t\t\t\t<\/div>","protected":false},"excerpt":{"rendered":"<p>Home www.krukowiak.com.pl Proizvodi Proizvodnja poljoprivednih strojeva visoke kvalitete Proizvodi PRSKALICE STROJEVI ZA LUK I KRUMPIR STROJEVI ZA VO\u0106E I POVR\u0106E HRANILICE, SADNICE, BRANJE, \u010cI\u0160\u0106ENJE, REZANJE Krukowiak &#8211; jedan od najva\u017enijih proizvo\u0111a\u010da poljoprivrednih strojeva Od 1987. tvrtka KRUKOWIAK jedna je od najva\u017enijih proizvo\u0111a\u010da poljoprivrednih strojeva u Poljskoj. Po\u010deci tvrtke koja je osnovana na farmi Janusza Borkowskog&#8230;<\/p>","protected":false},"author":1,"featured_media":0,"parent":0,"menu_order":0,"comment_status":"closed","ping_status":"closed","template":"","meta":{"bgseo_title":"Krukowiak","bgseo_description":"Krukowiak - jedan od najva\u017enijih proizvo\u0111a\u010da poljoprivrednih strojeva.  U njihovoj ponudi mo\u017eete prona\u0107i strojeve za proizvo\u0111a\u010de i prera\u0111iva\u010de povr\u0107a i vo\u0107a.","bgseo_robots_index":"index","bgseo_robots_follow":"follow","footnotes":""},"class_list":{"0":"post-4987","1":"page","2":"type-page","3":"status-publish","4":"hentry","5":"nt-post-class","6":"","8":"thumb-none","10":"excerpt-none"},"yoast_head":"<!-- This site is optimized with the Yoast SEO plugin v16.5 - https:\/\/yoast.com\/wordpress\/plugins\/seo\/ -->\n<title>Krukowiak<\/title>\n<meta name=\"description\" content=\"Krukowiak - jedan od najva\u017enijih proizvo\u0111a\u010da poljoprivrednih strojeva. U njihovoj ponudi mo\u017eete prona\u0107i strojeve za proizvo\u0111a\u010de i prera\u0111iva\u010de povr\u0107a i vo\u0107a.\" \/>\n<meta name=\"robots\" content=\"index, follow, max-snippet:-1, max-image-preview:large, max-video-preview:-1\" \/>\n<link rel=\"canonical\" href=\"https:\/\/zagro.hr\/en\/krukowiak\/\" \/>\n<meta property=\"og:locale\" content=\"en_GB\" \/>\n<meta property=\"og:type\" content=\"article\" \/>\n<meta property=\"og:title\" content=\"Krukowiak - Zagro d.o.o.\" \/>\n<meta property=\"og:description\" content=\"Krukowiak - jedan od najva\u017enijih proizvo\u0111a\u010da poljoprivrednih strojeva. U njihovoj ponudi mo\u017eete prona\u0107i strojeve za proizvo\u0111a\u010de i prera\u0111iva\u010de povr\u0107a i vo\u0107a.\" \/>\n<meta property=\"og:url\" content=\"https:\/\/zagro.hr\/en\/krukowiak\/\" \/>\n<meta property=\"og:site_name\" content=\"Zagro d.o.o.\" \/>\n<meta property=\"article:modified_time\" content=\"2024-05-13T06:52:06+00:00\" \/>\n<meta property=\"og:image\" content=\"http:\/\/zagro.hr\/wp-content\/uploads\/2021\/02\/logo_krukowiak_-300x175-1.png\" \/>\n<meta name=\"twitter:card\" content=\"summary_large_image\" \/>\n<meta name=\"twitter:label1\" content=\"Estimated reading time\" \/>\n\t<meta name=\"twitter:data1\" content=\"2 minutes\" \/>\n<script type=\"application\/ld+json\" class=\"yoast-schema-graph\">{\"@context\":\"https:\/\/schema.org\",\"@graph\":[{\"@type\":\"Organization\",\"@id\":\"https:\/\/zagro.hr\/#organization\",\"name\":\"Zagro d.o.o.\",\"url\":\"https:\/\/zagro.hr\/\",\"sameAs\":[],\"logo\":{\"@type\":\"ImageObject\",\"@id\":\"https:\/\/zagro.hr\/#logo\",\"inLanguage\":\"en-GB\",\"url\":\"https:\/\/zagro.hr\/wp-content\/uploads\/2021\/01\/logo-1-e1461010389735.png\",\"contentUrl\":\"https:\/\/zagro.hr\/wp-content\/uploads\/2021\/01\/logo-1-e1461010389735.png\",\"width\":200,\"height\":100,\"caption\":\"Zagro d.o.o.\"},\"image\":{\"@id\":\"https:\/\/zagro.hr\/#logo\"}},{\"@type\":\"WebSite\",\"@id\":\"https:\/\/zagro.hr\/#website\",\"url\":\"https:\/\/zagro.hr\/\",\"name\":\"Zagro d.o.o.\",\"description\":\"\",\"publisher\":{\"@id\":\"https:\/\/zagro.hr\/#organization\"},\"potentialAction\":[{\"@type\":\"SearchAction\",\"target\":\"https:\/\/zagro.hr\/?s={search_term_string}\",\"query-input\":\"required name=search_term_string\"}],\"inLanguage\":\"en-GB\"},{\"@type\":\"ImageObject\",\"@id\":\"https:\/\/zagro.hr\/krukowiak\/#primaryimage\",\"inLanguage\":\"en-GB\",\"url\":\"http:\/\/zagro.hr\/wp-content\/uploads\/2021\/02\/logo_krukowiak_-300x175-1.png\",\"contentUrl\":\"http:\/\/zagro.hr\/wp-content\/uploads\/2021\/02\/logo_krukowiak_-300x175-1.png\"},{\"@type\":\"WebPage\",\"@id\":\"https:\/\/zagro.hr\/krukowiak\/#webpage\",\"url\":\"https:\/\/zagro.hr\/krukowiak\/\",\"name\":\"Krukowiak - Zagro d.o.o.\",\"isPartOf\":{\"@id\":\"https:\/\/zagro.hr\/#website\"},\"primaryImageOfPage\":{\"@id\":\"https:\/\/zagro.hr\/krukowiak\/#primaryimage\"},\"datePublished\":\"2021-02-12T08:45:30+00:00\",\"dateModified\":\"2024-05-13T06:52:06+00:00\",\"description\":\"Krukowiak - jedan od najva\\u017enijih proizvo\\u0111a\\u010da poljoprivrednih strojeva. U njihovoj ponudi mo\\u017eete prona\\u0107i strojeve za proizvo\\u0111a\\u010de i prera\\u0111iva\\u010de povr\\u0107a i vo\\u0107a.\",\"breadcrumb\":{\"@id\":\"https:\/\/zagro.hr\/krukowiak\/#breadcrumb\"},\"inLanguage\":\"en-GB\",\"potentialAction\":[{\"@type\":\"ReadAction\",\"target\":[\"https:\/\/zagro.hr\/krukowiak\/\"]}]},{\"@type\":\"BreadcrumbList\",\"@id\":\"https:\/\/zagro.hr\/krukowiak\/#breadcrumb\",\"itemListElement\":[{\"@type\":\"ListItem\",\"position\":1,\"name\":\"Po\\u010detna stranica\",\"item\":\"https:\/\/zagro.hr\/\"},{\"@type\":\"ListItem\",\"position\":2,\"name\":\"Krukowiak\"}]}]}<\/script>\n<!-- \/ Yoast SEO plugin. -->","_links":{"self":[{"href":"https:\/\/zagro.hr\/en\/wp-json\/wp\/v2\/pages\/4987","targetHints":{"allow":["GET"]}}],"collection":[{"href":"https:\/\/zagro.hr\/en\/wp-json\/wp\/v2\/pages"}],"about":[{"href":"https:\/\/zagro.hr\/en\/wp-json\/wp\/v2\/types\/page"}],"author":[{"embeddable":true,"href":"https:\/\/zagro.hr\/en\/wp-json\/wp\/v2\/users\/1"}],"replies":[{"embeddable":true,"href":"https:\/\/zagro.hr\/en\/wp-json\/wp\/v2\/comments?post=4987"}],"version-history":[{"count":10,"href":"https:\/\/zagro.hr\/en\/wp-json\/wp\/v2\/pages\/4987\/revisions"}],"predecessor-version":[{"id":6061,"href":"https:\/\/zagro.hr\/en\/wp-json\/wp\/v2\/pages\/4987\/revisions\/6061"}],"wp:attachment":[{"href":"https:\/\/zagro.hr\/en\/wp-json\/wp\/v2\/media?parent=4987"}],"curies":[{"name":"wp","href":"https:\/\/api.w.org\/{rel}","templated":true}]}}