{"id":5052,"date":"2021-02-15T09:13:10","date_gmt":"2021-02-15T09:13:10","guid":{"rendered":"http:\/\/zagro.cwebspace.hr\/?page_id=5052"},"modified":"2024-05-13T08:49:02","modified_gmt":"2024-05-13T06:49:02","slug":"famag","status":"publish","type":"page","link":"https:\/\/zagro.hr\/en\/famag\/","title":{"rendered":"Famag"},"content":{"rendered":"<div data-elementor-type=\"wp-page\" data-elementor-id=\"5052\" class=\"elementor elementor-5052\" data-elementor-settings=\"[]\">\n\t\t\t\t\t\t\t<div class=\"elementor-section-wrap\">\n\t\t\t\t\t\t\t<div class=\"elementor-section elementor-top-section elementor-element elementor-element-1bb3e7de elementor-section-full_width elementor-section-height-default elementor-section-height-default nt-section-ripped-top ripped-top-no nt-section-ripped-bottom ripped-bottom-no\" data-id=\"1bb3e7de\" data-element_type=\"section\">\n\t\t\t\t\t\t<div class=\"elementor-container elementor-column-gap-no\">\n\t\t\t\t\t<div class=\"elementor-column elementor-col-100 elementor-top-column elementor-element elementor-element-35befe1f\" data-id=\"35befe1f\" data-element_type=\"column\">\n\t\t\t<div class=\"elementor-widget-wrap elementor-element-populated\">\n\t\t\t\t\t\t\t\t<div class=\"elementor-element elementor-element-34de1740 elementor-widget elementor-widget-agrikon-page-hero\" data-id=\"34de1740\" data-element_type=\"widget\" data-widget_type=\"agrikon-page-hero.default\">\n\t\t\t\t<div class=\"elementor-widget-container\">\n\t\t\t<div class=\"page-header\"><div class=\"page-header__bg\"><\/div><div class=\"container\"><ul class=\"breadcrumbs thm-breadcrumb list-unstyled\"><li><a class=\"breadcrumb_link\" href=\"https:\/\/zagro.hr\/en\/\"> Home<\/a><\/li><\/ul><h2 class=\"page-title\"><img decoding=\"async\" src=\"http:\/\/zagro.hr\/wp-content\/uploads\/2021\/02\/Famag_logo.png\"><\/h2><\/div><\/div>\t\t<\/div>\n\t\t\t\t<\/div>\n\t\t\t\t\t<\/div>\n\t\t<\/div>\n\t\t\t\t\t\t\t<\/div>\n\t\t<\/div>\n\t\t\t\t<div class=\"elementor-section elementor-top-section elementor-element elementor-element-2043ccfc elementor-section-boxed elementor-section-height-default elementor-section-height-default nt-section-ripped-top ripped-top-no nt-section-ripped-bottom ripped-bottom-no\" data-id=\"2043ccfc\" data-element_type=\"section\">\n\t\t\t\t\t\t<div class=\"elementor-container elementor-column-gap-no\">\n\t\t\t\t\t<div class=\"elementor-column elementor-col-33 elementor-top-column elementor-element elementor-element-5359854b\" data-id=\"5359854b\" data-element_type=\"column\" data-settings=\"{&quot;background_background&quot;:&quot;classic&quot;}\">\n\t\t\t<div class=\"elementor-widget-wrap elementor-element-populated\">\n\t\t\t\t\t\t\t\t<div class=\"elementor-section elementor-inner-section elementor-element elementor-element-354637b0 elementor-section-boxed elementor-section-height-default elementor-section-height-default nt-section-ripped-top ripped-top-no nt-section-ripped-bottom ripped-bottom-no\" data-id=\"354637b0\" data-element_type=\"section\" data-settings=\"{&quot;background_background&quot;:&quot;classic&quot;}\">\n\t\t\t\t\t\t<div class=\"elementor-container elementor-column-gap-default\">\n\t\t\t\t\t<div class=\"elementor-column elementor-col-100 elementor-inner-column elementor-element elementor-element-67577d46\" data-id=\"67577d46\" data-element_type=\"column\">\n\t\t\t<div class=\"elementor-widget-wrap elementor-element-populated\">\n\t\t\t\t\t\t\t\t<div class=\"elementor-element elementor-element-7f29e880 agrikon-transform transform-type-translate elementor-widget elementor-widget-heading\" data-id=\"7f29e880\" data-element_type=\"widget\" data-widget_type=\"heading.default\">\n\t\t\t\t<div class=\"elementor-widget-container\">\n\t\t\t<div class=\"elementor-heading-title elementor-size-default\"><a href=\"https:\/\/famag.pl\/\"><img decoding=\"async\" src=\"http:\/\/zagro.hr\/wp-content\/uploads\/2021\/02\/Logovi-05.png\"><\/a><\/div>\t\t<\/div>\n\t\t\t\t<\/div>\n\t\t\t\t<div class=\"elementor-element elementor-element-c41adb3 elementor-widget elementor-widget-text-editor\" data-id=\"c41adb3\" data-element_type=\"widget\" data-widget_type=\"text-editor.default\">\n\t\t\t\t<div class=\"elementor-widget-container\">\n\t\t\t\t\t<div class=\"elementor-text-editor elementor-clearfix\"><p><a href=\"https:\/\/www.famag.com\/EN\/home\" target=\"_blank\" rel=\"noopener\">www.famag.com<\/a><\/p><\/div>\n\t\t\t\t<\/div>\n\t\t\t\t<\/div>\n\t\t\t\t<div class=\"elementor-element elementor-element-60ea8e2d agrikon-heading-link-#255946 agrikon-transform transform-type-translate elementor-widget elementor-widget-heading\" data-id=\"60ea8e2d\" data-element_type=\"widget\" data-widget_type=\"heading.default\">\n\t\t\t\t<div class=\"elementor-widget-container\">\n\t\t\t<div class=\"elementor-heading-title elementor-size-default\"><a href=\"https:\/\/famag.pl\/en\/packaging-solutions\/\">Products<\/a><\/div>\t\t<\/div>\n\t\t\t\t<\/div>\n\t\t\t\t\t<\/div>\n\t\t<\/div>\n\t\t\t\t\t\t\t<\/div>\n\t\t<\/div>\n\t\t\t\t<div class=\"elementor-section elementor-inner-section elementor-element elementor-element-4dac04af elementor-section-boxed elementor-section-height-default elementor-section-height-default nt-section-ripped-top ripped-top-no nt-section-ripped-bottom ripped-bottom-no\" data-id=\"4dac04af\" data-element_type=\"section\" data-settings=\"{&quot;background_background&quot;:&quot;classic&quot;}\">\n\t\t\t\t\t\t\t<div class=\"elementor-background-overlay\"><\/div>\n\t\t\t\t\t\t\t<div class=\"elementor-container elementor-column-gap-no\">\n\t\t\t\t\t<div class=\"elementor-column elementor-col-100 elementor-inner-column elementor-element elementor-element-71ec25e4\" data-id=\"71ec25e4\" data-element_type=\"column\">\n\t\t\t<div class=\"elementor-widget-wrap elementor-element-populated\">\n\t\t\t\t\t\t\t\t<div class=\"elementor-element elementor-element-2348bb28 agrikon-transform transform-type-translate elementor-widget elementor-widget-heading\" data-id=\"2348bb28\" data-element_type=\"widget\" data-widget_type=\"heading.default\">\n\t\t\t\t<div class=\"elementor-widget-container\">\n\t\t\t<h3 class=\"elementor-heading-title elementor-size-default\">Ideal packaging solutions<\/h3>\t\t<\/div>\n\t\t\t\t<\/div>\n\t\t\t\t\t<\/div>\n\t\t<\/div>\n\t\t\t\t\t\t\t<\/div>\n\t\t<\/div>\n\t\t\t\t<div class=\"elementor-section elementor-inner-section elementor-element elementor-element-48ac3a2d elementor-section-content-middle elementor-section-boxed elementor-section-height-default elementor-section-height-default nt-section-ripped-top ripped-top-no nt-section-ripped-bottom ripped-bottom-no\" data-id=\"48ac3a2d\" data-element_type=\"section\">\n\t\t\t\t\t\t<div class=\"elementor-container elementor-column-gap-no\">\n\t\t\t\t\t<div class=\"elementor-column elementor-col-100 elementor-inner-column elementor-element elementor-element-611e12e4\" data-id=\"611e12e4\" data-element_type=\"column\">\n\t\t\t<div class=\"elementor-widget-wrap elementor-element-populated\">\n\t\t\t\t\t\t\t\t<div class=\"elementor-element elementor-element-72dd373a agrikon-transform transform-type-translate elementor-widget elementor-widget-heading\" data-id=\"72dd373a\" data-element_type=\"widget\" data-widget_type=\"heading.default\">\n\t\t\t\t<div class=\"elementor-widget-container\">\n\t\t\t<h4 class=\"elementor-heading-title elementor-size-default\">Products<\/h4>\t\t<\/div>\n\t\t\t\t<\/div>\n\t\t\t\t<div class=\"elementor-element elementor-element-15dbf26b elementor-align-left elementor-icon-list--layout-traditional elementor-list-item-link-full_width elementor-widget elementor-widget-icon-list\" data-id=\"15dbf26b\" data-element_type=\"widget\" data-widget_type=\"icon-list.default\">\n\t\t\t\t<div class=\"elementor-widget-container\">\n\t\t\t\t\t<ul class=\"elementor-icon-list-items\">\n\t\t\t\t\t\t\t<li class=\"elementor-icon-list-item\">\n\t\t\t\t\t\t\t\t\t\t\t<span class=\"elementor-icon-list-icon\">\n\t\t\t\t\t\t\t<i aria-hidden=\"true\" class=\"fas fa-check-circle\"><\/i>\t\t\t\t\t\t<\/span>\n\t\t\t\t\t\t\t\t\t\t<span class=\"elementor-icon-list-text\">PACKAGING OF FRESH PRODUCTS<\/span>\n\t\t\t\t\t\t\t\t\t<\/li>\n\t\t\t\t\t\t\t\t<li class=\"elementor-icon-list-item\">\n\t\t\t\t\t\t\t\t\t\t\t<span class=\"elementor-icon-list-icon\">\n\t\t\t\t\t\t\t<i aria-hidden=\"true\" class=\"fas fa-check-circle\"><\/i>\t\t\t\t\t\t<\/span>\n\t\t\t\t\t\t\t\t\t\t<span class=\"elementor-icon-list-text\">BAGS, FOILS, BALES<\/span>\n\t\t\t\t\t\t\t\t\t<\/li>\n\t\t\t\t\t\t\t\t<li class=\"elementor-icon-list-item\">\n\t\t\t\t\t\t\t\t\t\t\t<span class=\"elementor-icon-list-icon\">\n\t\t\t\t\t\t\t<i aria-hidden=\"true\" class=\"fas fa-check-circle\"><\/i>\t\t\t\t\t\t<\/span>\n\t\t\t\t\t\t\t\t\t\t<span class=\"elementor-icon-list-text\">STRIPS AND TAPES<\/span>\n\t\t\t\t\t\t\t\t\t<\/li>\n\t\t\t\t\t\t\t\t<li class=\"elementor-icon-list-item\">\n\t\t\t\t\t\t\t\t\t\t\t<span class=\"elementor-icon-list-icon\">\n\t\t\t\t\t\t\t<i aria-hidden=\"true\" class=\"fas fa-check-circle\"><\/i>\t\t\t\t\t\t<\/span>\n\t\t\t\t\t\t\t\t\t\t<span class=\"elementor-icon-list-text\">WOOD NETS, RING BAGS<\/span>\n\t\t\t\t\t\t\t\t\t<\/li>\n\t\t\t\t\t\t<\/ul>\n\t\t\t\t<\/div>\n\t\t\t\t<\/div>\n\t\t\t\t\t<\/div>\n\t\t<\/div>\n\t\t\t\t\t\t\t<\/div>\n\t\t<\/div>\n\t\t\t\t<div class=\"elementor-element elementor-element-63a3d401 elementor-widget elementor-widget-image\" data-id=\"63a3d401\" data-element_type=\"widget\" data-widget_type=\"image.default\">\n\t\t\t\t<div class=\"elementor-widget-container\">\n\t\t\t\t\t<div class=\"elementor-image\">\n\t\t\t\t\t\t\t\t\t\t<img loading=\"lazy\" decoding=\"async\" width=\"468\" height=\"356\" src=\"https:\/\/zagro.hr\/wp-content\/uploads\/2021\/02\/vario-pack__content-image_01.jpg\" class=\"attachment-agrikon-square size-agrikon-square\" alt=\"Famag ambala\u017ea\" srcset=\"https:\/\/zagro.hr\/wp-content\/uploads\/2021\/02\/vario-pack__content-image_01.jpg 468w, https:\/\/zagro.hr\/wp-content\/uploads\/2021\/02\/vario-pack__content-image_01-300x228.jpg 300w, https:\/\/zagro.hr\/wp-content\/uploads\/2021\/02\/vario-pack__content-image_01-250x190.jpg 250w, https:\/\/zagro.hr\/wp-content\/uploads\/2021\/02\/vario-pack__content-image_01-237x180.jpg 237w, https:\/\/zagro.hr\/wp-content\/uploads\/2021\/02\/vario-pack__content-image_01-394x300.jpg 394w\" sizes=\"auto, (max-width: 468px) 100vw, 468px\" \/>\t\t\t\t\t\t\t\t\t\t\t<\/div>\n\t\t\t\t<\/div>\n\t\t\t\t<\/div>\n\t\t\t\t\t<\/div>\n\t\t<\/div>\n\t\t\t\t<div class=\"elementor-column elementor-col-66 elementor-top-column elementor-element elementor-element-406672fd\" data-id=\"406672fd\" data-element_type=\"column\">\n\t\t\t<div class=\"elementor-widget-wrap elementor-element-populated\">\n\t\t\t\t\t\t\t\t<div class=\"elementor-element elementor-element-7b4f95ba elementor-widget elementor-widget-image\" data-id=\"7b4f95ba\" data-element_type=\"widget\" data-widget_type=\"image.default\">\n\t\t\t\t<div class=\"elementor-widget-container\">\n\t\t\t\t\t<div class=\"elementor-image\">\n\t\t\t\t\t\t\t\t\t\t<img loading=\"lazy\" decoding=\"async\" width=\"750\" height=\"750\" src=\"https:\/\/zagro.hr\/wp-content\/uploads\/2021\/02\/Famag_tehnology-750x750.jpg\" class=\"attachment-agrikon-grid size-agrikon-grid\" alt=\"Famag_tehnology\" srcset=\"https:\/\/zagro.hr\/wp-content\/uploads\/2021\/02\/Famag_tehnology-750x750.jpg 750w, https:\/\/zagro.hr\/wp-content\/uploads\/2021\/02\/Famag_tehnology-150x150.jpg 150w, https:\/\/zagro.hr\/wp-content\/uploads\/2021\/02\/Famag_tehnology-500x500.jpg 500w, https:\/\/zagro.hr\/wp-content\/uploads\/2021\/02\/Famag_tehnology-48x48.jpg 48w, https:\/\/zagro.hr\/wp-content\/uploads\/2021\/02\/Famag_tehnology-300x300.jpg 300w, https:\/\/zagro.hr\/wp-content\/uploads\/2021\/02\/Famag_tehnology-450x450.jpg 450w, https:\/\/zagro.hr\/wp-content\/uploads\/2021\/02\/Famag_tehnology-100x100.jpg 100w\" sizes=\"auto, (max-width: 750px) 100vw, 750px\" \/>\t\t\t\t\t\t\t\t\t\t\t<\/div>\n\t\t\t\t<\/div>\n\t\t\t\t<\/div>\n\t\t\t\t<section class=\"elementor-section elementor-inner-section elementor-element elementor-element-2be8f634 elementor-section-boxed elementor-section-height-default elementor-section-height-default nt-section-ripped-top ripped-top-no nt-section-ripped-bottom ripped-bottom-no\" data-id=\"2be8f634\" data-element_type=\"section\">\n\t\t\t\t\t\t<div class=\"elementor-container elementor-column-gap-default\">\n\t\t\t\t\t<div class=\"elementor-column elementor-col-100 elementor-inner-column elementor-element elementor-element-630953bd\" data-id=\"630953bd\" data-element_type=\"column\">\n\t\t\t<div class=\"elementor-widget-wrap elementor-element-populated\">\n\t\t\t\t\t\t\t\t<div class=\"elementor-element elementor-element-52a38e46 elementor-widget elementor-widget-image\" data-id=\"52a38e46\" data-element_type=\"widget\" data-widget_type=\"image.default\">\n\t\t\t\t<div class=\"elementor-widget-container\">\n\t\t\t\t\t<div class=\"elementor-image\">\n\t\t\t\t\t\t\t\t\t\t<img loading=\"lazy\" decoding=\"async\" width=\"960\" height=\"352\" src=\"https:\/\/zagro.hr\/wp-content\/uploads\/2021\/02\/worki-raszlowe-produkcja-1024x375.jpg\" class=\"attachment-large size-large\" alt=\"Famag produkcija\" srcset=\"https:\/\/zagro.hr\/wp-content\/uploads\/2021\/02\/worki-raszlowe-produkcja-1024x375.jpg 1024w, https:\/\/zagro.hr\/wp-content\/uploads\/2021\/02\/worki-raszlowe-produkcja-300x110.jpg 300w, https:\/\/zagro.hr\/wp-content\/uploads\/2021\/02\/worki-raszlowe-produkcja-768x281.jpg 768w, https:\/\/zagro.hr\/wp-content\/uploads\/2021\/02\/worki-raszlowe-produkcja-1536x563.jpg 1536w, https:\/\/zagro.hr\/wp-content\/uploads\/2021\/02\/worki-raszlowe-produkcja-250x92.jpg 250w, https:\/\/zagro.hr\/wp-content\/uploads\/2021\/02\/worki-raszlowe-produkcja-550x201.jpg 550w, https:\/\/zagro.hr\/wp-content\/uploads\/2021\/02\/worki-raszlowe-produkcja-800x293.jpg 800w, https:\/\/zagro.hr\/wp-content\/uploads\/2021\/02\/worki-raszlowe-produkcja-491x180.jpg 491w, https:\/\/zagro.hr\/wp-content\/uploads\/2021\/02\/worki-raszlowe-produkcja-819x300.jpg 819w, https:\/\/zagro.hr\/wp-content\/uploads\/2021\/02\/worki-raszlowe-produkcja-1365x500.jpg 1365w, https:\/\/zagro.hr\/wp-content\/uploads\/2021\/02\/worki-raszlowe-produkcja-980x359.jpg 980w, https:\/\/zagro.hr\/wp-content\/uploads\/2021\/02\/worki-raszlowe-produkcja.jpg 1720w\" sizes=\"auto, (max-width: 960px) 100vw, 960px\" \/>\t\t\t\t\t\t\t\t\t\t\t<\/div>\n\t\t\t\t<\/div>\n\t\t\t\t<\/div>\n\t\t\t\t\t<\/div>\n\t\t<\/div>\n\t\t\t\t\t\t\t<\/div>\n\t\t<\/section>\n\t\t\t\t<div class=\"elementor-element elementor-element-3003cfc0 agrikon-transform transform-type-translate elementor-widget elementor-widget-heading\" data-id=\"3003cfc0\" data-element_type=\"widget\" data-widget_type=\"heading.default\">\n\t\t\t\t<div class=\"elementor-widget-container\">\n\t\t\t<h2 class=\"elementor-heading-title elementor-size-default\">Famag - packaging solutions<\/h2>\t\t<\/div>\n\t\t\t\t<\/div>\n\t\t\t\t<div class=\"elementor-element elementor-element-53374f5d elementor-widget elementor-widget-text-editor\" data-id=\"53374f5d\" data-element_type=\"widget\" data-widget_type=\"text-editor.default\">\n\t\t\t\t<div class=\"elementor-widget-container\">\n\t\t\t\t\t<div class=\"elementor-text-editor elementor-clearfix\"><p class=\" translation-block\">Each project is a new story that leaves a mark in the form of a new and broad experience. As a result, an exclusive and modern packaging that distinguishes the product has been created. All packaging follows the highest norms and standards. Whether simple packaging or complex projects are needed - FAMAG will transform a vision into a customized solution. They have professional equipment and a highly qualified team. They are constantly expanding infrastructure and simplifying processes to ensure the highest quality production. The constant pursuit of perfection allows them to improve quality on a daily basis, so they can provide better solutions for even the most demanding business partners.<\/p><\/div>\n\t\t\t\t<\/div>\n\t\t\t\t<\/div>\n\t\t\t\t<div class=\"elementor-element elementor-element-3794207b elementor-widget elementor-widget-agrikon-button\" data-id=\"3794207b\" data-element_type=\"widget\" data-widget_type=\"agrikon-button.default\">\n\t\t\t\t<div class=\"elementor-widget-container\">\n\t\t\t<div class=\"agrikon-button\"><a class=\"agrikon-btn thm-btn\" href=\"https:\/\/zagro.hr\/en\/kontakt\/\">Contact us <\/a><\/div>\t\t<\/div>\n\t\t\t\t<\/div>\n\t\t\t\t\t<\/div>\n\t\t<\/div>\n\t\t\t\t\t\t\t<\/div>\n\t\t<\/div>\n\t\t\t\t\t\t<\/div>\n\t\t\t\t\t<\/div>","protected":false},"excerpt":{"rendered":"<p>Home www.famag.com Proizvodi Idealna rje\u0161enja za pakiranje Proizvodi PAKIRANJE SVJE\u017dIH PROIZVODA VRE\u0106E, FOLIJE, BALE TRAKE I VRPCE MRE\u017dE ZA DRVO, VRE\u0106E NA KOLUTU Famag &#8211; rje\u0161enja za pakiranje Svaki je projekt nova pri\u010da koja ostavlja trag u obliku novog i \u0161irokog iskustva.\u00a0Slijedom toga, stvorena je ekskluzivna i moderna ambala\u017ea koja razlikuje proizvod.\u00a0Sva pakiranja slijede najvi\u0161e&#8230;<\/p>","protected":false},"author":1,"featured_media":0,"parent":0,"menu_order":0,"comment_status":"closed","ping_status":"closed","template":"","meta":{"bgseo_title":"Famag","bgseo_description":"Idealna rje\u0161enja za pakiranje. Famag nudi pakiranje svje\u017eih proizvoda, vre\u0107e, volije, bale, trake, vrpce, mre\u017ee za drvo, vre\u0107e na kolutu. ","bgseo_robots_index":"index","bgseo_robots_follow":"follow","footnotes":""},"class_list":{"0":"post-5052","1":"page","2":"type-page","3":"status-publish","4":"hentry","5":"nt-post-class","6":"","8":"thumb-none","10":"excerpt-none"},"yoast_head":"<!-- This site is optimized with the Yoast SEO plugin v16.5 - https:\/\/yoast.com\/wordpress\/plugins\/seo\/ -->\n<title>Famag<\/title>\n<meta name=\"description\" content=\"Idealna rje\u0161enja za pakiranje. Famag nudi pakiranje svje\u017eih proizvoda, vre\u0107e, volije, bale, trake, vrpce, mre\u017ee za drvo, vre\u0107e na kolutu.\" \/>\n<meta name=\"robots\" content=\"index, follow, max-snippet:-1, max-image-preview:large, max-video-preview:-1\" \/>\n<link rel=\"canonical\" href=\"https:\/\/zagro.hr\/en\/famag\/\" \/>\n<meta property=\"og:locale\" content=\"en_GB\" \/>\n<meta property=\"og:type\" content=\"article\" \/>\n<meta property=\"og:title\" content=\"Famag - Zagro d.o.o.\" \/>\n<meta property=\"og:description\" content=\"Idealna rje\u0161enja za pakiranje. Famag nudi pakiranje svje\u017eih proizvoda, vre\u0107e, volije, bale, trake, vrpce, mre\u017ee za drvo, vre\u0107e na kolutu.\" \/>\n<meta property=\"og:url\" content=\"https:\/\/zagro.hr\/en\/famag\/\" \/>\n<meta property=\"og:site_name\" content=\"Zagro d.o.o.\" \/>\n<meta property=\"article:modified_time\" content=\"2024-05-13T06:49:02+00:00\" \/>\n<meta property=\"og:image\" content=\"http:\/\/zagro.hr\/wp-content\/uploads\/2021\/02\/Famag_logo.png\" \/>\n<meta name=\"twitter:card\" content=\"summary_large_image\" \/>\n<meta name=\"twitter:label1\" content=\"Estimated reading time\" \/>\n\t<meta name=\"twitter:data1\" content=\"2 minutes\" \/>\n<script type=\"application\/ld+json\" class=\"yoast-schema-graph\">{\"@context\":\"https:\/\/schema.org\",\"@graph\":[{\"@type\":\"Organization\",\"@id\":\"https:\/\/zagro.hr\/#organization\",\"name\":\"Zagro d.o.o.\",\"url\":\"https:\/\/zagro.hr\/\",\"sameAs\":[],\"logo\":{\"@type\":\"ImageObject\",\"@id\":\"https:\/\/zagro.hr\/#logo\",\"inLanguage\":\"en-GB\",\"url\":\"https:\/\/zagro.hr\/wp-content\/uploads\/2021\/01\/logo-1-e1461010389735.png\",\"contentUrl\":\"https:\/\/zagro.hr\/wp-content\/uploads\/2021\/01\/logo-1-e1461010389735.png\",\"width\":200,\"height\":100,\"caption\":\"Zagro d.o.o.\"},\"image\":{\"@id\":\"https:\/\/zagro.hr\/#logo\"}},{\"@type\":\"WebSite\",\"@id\":\"https:\/\/zagro.hr\/#website\",\"url\":\"https:\/\/zagro.hr\/\",\"name\":\"Zagro d.o.o.\",\"description\":\"\",\"publisher\":{\"@id\":\"https:\/\/zagro.hr\/#organization\"},\"potentialAction\":[{\"@type\":\"SearchAction\",\"target\":\"https:\/\/zagro.hr\/?s={search_term_string}\",\"query-input\":\"required name=search_term_string\"}],\"inLanguage\":\"en-GB\"},{\"@type\":\"ImageObject\",\"@id\":\"https:\/\/zagro.hr\/famag\/#primaryimage\",\"inLanguage\":\"en-GB\",\"url\":\"http:\/\/zagro.hr\/wp-content\/uploads\/2021\/02\/Famag_logo.png\",\"contentUrl\":\"http:\/\/zagro.hr\/wp-content\/uploads\/2021\/02\/Famag_logo.png\"},{\"@type\":\"WebPage\",\"@id\":\"https:\/\/zagro.hr\/famag\/#webpage\",\"url\":\"https:\/\/zagro.hr\/famag\/\",\"name\":\"Famag - Zagro d.o.o.\",\"isPartOf\":{\"@id\":\"https:\/\/zagro.hr\/#website\"},\"primaryImageOfPage\":{\"@id\":\"https:\/\/zagro.hr\/famag\/#primaryimage\"},\"datePublished\":\"2021-02-15T09:13:10+00:00\",\"dateModified\":\"2024-05-13T06:49:02+00:00\",\"description\":\"Idealna rje\\u0161enja za pakiranje. Famag nudi pakiranje svje\\u017eih proizvoda, vre\\u0107e, volije, bale, trake, vrpce, mre\\u017ee za drvo, vre\\u0107e na kolutu.\",\"breadcrumb\":{\"@id\":\"https:\/\/zagro.hr\/famag\/#breadcrumb\"},\"inLanguage\":\"en-GB\",\"potentialAction\":[{\"@type\":\"ReadAction\",\"target\":[\"https:\/\/zagro.hr\/famag\/\"]}]},{\"@type\":\"BreadcrumbList\",\"@id\":\"https:\/\/zagro.hr\/famag\/#breadcrumb\",\"itemListElement\":[{\"@type\":\"ListItem\",\"position\":1,\"name\":\"Po\\u010detna stranica\",\"item\":\"https:\/\/zagro.hr\/\"},{\"@type\":\"ListItem\",\"position\":2,\"name\":\"Famag\"}]}]}<\/script>\n<!-- \/ Yoast SEO plugin. -->","_links":{"self":[{"href":"https:\/\/zagro.hr\/en\/wp-json\/wp\/v2\/pages\/5052","targetHints":{"allow":["GET"]}}],"collection":[{"href":"https:\/\/zagro.hr\/en\/wp-json\/wp\/v2\/pages"}],"about":[{"href":"https:\/\/zagro.hr\/en\/wp-json\/wp\/v2\/types\/page"}],"author":[{"embeddable":true,"href":"https:\/\/zagro.hr\/en\/wp-json\/wp\/v2\/users\/1"}],"replies":[{"embeddable":true,"href":"https:\/\/zagro.hr\/en\/wp-json\/wp\/v2\/comments?post=5052"}],"version-history":[{"count":10,"href":"https:\/\/zagro.hr\/en\/wp-json\/wp\/v2\/pages\/5052\/revisions"}],"predecessor-version":[{"id":6049,"href":"https:\/\/zagro.hr\/en\/wp-json\/wp\/v2\/pages\/5052\/revisions\/6049"}],"wp:attachment":[{"href":"https:\/\/zagro.hr\/en\/wp-json\/wp\/v2\/media?parent=5052"}],"curies":[{"name":"wp","href":"https:\/\/api.w.org\/{rel}","templated":true}]}}