{"id":5072,"date":"2021-02-15T09:58:44","date_gmt":"2021-02-15T09:58:44","guid":{"rendered":"http:\/\/zagro.cwebspace.hr\/?page_id=5072"},"modified":"2022-01-22T11:10:27","modified_gmt":"2022-01-22T10:10:27","slug":"rolmako","status":"publish","type":"page","link":"https:\/\/zagro.hr\/en\/rolmako\/","title":{"rendered":"Rolmako"},"content":{"rendered":"<div data-elementor-type=\"wp-page\" data-elementor-id=\"5072\" class=\"elementor elementor-5072\" data-elementor-settings=\"[]\">\n\t\t\t\t\t\t\t<div class=\"elementor-section-wrap\">\n\t\t\t\t\t\t\t<div class=\"elementor-section elementor-top-section elementor-element elementor-element-5d2ceb1c elementor-section-full_width elementor-section-height-default elementor-section-height-default nt-section-ripped-top ripped-top-no nt-section-ripped-bottom ripped-bottom-no\" data-id=\"5d2ceb1c\" data-element_type=\"section\">\n\t\t\t\t\t\t<div class=\"elementor-container elementor-column-gap-no\">\n\t\t\t\t\t<div class=\"elementor-column elementor-col-100 elementor-top-column elementor-element elementor-element-4c633375\" data-id=\"4c633375\" data-element_type=\"column\">\n\t\t\t<div class=\"elementor-widget-wrap elementor-element-populated\">\n\t\t\t\t\t\t\t\t<div class=\"elementor-element elementor-element-d281dac elementor-widget elementor-widget-agrikon-page-hero\" data-id=\"d281dac\" data-element_type=\"widget\" data-widget_type=\"agrikon-page-hero.default\">\n\t\t\t\t<div class=\"elementor-widget-container\">\n\t\t\t<div class=\"page-header\"><div class=\"page-header__bg\"><\/div><div class=\"container\"><ul class=\"breadcrumbs thm-breadcrumb list-unstyled\"><li><a class=\"breadcrumb_link\" href=\"https:\/\/zagro.hr\/en\/\"> Home<\/a><\/li><\/ul><h2 class=\"page-title\"><img decoding=\"async\" src=\"http:\/\/zagro.hr\/wp-content\/uploads\/2021\/02\/romalko-logo.jpg\"><\/h2><\/div><\/div>\t\t<\/div>\n\t\t\t\t<\/div>\n\t\t\t\t\t<\/div>\n\t\t<\/div>\n\t\t\t\t\t\t\t<\/div>\n\t\t<\/div>\n\t\t\t\t<div class=\"elementor-section elementor-top-section elementor-element elementor-element-3bd6d9bc elementor-section-boxed elementor-section-height-default elementor-section-height-default nt-section-ripped-top ripped-top-no nt-section-ripped-bottom ripped-bottom-no\" data-id=\"3bd6d9bc\" data-element_type=\"section\">\n\t\t\t\t\t\t<div class=\"elementor-container elementor-column-gap-no\">\n\t\t\t\t\t<div class=\"elementor-column elementor-col-33 elementor-top-column elementor-element elementor-element-4f9b814c\" data-id=\"4f9b814c\" data-element_type=\"column\" data-settings=\"{&quot;background_background&quot;:&quot;classic&quot;}\">\n\t\t\t<div class=\"elementor-widget-wrap elementor-element-populated\">\n\t\t\t\t\t\t\t\t<div class=\"elementor-section elementor-inner-section elementor-element elementor-element-7655592 elementor-section-boxed elementor-section-height-default elementor-section-height-default nt-section-ripped-top ripped-top-no nt-section-ripped-bottom ripped-bottom-no\" data-id=\"7655592\" data-element_type=\"section\" data-settings=\"{&quot;background_background&quot;:&quot;classic&quot;}\">\n\t\t\t\t\t\t<div class=\"elementor-container elementor-column-gap-default\">\n\t\t\t\t\t<div class=\"elementor-column elementor-col-100 elementor-inner-column elementor-element elementor-element-30d843f3\" data-id=\"30d843f3\" data-element_type=\"column\">\n\t\t\t<div class=\"elementor-widget-wrap elementor-element-populated\">\n\t\t\t\t\t\t\t\t<div class=\"elementor-element elementor-element-3149c888 agrikon-transform transform-type-translate elementor-widget elementor-widget-heading\" data-id=\"3149c888\" data-element_type=\"widget\" data-widget_type=\"heading.default\">\n\t\t\t\t<div class=\"elementor-widget-container\">\n\t\t\t<div class=\"elementor-heading-title elementor-size-default\"><a href=\"https:\/\/www.rolmako.com\"><img decoding=\"async\" src=\"http:\/\/zagro.hr\/wp-content\/uploads\/2021\/02\/romalko-logo.jpg\"><\/a><\/div>\t\t<\/div>\n\t\t\t\t<\/div>\n\t\t\t\t<div class=\"elementor-element elementor-element-1549541 agrikon-heading-link-#255946 agrikon-transform transform-type-translate elementor-widget elementor-widget-heading\" data-id=\"1549541\" data-element_type=\"widget\" data-widget_type=\"heading.default\">\n\t\t\t\t<div class=\"elementor-widget-container\">\n\t\t\t<div class=\"elementor-heading-title elementor-size-default\"><a href=\"https:\/\/www.rolmako.com\/maszyny_rolnicze.php\">Products<\/a><\/div>\t\t<\/div>\n\t\t\t\t<\/div>\n\t\t\t\t\t<\/div>\n\t\t<\/div>\n\t\t\t\t\t\t\t<\/div>\n\t\t<\/div>\n\t\t\t\t<div class=\"elementor-section elementor-inner-section elementor-element elementor-element-5e5c24d9 elementor-section-boxed elementor-section-height-default elementor-section-height-default nt-section-ripped-top ripped-top-no nt-section-ripped-bottom ripped-bottom-no\" data-id=\"5e5c24d9\" data-element_type=\"section\" data-settings=\"{&quot;background_background&quot;:&quot;classic&quot;}\">\n\t\t\t\t\t\t\t<div class=\"elementor-background-overlay\"><\/div>\n\t\t\t\t\t\t\t<div class=\"elementor-container elementor-column-gap-no\">\n\t\t\t\t\t<div class=\"elementor-column elementor-col-100 elementor-inner-column elementor-element elementor-element-2878fa60\" data-id=\"2878fa60\" data-element_type=\"column\">\n\t\t\t<div class=\"elementor-widget-wrap elementor-element-populated\">\n\t\t\t\t\t\t\t\t<div class=\"elementor-element elementor-element-2b1af548 agrikon-transform transform-type-translate elementor-widget elementor-widget-heading\" data-id=\"2b1af548\" data-element_type=\"widget\" data-widget_type=\"heading.default\">\n\t\t\t\t<div class=\"elementor-widget-container\">\n\t\t\t<h3 class=\"elementor-heading-title elementor-size-default\">Manufacturer of agricultural machinery and spare parts<\/h3>\t\t<\/div>\n\t\t\t\t<\/div>\n\t\t\t\t\t<\/div>\n\t\t<\/div>\n\t\t\t\t\t\t\t<\/div>\n\t\t<\/div>\n\t\t\t\t<div class=\"elementor-section elementor-inner-section elementor-element elementor-element-37fdbe8 elementor-section-content-middle elementor-section-boxed elementor-section-height-default elementor-section-height-default nt-section-ripped-top ripped-top-no nt-section-ripped-bottom ripped-bottom-no\" data-id=\"37fdbe8\" data-element_type=\"section\">\n\t\t\t\t\t\t<div class=\"elementor-container elementor-column-gap-no\">\n\t\t\t\t\t<div class=\"elementor-column elementor-col-100 elementor-inner-column elementor-element elementor-element-761ecf45\" data-id=\"761ecf45\" data-element_type=\"column\">\n\t\t\t<div class=\"elementor-widget-wrap elementor-element-populated\">\n\t\t\t\t\t\t\t\t<div class=\"elementor-element elementor-element-3cc44ebb agrikon-transform transform-type-translate elementor-widget elementor-widget-heading\" data-id=\"3cc44ebb\" data-element_type=\"widget\" data-widget_type=\"heading.default\">\n\t\t\t\t<div class=\"elementor-widget-container\">\n\t\t\t<h4 class=\"elementor-heading-title elementor-size-default\">Products<\/h4>\t\t<\/div>\n\t\t\t\t<\/div>\n\t\t\t\t<div class=\"elementor-element elementor-element-69cdf9a elementor-align-left elementor-icon-list--layout-traditional elementor-list-item-link-full_width elementor-widget elementor-widget-icon-list\" data-id=\"69cdf9a\" data-element_type=\"widget\" data-widget_type=\"icon-list.default\">\n\t\t\t\t<div class=\"elementor-widget-container\">\n\t\t\t\t\t<ul class=\"elementor-icon-list-items\">\n\t\t\t\t\t\t\t<li class=\"elementor-icon-list-item\">\n\t\t\t\t\t\t\t\t\t\t\t<span class=\"elementor-icon-list-icon\">\n\t\t\t\t\t\t\t<i aria-hidden=\"true\" class=\"fas fa-check-circle\"><\/i>\t\t\t\t\t\t<\/span>\n\t\t\t\t\t\t\t\t\t\t<span class=\"elementor-icon-list-text\">AGRICULTURAL MACHINES<\/span>\n\t\t\t\t\t\t\t\t\t<\/li>\n\t\t\t\t\t\t\t\t<li class=\"elementor-icon-list-item\">\n\t\t\t\t\t\t\t\t\t\t\t<span class=\"elementor-icon-list-icon\">\n\t\t\t\t\t\t\t<i aria-hidden=\"true\" class=\"fas fa-check-circle\"><\/i>\t\t\t\t\t\t<\/span>\n\t\t\t\t\t\t\t\t\t\t<span class=\"elementor-icon-list-text\">SPARE PARTS<\/span>\n\t\t\t\t\t\t\t\t\t<\/li>\n\t\t\t\t\t\t<\/ul>\n\t\t\t\t<\/div>\n\t\t\t\t<\/div>\n\t\t\t\t\t<\/div>\n\t\t<\/div>\n\t\t\t\t\t\t\t<\/div>\n\t\t<\/div>\n\t\t\t\t<div class=\"elementor-element elementor-element-49e83ff3 elementor-widget elementor-widget-image\" data-id=\"49e83ff3\" data-element_type=\"widget\" data-widget_type=\"image.default\">\n\t\t\t\t<div class=\"elementor-widget-container\">\n\t\t\t\t\t<div class=\"elementor-image\">\n\t\t\t\t\t\t\t\t\t\t<img loading=\"lazy\" decoding=\"async\" width=\"500\" height=\"500\" src=\"https:\/\/zagro.hr\/wp-content\/uploads\/2021\/02\/Romalko_image-500x500.png\" class=\"attachment-agrikon-square size-agrikon-square\" alt=\"\" srcset=\"https:\/\/zagro.hr\/wp-content\/uploads\/2021\/02\/Romalko_image-500x500.png 500w, https:\/\/zagro.hr\/wp-content\/uploads\/2021\/02\/Romalko_image-300x300.png 300w, https:\/\/zagro.hr\/wp-content\/uploads\/2021\/02\/Romalko_image-150x150.png 150w, https:\/\/zagro.hr\/wp-content\/uploads\/2021\/02\/Romalko_image-768x768.png 768w, https:\/\/zagro.hr\/wp-content\/uploads\/2021\/02\/Romalko_image-750x750.png 750w, https:\/\/zagro.hr\/wp-content\/uploads\/2021\/02\/Romalko_image-48x48.png 48w, https:\/\/zagro.hr\/wp-content\/uploads\/2021\/02\/Romalko_image-250x250.png 250w, https:\/\/zagro.hr\/wp-content\/uploads\/2021\/02\/Romalko_image-550x550.png 550w, https:\/\/zagro.hr\/wp-content\/uploads\/2021\/02\/Romalko_image-800x800.png 800w, https:\/\/zagro.hr\/wp-content\/uploads\/2021\/02\/Romalko_image-180x180.png 180w, https:\/\/zagro.hr\/wp-content\/uploads\/2021\/02\/Romalko_image-450x450.png 450w, https:\/\/zagro.hr\/wp-content\/uploads\/2021\/02\/Romalko_image-980x980.png 980w, https:\/\/zagro.hr\/wp-content\/uploads\/2021\/02\/Romalko_image-100x100.png 100w, https:\/\/zagro.hr\/wp-content\/uploads\/2021\/02\/Romalko_image.png 1000w\" sizes=\"auto, (max-width: 500px) 100vw, 500px\" \/>\t\t\t\t\t\t\t\t\t\t\t<\/div>\n\t\t\t\t<\/div>\n\t\t\t\t<\/div>\n\t\t\t\t\t<\/div>\n\t\t<\/div>\n\t\t\t\t<div class=\"elementor-column elementor-col-66 elementor-top-column elementor-element elementor-element-21cbf8ef\" data-id=\"21cbf8ef\" data-element_type=\"column\">\n\t\t\t<div class=\"elementor-widget-wrap elementor-element-populated\">\n\t\t\t\t\t\t\t\t<div class=\"elementor-element elementor-element-606da0a4 elementor-widget elementor-widget-image\" data-id=\"606da0a4\" data-element_type=\"widget\" data-widget_type=\"image.default\">\n\t\t\t\t<div class=\"elementor-widget-container\">\n\t\t\t\t\t<div class=\"elementor-image\">\n\t\t\t\t\t\t\t\t\t\t<img loading=\"lazy\" decoding=\"async\" width=\"724\" height=\"481\" src=\"https:\/\/zagro.hr\/wp-content\/uploads\/2021\/02\/Romalko-strojevi.jpg\" class=\"attachment-large size-large\" alt=\"Romalko-strojevi\" srcset=\"https:\/\/zagro.hr\/wp-content\/uploads\/2021\/02\/Romalko-strojevi.jpg 724w, https:\/\/zagro.hr\/wp-content\/uploads\/2021\/02\/Romalko-strojevi-300x199.jpg 300w, https:\/\/zagro.hr\/wp-content\/uploads\/2021\/02\/Romalko-strojevi-250x166.jpg 250w, https:\/\/zagro.hr\/wp-content\/uploads\/2021\/02\/Romalko-strojevi-550x365.jpg 550w, https:\/\/zagro.hr\/wp-content\/uploads\/2021\/02\/Romalko-strojevi-271x180.jpg 271w, https:\/\/zagro.hr\/wp-content\/uploads\/2021\/02\/Romalko-strojevi-452x300.jpg 452w\" sizes=\"auto, (max-width: 724px) 100vw, 724px\" \/>\t\t\t\t\t\t\t\t\t\t\t<\/div>\n\t\t\t\t<\/div>\n\t\t\t\t<\/div>\n\t\t\t\t<section class=\"elementor-section elementor-inner-section elementor-element elementor-element-3b38bdaf elementor-section-boxed elementor-section-height-default elementor-section-height-default nt-section-ripped-top ripped-top-no nt-section-ripped-bottom ripped-bottom-no\" data-id=\"3b38bdaf\" data-element_type=\"section\">\n\t\t\t\t\t\t<div class=\"elementor-container elementor-column-gap-default\">\n\t\t\t\t\t<div class=\"elementor-column elementor-col-50 elementor-inner-column elementor-element elementor-element-cadf717\" data-id=\"cadf717\" data-element_type=\"column\">\n\t\t\t<div class=\"elementor-widget-wrap elementor-element-populated\">\n\t\t\t\t\t\t\t\t<div class=\"elementor-element elementor-element-3687b74f elementor-widget elementor-widget-image\" data-id=\"3687b74f\" data-element_type=\"widget\" data-widget_type=\"image.default\">\n\t\t\t\t<div class=\"elementor-widget-container\">\n\t\t\t\t\t<div class=\"elementor-image\">\n\t\t\t\t\t\t\t\t\t\t<img loading=\"lazy\" decoding=\"async\" width=\"724\" height=\"481\" src=\"https:\/\/zagro.hr\/wp-content\/uploads\/2021\/02\/Romalko-stroj.jpg\" class=\"attachment-large size-large\" alt=\"Romalko-stroj\" srcset=\"https:\/\/zagro.hr\/wp-content\/uploads\/2021\/02\/Romalko-stroj.jpg 724w, https:\/\/zagro.hr\/wp-content\/uploads\/2021\/02\/Romalko-stroj-300x199.jpg 300w, https:\/\/zagro.hr\/wp-content\/uploads\/2021\/02\/Romalko-stroj-250x166.jpg 250w, https:\/\/zagro.hr\/wp-content\/uploads\/2021\/02\/Romalko-stroj-550x365.jpg 550w, https:\/\/zagro.hr\/wp-content\/uploads\/2021\/02\/Romalko-stroj-271x180.jpg 271w, https:\/\/zagro.hr\/wp-content\/uploads\/2021\/02\/Romalko-stroj-452x300.jpg 452w\" sizes=\"auto, (max-width: 724px) 100vw, 724px\" \/>\t\t\t\t\t\t\t\t\t\t\t<\/div>\n\t\t\t\t<\/div>\n\t\t\t\t<\/div>\n\t\t\t\t\t<\/div>\n\t\t<\/div>\n\t\t\t\t<div class=\"elementor-column elementor-col-50 elementor-inner-column elementor-element elementor-element-5c3a7633\" data-id=\"5c3a7633\" data-element_type=\"column\">\n\t\t\t<div class=\"elementor-widget-wrap elementor-element-populated\">\n\t\t\t\t\t\t\t\t<div class=\"elementor-element elementor-element-752eeb9b elementor-widget elementor-widget-image\" data-id=\"752eeb9b\" data-element_type=\"widget\" data-widget_type=\"image.default\">\n\t\t\t\t<div class=\"elementor-widget-container\">\n\t\t\t\t\t<div class=\"elementor-image\">\n\t\t\t\t\t\t\t\t\t\t<img loading=\"lazy\" decoding=\"async\" width=\"724\" height=\"481\" src=\"https:\/\/zagro.hr\/wp-content\/uploads\/2021\/02\/Romalko-kultivator.jpg\" class=\"attachment-large size-large\" alt=\"Romalko-kultivator\" srcset=\"https:\/\/zagro.hr\/wp-content\/uploads\/2021\/02\/Romalko-kultivator.jpg 724w, https:\/\/zagro.hr\/wp-content\/uploads\/2021\/02\/Romalko-kultivator-300x199.jpg 300w, https:\/\/zagro.hr\/wp-content\/uploads\/2021\/02\/Romalko-kultivator-250x166.jpg 250w, https:\/\/zagro.hr\/wp-content\/uploads\/2021\/02\/Romalko-kultivator-550x365.jpg 550w, https:\/\/zagro.hr\/wp-content\/uploads\/2021\/02\/Romalko-kultivator-271x180.jpg 271w, https:\/\/zagro.hr\/wp-content\/uploads\/2021\/02\/Romalko-kultivator-452x300.jpg 452w\" sizes=\"auto, (max-width: 724px) 100vw, 724px\" \/>\t\t\t\t\t\t\t\t\t\t\t<\/div>\n\t\t\t\t<\/div>\n\t\t\t\t<\/div>\n\t\t\t\t\t<\/div>\n\t\t<\/div>\n\t\t\t\t\t\t\t<\/div>\n\t\t<\/section>\n\t\t\t\t<div class=\"elementor-element elementor-element-68590842 agrikon-transform transform-type-translate elementor-widget elementor-widget-heading\" data-id=\"68590842\" data-element_type=\"widget\" data-widget_type=\"heading.default\">\n\t\t\t\t<div class=\"elementor-widget-container\">\n\t\t\t<h2 class=\"elementor-heading-title elementor-size-default\">Romalko - manufacturer of agricultural machinery and spare parts<\/h2>\t\t<\/div>\n\t\t\t\t<\/div>\n\t\t\t\t<div class=\"elementor-element elementor-element-4f2950d5 elementor-widget elementor-widget-text-editor\" data-id=\"4f2950d5\" data-element_type=\"widget\" data-widget_type=\"text-editor.default\">\n\t\t\t\t<div class=\"elementor-widget-container\">\n\t\t\t\t\t<div class=\"elementor-text-editor elementor-clearfix\"><p class=\" translation-block\">Rolmako is a dynamically growing manufacturer of agricultural machinery and spare parts. The company also provides complex services related to metal plate processing and fulfills individual orders for atypical parts, and for overseas production. The company's strategy is many years of experience and highly qualified experts who enable flexible expansion of offers in accordance with the changing market demand. The company's priority goal is to produce high-quality products at a price adapted to the Polish agricultural reality.<\/p><\/div>\n\t\t\t\t<\/div>\n\t\t\t\t<\/div>\n\t\t\t\t<div class=\"elementor-element elementor-element-7d0b32cf elementor-widget elementor-widget-agrikon-button\" data-id=\"7d0b32cf\" data-element_type=\"widget\" data-widget_type=\"agrikon-button.default\">\n\t\t\t\t<div class=\"elementor-widget-container\">\n\t\t\t<div class=\"agrikon-button\"><a class=\"agrikon-btn thm-btn\" href=\"https:\/\/zagro.hr\/en\/kontakt\/\">Contact us <\/a><\/div>\t\t<\/div>\n\t\t\t\t<\/div>\n\t\t\t\t\t<\/div>\n\t\t<\/div>\n\t\t\t\t\t\t\t<\/div>\n\t\t<\/div>\n\t\t\t\t\t\t<\/div>\n\t\t\t\t\t<\/div>","protected":false},"excerpt":{"rendered":"<p>Home Proizvodi Proizvo\u0111a\u010d poljoprivrednih strojeva i rezervnih dijelova Proizvodi POLJOPRIVREDNI STROJEVI REZERVNI DIJELOVI Romalko &#8211; proizvo\u0111a\u010d poljoprivrednih strojeva i rezervnih dijelova Rolmako je proizvo\u0111a\u010d poljoprivrednih strojeva i rezervnih dijelova koji dinami\u010dno raste.\u00a0Tvrtka tako\u0111er pru\u017ea\u00a0slo\u017eene usluge u vezi s obradom metalnih plo\u010da i ispunjava pojedina\u010dne narud\u017ebe za atipi\u010dne dijelove, i za inozemnu proizvodnju.\u00a0Strategija tvrtke je dugogodi\u0161nje&#8230;<\/p>","protected":false},"author":1,"featured_media":0,"parent":0,"menu_order":0,"comment_status":"closed","ping_status":"closed","template":"","meta":{"bgseo_title":"Rolmako","bgseo_description":"Rolmako je proizvo\u0111a\u010d poljoprivrednih strojeva i rezervnih dijelova. Tvrtka pru\u017ea usluge u vezi s obradom metalnih plo\u010da.","bgseo_robots_index":"index","bgseo_robots_follow":"follow","footnotes":""},"class_list":{"0":"post-5072","1":"page","2":"type-page","3":"status-publish","4":"hentry","5":"nt-post-class","6":"","8":"thumb-none","10":"excerpt-none"},"yoast_head":"<!-- This site is optimized with the Yoast SEO plugin v16.5 - https:\/\/yoast.com\/wordpress\/plugins\/seo\/ -->\n<title>Rolmako<\/title>\n<meta name=\"description\" content=\"Rolmako je proizvo\u0111a\u010d poljoprivrednih strojeva i rezervnih dijelova. Tvrtka pru\u017ea usluge u vezi s obradom metalnih plo\u010da.\" \/>\n<meta name=\"robots\" content=\"index, follow, max-snippet:-1, max-image-preview:large, max-video-preview:-1\" \/>\n<link rel=\"canonical\" href=\"https:\/\/zagro.hr\/en\/rolmako\/\" \/>\n<meta property=\"og:locale\" content=\"en_GB\" \/>\n<meta property=\"og:type\" content=\"article\" \/>\n<meta property=\"og:title\" content=\"Rolmako - Zagro d.o.o.\" \/>\n<meta property=\"og:description\" content=\"Rolmako je proizvo\u0111a\u010d poljoprivrednih strojeva i rezervnih dijelova. Tvrtka pru\u017ea usluge u vezi s obradom metalnih plo\u010da.\" \/>\n<meta property=\"og:url\" content=\"https:\/\/zagro.hr\/en\/rolmako\/\" \/>\n<meta property=\"og:site_name\" content=\"Zagro d.o.o.\" \/>\n<meta property=\"article:modified_time\" content=\"2022-01-22T10:10:27+00:00\" \/>\n<meta property=\"og:image\" content=\"http:\/\/zagro.hr\/wp-content\/uploads\/2021\/02\/romalko-logo.jpg\" \/>\n<meta name=\"twitter:card\" content=\"summary_large_image\" \/>\n<meta name=\"twitter:label1\" content=\"Estimated reading time\" \/>\n\t<meta name=\"twitter:data1\" content=\"2 minutes\" \/>\n<script type=\"application\/ld+json\" class=\"yoast-schema-graph\">{\"@context\":\"https:\/\/schema.org\",\"@graph\":[{\"@type\":\"Organization\",\"@id\":\"https:\/\/zagro.hr\/#organization\",\"name\":\"Zagro d.o.o.\",\"url\":\"https:\/\/zagro.hr\/\",\"sameAs\":[],\"logo\":{\"@type\":\"ImageObject\",\"@id\":\"https:\/\/zagro.hr\/#logo\",\"inLanguage\":\"en-GB\",\"url\":\"https:\/\/zagro.hr\/wp-content\/uploads\/2021\/01\/logo-1-e1461010389735.png\",\"contentUrl\":\"https:\/\/zagro.hr\/wp-content\/uploads\/2021\/01\/logo-1-e1461010389735.png\",\"width\":200,\"height\":100,\"caption\":\"Zagro d.o.o.\"},\"image\":{\"@id\":\"https:\/\/zagro.hr\/#logo\"}},{\"@type\":\"WebSite\",\"@id\":\"https:\/\/zagro.hr\/#website\",\"url\":\"https:\/\/zagro.hr\/\",\"name\":\"Zagro d.o.o.\",\"description\":\"\",\"publisher\":{\"@id\":\"https:\/\/zagro.hr\/#organization\"},\"potentialAction\":[{\"@type\":\"SearchAction\",\"target\":\"https:\/\/zagro.hr\/?s={search_term_string}\",\"query-input\":\"required name=search_term_string\"}],\"inLanguage\":\"en-GB\"},{\"@type\":\"ImageObject\",\"@id\":\"https:\/\/zagro.hr\/rolmako\/#primaryimage\",\"inLanguage\":\"en-GB\",\"url\":\"http:\/\/zagro.hr\/wp-content\/uploads\/2021\/02\/romalko-logo.jpg\",\"contentUrl\":\"http:\/\/zagro.hr\/wp-content\/uploads\/2021\/02\/romalko-logo.jpg\"},{\"@type\":\"WebPage\",\"@id\":\"https:\/\/zagro.hr\/rolmako\/#webpage\",\"url\":\"https:\/\/zagro.hr\/rolmako\/\",\"name\":\"Rolmako - Zagro d.o.o.\",\"isPartOf\":{\"@id\":\"https:\/\/zagro.hr\/#website\"},\"primaryImageOfPage\":{\"@id\":\"https:\/\/zagro.hr\/rolmako\/#primaryimage\"},\"datePublished\":\"2021-02-15T09:58:44+00:00\",\"dateModified\":\"2022-01-22T10:10:27+00:00\",\"description\":\"Rolmako je proizvo\\u0111a\\u010d poljoprivrednih strojeva i rezervnih dijelova. Tvrtka pru\\u017ea usluge u vezi s obradom metalnih plo\\u010da.\",\"breadcrumb\":{\"@id\":\"https:\/\/zagro.hr\/rolmako\/#breadcrumb\"},\"inLanguage\":\"en-GB\",\"potentialAction\":[{\"@type\":\"ReadAction\",\"target\":[\"https:\/\/zagro.hr\/rolmako\/\"]}]},{\"@type\":\"BreadcrumbList\",\"@id\":\"https:\/\/zagro.hr\/rolmako\/#breadcrumb\",\"itemListElement\":[{\"@type\":\"ListItem\",\"position\":1,\"name\":\"Po\\u010detna stranica\",\"item\":\"https:\/\/zagro.hr\/\"},{\"@type\":\"ListItem\",\"position\":2,\"name\":\"Rolmako\"}]}]}<\/script>\n<!-- \/ Yoast SEO plugin. -->","_links":{"self":[{"href":"https:\/\/zagro.hr\/en\/wp-json\/wp\/v2\/pages\/5072","targetHints":{"allow":["GET"]}}],"collection":[{"href":"https:\/\/zagro.hr\/en\/wp-json\/wp\/v2\/pages"}],"about":[{"href":"https:\/\/zagro.hr\/en\/wp-json\/wp\/v2\/types\/page"}],"author":[{"embeddable":true,"href":"https:\/\/zagro.hr\/en\/wp-json\/wp\/v2\/users\/1"}],"replies":[{"embeddable":true,"href":"https:\/\/zagro.hr\/en\/wp-json\/wp\/v2\/comments?post=5072"}],"version-history":[{"count":10,"href":"https:\/\/zagro.hr\/en\/wp-json\/wp\/v2\/pages\/5072\/revisions"}],"predecessor-version":[{"id":5708,"href":"https:\/\/zagro.hr\/en\/wp-json\/wp\/v2\/pages\/5072\/revisions\/5708"}],"wp:attachment":[{"href":"https:\/\/zagro.hr\/en\/wp-json\/wp\/v2\/media?parent=5072"}],"curies":[{"name":"wp","href":"https:\/\/api.w.org\/{rel}","templated":true}]}}