{"id":5081,"date":"2021-02-15T10:12:04","date_gmt":"2021-02-15T10:12:04","guid":{"rendered":"http:\/\/zagro.cwebspace.hr\/?page_id=5081"},"modified":"2024-05-13T08:47:57","modified_gmt":"2024-05-13T06:47:57","slug":"metaltech","status":"publish","type":"page","link":"https:\/\/zagro.hr\/en\/metaltech\/","title":{"rendered":"Metaltech"},"content":{"rendered":"<div data-elementor-type=\"wp-page\" data-elementor-id=\"5081\" class=\"elementor elementor-5081\" data-elementor-settings=\"[]\">\n\t\t\t\t\t\t\t<div class=\"elementor-section-wrap\">\n\t\t\t\t\t\t\t<div class=\"elementor-section elementor-top-section elementor-element elementor-element-513da6b6 elementor-section-full_width elementor-section-height-default elementor-section-height-default nt-section-ripped-top ripped-top-no nt-section-ripped-bottom ripped-bottom-no\" data-id=\"513da6b6\" data-element_type=\"section\">\n\t\t\t\t\t\t<div class=\"elementor-container elementor-column-gap-no\">\n\t\t\t\t\t<div class=\"elementor-column elementor-col-100 elementor-top-column elementor-element elementor-element-4212f5b2\" data-id=\"4212f5b2\" data-element_type=\"column\">\n\t\t\t<div class=\"elementor-widget-wrap elementor-element-populated\">\n\t\t\t\t\t\t\t\t<div class=\"elementor-element elementor-element-23d60062 elementor-widget elementor-widget-agrikon-page-hero\" data-id=\"23d60062\" data-element_type=\"widget\" data-widget_type=\"agrikon-page-hero.default\">\n\t\t\t\t<div class=\"elementor-widget-container\">\n\t\t\t<div class=\"page-header\"><div class=\"page-header__bg\"><\/div><div class=\"container\"><ul class=\"breadcrumbs thm-breadcrumb list-unstyled\"><li><a class=\"breadcrumb_link\" href=\"https:\/\/zagro.hr\/en\/\"> Home<\/a><\/li><\/ul><h2 class=\"page-title\"><img src=\"http:\/\/zagro.hr\/wp-content\/uploads\/2021\/02\/pr-17-cyrgyunp8w8b.jpg\"\" style=\"width:440px\"><\/h2><\/div><\/div>\t\t<\/div>\n\t\t\t\t<\/div>\n\t\t\t\t\t<\/div>\n\t\t<\/div>\n\t\t\t\t\t\t\t<\/div>\n\t\t<\/div>\n\t\t\t\t<div class=\"elementor-section elementor-top-section elementor-element elementor-element-2f685a1e elementor-section-boxed elementor-section-height-default elementor-section-height-default nt-section-ripped-top ripped-top-no nt-section-ripped-bottom ripped-bottom-no\" data-id=\"2f685a1e\" data-element_type=\"section\">\n\t\t\t\t\t\t<div class=\"elementor-container elementor-column-gap-no\">\n\t\t\t\t\t<div class=\"elementor-column elementor-col-33 elementor-top-column elementor-element elementor-element-3dc3b4c8\" data-id=\"3dc3b4c8\" data-element_type=\"column\" data-settings=\"{&quot;background_background&quot;:&quot;classic&quot;}\">\n\t\t\t<div class=\"elementor-widget-wrap elementor-element-populated\">\n\t\t\t\t\t\t\t\t<div class=\"elementor-section elementor-inner-section elementor-element elementor-element-69987d69 elementor-section-boxed elementor-section-height-default elementor-section-height-default nt-section-ripped-top ripped-top-no nt-section-ripped-bottom ripped-bottom-no\" data-id=\"69987d69\" data-element_type=\"section\" data-settings=\"{&quot;background_background&quot;:&quot;classic&quot;}\">\n\t\t\t\t\t\t<div class=\"elementor-container elementor-column-gap-default\">\n\t\t\t\t\t<div class=\"elementor-column elementor-col-100 elementor-inner-column elementor-element elementor-element-2b3ebf2\" data-id=\"2b3ebf2\" data-element_type=\"column\">\n\t\t\t<div class=\"elementor-widget-wrap elementor-element-populated\">\n\t\t\t\t\t\t\t\t<div class=\"elementor-element elementor-element-32a20fc9 agrikon-transform transform-type-translate elementor-widget elementor-widget-heading\" data-id=\"32a20fc9\" data-element_type=\"widget\" data-widget_type=\"heading.default\">\n\t\t\t\t<div class=\"elementor-widget-container\">\n\t\t\t<div class=\"elementor-heading-title elementor-size-default\"><a href=\"http:\/\/www.metaltech.com.pl\/en\/\"><img decoding=\"async\" src=\"http:\/\/zagro.hr\/wp-content\/uploads\/2021\/02\/pr-17-cyrgyunp8w8b.jpg\"><\/a><\/div>\t\t<\/div>\n\t\t\t\t<\/div>\n\t\t\t\t<div class=\"elementor-element elementor-element-f6c81b2 elementor-widget elementor-widget-text-editor\" data-id=\"f6c81b2\" data-element_type=\"widget\" data-widget_type=\"text-editor.default\">\n\t\t\t\t<div class=\"elementor-widget-container\">\n\t\t\t\t\t<div class=\"elementor-text-editor elementor-clearfix\"><p><a href=\"https:\/\/metaltech.com.pl\/en\/home-en\/\" target=\"_blank\" rel=\"noopener\">www.metaltech.com.pl<\/a><\/p><\/div>\n\t\t\t\t<\/div>\n\t\t\t\t<\/div>\n\t\t\t\t<div class=\"elementor-element elementor-element-418ecd2f agrikon-heading-link-#255946 agrikon-transform transform-type-translate elementor-widget elementor-widget-heading\" data-id=\"418ecd2f\" data-element_type=\"widget\" data-widget_type=\"heading.default\">\n\t\t\t\t<div class=\"elementor-widget-container\">\n\t\t\t<div class=\"elementor-heading-title elementor-size-default\"><a href=\"http:\/\/www.metaltech.com.pl\/en\/\">Products<\/a><\/div>\t\t<\/div>\n\t\t\t\t<\/div>\n\t\t\t\t\t<\/div>\n\t\t<\/div>\n\t\t\t\t\t\t\t<\/div>\n\t\t<\/div>\n\t\t\t\t<div class=\"elementor-section elementor-inner-section elementor-element elementor-element-439b319a elementor-section-boxed elementor-section-height-default elementor-section-height-default nt-section-ripped-top ripped-top-no nt-section-ripped-bottom ripped-bottom-no\" data-id=\"439b319a\" data-element_type=\"section\" data-settings=\"{&quot;background_background&quot;:&quot;classic&quot;}\">\n\t\t\t\t\t\t\t<div class=\"elementor-background-overlay\"><\/div>\n\t\t\t\t\t\t\t<div class=\"elementor-container elementor-column-gap-no\">\n\t\t\t\t\t<div class=\"elementor-column elementor-col-100 elementor-inner-column elementor-element elementor-element-742eadc8\" data-id=\"742eadc8\" data-element_type=\"column\">\n\t\t\t<div class=\"elementor-widget-wrap elementor-element-populated\">\n\t\t\t\t\t\t\t\t<div class=\"elementor-element elementor-element-dd2508c agrikon-transform transform-type-translate elementor-widget elementor-widget-heading\" data-id=\"dd2508c\" data-element_type=\"widget\" data-widget_type=\"heading.default\">\n\t\t\t\t<div class=\"elementor-widget-container\">\n\t\t\t<h3 class=\"elementor-heading-title elementor-size-default\">Manufacture of agricultural machinery<\/h3>\t\t<\/div>\n\t\t\t\t<\/div>\n\t\t\t\t\t<\/div>\n\t\t<\/div>\n\t\t\t\t\t\t\t<\/div>\n\t\t<\/div>\n\t\t\t\t<div class=\"elementor-section elementor-inner-section elementor-element elementor-element-3e2891a7 elementor-section-content-middle elementor-section-boxed elementor-section-height-default elementor-section-height-default nt-section-ripped-top ripped-top-no nt-section-ripped-bottom ripped-bottom-no\" data-id=\"3e2891a7\" data-element_type=\"section\">\n\t\t\t\t\t\t<div class=\"elementor-container elementor-column-gap-no\">\n\t\t\t\t\t<div class=\"elementor-column elementor-col-100 elementor-inner-column elementor-element elementor-element-346aae34\" data-id=\"346aae34\" data-element_type=\"column\">\n\t\t\t<div class=\"elementor-widget-wrap elementor-element-populated\">\n\t\t\t\t\t\t\t\t<div class=\"elementor-element elementor-element-5cc5e6c0 agrikon-transform transform-type-translate elementor-widget elementor-widget-heading\" data-id=\"5cc5e6c0\" data-element_type=\"widget\" data-widget_type=\"heading.default\">\n\t\t\t\t<div class=\"elementor-widget-container\">\n\t\t\t<h4 class=\"elementor-heading-title elementor-size-default\">Products<\/h4>\t\t<\/div>\n\t\t\t\t<\/div>\n\t\t\t\t<div class=\"elementor-element elementor-element-3a1ddba8 elementor-align-left elementor-icon-list--layout-traditional elementor-list-item-link-full_width elementor-widget elementor-widget-icon-list\" data-id=\"3a1ddba8\" data-element_type=\"widget\" data-widget_type=\"icon-list.default\">\n\t\t\t\t<div class=\"elementor-widget-container\">\n\t\t\t\t\t<ul class=\"elementor-icon-list-items\">\n\t\t\t\t\t\t\t<li class=\"elementor-icon-list-item\">\n\t\t\t\t\t\t\t\t\t\t\t<span class=\"elementor-icon-list-icon\">\n\t\t\t\t\t\t\t<i aria-hidden=\"true\" class=\"fas fa-check-circle\"><\/i>\t\t\t\t\t\t<\/span>\n\t\t\t\t\t\t\t\t\t\t<span class=\"elementor-icon-list-text\">AGRICULTURAL MACHINES<\/span>\n\t\t\t\t\t\t\t\t\t<\/li>\n\t\t\t\t\t\t\t\t<li class=\"elementor-icon-list-item\">\n\t\t\t\t\t\t\t\t\t\t\t<span class=\"elementor-icon-list-icon\">\n\t\t\t\t\t\t\t<i aria-hidden=\"true\" class=\"fas fa-check-circle\"><\/i>\t\t\t\t\t\t<\/span>\n\t\t\t\t\t\t\t\t\t\t<span class=\"elementor-icon-list-text\">TRAILERS<\/span>\n\t\t\t\t\t\t\t\t\t<\/li>\n\t\t\t\t\t\t\t\t<li class=\"elementor-icon-list-item\">\n\t\t\t\t\t\t\t\t\t\t\t<span class=\"elementor-icon-list-icon\">\n\t\t\t\t\t\t\t<i aria-hidden=\"true\" class=\"fas fa-check-circle\"><\/i>\t\t\t\t\t\t<\/span>\n\t\t\t\t\t\t\t\t\t\t<span class=\"elementor-icon-list-text\">VERTICAL MIXED WAGONS<\/span>\n\t\t\t\t\t\t\t\t\t<\/li>\n\t\t\t\t\t\t\t\t<li class=\"elementor-icon-list-item\">\n\t\t\t\t\t\t\t\t\t\t\t<span class=\"elementor-icon-list-icon\">\n\t\t\t\t\t\t\t<i aria-hidden=\"true\" class=\"fas fa-check-circle\"><\/i>\t\t\t\t\t\t<\/span>\n\t\t\t\t\t\t\t\t\t\t<span class=\"elementor-icon-list-text\">MANURE SPREADERS<\/span>\n\t\t\t\t\t\t\t\t\t<\/li>\n\t\t\t\t\t\t\t\t<li class=\"elementor-icon-list-item\">\n\t\t\t\t\t\t\t\t\t\t\t<span class=\"elementor-icon-list-icon\">\n\t\t\t\t\t\t\t<i aria-hidden=\"true\" class=\"fas fa-check-circle\"><\/i>\t\t\t\t\t\t<\/span>\n\t\t\t\t\t\t\t\t\t\t<span class=\"elementor-icon-list-text\">MACHINES FOR FOREST NURSERY<\/span>\n\t\t\t\t\t\t\t\t\t<\/li>\n\t\t\t\t\t\t<\/ul>\n\t\t\t\t<\/div>\n\t\t\t\t<\/div>\n\t\t\t\t\t<\/div>\n\t\t<\/div>\n\t\t\t\t\t\t\t<\/div>\n\t\t<\/div>\n\t\t\t\t<div class=\"elementor-element elementor-element-8eb1615 elementor-widget elementor-widget-image\" data-id=\"8eb1615\" data-element_type=\"widget\" data-widget_type=\"image.default\">\n\t\t\t\t<div class=\"elementor-widget-container\">\n\t\t\t\t\t<div class=\"elementor-image\">\n\t\t\t\t\t\t\t\t\t\t<img loading=\"lazy\" decoding=\"async\" width=\"500\" height=\"500\" src=\"https:\/\/zagro.hr\/wp-content\/uploads\/2021\/02\/fotob-171-500x500.jpg\" class=\"attachment-agrikon-square size-agrikon-square\" alt=\"Metaltech stroj\" srcset=\"https:\/\/zagro.hr\/wp-content\/uploads\/2021\/02\/fotob-171-500x500.jpg 500w, https:\/\/zagro.hr\/wp-content\/uploads\/2021\/02\/fotob-171-150x150.jpg 150w, https:\/\/zagro.hr\/wp-content\/uploads\/2021\/02\/fotob-171-48x48.jpg 48w, https:\/\/zagro.hr\/wp-content\/uploads\/2021\/02\/fotob-171-300x300.jpg 300w, https:\/\/zagro.hr\/wp-content\/uploads\/2021\/02\/fotob-171-450x450.jpg 450w, https:\/\/zagro.hr\/wp-content\/uploads\/2021\/02\/fotob-171-100x100.jpg 100w\" sizes=\"auto, (max-width: 500px) 100vw, 500px\" \/>\t\t\t\t\t\t\t\t\t\t\t<\/div>\n\t\t\t\t<\/div>\n\t\t\t\t<\/div>\n\t\t\t\t\t<\/div>\n\t\t<\/div>\n\t\t\t\t<div class=\"elementor-column elementor-col-66 elementor-top-column elementor-element elementor-element-22413c7d\" data-id=\"22413c7d\" data-element_type=\"column\">\n\t\t\t<div class=\"elementor-widget-wrap elementor-element-populated\">\n\t\t\t\t\t\t\t\t<div class=\"elementor-element elementor-element-759705c2 elementor-widget elementor-widget-image\" data-id=\"759705c2\" data-element_type=\"widget\" data-widget_type=\"image.default\">\n\t\t\t\t<div class=\"elementor-widget-container\">\n\t\t\t\t\t<div class=\"elementor-image\">\n\t\t\t\t\t\t\t\t\t\t<img loading=\"lazy\" decoding=\"async\" width=\"960\" height=\"637\" src=\"https:\/\/zagro.hr\/wp-content\/uploads\/2021\/02\/fotob-413.jpg\" class=\"attachment-large size-large\" alt=\"\" srcset=\"https:\/\/zagro.hr\/wp-content\/uploads\/2021\/02\/fotob-413.jpg 960w, https:\/\/zagro.hr\/wp-content\/uploads\/2021\/02\/fotob-413-300x199.jpg 300w, https:\/\/zagro.hr\/wp-content\/uploads\/2021\/02\/fotob-413-768x510.jpg 768w, https:\/\/zagro.hr\/wp-content\/uploads\/2021\/02\/fotob-413-250x166.jpg 250w, https:\/\/zagro.hr\/wp-content\/uploads\/2021\/02\/fotob-413-550x365.jpg 550w, https:\/\/zagro.hr\/wp-content\/uploads\/2021\/02\/fotob-413-800x531.jpg 800w, https:\/\/zagro.hr\/wp-content\/uploads\/2021\/02\/fotob-413-271x180.jpg 271w, https:\/\/zagro.hr\/wp-content\/uploads\/2021\/02\/fotob-413-452x300.jpg 452w, https:\/\/zagro.hr\/wp-content\/uploads\/2021\/02\/fotob-413-754x500.jpg 754w\" sizes=\"auto, (max-width: 960px) 100vw, 960px\" \/>\t\t\t\t\t\t\t\t\t\t\t<\/div>\n\t\t\t\t<\/div>\n\t\t\t\t<\/div>\n\t\t\t\t<section class=\"elementor-section elementor-inner-section elementor-element elementor-element-5df0de3d elementor-section-boxed elementor-section-height-default elementor-section-height-default nt-section-ripped-top ripped-top-no nt-section-ripped-bottom ripped-bottom-no\" data-id=\"5df0de3d\" data-element_type=\"section\">\n\t\t\t\t\t\t<div class=\"elementor-container elementor-column-gap-default\">\n\t\t\t\t\t<div class=\"elementor-column elementor-col-50 elementor-inner-column elementor-element elementor-element-4d724dc1\" data-id=\"4d724dc1\" data-element_type=\"column\">\n\t\t\t<div class=\"elementor-widget-wrap elementor-element-populated\">\n\t\t\t\t\t\t\t\t<div class=\"elementor-element elementor-element-11e99e02 elementor-widget elementor-widget-image\" data-id=\"11e99e02\" data-element_type=\"widget\" data-widget_type=\"image.default\">\n\t\t\t\t<div class=\"elementor-widget-container\">\n\t\t\t\t\t<div class=\"elementor-image\">\n\t\t\t\t\t\t\t\t\t\t<img loading=\"lazy\" decoding=\"async\" width=\"600\" height=\"399\" src=\"https:\/\/zagro.hr\/wp-content\/uploads\/2021\/02\/fotob-501.jpg\" class=\"attachment-large size-large\" alt=\"\" srcset=\"https:\/\/zagro.hr\/wp-content\/uploads\/2021\/02\/fotob-501.jpg 600w, https:\/\/zagro.hr\/wp-content\/uploads\/2021\/02\/fotob-501-300x200.jpg 300w, https:\/\/zagro.hr\/wp-content\/uploads\/2021\/02\/fotob-501-250x166.jpg 250w, https:\/\/zagro.hr\/wp-content\/uploads\/2021\/02\/fotob-501-550x366.jpg 550w, https:\/\/zagro.hr\/wp-content\/uploads\/2021\/02\/fotob-501-271x180.jpg 271w, https:\/\/zagro.hr\/wp-content\/uploads\/2021\/02\/fotob-501-451x300.jpg 451w\" sizes=\"auto, (max-width: 600px) 100vw, 600px\" \/>\t\t\t\t\t\t\t\t\t\t\t<\/div>\n\t\t\t\t<\/div>\n\t\t\t\t<\/div>\n\t\t\t\t\t<\/div>\n\t\t<\/div>\n\t\t\t\t<div class=\"elementor-column elementor-col-50 elementor-inner-column elementor-element elementor-element-ac4edb4\" data-id=\"ac4edb4\" data-element_type=\"column\">\n\t\t\t<div class=\"elementor-widget-wrap elementor-element-populated\">\n\t\t\t\t\t\t\t\t<div class=\"elementor-element elementor-element-645bc579 elementor-widget elementor-widget-image\" data-id=\"645bc579\" data-element_type=\"widget\" data-widget_type=\"image.default\">\n\t\t\t\t<div class=\"elementor-widget-container\">\n\t\t\t\t\t<div class=\"elementor-image\">\n\t\t\t\t\t\t\t\t\t\t<img loading=\"lazy\" decoding=\"async\" width=\"960\" height=\"640\" src=\"https:\/\/zagro.hr\/wp-content\/uploads\/2021\/02\/fotob-1086.jpg\" class=\"attachment-large size-large\" alt=\"\" srcset=\"https:\/\/zagro.hr\/wp-content\/uploads\/2021\/02\/fotob-1086.jpg 960w, https:\/\/zagro.hr\/wp-content\/uploads\/2021\/02\/fotob-1086-300x200.jpg 300w, https:\/\/zagro.hr\/wp-content\/uploads\/2021\/02\/fotob-1086-768x512.jpg 768w, https:\/\/zagro.hr\/wp-content\/uploads\/2021\/02\/fotob-1086-250x167.jpg 250w, https:\/\/zagro.hr\/wp-content\/uploads\/2021\/02\/fotob-1086-550x367.jpg 550w, https:\/\/zagro.hr\/wp-content\/uploads\/2021\/02\/fotob-1086-800x533.jpg 800w, https:\/\/zagro.hr\/wp-content\/uploads\/2021\/02\/fotob-1086-270x180.jpg 270w, https:\/\/zagro.hr\/wp-content\/uploads\/2021\/02\/fotob-1086-450x300.jpg 450w, https:\/\/zagro.hr\/wp-content\/uploads\/2021\/02\/fotob-1086-750x500.jpg 750w\" sizes=\"auto, (max-width: 960px) 100vw, 960px\" \/>\t\t\t\t\t\t\t\t\t\t\t<\/div>\n\t\t\t\t<\/div>\n\t\t\t\t<\/div>\n\t\t\t\t\t<\/div>\n\t\t<\/div>\n\t\t\t\t\t\t\t<\/div>\n\t\t<\/section>\n\t\t\t\t<div class=\"elementor-element elementor-element-568549ab agrikon-transform transform-type-translate elementor-widget elementor-widget-heading\" data-id=\"568549ab\" data-element_type=\"widget\" data-widget_type=\"heading.default\">\n\t\t\t\t<div class=\"elementor-widget-container\">\n\t\t\t<h2 class=\"elementor-heading-title elementor-size-default\">Metaltech - Manufacture of agricultural machinery, especially trailers<\/h2>\t\t<\/div>\n\t\t\t\t<\/div>\n\t\t\t\t<div class=\"elementor-element elementor-element-4ef30063 elementor-widget elementor-widget-text-editor\" data-id=\"4ef30063\" data-element_type=\"widget\" data-widget_type=\"text-editor.default\">\n\t\t\t\t<div class=\"elementor-widget-container\">\n\t\t\t\t\t<div class=\"elementor-text-editor elementor-clearfix\"><p>ZM METALTECH je na tr\u017ei\u0161tu ve\u0107 od 1992. godine. Od samog po\u010detka proizvode uglavnom poljoprivredne strojeve posebno prikolica. Imaju najve\u0107u ponudu u Poljskoj i proizvodimo ne samo prikolice, ve\u0107 i vertikalne mje\u0161ovite vagone, rasipa\u010de gnojiva i jo\u0161 mnogo toga. Osim mnogih kupaca iz Poljske, svoje proizvode prodaju po cijeloj Europi, pa \u010dak i u Afriku ili azijski dio Rusije. Na posebne zahtjeve proizvode mnogo razli\u010ditih vrsta \u010deli\u010dnih konstrukcija i specijalnih strojeva za \u0161umske rasadnike.<br \/>METALTECH zapo\u0161ljava oko 300 ljudi. Imaju vlastiti gra\u0111evinski odjel s iskusnim osobljem koje neprestano modernizira njihove dizajne.<br \/>Glavni ciljevi su zadr\u017eati visoku razinu kvalitete i zadovoljstvo kupaca.<\/p><\/div>\n\t\t\t\t<\/div>\n\t\t\t\t<\/div>\n\t\t\t\t<div class=\"elementor-element elementor-element-7419b2f3 elementor-widget elementor-widget-agrikon-button\" data-id=\"7419b2f3\" data-element_type=\"widget\" data-widget_type=\"agrikon-button.default\">\n\t\t\t\t<div class=\"elementor-widget-container\">\n\t\t\t<div class=\"agrikon-button\"><a class=\"agrikon-btn thm-btn\" href=\"https:\/\/zagro.hr\/en\/kontakt\/\">Contact us <\/a><\/div>\t\t<\/div>\n\t\t\t\t<\/div>\n\t\t\t\t\t<\/div>\n\t\t<\/div>\n\t\t\t\t\t\t\t<\/div>\n\t\t<\/div>\n\t\t\t\t\t\t<\/div>\n\t\t\t\t\t<\/div>","protected":false},"excerpt":{"rendered":"<p>Home<\/p>","protected":false},"author":1,"featured_media":0,"parent":0,"menu_order":0,"comment_status":"closed","ping_status":"closed","template":"","meta":{"bgseo_title":"Metaltech","bgseo_description":"ZM METALTECH je na tr\u017ei\u0161tu ve\u0107 od 1992. godine. Od samog po\u010detka proizvode uglavnom poljoprivredne strojeve posebno prikolica. Imaju najve\u0107u ponudu u Poljskoj.","bgseo_robots_index":"index","bgseo_robots_follow":"follow","footnotes":""},"class_list":{"0":"post-5081","1":"page","2":"type-page","3":"status-publish","4":"hentry","5":"nt-post-class","6":"","8":"thumb-none","10":"excerpt-none"},"yoast_head":"<!-- This site is optimized with the Yoast SEO plugin v16.5 - https:\/\/yoast.com\/wordpress\/plugins\/seo\/ -->\n<title>Metaltech<\/title>\n<meta name=\"description\" content=\"ZM METALTECH je na tr\u017ei\u0161tu ve\u0107 od 1992. godine. Od samog po\u010detka proizvode uglavnom poljoprivredne strojeve posebno prikolica. Imaju najve\u0107u ponudu u Poljskoj.\" \/>\n<meta name=\"robots\" content=\"index, follow, max-snippet:-1, max-image-preview:large, max-video-preview:-1\" \/>\n<link rel=\"canonical\" href=\"https:\/\/zagro.hr\/en\/metaltech\/\" \/>\n<meta property=\"og:locale\" content=\"en_GB\" \/>\n<meta property=\"og:type\" content=\"article\" \/>\n<meta property=\"og:title\" content=\"Metaltech - Zagro d.o.o.\" \/>\n<meta property=\"og:description\" content=\"ZM METALTECH je na tr\u017ei\u0161tu ve\u0107 od 1992. godine. Od samog po\u010detka proizvode uglavnom poljoprivredne strojeve posebno prikolica. Imaju najve\u0107u ponudu u Poljskoj.\" \/>\n<meta property=\"og:url\" content=\"https:\/\/zagro.hr\/en\/metaltech\/\" \/>\n<meta property=\"og:site_name\" content=\"Zagro d.o.o.\" \/>\n<meta property=\"article:modified_time\" content=\"2024-05-13T06:47:57+00:00\" \/>\n<meta property=\"og:image\" content=\"http:\/\/zagro.hr\/wp-content\/uploads\/2021\/02\/pr-17-cyrgyunp8w8b.jpg\" \/>\n<meta name=\"twitter:card\" content=\"summary_large_image\" \/>\n<meta name=\"twitter:label1\" content=\"Estimated reading time\" \/>\n\t<meta name=\"twitter:data1\" content=\"2 minutes\" \/>\n<script type=\"application\/ld+json\" class=\"yoast-schema-graph\">{\"@context\":\"https:\/\/schema.org\",\"@graph\":[{\"@type\":\"Organization\",\"@id\":\"https:\/\/zagro.hr\/#organization\",\"name\":\"Zagro d.o.o.\",\"url\":\"https:\/\/zagro.hr\/\",\"sameAs\":[],\"logo\":{\"@type\":\"ImageObject\",\"@id\":\"https:\/\/zagro.hr\/#logo\",\"inLanguage\":\"en-GB\",\"url\":\"https:\/\/zagro.hr\/wp-content\/uploads\/2021\/01\/logo-1-e1461010389735.png\",\"contentUrl\":\"https:\/\/zagro.hr\/wp-content\/uploads\/2021\/01\/logo-1-e1461010389735.png\",\"width\":200,\"height\":100,\"caption\":\"Zagro d.o.o.\"},\"image\":{\"@id\":\"https:\/\/zagro.hr\/#logo\"}},{\"@type\":\"WebSite\",\"@id\":\"https:\/\/zagro.hr\/#website\",\"url\":\"https:\/\/zagro.hr\/\",\"name\":\"Zagro d.o.o.\",\"description\":\"\",\"publisher\":{\"@id\":\"https:\/\/zagro.hr\/#organization\"},\"potentialAction\":[{\"@type\":\"SearchAction\",\"target\":\"https:\/\/zagro.hr\/?s={search_term_string}\",\"query-input\":\"required name=search_term_string\"}],\"inLanguage\":\"en-GB\"},{\"@type\":\"ImageObject\",\"@id\":\"https:\/\/zagro.hr\/metaltech\/#primaryimage\",\"inLanguage\":\"en-GB\",\"url\":\"http:\/\/zagro.hr\/wp-content\/uploads\/2021\/02\/pr-17-cyrgyunp8w8b.jpg\",\"contentUrl\":\"http:\/\/zagro.hr\/wp-content\/uploads\/2021\/02\/pr-17-cyrgyunp8w8b.jpg\"},{\"@type\":\"WebPage\",\"@id\":\"https:\/\/zagro.hr\/metaltech\/#webpage\",\"url\":\"https:\/\/zagro.hr\/metaltech\/\",\"name\":\"Metaltech - Zagro d.o.o.\",\"isPartOf\":{\"@id\":\"https:\/\/zagro.hr\/#website\"},\"primaryImageOfPage\":{\"@id\":\"https:\/\/zagro.hr\/metaltech\/#primaryimage\"},\"datePublished\":\"2021-02-15T10:12:04+00:00\",\"dateModified\":\"2024-05-13T06:47:57+00:00\",\"description\":\"ZM METALTECH je na tr\\u017ei\\u0161tu ve\\u0107 od 1992. godine. Od samog po\\u010detka proizvode uglavnom poljoprivredne strojeve posebno prikolica. Imaju najve\\u0107u ponudu u Poljskoj.\",\"breadcrumb\":{\"@id\":\"https:\/\/zagro.hr\/metaltech\/#breadcrumb\"},\"inLanguage\":\"en-GB\",\"potentialAction\":[{\"@type\":\"ReadAction\",\"target\":[\"https:\/\/zagro.hr\/metaltech\/\"]}]},{\"@type\":\"BreadcrumbList\",\"@id\":\"https:\/\/zagro.hr\/metaltech\/#breadcrumb\",\"itemListElement\":[{\"@type\":\"ListItem\",\"position\":1,\"name\":\"Po\\u010detna stranica\",\"item\":\"https:\/\/zagro.hr\/\"},{\"@type\":\"ListItem\",\"position\":2,\"name\":\"Metaltech\"}]}]}<\/script>\n<!-- \/ Yoast SEO plugin. -->","_links":{"self":[{"href":"https:\/\/zagro.hr\/en\/wp-json\/wp\/v2\/pages\/5081","targetHints":{"allow":["GET"]}}],"collection":[{"href":"https:\/\/zagro.hr\/en\/wp-json\/wp\/v2\/pages"}],"about":[{"href":"https:\/\/zagro.hr\/en\/wp-json\/wp\/v2\/types\/page"}],"author":[{"embeddable":true,"href":"https:\/\/zagro.hr\/en\/wp-json\/wp\/v2\/users\/1"}],"replies":[{"embeddable":true,"href":"https:\/\/zagro.hr\/en\/wp-json\/wp\/v2\/comments?post=5081"}],"version-history":[{"count":10,"href":"https:\/\/zagro.hr\/en\/wp-json\/wp\/v2\/pages\/5081\/revisions"}],"predecessor-version":[{"id":6045,"href":"https:\/\/zagro.hr\/en\/wp-json\/wp\/v2\/pages\/5081\/revisions\/6045"}],"wp:attachment":[{"href":"https:\/\/zagro.hr\/en\/wp-json\/wp\/v2\/media?parent=5081"}],"curies":[{"name":"wp","href":"https:\/\/api.w.org\/{rel}","templated":true}]}}