{"id":5090,"date":"2021-02-15T10:19:10","date_gmt":"2021-02-15T10:19:10","guid":{"rendered":"http:\/\/zagro.cwebspace.hr\/?page_id=5090"},"modified":"2022-01-22T11:08:07","modified_gmt":"2022-01-22T10:08:07","slug":"luczak","status":"publish","type":"page","link":"https:\/\/zagro.hr\/en\/luczak\/","title":{"rendered":"Luczak"},"content":{"rendered":"<div data-elementor-type=\"wp-page\" data-elementor-id=\"5090\" class=\"elementor elementor-5090\" data-elementor-settings=\"[]\">\n\t\t\t\t\t\t\t<div class=\"elementor-section-wrap\">\n\t\t\t\t\t\t\t<div class=\"elementor-section elementor-top-section elementor-element elementor-element-1f3cd7da elementor-section-full_width elementor-section-height-default elementor-section-height-default nt-section-ripped-top ripped-top-no nt-section-ripped-bottom ripped-bottom-no\" data-id=\"1f3cd7da\" data-element_type=\"section\">\n\t\t\t\t\t\t<div class=\"elementor-container elementor-column-gap-no\">\n\t\t\t\t\t<div class=\"elementor-column elementor-col-100 elementor-top-column elementor-element elementor-element-456eee38\" data-id=\"456eee38\" data-element_type=\"column\">\n\t\t\t<div class=\"elementor-widget-wrap elementor-element-populated\">\n\t\t\t\t\t\t\t\t<div class=\"elementor-element elementor-element-1e8cef75 elementor-widget elementor-widget-agrikon-page-hero\" data-id=\"1e8cef75\" data-element_type=\"widget\" data-widget_type=\"agrikon-page-hero.default\">\n\t\t\t\t<div class=\"elementor-widget-container\">\n\t\t\t<div class=\"page-header\"><div class=\"page-header__bg\"><\/div><div class=\"container\"><ul class=\"breadcrumbs thm-breadcrumb list-unstyled\"><li><a class=\"breadcrumb_link\" href=\"https:\/\/zagro.hr\/en\/\"> Home<\/a><\/li><\/ul><h2 class=\"page-title\"><img decoding=\"async\" src=\"http:\/\/zagro.hr\/wp-content\/uploads\/2021\/02\/luczak-maszyny-rolnicze.png\"><\/h2><\/div><\/div>\t\t<\/div>\n\t\t\t\t<\/div>\n\t\t\t\t\t<\/div>\n\t\t<\/div>\n\t\t\t\t\t\t\t<\/div>\n\t\t<\/div>\n\t\t\t\t<div class=\"elementor-section elementor-top-section elementor-element elementor-element-8a2249b elementor-section-boxed elementor-section-height-default elementor-section-height-default nt-section-ripped-top ripped-top-no nt-section-ripped-bottom ripped-bottom-no\" data-id=\"8a2249b\" data-element_type=\"section\">\n\t\t\t\t\t\t<div class=\"elementor-container elementor-column-gap-no\">\n\t\t\t\t\t<div class=\"elementor-column elementor-col-33 elementor-top-column elementor-element elementor-element-26ed5b8a\" data-id=\"26ed5b8a\" data-element_type=\"column\" data-settings=\"{&quot;background_background&quot;:&quot;classic&quot;}\">\n\t\t\t<div class=\"elementor-widget-wrap elementor-element-populated\">\n\t\t\t\t\t\t\t\t<div class=\"elementor-section elementor-inner-section elementor-element elementor-element-412112cb elementor-section-boxed elementor-section-height-default elementor-section-height-default nt-section-ripped-top ripped-top-no nt-section-ripped-bottom ripped-bottom-no\" data-id=\"412112cb\" data-element_type=\"section\" data-settings=\"{&quot;background_background&quot;:&quot;classic&quot;}\">\n\t\t\t\t\t\t<div class=\"elementor-container elementor-column-gap-default\">\n\t\t\t\t\t<div class=\"elementor-column elementor-col-100 elementor-inner-column elementor-element elementor-element-14a6b3f2\" data-id=\"14a6b3f2\" data-element_type=\"column\">\n\t\t\t<div class=\"elementor-widget-wrap elementor-element-populated\">\n\t\t\t\t\t\t\t\t<div class=\"elementor-element elementor-element-2106a23c agrikon-transform transform-type-translate elementor-widget elementor-widget-heading\" data-id=\"2106a23c\" data-element_type=\"widget\" data-widget_type=\"heading.default\">\n\t\t\t\t<div class=\"elementor-widget-container\">\n\t\t\t<div class=\"elementor-heading-title elementor-size-default\"><a href=\"http:\/\/luczakmaszyny.com\"><img decoding=\"async\" src=\"http:\/\/zagro.hr\/wp-content\/uploads\/2021\/02\/luczak-maszyny-rolnicze.png\"><\/a><\/div>\t\t<\/div>\n\t\t\t\t<\/div>\n\t\t\t\t\t<\/div>\n\t\t<\/div>\n\t\t\t\t\t\t\t<\/div>\n\t\t<\/div>\n\t\t\t\t<div class=\"elementor-element elementor-element-5a8e39d9 agrikon-heading-link-#255946 agrikon-transform transform-type-translate elementor-widget elementor-widget-heading\" data-id=\"5a8e39d9\" data-element_type=\"widget\" data-widget_type=\"heading.default\">\n\t\t\t\t<div class=\"elementor-widget-container\">\n\t\t\t<div class=\"elementor-heading-title elementor-size-default\"><a href=\"http:\/\/luczakmaszyny.com\/oferta\/\">Products<\/a><\/div>\t\t<\/div>\n\t\t\t\t<\/div>\n\t\t\t\t<div class=\"elementor-section elementor-inner-section elementor-element elementor-element-5a8ed5f8 elementor-section-boxed elementor-section-height-default elementor-section-height-default nt-section-ripped-top ripped-top-no nt-section-ripped-bottom ripped-bottom-no\" data-id=\"5a8ed5f8\" data-element_type=\"section\" data-settings=\"{&quot;background_background&quot;:&quot;classic&quot;}\">\n\t\t\t\t\t\t\t<div class=\"elementor-background-overlay\"><\/div>\n\t\t\t\t\t\t\t<div class=\"elementor-container elementor-column-gap-no\">\n\t\t\t\t\t<div class=\"elementor-column elementor-col-100 elementor-inner-column elementor-element elementor-element-51b4e36c\" data-id=\"51b4e36c\" data-element_type=\"column\">\n\t\t\t<div class=\"elementor-widget-wrap elementor-element-populated\">\n\t\t\t\t\t\t\t\t<div class=\"elementor-element elementor-element-40abe52b agrikon-transform transform-type-rotate elementor-widget elementor-widget-heading\" data-id=\"40abe52b\" data-element_type=\"widget\" data-widget_type=\"heading.default\">\n\t\t\t\t<div class=\"elementor-widget-container\">\n\t\t\t<h3 class=\"elementor-heading-title elementor-size-default\">Machines for sowing, planting, caring for and treating plants\n<\/h3>\t\t<\/div>\n\t\t\t\t<\/div>\n\t\t\t\t\t<\/div>\n\t\t<\/div>\n\t\t\t\t\t\t\t<\/div>\n\t\t<\/div>\n\t\t\t\t<div class=\"elementor-section elementor-inner-section elementor-element elementor-element-405195ab elementor-section-content-middle elementor-section-boxed elementor-section-height-default elementor-section-height-default nt-section-ripped-top ripped-top-no nt-section-ripped-bottom ripped-bottom-no\" data-id=\"405195ab\" data-element_type=\"section\">\n\t\t\t\t\t\t<div class=\"elementor-container elementor-column-gap-no\">\n\t\t\t\t\t<div class=\"elementor-column elementor-col-100 elementor-inner-column elementor-element elementor-element-8173cb3\" data-id=\"8173cb3\" data-element_type=\"column\">\n\t\t\t<div class=\"elementor-widget-wrap elementor-element-populated\">\n\t\t\t\t\t\t\t\t<div class=\"elementor-element elementor-element-6d577e8d agrikon-transform transform-type-translate elementor-widget elementor-widget-heading\" data-id=\"6d577e8d\" data-element_type=\"widget\" data-widget_type=\"heading.default\">\n\t\t\t\t<div class=\"elementor-widget-container\">\n\t\t\t<h4 class=\"elementor-heading-title elementor-size-default\">Products<\/h4>\t\t<\/div>\n\t\t\t\t<\/div>\n\t\t\t\t<div class=\"elementor-element elementor-element-4364875a elementor-align-left elementor-icon-list--layout-traditional elementor-list-item-link-full_width elementor-widget elementor-widget-icon-list\" data-id=\"4364875a\" data-element_type=\"widget\" data-widget_type=\"icon-list.default\">\n\t\t\t\t<div class=\"elementor-widget-container\">\n\t\t\t\t\t<ul class=\"elementor-icon-list-items\">\n\t\t\t\t\t\t\t<li class=\"elementor-icon-list-item\">\n\t\t\t\t\t\t\t\t\t\t\t<span class=\"elementor-icon-list-icon\">\n\t\t\t\t\t\t\t<i aria-hidden=\"true\" class=\"fas fa-check-circle\"><\/i>\t\t\t\t\t\t<\/span>\n\t\t\t\t\t\t\t\t\t\t<span class=\"elementor-icon-list-text\">VEGETABLE PICKING TRANSPORT<\/span>\n\t\t\t\t\t\t\t\t\t<\/li>\n\t\t\t\t\t\t\t\t<li class=\"elementor-icon-list-item\">\n\t\t\t\t\t\t\t\t\t\t\t<span class=\"elementor-icon-list-icon\">\n\t\t\t\t\t\t\t<i aria-hidden=\"true\" class=\"fas fa-check-circle\"><\/i>\t\t\t\t\t\t<\/span>\n\t\t\t\t\t\t\t\t\t\t<span class=\"elementor-icon-list-text\">SEEDLINGS<\/span>\n\t\t\t\t\t\t\t\t\t<\/li>\n\t\t\t\t\t\t\t\t<li class=\"elementor-icon-list-item\">\n\t\t\t\t\t\t\t\t\t\t\t<span class=\"elementor-icon-list-icon\">\n\t\t\t\t\t\t\t<i aria-hidden=\"true\" class=\"fas fa-check-circle\"><\/i>\t\t\t\t\t\t<\/span>\n\t\t\t\t\t\t\t\t\t\t<span class=\"elementor-icon-list-text\">PLANT COVERING MACHINES<\/span>\n\t\t\t\t\t\t\t\t\t<\/li>\n\t\t\t\t\t\t<\/ul>\n\t\t\t\t<\/div>\n\t\t\t\t<\/div>\n\t\t\t\t\t<\/div>\n\t\t<\/div>\n\t\t\t\t\t\t\t<\/div>\n\t\t<\/div>\n\t\t\t\t<div class=\"elementor-element elementor-element-1b902aef elementor-widget elementor-widget-image\" data-id=\"1b902aef\" data-element_type=\"widget\" data-widget_type=\"image.default\">\n\t\t\t\t<div class=\"elementor-widget-container\">\n\t\t\t\t\t<div class=\"elementor-image\">\n\t\t\t\t\t\t\t\t\t\t<img loading=\"lazy\" decoding=\"async\" width=\"500\" height=\"500\" src=\"https:\/\/zagro.hr\/wp-content\/uploads\/2021\/02\/Sadzarka-karuzelowa-2-rzedowa.-500x500.jpg\" class=\"attachment-agrikon-square size-agrikon-square\" alt=\"Luczak\" srcset=\"https:\/\/zagro.hr\/wp-content\/uploads\/2021\/02\/Sadzarka-karuzelowa-2-rzedowa.-500x500.jpg 500w, https:\/\/zagro.hr\/wp-content\/uploads\/2021\/02\/Sadzarka-karuzelowa-2-rzedowa.-150x150.jpg 150w, https:\/\/zagro.hr\/wp-content\/uploads\/2021\/02\/Sadzarka-karuzelowa-2-rzedowa.-48x48.jpg 48w, https:\/\/zagro.hr\/wp-content\/uploads\/2021\/02\/Sadzarka-karuzelowa-2-rzedowa.-300x300.jpg 300w, https:\/\/zagro.hr\/wp-content\/uploads\/2021\/02\/Sadzarka-karuzelowa-2-rzedowa.-450x450.jpg 450w, https:\/\/zagro.hr\/wp-content\/uploads\/2021\/02\/Sadzarka-karuzelowa-2-rzedowa.-100x100.jpg 100w\" sizes=\"auto, (max-width: 500px) 100vw, 500px\" \/>\t\t\t\t\t\t\t\t\t\t\t<\/div>\n\t\t\t\t<\/div>\n\t\t\t\t<\/div>\n\t\t\t\t\t<\/div>\n\t\t<\/div>\n\t\t\t\t<div class=\"elementor-column elementor-col-66 elementor-top-column elementor-element elementor-element-320c5724\" data-id=\"320c5724\" data-element_type=\"column\">\n\t\t\t<div class=\"elementor-widget-wrap elementor-element-populated\">\n\t\t\t\t\t\t\t\t<div class=\"elementor-element elementor-element-610dde2f elementor-widget elementor-widget-image\" data-id=\"610dde2f\" data-element_type=\"widget\" data-widget_type=\"image.default\">\n\t\t\t\t<div class=\"elementor-widget-container\">\n\t\t\t\t\t<div class=\"elementor-image\">\n\t\t\t\t\t\t\t\t\t\t<img loading=\"lazy\" decoding=\"async\" width=\"750\" height=\"669\" src=\"https:\/\/zagro.hr\/wp-content\/uploads\/2021\/02\/EKO-PIELNIK-LUCZAK-z-rozsiewaczem-nawozu-opryskiwaczem-biopreparatow.-Wlasnosc-przemyslowa.-1-750x669.jpg\" class=\"attachment-agrikon-grid size-agrikon-grid\" alt=\"EKO-PIELNIK-LUCZAK\" \/>\t\t\t\t\t\t\t\t\t\t\t<\/div>\n\t\t\t\t<\/div>\n\t\t\t\t<\/div>\n\t\t\t\t<section class=\"elementor-section elementor-inner-section elementor-element elementor-element-426b1e76 elementor-section-boxed elementor-section-height-default elementor-section-height-default nt-section-ripped-top ripped-top-no nt-section-ripped-bottom ripped-bottom-no\" data-id=\"426b1e76\" data-element_type=\"section\">\n\t\t\t\t\t\t<div class=\"elementor-container elementor-column-gap-default\">\n\t\t\t\t\t<div class=\"elementor-column elementor-col-50 elementor-inner-column elementor-element elementor-element-2d764da1\" data-id=\"2d764da1\" data-element_type=\"column\">\n\t\t\t<div class=\"elementor-widget-wrap elementor-element-populated\">\n\t\t\t\t\t\t\t\t<div class=\"elementor-element elementor-element-6c4201ad elementor-widget elementor-widget-image\" data-id=\"6c4201ad\" data-element_type=\"widget\" data-widget_type=\"image.default\">\n\t\t\t\t<div class=\"elementor-widget-container\">\n\t\t\t\t\t<div class=\"elementor-image\">\n\t\t\t\t\t\t\t\t\t\t<img loading=\"lazy\" decoding=\"async\" width=\"750\" height=\"563\" src=\"https:\/\/zagro.hr\/wp-content\/uploads\/2021\/02\/EKO-pielnik-6-rzedowy-skladany-hydrulicznie-do-kukurydzy.-1-750x563.jpg\" class=\"attachment-agrikon-grid size-agrikon-grid\" alt=\"\" \/>\t\t\t\t\t\t\t\t\t\t\t<\/div>\n\t\t\t\t<\/div>\n\t\t\t\t<\/div>\n\t\t\t\t\t<\/div>\n\t\t<\/div>\n\t\t\t\t<div class=\"elementor-column elementor-col-50 elementor-inner-column elementor-element elementor-element-16e9cc68\" data-id=\"16e9cc68\" data-element_type=\"column\">\n\t\t\t<div class=\"elementor-widget-wrap elementor-element-populated\">\n\t\t\t\t\t\t\t\t<div class=\"elementor-element elementor-element-6220f3f9 elementor-widget elementor-widget-image\" data-id=\"6220f3f9\" data-element_type=\"widget\" data-widget_type=\"image.default\">\n\t\t\t\t<div class=\"elementor-widget-container\">\n\t\t\t\t\t<div class=\"elementor-image\">\n\t\t\t\t\t\t\t\t\t\t<img loading=\"lazy\" decoding=\"async\" width=\"960\" height=\"720\" src=\"https:\/\/zagro.hr\/wp-content\/uploads\/2021\/02\/Transporter-do-zbioru-warzyw-kapustnych-TW-7L-umieszczony-na-przedniej-czesci-ciagnika..jpg\" class=\"attachment-large size-large\" alt=\"Luczak Transporter\" srcset=\"https:\/\/zagro.hr\/wp-content\/uploads\/2021\/02\/Transporter-do-zbioru-warzyw-kapustnych-TW-7L-umieszczony-na-przedniej-czesci-ciagnika..jpg 1000w, https:\/\/zagro.hr\/wp-content\/uploads\/2021\/02\/Transporter-do-zbioru-warzyw-kapustnych-TW-7L-umieszczony-na-przedniej-czesci-ciagnika.-300x225.jpg 300w, https:\/\/zagro.hr\/wp-content\/uploads\/2021\/02\/Transporter-do-zbioru-warzyw-kapustnych-TW-7L-umieszczony-na-przedniej-czesci-ciagnika.-768x576.jpg 768w, https:\/\/zagro.hr\/wp-content\/uploads\/2021\/02\/Transporter-do-zbioru-warzyw-kapustnych-TW-7L-umieszczony-na-przedniej-czesci-ciagnika.-250x188.jpg 250w, https:\/\/zagro.hr\/wp-content\/uploads\/2021\/02\/Transporter-do-zbioru-warzyw-kapustnych-TW-7L-umieszczony-na-przedniej-czesci-ciagnika.-550x413.jpg 550w, https:\/\/zagro.hr\/wp-content\/uploads\/2021\/02\/Transporter-do-zbioru-warzyw-kapustnych-TW-7L-umieszczony-na-przedniej-czesci-ciagnika.-800x600.jpg 800w, https:\/\/zagro.hr\/wp-content\/uploads\/2021\/02\/Transporter-do-zbioru-warzyw-kapustnych-TW-7L-umieszczony-na-przedniej-czesci-ciagnika.-240x180.jpg 240w, https:\/\/zagro.hr\/wp-content\/uploads\/2021\/02\/Transporter-do-zbioru-warzyw-kapustnych-TW-7L-umieszczony-na-przedniej-czesci-ciagnika.-400x300.jpg 400w, https:\/\/zagro.hr\/wp-content\/uploads\/2021\/02\/Transporter-do-zbioru-warzyw-kapustnych-TW-7L-umieszczony-na-przedniej-czesci-ciagnika.-667x500.jpg 667w, https:\/\/zagro.hr\/wp-content\/uploads\/2021\/02\/Transporter-do-zbioru-warzyw-kapustnych-TW-7L-umieszczony-na-przedniej-czesci-ciagnika.-980x735.jpg 980w\" sizes=\"auto, (max-width: 960px) 100vw, 960px\" \/>\t\t\t\t\t\t\t\t\t\t\t<\/div>\n\t\t\t\t<\/div>\n\t\t\t\t<\/div>\n\t\t\t\t\t<\/div>\n\t\t<\/div>\n\t\t\t\t\t\t\t<\/div>\n\t\t<\/section>\n\t\t\t\t<div class=\"elementor-element elementor-element-5ee6577e agrikon-transform transform-type-translate elementor-widget elementor-widget-heading\" data-id=\"5ee6577e\" data-element_type=\"widget\" data-widget_type=\"heading.default\">\n\t\t\t\t<div class=\"elementor-widget-container\">\n\t\t\t<h2 class=\"elementor-heading-title elementor-size-default\">Luczak-Machines for sowing, planting, care and processing of plants<\/h2>\t\t<\/div>\n\t\t\t\t<\/div>\n\t\t\t\t<div class=\"elementor-element elementor-element-71c68e60 elementor-widget elementor-widget-text-editor\" data-id=\"71c68e60\" data-element_type=\"widget\" data-widget_type=\"text-editor.default\">\n\t\t\t\t<div class=\"elementor-widget-container\">\n\t\t\t\t\t<div class=\"elementor-text-editor elementor-clearfix\"><p class=\" translation-block\">Luczak has existed since 1985. It is owned by Stanis\u0142aw and Marianne \u0141uczak. From the beginning, the company has been producing innovative agricultural machinery.<\/p><p><span class=\"tekst1\"><span>Our machines and the achievements of the company have repeatedly reached not only the industrial media, information about our products and innovations can be found on television, on portals.<\/span><\/span><\/p><p class=\" translation-block\">As early as 1989, the plant was entered in the register of innovation and implementation units. In the mid-1990s, we achieved our first significant successes in Poland and abroad, winning awards at numerous industrial exhibitions and competitions.<\/p><\/div>\n\t\t\t\t<\/div>\n\t\t\t\t<\/div>\n\t\t\t\t<div class=\"elementor-element elementor-element-4422aa81 elementor-widget elementor-widget-agrikon-button\" data-id=\"4422aa81\" data-element_type=\"widget\" data-widget_type=\"agrikon-button.default\">\n\t\t\t\t<div class=\"elementor-widget-container\">\n\t\t\t<div class=\"agrikon-button\"><a class=\"agrikon-btn thm-btn\" href=\"https:\/\/zagro.hr\/en\/kontakt\/\">Contact us <\/a><\/div>\t\t<\/div>\n\t\t\t\t<\/div>\n\t\t\t\t\t<\/div>\n\t\t<\/div>\n\t\t\t\t\t\t\t<\/div>\n\t\t<\/div>\n\t\t\t\t\t\t<\/div>\n\t\t\t\t\t<\/div>","protected":false},"excerpt":{"rendered":"<p>Home Proizvodi Strojevi za sijevanje, sadnju, njegu i obradu bilja Proizvodi TRANSPORTI ZA BRANJE POVR\u0106A SADNICE STROJEVI ZA POKRIVANJE BILJAKA Luczak-Strojevi za sijevanje, sadnju, njegu i obradu bilja Luczak postoji od 1985. godine. U vlasni\u0161tvu je Stanis\u0142awa i Marianne \u0141uczak.\u00a0Od po\u010detka tvrtka proizvodi inovativne strojeve za poljoprivredu.\u00a0 Na\u0161i strojevi i dostignu\u0107a tvrtke vi\u0161e su puta&#8230;<\/p>","protected":false},"author":1,"featured_media":0,"parent":0,"menu_order":0,"comment_status":"closed","ping_status":"closed","template":"","meta":{"bgseo_title":"Luczak","bgseo_description":"Luczak postoji od 1985. godine. U vlasni\u0161tvu je Stanis\u0142awa i Marianne \u0141uczak. Od po\u010detka tvrtka proizvodi inovativne strojeve za poljoprivredu. ","bgseo_robots_index":"index","bgseo_robots_follow":"follow","footnotes":""},"class_list":{"0":"post-5090","1":"page","2":"type-page","3":"status-publish","4":"hentry","5":"nt-post-class","6":"","8":"thumb-none","10":"excerpt-none"},"yoast_head":"<!-- This site is optimized with the Yoast SEO plugin v16.5 - https:\/\/yoast.com\/wordpress\/plugins\/seo\/ -->\n<title>Luczak<\/title>\n<meta name=\"description\" content=\"Luczak postoji od 1985. godine. U vlasni\u0161tvu je Stanis\u0142awa i Marianne \u0141uczak. Od po\u010detka tvrtka proizvodi inovativne strojeve za poljoprivredu.\" \/>\n<meta name=\"robots\" content=\"index, follow, max-snippet:-1, max-image-preview:large, max-video-preview:-1\" \/>\n<link rel=\"canonical\" href=\"https:\/\/zagro.hr\/en\/luczak\/\" \/>\n<meta property=\"og:locale\" content=\"en_GB\" \/>\n<meta property=\"og:type\" content=\"article\" \/>\n<meta property=\"og:title\" content=\"Luczak - Zagro d.o.o.\" \/>\n<meta property=\"og:description\" content=\"Luczak postoji od 1985. godine. U vlasni\u0161tvu je Stanis\u0142awa i Marianne \u0141uczak. Od po\u010detka tvrtka proizvodi inovativne strojeve za poljoprivredu.\" \/>\n<meta property=\"og:url\" content=\"https:\/\/zagro.hr\/en\/luczak\/\" \/>\n<meta property=\"og:site_name\" content=\"Zagro d.o.o.\" \/>\n<meta property=\"article:modified_time\" content=\"2022-01-22T10:08:07+00:00\" \/>\n<meta property=\"og:image\" content=\"http:\/\/zagro.hr\/wp-content\/uploads\/2021\/02\/luczak-maszyny-rolnicze.png\" \/>\n<meta name=\"twitter:card\" content=\"summary_large_image\" \/>\n<meta name=\"twitter:label1\" content=\"Estimated reading time\" \/>\n\t<meta name=\"twitter:data1\" content=\"2 minutes\" \/>\n<script type=\"application\/ld+json\" class=\"yoast-schema-graph\">{\"@context\":\"https:\/\/schema.org\",\"@graph\":[{\"@type\":\"Organization\",\"@id\":\"https:\/\/zagro.hr\/#organization\",\"name\":\"Zagro d.o.o.\",\"url\":\"https:\/\/zagro.hr\/\",\"sameAs\":[],\"logo\":{\"@type\":\"ImageObject\",\"@id\":\"https:\/\/zagro.hr\/#logo\",\"inLanguage\":\"en-GB\",\"url\":\"https:\/\/zagro.hr\/wp-content\/uploads\/2021\/01\/logo-1-e1461010389735.png\",\"contentUrl\":\"https:\/\/zagro.hr\/wp-content\/uploads\/2021\/01\/logo-1-e1461010389735.png\",\"width\":200,\"height\":100,\"caption\":\"Zagro d.o.o.\"},\"image\":{\"@id\":\"https:\/\/zagro.hr\/#logo\"}},{\"@type\":\"WebSite\",\"@id\":\"https:\/\/zagro.hr\/#website\",\"url\":\"https:\/\/zagro.hr\/\",\"name\":\"Zagro d.o.o.\",\"description\":\"\",\"publisher\":{\"@id\":\"https:\/\/zagro.hr\/#organization\"},\"potentialAction\":[{\"@type\":\"SearchAction\",\"target\":\"https:\/\/zagro.hr\/?s={search_term_string}\",\"query-input\":\"required name=search_term_string\"}],\"inLanguage\":\"en-GB\"},{\"@type\":\"ImageObject\",\"@id\":\"https:\/\/zagro.hr\/luczak\/#primaryimage\",\"inLanguage\":\"en-GB\",\"url\":\"http:\/\/zagro.hr\/wp-content\/uploads\/2021\/02\/luczak-maszyny-rolnicze.png\",\"contentUrl\":\"http:\/\/zagro.hr\/wp-content\/uploads\/2021\/02\/luczak-maszyny-rolnicze.png\"},{\"@type\":\"WebPage\",\"@id\":\"https:\/\/zagro.hr\/luczak\/#webpage\",\"url\":\"https:\/\/zagro.hr\/luczak\/\",\"name\":\"Luczak - Zagro d.o.o.\",\"isPartOf\":{\"@id\":\"https:\/\/zagro.hr\/#website\"},\"primaryImageOfPage\":{\"@id\":\"https:\/\/zagro.hr\/luczak\/#primaryimage\"},\"datePublished\":\"2021-02-15T10:19:10+00:00\",\"dateModified\":\"2022-01-22T10:08:07+00:00\",\"description\":\"Luczak postoji od 1985. godine. U vlasni\\u0161tvu je Stanis\\u0142awa i Marianne \\u0141uczak. Od po\\u010detka tvrtka proizvodi inovativne strojeve za poljoprivredu.\",\"breadcrumb\":{\"@id\":\"https:\/\/zagro.hr\/luczak\/#breadcrumb\"},\"inLanguage\":\"en-GB\",\"potentialAction\":[{\"@type\":\"ReadAction\",\"target\":[\"https:\/\/zagro.hr\/luczak\/\"]}]},{\"@type\":\"BreadcrumbList\",\"@id\":\"https:\/\/zagro.hr\/luczak\/#breadcrumb\",\"itemListElement\":[{\"@type\":\"ListItem\",\"position\":1,\"name\":\"Po\\u010detna stranica\",\"item\":\"https:\/\/zagro.hr\/\"},{\"@type\":\"ListItem\",\"position\":2,\"name\":\"Luczak\"}]}]}<\/script>\n<!-- \/ Yoast SEO plugin. -->","_links":{"self":[{"href":"https:\/\/zagro.hr\/en\/wp-json\/wp\/v2\/pages\/5090","targetHints":{"allow":["GET"]}}],"collection":[{"href":"https:\/\/zagro.hr\/en\/wp-json\/wp\/v2\/pages"}],"about":[{"href":"https:\/\/zagro.hr\/en\/wp-json\/wp\/v2\/types\/page"}],"author":[{"embeddable":true,"href":"https:\/\/zagro.hr\/en\/wp-json\/wp\/v2\/users\/1"}],"replies":[{"embeddable":true,"href":"https:\/\/zagro.hr\/en\/wp-json\/wp\/v2\/comments?post=5090"}],"version-history":[{"count":10,"href":"https:\/\/zagro.hr\/en\/wp-json\/wp\/v2\/pages\/5090\/revisions"}],"predecessor-version":[{"id":5690,"href":"https:\/\/zagro.hr\/en\/wp-json\/wp\/v2\/pages\/5090\/revisions\/5690"}],"wp:attachment":[{"href":"https:\/\/zagro.hr\/en\/wp-json\/wp\/v2\/media?parent=5090"}],"curies":[{"name":"wp","href":"https:\/\/api.w.org\/{rel}","templated":true}]}}