{"id":5989,"date":"2024-05-09T15:16:27","date_gmt":"2024-05-09T13:16:27","guid":{"rendered":"https:\/\/zagro.hr\/?page_id=5989"},"modified":"2024-05-13T11:52:46","modified_gmt":"2024-05-13T09:52:46","slug":"giro","status":"publish","type":"page","link":"https:\/\/zagro.hr\/en\/giro\/","title":{"rendered":"Giro"},"content":{"rendered":"<div data-elementor-type=\"wp-page\" data-elementor-id=\"5989\" class=\"elementor elementor-5989\" data-elementor-settings=\"[]\">\n\t\t\t\t\t\t\t<div class=\"elementor-section-wrap\">\n\t\t\t\t\t\t\t<div class=\"elementor-section elementor-top-section elementor-element elementor-element-c8315a4 elementor-section-full_width elementor-section-height-default elementor-section-height-default nt-section-ripped-top ripped-top-no nt-section-ripped-bottom ripped-bottom-no\" data-id=\"c8315a4\" data-element_type=\"section\">\n\t\t\t\t\t\t<div class=\"elementor-container elementor-column-gap-no\">\n\t\t\t\t\t<div class=\"elementor-column elementor-col-100 elementor-top-column elementor-element elementor-element-5a27a41\" data-id=\"5a27a41\" data-element_type=\"column\">\n\t\t\t<div class=\"elementor-widget-wrap elementor-element-populated\">\n\t\t\t\t\t\t\t\t<div class=\"elementor-element elementor-element-4e5250b elementor-widget elementor-widget-agrikon-page-hero\" data-id=\"4e5250b\" data-element_type=\"widget\" data-widget_type=\"agrikon-page-hero.default\">\n\t\t\t\t<div class=\"elementor-widget-container\">\n\t\t\t<div class=\"page-header\"><div class=\"page-header__bg\"><\/div><div class=\"container\"><ul class=\"breadcrumbs thm-breadcrumb list-unstyled\"><li><a class=\"breadcrumb_link\" href=\"https:\/\/zagro.hr\/en\/\"> Home<\/a><\/li><\/ul><h2 class=\"page-title\"><img decoding=\"async\" src=\"https:\/\/zagro.hr\/wp-content\/uploads\/2024\/05\/logo_giro_doing_better-100.png\"><\/h2><\/div><\/div>\t\t<\/div>\n\t\t\t\t<\/div>\n\t\t\t\t\t<\/div>\n\t\t<\/div>\n\t\t\t\t\t\t\t<\/div>\n\t\t<\/div>\n\t\t\t\t<div class=\"elementor-section elementor-top-section elementor-element elementor-element-2472444 elementor-section-boxed elementor-section-height-default elementor-section-height-default nt-section-ripped-top ripped-top-no nt-section-ripped-bottom ripped-bottom-no\" data-id=\"2472444\" data-element_type=\"section\">\n\t\t\t\t\t\t<div class=\"elementor-container elementor-column-gap-no\">\n\t\t\t\t\t<div class=\"elementor-column elementor-col-33 elementor-top-column elementor-element elementor-element-59d7fa6\" data-id=\"59d7fa6\" data-element_type=\"column\" data-settings=\"{&quot;background_background&quot;:&quot;classic&quot;}\">\n\t\t\t<div class=\"elementor-widget-wrap elementor-element-populated\">\n\t\t\t\t\t\t\t\t<div class=\"elementor-section elementor-inner-section elementor-element elementor-element-713d062 elementor-section-boxed elementor-section-height-default elementor-section-height-default nt-section-ripped-top ripped-top-no nt-section-ripped-bottom ripped-bottom-no\" data-id=\"713d062\" data-element_type=\"section\" data-settings=\"{&quot;background_background&quot;:&quot;classic&quot;}\">\n\t\t\t\t\t\t<div class=\"elementor-container elementor-column-gap-default\">\n\t\t\t\t\t<div class=\"elementor-column elementor-col-100 elementor-inner-column elementor-element elementor-element-6a91259\" data-id=\"6a91259\" data-element_type=\"column\">\n\t\t\t<div class=\"elementor-widget-wrap elementor-element-populated\">\n\t\t\t\t\t\t\t\t<div class=\"elementor-element elementor-element-6c077ff agrikon-transform transform-type-translate elementor-widget elementor-widget-heading\" data-id=\"6c077ff\" data-element_type=\"widget\" data-widget_type=\"heading.default\">\n\t\t\t\t<div class=\"elementor-widget-container\">\n\t\t\t<div class=\"elementor-heading-title elementor-size-default\"><a href=\"https:\/\/giro.es\/en\"><img decoding=\"async\" src=\"https:\/\/zagro.hr\/wp-content\/uploads\/2024\/05\/Grup-Giro.jpg\"><\/a><\/div>\t\t<\/div>\n\t\t\t\t<\/div>\n\t\t\t\t<div class=\"elementor-element elementor-element-22f3760 elementor-widget elementor-widget-text-editor\" data-id=\"22f3760\" data-element_type=\"widget\" data-widget_type=\"text-editor.default\">\n\t\t\t\t<div class=\"elementor-widget-container\">\n\t\t\t\t\t<div class=\"elementor-text-editor elementor-clearfix\"><p><a href=\"https:\/\/giro.es\/en\" target=\"_blank\" rel=\"noopener\">www.giro.es<\/a><\/p><\/div>\n\t\t\t\t<\/div>\n\t\t\t\t<\/div>\n\t\t\t\t<div class=\"elementor-element elementor-element-e953fe2 agrikon-heading-link-#255946 agrikon-transform transform-type-translate elementor-widget elementor-widget-heading\" data-id=\"e953fe2\" data-element_type=\"widget\" data-widget_type=\"heading.default\">\n\t\t\t\t<div class=\"elementor-widget-container\">\n\t\t\t<div class=\"elementor-heading-title elementor-size-default\"><a href=\"#\" target=\"_blank\">Products<\/a><\/div>\t\t<\/div>\n\t\t\t\t<\/div>\n\t\t\t\t\t<\/div>\n\t\t<\/div>\n\t\t\t\t\t\t\t<\/div>\n\t\t<\/div>\n\t\t\t\t<div class=\"elementor-element elementor-element-a6fe582 elementor-widget elementor-widget-image\" data-id=\"a6fe582\" data-element_type=\"widget\" data-widget_type=\"image.default\">\n\t\t\t\t<div class=\"elementor-widget-container\">\n\t\t\t\t\t<div class=\"elementor-image\">\n\t\t\t\t\t\t\t\t\t\t<img loading=\"lazy\" decoding=\"async\" width=\"500\" height=\"500\" src=\"https:\/\/zagro.hr\/wp-content\/uploads\/2024\/05\/ultrabag_giro_1.png\" class=\"attachment-agrikon-square size-agrikon-square\" alt=\"\" srcset=\"https:\/\/zagro.hr\/wp-content\/uploads\/2024\/05\/ultrabag_giro_1.png 500w, https:\/\/zagro.hr\/wp-content\/uploads\/2024\/05\/ultrabag_giro_1-300x300.png 300w, https:\/\/zagro.hr\/wp-content\/uploads\/2024\/05\/ultrabag_giro_1-150x150.png 150w, https:\/\/zagro.hr\/wp-content\/uploads\/2024\/05\/ultrabag_giro_1-12x12.png 12w, https:\/\/zagro.hr\/wp-content\/uploads\/2024\/05\/ultrabag_giro_1-48x48.png 48w, https:\/\/zagro.hr\/wp-content\/uploads\/2024\/05\/ultrabag_giro_1-250x250.png 250w, https:\/\/zagro.hr\/wp-content\/uploads\/2024\/05\/ultrabag_giro_1-180x180.png 180w, https:\/\/zagro.hr\/wp-content\/uploads\/2024\/05\/ultrabag_giro_1-450x450.png 450w, https:\/\/zagro.hr\/wp-content\/uploads\/2024\/05\/ultrabag_giro_1-100x100.png 100w\" sizes=\"auto, (max-width: 500px) 100vw, 500px\" \/>\t\t\t\t\t\t\t\t\t\t\t<\/div>\n\t\t\t\t<\/div>\n\t\t\t\t<\/div>\n\t\t\t\t<div class=\"elementor-element elementor-element-e2434a5 elementor-widget elementor-widget-image\" data-id=\"e2434a5\" data-element_type=\"widget\" data-widget_type=\"image.default\">\n\t\t\t\t<div class=\"elementor-widget-container\">\n\t\t\t\t\t<div class=\"elementor-image\">\n\t\t\t\t\t\t\t\t\t\t<img loading=\"lazy\" decoding=\"async\" width=\"500\" height=\"500\" src=\"https:\/\/zagro.hr\/wp-content\/uploads\/2024\/05\/clems_producto_web_0.png\" class=\"attachment-agrikon-square size-agrikon-square\" alt=\"\" srcset=\"https:\/\/zagro.hr\/wp-content\/uploads\/2024\/05\/clems_producto_web_0.png 500w, https:\/\/zagro.hr\/wp-content\/uploads\/2024\/05\/clems_producto_web_0-300x300.png 300w, https:\/\/zagro.hr\/wp-content\/uploads\/2024\/05\/clems_producto_web_0-150x150.png 150w, https:\/\/zagro.hr\/wp-content\/uploads\/2024\/05\/clems_producto_web_0-12x12.png 12w, https:\/\/zagro.hr\/wp-content\/uploads\/2024\/05\/clems_producto_web_0-48x48.png 48w, https:\/\/zagro.hr\/wp-content\/uploads\/2024\/05\/clems_producto_web_0-250x250.png 250w, https:\/\/zagro.hr\/wp-content\/uploads\/2024\/05\/clems_producto_web_0-180x180.png 180w, https:\/\/zagro.hr\/wp-content\/uploads\/2024\/05\/clems_producto_web_0-450x450.png 450w, https:\/\/zagro.hr\/wp-content\/uploads\/2024\/05\/clems_producto_web_0-100x100.png 100w\" sizes=\"auto, (max-width: 500px) 100vw, 500px\" \/>\t\t\t\t\t\t\t\t\t\t\t<\/div>\n\t\t\t\t<\/div>\n\t\t\t\t<\/div>\n\t\t\t\t<div class=\"elementor-element elementor-element-8dfebdb elementor-widget elementor-widget-image\" data-id=\"8dfebdb\" data-element_type=\"widget\" data-widget_type=\"image.default\">\n\t\t\t\t<div class=\"elementor-widget-container\">\n\t\t\t\t\t<div class=\"elementor-image\">\n\t\t\t\t\t\t\t\t\t\t<img loading=\"lazy\" decoding=\"async\" width=\"500\" height=\"500\" src=\"https:\/\/zagro.hr\/wp-content\/uploads\/2024\/05\/girplusac_giro_1.png\" class=\"attachment-agrikon-square size-agrikon-square\" alt=\"\" srcset=\"https:\/\/zagro.hr\/wp-content\/uploads\/2024\/05\/girplusac_giro_1.png 500w, https:\/\/zagro.hr\/wp-content\/uploads\/2024\/05\/girplusac_giro_1-300x300.png 300w, https:\/\/zagro.hr\/wp-content\/uploads\/2024\/05\/girplusac_giro_1-150x150.png 150w, https:\/\/zagro.hr\/wp-content\/uploads\/2024\/05\/girplusac_giro_1-12x12.png 12w, https:\/\/zagro.hr\/wp-content\/uploads\/2024\/05\/girplusac_giro_1-48x48.png 48w, https:\/\/zagro.hr\/wp-content\/uploads\/2024\/05\/girplusac_giro_1-250x250.png 250w, https:\/\/zagro.hr\/wp-content\/uploads\/2024\/05\/girplusac_giro_1-180x180.png 180w, https:\/\/zagro.hr\/wp-content\/uploads\/2024\/05\/girplusac_giro_1-450x450.png 450w, https:\/\/zagro.hr\/wp-content\/uploads\/2024\/05\/girplusac_giro_1-100x100.png 100w\" sizes=\"auto, (max-width: 500px) 100vw, 500px\" \/>\t\t\t\t\t\t\t\t\t\t\t<\/div>\n\t\t\t\t<\/div>\n\t\t\t\t<\/div>\n\t\t\t\t\t<\/div>\n\t\t<\/div>\n\t\t\t\t<div class=\"elementor-column elementor-col-66 elementor-top-column elementor-element elementor-element-b32df19\" data-id=\"b32df19\" data-element_type=\"column\">\n\t\t\t<div class=\"elementor-widget-wrap elementor-element-populated\">\n\t\t\t\t\t\t\t\t<div class=\"elementor-element elementor-element-ca3e392 elementor-widget elementor-widget-image\" data-id=\"ca3e392\" data-element_type=\"widget\" data-widget_type=\"image.default\">\n\t\t\t\t<div class=\"elementor-widget-container\">\n\t\t\t\t\t<div class=\"elementor-image\">\n\t\t\t\t\t\t\t\t\t\t<img loading=\"lazy\" decoding=\"async\" width=\"960\" height=\"960\" src=\"https:\/\/zagro.hr\/wp-content\/uploads\/2024\/05\/gb-s_quadrat-1-1024x1024.png\" class=\"attachment-large size-large\" alt=\"\" srcset=\"https:\/\/zagro.hr\/wp-content\/uploads\/2024\/05\/gb-s_quadrat-1-1024x1024.png 1024w, https:\/\/zagro.hr\/wp-content\/uploads\/2024\/05\/gb-s_quadrat-1-300x300.png 300w, https:\/\/zagro.hr\/wp-content\/uploads\/2024\/05\/gb-s_quadrat-1-150x150.png 150w, https:\/\/zagro.hr\/wp-content\/uploads\/2024\/05\/gb-s_quadrat-1-768x768.png 768w, https:\/\/zagro.hr\/wp-content\/uploads\/2024\/05\/gb-s_quadrat-1-1536x1536.png 1536w, https:\/\/zagro.hr\/wp-content\/uploads\/2024\/05\/gb-s_quadrat-1-2048x2048.png 2048w, https:\/\/zagro.hr\/wp-content\/uploads\/2024\/05\/gb-s_quadrat-1-12x12.png 12w, https:\/\/zagro.hr\/wp-content\/uploads\/2024\/05\/gb-s_quadrat-1-500x500.png 500w, https:\/\/zagro.hr\/wp-content\/uploads\/2024\/05\/gb-s_quadrat-1-750x750.png 750w, https:\/\/zagro.hr\/wp-content\/uploads\/2024\/05\/gb-s_quadrat-1-48x48.png 48w, https:\/\/zagro.hr\/wp-content\/uploads\/2024\/05\/gb-s_quadrat-1-250x250.png 250w, https:\/\/zagro.hr\/wp-content\/uploads\/2024\/05\/gb-s_quadrat-1-550x550.png 550w, https:\/\/zagro.hr\/wp-content\/uploads\/2024\/05\/gb-s_quadrat-1-800x800.png 800w, https:\/\/zagro.hr\/wp-content\/uploads\/2024\/05\/gb-s_quadrat-1-180x180.png 180w, https:\/\/zagro.hr\/wp-content\/uploads\/2024\/05\/gb-s_quadrat-1-450x450.png 450w, https:\/\/zagro.hr\/wp-content\/uploads\/2024\/05\/gb-s_quadrat-1-980x980.png 980w, https:\/\/zagro.hr\/wp-content\/uploads\/2024\/05\/gb-s_quadrat-1-100x100.png 100w\" sizes=\"auto, (max-width: 960px) 100vw, 960px\" \/>\t\t\t\t\t\t\t\t\t\t\t<\/div>\n\t\t\t\t<\/div>\n\t\t\t\t<\/div>\n\t\t\t\t<section class=\"elementor-section elementor-inner-section elementor-element elementor-element-1e63add elementor-section-boxed elementor-section-height-default elementor-section-height-default nt-section-ripped-top ripped-top-no nt-section-ripped-bottom ripped-bottom-no\" data-id=\"1e63add\" data-element_type=\"section\">\n\t\t\t\t\t\t<div class=\"elementor-container elementor-column-gap-default\">\n\t\t\t\t\t<div class=\"elementor-column elementor-col-25 elementor-inner-column elementor-element elementor-element-966c844\" data-id=\"966c844\" data-element_type=\"column\">\n\t\t\t<div class=\"elementor-widget-wrap elementor-element-populated\">\n\t\t\t\t\t\t\t\t<div class=\"elementor-element elementor-element-32b17f6 elementor-widget elementor-widget-image\" data-id=\"32b17f6\" data-element_type=\"widget\" data-widget_type=\"image.default\">\n\t\t\t\t<div class=\"elementor-widget-container\">\n\t\t\t\t\t<div class=\"elementor-image\">\n\t\t\t\t\t\t\t\t\t\t<img loading=\"lazy\" decoding=\"async\" width=\"1080\" height=\"1081\" src=\"https:\/\/zagro.hr\/wp-content\/uploads\/2024\/05\/gircel_girsac.png\" class=\"attachment-full size-full\" alt=\"\" srcset=\"https:\/\/zagro.hr\/wp-content\/uploads\/2024\/05\/gircel_girsac.png 1080w, https:\/\/zagro.hr\/wp-content\/uploads\/2024\/05\/gircel_girsac-300x300.png 300w, https:\/\/zagro.hr\/wp-content\/uploads\/2024\/05\/gircel_girsac-1024x1024.png 1024w, https:\/\/zagro.hr\/wp-content\/uploads\/2024\/05\/gircel_girsac-150x150.png 150w, https:\/\/zagro.hr\/wp-content\/uploads\/2024\/05\/gircel_girsac-768x769.png 768w, https:\/\/zagro.hr\/wp-content\/uploads\/2024\/05\/gircel_girsac-12x12.png 12w, https:\/\/zagro.hr\/wp-content\/uploads\/2024\/05\/gircel_girsac-500x500.png 500w, https:\/\/zagro.hr\/wp-content\/uploads\/2024\/05\/gircel_girsac-750x750.png 750w, https:\/\/zagro.hr\/wp-content\/uploads\/2024\/05\/gircel_girsac-48x48.png 48w, https:\/\/zagro.hr\/wp-content\/uploads\/2024\/05\/gircel_girsac-250x250.png 250w, https:\/\/zagro.hr\/wp-content\/uploads\/2024\/05\/gircel_girsac-550x551.png 550w, https:\/\/zagro.hr\/wp-content\/uploads\/2024\/05\/gircel_girsac-800x801.png 800w, https:\/\/zagro.hr\/wp-content\/uploads\/2024\/05\/gircel_girsac-180x180.png 180w, https:\/\/zagro.hr\/wp-content\/uploads\/2024\/05\/gircel_girsac-450x450.png 450w, https:\/\/zagro.hr\/wp-content\/uploads\/2024\/05\/gircel_girsac-980x981.png 980w, https:\/\/zagro.hr\/wp-content\/uploads\/2024\/05\/gircel_girsac-100x100.png 100w\" sizes=\"auto, (max-width: 1080px) 100vw, 1080px\" \/>\t\t\t\t\t\t\t\t\t\t\t<\/div>\n\t\t\t\t<\/div>\n\t\t\t\t<\/div>\n\t\t\t\t\t<\/div>\n\t\t<\/div>\n\t\t\t\t<div class=\"elementor-column elementor-col-25 elementor-inner-column elementor-element elementor-element-a3f02fc\" data-id=\"a3f02fc\" data-element_type=\"column\">\n\t\t\t<div class=\"elementor-widget-wrap elementor-element-populated\">\n\t\t\t\t\t\t\t\t<div class=\"elementor-element elementor-element-3ce8fd6 elementor-widget elementor-widget-image\" data-id=\"3ce8fd6\" data-element_type=\"widget\" data-widget_type=\"image.default\">\n\t\t\t\t<div class=\"elementor-widget-container\">\n\t\t\t\t\t<div class=\"elementor-image\">\n\t\t\t\t\t\t\t\t\t\t<img loading=\"lazy\" decoding=\"async\" width=\"1080\" height=\"1081\" src=\"https:\/\/zagro.hr\/wp-content\/uploads\/2024\/05\/gircel_bobina_film.png\" class=\"attachment-full size-full\" alt=\"\" srcset=\"https:\/\/zagro.hr\/wp-content\/uploads\/2024\/05\/gircel_bobina_film.png 1080w, https:\/\/zagro.hr\/wp-content\/uploads\/2024\/05\/gircel_bobina_film-300x300.png 300w, https:\/\/zagro.hr\/wp-content\/uploads\/2024\/05\/gircel_bobina_film-1024x1024.png 1024w, https:\/\/zagro.hr\/wp-content\/uploads\/2024\/05\/gircel_bobina_film-150x150.png 150w, https:\/\/zagro.hr\/wp-content\/uploads\/2024\/05\/gircel_bobina_film-768x769.png 768w, https:\/\/zagro.hr\/wp-content\/uploads\/2024\/05\/gircel_bobina_film-12x12.png 12w, https:\/\/zagro.hr\/wp-content\/uploads\/2024\/05\/gircel_bobina_film-500x500.png 500w, https:\/\/zagro.hr\/wp-content\/uploads\/2024\/05\/gircel_bobina_film-750x750.png 750w, https:\/\/zagro.hr\/wp-content\/uploads\/2024\/05\/gircel_bobina_film-48x48.png 48w, https:\/\/zagro.hr\/wp-content\/uploads\/2024\/05\/gircel_bobina_film-250x250.png 250w, https:\/\/zagro.hr\/wp-content\/uploads\/2024\/05\/gircel_bobina_film-550x551.png 550w, https:\/\/zagro.hr\/wp-content\/uploads\/2024\/05\/gircel_bobina_film-800x801.png 800w, https:\/\/zagro.hr\/wp-content\/uploads\/2024\/05\/gircel_bobina_film-180x180.png 180w, https:\/\/zagro.hr\/wp-content\/uploads\/2024\/05\/gircel_bobina_film-450x450.png 450w, https:\/\/zagro.hr\/wp-content\/uploads\/2024\/05\/gircel_bobina_film-980x981.png 980w, https:\/\/zagro.hr\/wp-content\/uploads\/2024\/05\/gircel_bobina_film-100x100.png 100w\" sizes=\"auto, (max-width: 1080px) 100vw, 1080px\" \/>\t\t\t\t\t\t\t\t\t\t\t<\/div>\n\t\t\t\t<\/div>\n\t\t\t\t<\/div>\n\t\t\t\t\t<\/div>\n\t\t<\/div>\n\t\t\t\t<div class=\"elementor-column elementor-col-25 elementor-inner-column elementor-element elementor-element-e9bd675\" data-id=\"e9bd675\" data-element_type=\"column\">\n\t\t\t<div class=\"elementor-widget-wrap elementor-element-populated\">\n\t\t\t\t\t\t\t\t<div class=\"elementor-element elementor-element-8e711c3 elementor-widget elementor-widget-image\" data-id=\"8e711c3\" data-element_type=\"widget\" data-widget_type=\"image.default\">\n\t\t\t\t<div class=\"elementor-widget-container\">\n\t\t\t\t\t<div class=\"elementor-image\">\n\t\t\t\t\t\t\t\t\t\t<img loading=\"lazy\" decoding=\"async\" width=\"500\" height=\"500\" src=\"https:\/\/zagro.hr\/wp-content\/uploads\/2024\/05\/girplus_giro_0.png\" class=\"attachment-full size-full\" alt=\"\" srcset=\"https:\/\/zagro.hr\/wp-content\/uploads\/2024\/05\/girplus_giro_0.png 500w, https:\/\/zagro.hr\/wp-content\/uploads\/2024\/05\/girplus_giro_0-300x300.png 300w, https:\/\/zagro.hr\/wp-content\/uploads\/2024\/05\/girplus_giro_0-150x150.png 150w, https:\/\/zagro.hr\/wp-content\/uploads\/2024\/05\/girplus_giro_0-12x12.png 12w, https:\/\/zagro.hr\/wp-content\/uploads\/2024\/05\/girplus_giro_0-48x48.png 48w, https:\/\/zagro.hr\/wp-content\/uploads\/2024\/05\/girplus_giro_0-250x250.png 250w, https:\/\/zagro.hr\/wp-content\/uploads\/2024\/05\/girplus_giro_0-180x180.png 180w, https:\/\/zagro.hr\/wp-content\/uploads\/2024\/05\/girplus_giro_0-450x450.png 450w, https:\/\/zagro.hr\/wp-content\/uploads\/2024\/05\/girplus_giro_0-100x100.png 100w\" sizes=\"auto, (max-width: 500px) 100vw, 500px\" \/>\t\t\t\t\t\t\t\t\t\t\t<\/div>\n\t\t\t\t<\/div>\n\t\t\t\t<\/div>\n\t\t\t\t\t<\/div>\n\t\t<\/div>\n\t\t\t\t<div class=\"elementor-column elementor-col-25 elementor-inner-column elementor-element elementor-element-773079e\" data-id=\"773079e\" data-element_type=\"column\">\n\t\t\t<div class=\"elementor-widget-wrap elementor-element-populated\">\n\t\t\t\t\t\t\t\t<div class=\"elementor-element elementor-element-706df41 elementor-widget elementor-widget-image\" data-id=\"706df41\" data-element_type=\"widget\" data-widget_type=\"image.default\">\n\t\t\t\t<div class=\"elementor-widget-container\">\n\t\t\t\t\t<div class=\"elementor-image\">\n\t\t\t\t\t\t\t\t\t\t<img loading=\"lazy\" decoding=\"async\" width=\"500\" height=\"500\" src=\"https:\/\/zagro.hr\/wp-content\/uploads\/2024\/05\/wg_giro_1.png\" class=\"attachment-full size-full\" alt=\"\" srcset=\"https:\/\/zagro.hr\/wp-content\/uploads\/2024\/05\/wg_giro_1.png 500w, https:\/\/zagro.hr\/wp-content\/uploads\/2024\/05\/wg_giro_1-300x300.png 300w, https:\/\/zagro.hr\/wp-content\/uploads\/2024\/05\/wg_giro_1-150x150.png 150w, https:\/\/zagro.hr\/wp-content\/uploads\/2024\/05\/wg_giro_1-12x12.png 12w, https:\/\/zagro.hr\/wp-content\/uploads\/2024\/05\/wg_giro_1-48x48.png 48w, https:\/\/zagro.hr\/wp-content\/uploads\/2024\/05\/wg_giro_1-250x250.png 250w, https:\/\/zagro.hr\/wp-content\/uploads\/2024\/05\/wg_giro_1-180x180.png 180w, https:\/\/zagro.hr\/wp-content\/uploads\/2024\/05\/wg_giro_1-450x450.png 450w, https:\/\/zagro.hr\/wp-content\/uploads\/2024\/05\/wg_giro_1-100x100.png 100w\" sizes=\"auto, (max-width: 500px) 100vw, 500px\" \/>\t\t\t\t\t\t\t\t\t\t\t<\/div>\n\t\t\t\t<\/div>\n\t\t\t\t<\/div>\n\t\t\t\t\t<\/div>\n\t\t<\/div>\n\t\t\t\t\t\t\t<\/div>\n\t\t<\/section>\n\t\t\t\t<div class=\"elementor-element elementor-element-cb579e0 agrikon-transform transform-type-translate elementor-widget elementor-widget-heading\" data-id=\"cb579e0\" data-element_type=\"widget\" data-widget_type=\"heading.default\">\n\t\t\t\t<div class=\"elementor-widget-container\">\n\t\t\t<h2 class=\"elementor-heading-title elementor-size-default\">Giro - wide range of products<\/h2>\t\t<\/div>\n\t\t\t\t<\/div>\n\t\t\t\t<div class=\"elementor-element elementor-element-d588f0c elementor-widget elementor-widget-text-editor\" data-id=\"d588f0c\" data-element_type=\"widget\" data-widget_type=\"text-editor.default\">\n\t\t\t\t<div class=\"elementor-widget-container\">\n\t\t\t\t\t<div class=\"elementor-text-editor elementor-clearfix\"><p>Originated in 1925, Grupo Gir\u00f3 was founded by Ezequiel Gir\u00f3 Prat with the intention of establishing itself in the textile industry.<\/p><p>Through the years, Gir\u00f3 has offered different knitting solutions and has evolved to satisfy the needs of all customers.<\/p><p>Currently, Gir\u00f3 has become one of the leading companies in the global horticultural sector through its wide range of products, the quality of its human team and the innovation as a main value.<\/p><\/div>\n\t\t\t\t<\/div>\n\t\t\t\t<\/div>\n\t\t\t\t<div class=\"elementor-element elementor-element-97840ae elementor-widget elementor-widget-agrikon-button\" data-id=\"97840ae\" data-element_type=\"widget\" data-widget_type=\"agrikon-button.default\">\n\t\t\t\t<div class=\"elementor-widget-container\">\n\t\t\t<div class=\"agrikon-button\"><a class=\"agrikon-btn thm-btn\" href=\"https:\/\/zagro.hr\/en\/kontakt\/\">Contact us <\/a><\/div>\t\t<\/div>\n\t\t\t\t<\/div>\n\t\t\t\t\t<\/div>\n\t\t<\/div>\n\t\t\t\t\t\t\t<\/div>\n\t\t<\/div>\n\t\t\t\t\t\t<\/div>\n\t\t\t\t\t<\/div>","protected":false},"excerpt":{"rendered":"<p>Home www.giro.es Proizvodi Giro &#8211; \u0161iroka paleta proizvoda Nastao 1925., Grupo Gir\u00f3 osnovao je Ezequiel Gir\u00f3 Prat s namjerom da se etablira u tekstilnoj industriji. Tijekom godina, Gir\u00f3 je nudio razli\u010dita rje\u0161enja za pletenje i razvijao se kako bi zadovoljio potrebe svih kupaca. Trenutno je Gir\u00f3 postao jedna od vode\u0107ih tvrtki u globalnom hortikulturnom sektoru&#8230;<\/p>","protected":false},"author":1,"featured_media":0,"parent":0,"menu_order":0,"comment_status":"closed","ping_status":"closed","template":"","meta":{"bgseo_title":"Giro","bgseo_description":"","bgseo_robots_index":"index","bgseo_robots_follow":"follow","footnotes":""},"class_list":{"0":"post-5989","1":"page","2":"type-page","3":"status-publish","4":"hentry","5":"nt-post-class","6":"","8":"thumb-none","10":"excerpt-none"},"yoast_head":"<!-- This site is optimized with the Yoast SEO plugin v16.5 - https:\/\/yoast.com\/wordpress\/plugins\/seo\/ -->\n<title>Giro<\/title>\n<meta name=\"description\" content=\"Tvrtka Domasz ve\u0107 dugi niz godina proizvodi moderne sustave za vaganje i pakiranje. Domasz ure\u0111aji uspje\u0161no se koriste u raznim industrijama.\" \/>\n<meta name=\"robots\" content=\"index, follow, max-snippet:-1, max-image-preview:large, max-video-preview:-1\" \/>\n<link rel=\"canonical\" href=\"https:\/\/zagro.hr\/en\/giro\/\" \/>\n<meta property=\"og:locale\" content=\"en_GB\" \/>\n<meta property=\"og:type\" content=\"article\" \/>\n<meta property=\"og:title\" content=\"Giro - Zagro d.o.o.\" \/>\n<meta property=\"og:description\" content=\"Tvrtka Domasz ve\u0107 dugi niz godina proizvodi moderne sustave za vaganje i pakiranje. Domasz ure\u0111aji uspje\u0161no se koriste u raznim industrijama.\" \/>\n<meta property=\"og:url\" content=\"https:\/\/zagro.hr\/en\/giro\/\" \/>\n<meta property=\"og:site_name\" content=\"Zagro d.o.o.\" \/>\n<meta property=\"article:modified_time\" content=\"2024-05-13T09:52:46+00:00\" \/>\n<meta property=\"og:image\" content=\"https:\/\/zagro.hr\/wp-content\/uploads\/2024\/05\/logo_giro_doing_better-100.png\" \/>\n<meta name=\"twitter:card\" content=\"summary_large_image\" \/>\n<meta name=\"twitter:label1\" content=\"Estimated reading time\" \/>\n\t<meta name=\"twitter:data1\" content=\"2 minutes\" \/>\n<script type=\"application\/ld+json\" class=\"yoast-schema-graph\">{\"@context\":\"https:\/\/schema.org\",\"@graph\":[{\"@type\":\"Organization\",\"@id\":\"https:\/\/zagro.hr\/#organization\",\"name\":\"Zagro d.o.o.\",\"url\":\"https:\/\/zagro.hr\/\",\"sameAs\":[],\"logo\":{\"@type\":\"ImageObject\",\"@id\":\"https:\/\/zagro.hr\/#logo\",\"inLanguage\":\"en-GB\",\"url\":\"https:\/\/zagro.hr\/wp-content\/uploads\/2021\/01\/logo-1-e1461010389735.png\",\"contentUrl\":\"https:\/\/zagro.hr\/wp-content\/uploads\/2021\/01\/logo-1-e1461010389735.png\",\"width\":200,\"height\":100,\"caption\":\"Zagro d.o.o.\"},\"image\":{\"@id\":\"https:\/\/zagro.hr\/#logo\"}},{\"@type\":\"WebSite\",\"@id\":\"https:\/\/zagro.hr\/#website\",\"url\":\"https:\/\/zagro.hr\/\",\"name\":\"Zagro d.o.o.\",\"description\":\"\",\"publisher\":{\"@id\":\"https:\/\/zagro.hr\/#organization\"},\"potentialAction\":[{\"@type\":\"SearchAction\",\"target\":\"https:\/\/zagro.hr\/?s={search_term_string}\",\"query-input\":\"required name=search_term_string\"}],\"inLanguage\":\"en-GB\"},{\"@type\":\"ImageObject\",\"@id\":\"https:\/\/zagro.hr\/giro\/#primaryimage\",\"inLanguage\":\"en-GB\",\"url\":\"https:\/\/zagro.hr\/wp-content\/uploads\/2024\/05\/logo_giro_doing_better-100.png\",\"contentUrl\":\"https:\/\/zagro.hr\/wp-content\/uploads\/2024\/05\/logo_giro_doing_better-100.png\",\"width\":100,\"height\":53},{\"@type\":\"WebPage\",\"@id\":\"https:\/\/zagro.hr\/giro\/#webpage\",\"url\":\"https:\/\/zagro.hr\/giro\/\",\"name\":\"Giro - Zagro d.o.o.\",\"isPartOf\":{\"@id\":\"https:\/\/zagro.hr\/#website\"},\"primaryImageOfPage\":{\"@id\":\"https:\/\/zagro.hr\/giro\/#primaryimage\"},\"datePublished\":\"2024-05-09T13:16:27+00:00\",\"dateModified\":\"2024-05-13T09:52:46+00:00\",\"description\":\"Tvrtka Domasz ve\\u0107 dugi niz godina proizvodi moderne sustave za vaganje i pakiranje. Domasz ure\\u0111aji uspje\\u0161no se koriste u raznim industrijama.\",\"breadcrumb\":{\"@id\":\"https:\/\/zagro.hr\/giro\/#breadcrumb\"},\"inLanguage\":\"en-GB\",\"potentialAction\":[{\"@type\":\"ReadAction\",\"target\":[\"https:\/\/zagro.hr\/giro\/\"]}]},{\"@type\":\"BreadcrumbList\",\"@id\":\"https:\/\/zagro.hr\/giro\/#breadcrumb\",\"itemListElement\":[{\"@type\":\"ListItem\",\"position\":1,\"name\":\"Po\\u010detna stranica\",\"item\":\"https:\/\/zagro.hr\/\"},{\"@type\":\"ListItem\",\"position\":2,\"name\":\"Giro\"}]}]}<\/script>\n<!-- \/ Yoast SEO plugin. -->","_links":{"self":[{"href":"https:\/\/zagro.hr\/en\/wp-json\/wp\/v2\/pages\/5989","targetHints":{"allow":["GET"]}}],"collection":[{"href":"https:\/\/zagro.hr\/en\/wp-json\/wp\/v2\/pages"}],"about":[{"href":"https:\/\/zagro.hr\/en\/wp-json\/wp\/v2\/types\/page"}],"author":[{"embeddable":true,"href":"https:\/\/zagro.hr\/en\/wp-json\/wp\/v2\/users\/1"}],"replies":[{"embeddable":true,"href":"https:\/\/zagro.hr\/en\/wp-json\/wp\/v2\/comments?post=5989"}],"version-history":[{"count":10,"href":"https:\/\/zagro.hr\/en\/wp-json\/wp\/v2\/pages\/5989\/revisions"}],"predecessor-version":[{"id":6208,"href":"https:\/\/zagro.hr\/en\/wp-json\/wp\/v2\/pages\/5989\/revisions\/6208"}],"wp:attachment":[{"href":"https:\/\/zagro.hr\/en\/wp-json\/wp\/v2\/media?parent=5989"}],"curies":[{"name":"wp","href":"https:\/\/api.w.org\/{rel}","templated":true}]}}