{"id":6013,"date":"2024-05-09T15:37:13","date_gmt":"2024-05-09T13:37:13","guid":{"rendered":"https:\/\/zagro.hr\/?page_id=6013"},"modified":"2024-05-13T11:53:18","modified_gmt":"2024-05-13T09:53:18","slug":"flikweert","status":"publish","type":"page","link":"https:\/\/zagro.hr\/en\/flikweert\/","title":{"rendered":"Flikweert"},"content":{"rendered":"<div data-elementor-type=\"wp-page\" data-elementor-id=\"6013\" class=\"elementor elementor-6013\" data-elementor-settings=\"[]\">\n\t\t\t\t\t\t\t<div class=\"elementor-section-wrap\">\n\t\t\t\t\t\t\t<div class=\"elementor-section elementor-top-section elementor-element elementor-element-c8315a4 elementor-section-full_width elementor-section-height-default elementor-section-height-default nt-section-ripped-top ripped-top-no nt-section-ripped-bottom ripped-bottom-no\" data-id=\"c8315a4\" data-element_type=\"section\">\n\t\t\t\t\t\t<div class=\"elementor-container elementor-column-gap-no\">\n\t\t\t\t\t<div class=\"elementor-column elementor-col-100 elementor-top-column elementor-element elementor-element-5a27a41\" data-id=\"5a27a41\" data-element_type=\"column\">\n\t\t\t<div class=\"elementor-widget-wrap elementor-element-populated\">\n\t\t\t\t\t\t\t\t<div class=\"elementor-element elementor-element-4e5250b elementor-widget elementor-widget-agrikon-page-hero\" data-id=\"4e5250b\" data-element_type=\"widget\" data-widget_type=\"agrikon-page-hero.default\">\n\t\t\t\t<div class=\"elementor-widget-container\">\n\t\t\t<div class=\"page-header\"><div class=\"page-header__bg\"><\/div><div class=\"container\"><ul class=\"breadcrumbs thm-breadcrumb list-unstyled\"><li><a class=\"breadcrumb_link\" href=\"https:\/\/zagro.hr\/en\/\"> Home<\/a><\/li><\/ul><h2 class=\"page-title\"><img decoding=\"async\" src=\"https:\/\/zagro.hr\/wp-content\/uploads\/2024\/05\/download-1.png\"><\/h2><\/div><\/div>\t\t<\/div>\n\t\t\t\t<\/div>\n\t\t\t\t\t<\/div>\n\t\t<\/div>\n\t\t\t\t\t\t\t<\/div>\n\t\t<\/div>\n\t\t\t\t<div class=\"elementor-section elementor-top-section elementor-element elementor-element-2472444 elementor-section-boxed elementor-section-height-default elementor-section-height-default nt-section-ripped-top ripped-top-no nt-section-ripped-bottom ripped-bottom-no\" data-id=\"2472444\" data-element_type=\"section\">\n\t\t\t\t\t\t<div class=\"elementor-container elementor-column-gap-no\">\n\t\t\t\t\t<div class=\"elementor-column elementor-col-33 elementor-top-column elementor-element elementor-element-59d7fa6\" data-id=\"59d7fa6\" data-element_type=\"column\" data-settings=\"{&quot;background_background&quot;:&quot;classic&quot;}\">\n\t\t\t<div class=\"elementor-widget-wrap elementor-element-populated\">\n\t\t\t\t\t\t\t\t<div class=\"elementor-section elementor-inner-section elementor-element elementor-element-713d062 elementor-section-boxed elementor-section-height-default elementor-section-height-default nt-section-ripped-top ripped-top-no nt-section-ripped-bottom ripped-bottom-no\" data-id=\"713d062\" data-element_type=\"section\" data-settings=\"{&quot;background_background&quot;:&quot;classic&quot;}\">\n\t\t\t\t\t\t<div class=\"elementor-container elementor-column-gap-default\">\n\t\t\t\t\t<div class=\"elementor-column elementor-col-100 elementor-inner-column elementor-element elementor-element-6a91259\" data-id=\"6a91259\" data-element_type=\"column\">\n\t\t\t<div class=\"elementor-widget-wrap elementor-element-populated\">\n\t\t\t\t\t\t\t\t<div class=\"elementor-element elementor-element-6c077ff agrikon-transform transform-type-translate elementor-widget elementor-widget-heading\" data-id=\"6c077ff\" data-element_type=\"widget\" data-widget_type=\"heading.default\">\n\t\t\t\t<div class=\"elementor-widget-container\">\n\t\t\t<div class=\"elementor-heading-title elementor-size-default\"><a href=\"https:\/\/flikweertvision.nl\/en\/\"><img decoding=\"async\" src=\"https:\/\/zagro.hr\/wp-content\/uploads\/2024\/05\/download-1.png\"><\/a><\/div>\t\t<\/div>\n\t\t\t\t<\/div>\n\t\t\t\t<div class=\"elementor-element elementor-element-22f3760 elementor-widget elementor-widget-text-editor\" data-id=\"22f3760\" data-element_type=\"widget\" data-widget_type=\"text-editor.default\">\n\t\t\t\t<div class=\"elementor-widget-container\">\n\t\t\t\t\t<div class=\"elementor-text-editor elementor-clearfix\"><p><a href=\"https:\/\/flikweertvision.nl\/en\/\" target=\"_blank\" rel=\"noopener\">www.flikweertvision.nl<\/a><\/p><\/div>\n\t\t\t\t<\/div>\n\t\t\t\t<\/div>\n\t\t\t\t<div class=\"elementor-element elementor-element-e953fe2 agrikon-heading-link-#255946 agrikon-transform transform-type-translate elementor-widget elementor-widget-heading\" data-id=\"e953fe2\" data-element_type=\"widget\" data-widget_type=\"heading.default\">\n\t\t\t\t<div class=\"elementor-widget-container\">\n\t\t\t<div class=\"elementor-heading-title elementor-size-default\"><a href=\"https:\/\/flikweertvision.nl\/en\/\" target=\"_blank\">Products<\/a><\/div>\t\t<\/div>\n\t\t\t\t<\/div>\n\t\t\t\t\t<\/div>\n\t\t<\/div>\n\t\t\t\t\t\t\t<\/div>\n\t\t<\/div>\n\t\t\t\t<div class=\"elementor-element elementor-element-ca3e392 elementor-widget elementor-widget-image\" data-id=\"ca3e392\" data-element_type=\"widget\" data-widget_type=\"image.default\">\n\t\t\t\t<div class=\"elementor-widget-container\">\n\t\t\t\t\t<div class=\"elementor-image\">\n\t\t\t\t\t\t\t\t\t\t<img loading=\"lazy\" decoding=\"async\" width=\"960\" height=\"714\" src=\"https:\/\/zagro.hr\/wp-content\/uploads\/2024\/05\/Flikweert_Vision_Quality_Grader_Divider_Aardappel74-e1689762946432-1024x762.webp\" class=\"attachment-large size-large\" alt=\"\" srcset=\"https:\/\/zagro.hr\/wp-content\/uploads\/2024\/05\/Flikweert_Vision_Quality_Grader_Divider_Aardappel74-e1689762946432-1024x762.webp 1024w, https:\/\/zagro.hr\/wp-content\/uploads\/2024\/05\/Flikweert_Vision_Quality_Grader_Divider_Aardappel74-e1689762946432-300x223.webp 300w, https:\/\/zagro.hr\/wp-content\/uploads\/2024\/05\/Flikweert_Vision_Quality_Grader_Divider_Aardappel74-e1689762946432-768x572.webp 768w, https:\/\/zagro.hr\/wp-content\/uploads\/2024\/05\/Flikweert_Vision_Quality_Grader_Divider_Aardappel74-e1689762946432-1536x1144.webp 1536w, https:\/\/zagro.hr\/wp-content\/uploads\/2024\/05\/Flikweert_Vision_Quality_Grader_Divider_Aardappel74-e1689762946432-16x12.webp 16w, https:\/\/zagro.hr\/wp-content\/uploads\/2024\/05\/Flikweert_Vision_Quality_Grader_Divider_Aardappel74-e1689762946432-250x186.webp 250w, https:\/\/zagro.hr\/wp-content\/uploads\/2024\/05\/Flikweert_Vision_Quality_Grader_Divider_Aardappel74-e1689762946432-550x410.webp 550w, https:\/\/zagro.hr\/wp-content\/uploads\/2024\/05\/Flikweert_Vision_Quality_Grader_Divider_Aardappel74-e1689762946432-800x596.webp 800w, https:\/\/zagro.hr\/wp-content\/uploads\/2024\/05\/Flikweert_Vision_Quality_Grader_Divider_Aardappel74-e1689762946432-242x180.webp 242w, https:\/\/zagro.hr\/wp-content\/uploads\/2024\/05\/Flikweert_Vision_Quality_Grader_Divider_Aardappel74-e1689762946432-403x300.webp 403w, https:\/\/zagro.hr\/wp-content\/uploads\/2024\/05\/Flikweert_Vision_Quality_Grader_Divider_Aardappel74-e1689762946432-672x500.webp 672w, https:\/\/zagro.hr\/wp-content\/uploads\/2024\/05\/Flikweert_Vision_Quality_Grader_Divider_Aardappel74-e1689762946432-980x730.webp 980w, https:\/\/zagro.hr\/wp-content\/uploads\/2024\/05\/Flikweert_Vision_Quality_Grader_Divider_Aardappel74-e1689762946432.webp 1617w\" sizes=\"auto, (max-width: 960px) 100vw, 960px\" \/>\t\t\t\t\t\t\t\t\t\t\t<\/div>\n\t\t\t\t<\/div>\n\t\t\t\t<\/div>\n\t\t\t\t<div class=\"elementor-element elementor-element-403071c elementor-widget elementor-widget-image\" data-id=\"403071c\" data-element_type=\"widget\" data-widget_type=\"image.default\">\n\t\t\t\t<div class=\"elementor-widget-container\">\n\t\t\t\t\t<div class=\"elementor-image\">\n\t\t\t\t\t\t\t\t\t\t<img loading=\"lazy\" decoding=\"async\" width=\"960\" height=\"640\" src=\"https:\/\/zagro.hr\/wp-content\/uploads\/2024\/05\/FLIKWEERT_VISION_QUALITY_GRADER_DIVIDER07-1-1024x683.webp\" class=\"attachment-large size-large\" alt=\"\" srcset=\"https:\/\/zagro.hr\/wp-content\/uploads\/2024\/05\/FLIKWEERT_VISION_QUALITY_GRADER_DIVIDER07-1-1024x683.webp 1024w, https:\/\/zagro.hr\/wp-content\/uploads\/2024\/05\/FLIKWEERT_VISION_QUALITY_GRADER_DIVIDER07-1-300x200.webp 300w, https:\/\/zagro.hr\/wp-content\/uploads\/2024\/05\/FLIKWEERT_VISION_QUALITY_GRADER_DIVIDER07-1-768x512.webp 768w, https:\/\/zagro.hr\/wp-content\/uploads\/2024\/05\/FLIKWEERT_VISION_QUALITY_GRADER_DIVIDER07-1-1536x1024.webp 1536w, https:\/\/zagro.hr\/wp-content\/uploads\/2024\/05\/FLIKWEERT_VISION_QUALITY_GRADER_DIVIDER07-1-18x12.webp 18w, https:\/\/zagro.hr\/wp-content\/uploads\/2024\/05\/FLIKWEERT_VISION_QUALITY_GRADER_DIVIDER07-1-250x167.webp 250w, https:\/\/zagro.hr\/wp-content\/uploads\/2024\/05\/FLIKWEERT_VISION_QUALITY_GRADER_DIVIDER07-1-550x367.webp 550w, https:\/\/zagro.hr\/wp-content\/uploads\/2024\/05\/FLIKWEERT_VISION_QUALITY_GRADER_DIVIDER07-1-800x533.webp 800w, https:\/\/zagro.hr\/wp-content\/uploads\/2024\/05\/FLIKWEERT_VISION_QUALITY_GRADER_DIVIDER07-1-270x180.webp 270w, https:\/\/zagro.hr\/wp-content\/uploads\/2024\/05\/FLIKWEERT_VISION_QUALITY_GRADER_DIVIDER07-1-450x300.webp 450w, https:\/\/zagro.hr\/wp-content\/uploads\/2024\/05\/FLIKWEERT_VISION_QUALITY_GRADER_DIVIDER07-1-750x500.webp 750w, https:\/\/zagro.hr\/wp-content\/uploads\/2024\/05\/FLIKWEERT_VISION_QUALITY_GRADER_DIVIDER07-1-980x653.webp 980w, https:\/\/zagro.hr\/wp-content\/uploads\/2024\/05\/FLIKWEERT_VISION_QUALITY_GRADER_DIVIDER07-1.webp 1920w\" sizes=\"auto, (max-width: 960px) 100vw, 960px\" \/>\t\t\t\t\t\t\t\t\t\t\t<\/div>\n\t\t\t\t<\/div>\n\t\t\t\t<\/div>\n\t\t\t\t\t<\/div>\n\t\t<\/div>\n\t\t\t\t<div class=\"elementor-column elementor-col-66 elementor-top-column elementor-element elementor-element-b32df19\" data-id=\"b32df19\" data-element_type=\"column\">\n\t\t\t<div class=\"elementor-widget-wrap elementor-element-populated\">\n\t\t\t\t\t\t\t\t<div class=\"elementor-element elementor-element-b00ae1c elementor-aspect-ratio-169 elementor-widget elementor-widget-video\" data-id=\"b00ae1c\" data-element_type=\"widget\" data-settings=\"{&quot;video_type&quot;:&quot;hosted&quot;,&quot;controls&quot;:&quot;yes&quot;,&quot;aspect_ratio&quot;:&quot;169&quot;}\" data-widget_type=\"video.default\">\n\t\t\t\t<div class=\"elementor-widget-container\">\n\t\t\t\t\t<div class=\"e-hosted-video elementor-wrapper elementor-fit-aspect-ratio elementor-open-inline\">\n\t\t\t\t\t<video class=\"elementor-video\" src=\"https:\/\/zagro.hr\/wp-content\/uploads\/2024\/05\/Homepagina-video-1.mov\" controls=\"\" controlslist=\"nodownload\"><\/video>\n\t\t\t\t<\/div>\n\t\t\t\t<\/div>\n\t\t\t\t<\/div>\n\t\t\t\t<div class=\"elementor-element elementor-element-cb579e0 agrikon-transform transform-type-translate elementor-widget elementor-widget-heading\" data-id=\"cb579e0\" data-element_type=\"widget\" data-widget_type=\"heading.default\">\n\t\t\t\t<div class=\"elementor-widget-container\">\n\t\t\t<h2 class=\"elementor-heading-title elementor-size-default\">Flikweert Vision<\/h2>\t\t<\/div>\n\t\t\t\t<\/div>\n\t\t\t\t<div class=\"elementor-element elementor-element-d588f0c elementor-widget elementor-widget-text-editor\" data-id=\"d588f0c\" data-element_type=\"widget\" data-widget_type=\"text-editor.default\">\n\t\t\t\t<div class=\"elementor-widget-container\">\n\t\t\t\t\t<div class=\"elementor-text-editor elementor-clearfix\"><p>Flikweert Vision aims to develop practical solutions that automate and make the agri-food sector more sustainable. We achieve this by developing innovations in which our specialism; combining artificial intelligence and advanced camera technology is applied. Because we develop our innovations entirely in-house, we are able to seamlessly connect software and mechanics. This is done by a team of engineers and developers who work every day on the technology of tomorrow.<\/p><\/div>\n\t\t\t\t<\/div>\n\t\t\t\t<\/div>\n\t\t\t\t<div class=\"elementor-element elementor-element-97840ae elementor-widget elementor-widget-agrikon-button\" data-id=\"97840ae\" data-element_type=\"widget\" data-widget_type=\"agrikon-button.default\">\n\t\t\t\t<div class=\"elementor-widget-container\">\n\t\t\t<div class=\"agrikon-button\"><a class=\"agrikon-btn thm-btn\" href=\"https:\/\/zagro.hr\/en\/kontakt\/\">Contact us <\/a><\/div>\t\t<\/div>\n\t\t\t\t<\/div>\n\t\t\t\t\t<\/div>\n\t\t<\/div>\n\t\t\t\t\t\t\t<\/div>\n\t\t<\/div>\n\t\t\t\t\t\t<\/div>\n\t\t\t\t\t<\/div>","protected":false},"excerpt":{"rendered":"<p>Home www.flikweertvision.nl Proizvodi https:\/\/zagro.hr\/wp-content\/uploads\/2024\/05\/Homepagina-video-1.mov Flikweert Vision Flikweert Vision ima za cilj razviti prakti\u010dna rje\u0161enja koja automatiziraju i \u010dine poljoprivredno-prehrambeni sektor odr\u017eivijim. To posti\u017eemo razvojem inovacija u kojima je na\u0161a specijalnost; primjenjuje se kombiniranje umjetne inteligencije i napredne tehnologije kamere. Budu\u0107i da na\u0161e inovacije razvijamo u potpunosti unutar tvrtke, u mogu\u0107nosti smo neprimjetno povezati softver i&#8230;<\/p>","protected":false},"author":1,"featured_media":0,"parent":0,"menu_order":0,"comment_status":"closed","ping_status":"closed","template":"","meta":{"bgseo_title":"Flikweert","bgseo_description":"","bgseo_robots_index":"index","bgseo_robots_follow":"follow","footnotes":""},"class_list":{"0":"post-6013","1":"page","2":"type-page","3":"status-publish","4":"hentry","5":"nt-post-class","6":"","8":"thumb-none","10":"excerpt-none"},"yoast_head":"<!-- This site is optimized with the Yoast SEO plugin v16.5 - https:\/\/yoast.com\/wordpress\/plugins\/seo\/ -->\n<title>Flikweert<\/title>\n<meta name=\"description\" content=\"Tvrtka Domasz ve\u0107 dugi niz godina proizvodi moderne sustave za vaganje i pakiranje. Domasz ure\u0111aji uspje\u0161no se koriste u raznim industrijama.\" \/>\n<meta name=\"robots\" content=\"index, follow, max-snippet:-1, max-image-preview:large, max-video-preview:-1\" \/>\n<link rel=\"canonical\" href=\"https:\/\/zagro.hr\/en\/flikweert\/\" \/>\n<meta property=\"og:locale\" content=\"en_GB\" \/>\n<meta property=\"og:type\" content=\"article\" \/>\n<meta property=\"og:title\" content=\"Flikweert - Zagro d.o.o.\" \/>\n<meta property=\"og:description\" content=\"Tvrtka Domasz ve\u0107 dugi niz godina proizvodi moderne sustave za vaganje i pakiranje. Domasz ure\u0111aji uspje\u0161no se koriste u raznim industrijama.\" \/>\n<meta property=\"og:url\" content=\"https:\/\/zagro.hr\/en\/flikweert\/\" \/>\n<meta property=\"og:site_name\" content=\"Zagro d.o.o.\" \/>\n<meta property=\"article:modified_time\" content=\"2024-05-13T09:53:18+00:00\" \/>\n<meta property=\"og:image\" content=\"https:\/\/zagro.hr\/wp-content\/uploads\/2024\/05\/download-1.png\" \/>\n<meta name=\"twitter:card\" content=\"summary_large_image\" \/>\n<meta name=\"twitter:label1\" content=\"Estimated reading time\" \/>\n\t<meta name=\"twitter:data1\" content=\"2 minutes\" \/>\n<script type=\"application\/ld+json\" class=\"yoast-schema-graph\">{\"@context\":\"https:\/\/schema.org\",\"@graph\":[{\"@type\":\"Organization\",\"@id\":\"https:\/\/zagro.hr\/#organization\",\"name\":\"Zagro d.o.o.\",\"url\":\"https:\/\/zagro.hr\/\",\"sameAs\":[],\"logo\":{\"@type\":\"ImageObject\",\"@id\":\"https:\/\/zagro.hr\/#logo\",\"inLanguage\":\"en-GB\",\"url\":\"https:\/\/zagro.hr\/wp-content\/uploads\/2021\/01\/logo-1-e1461010389735.png\",\"contentUrl\":\"https:\/\/zagro.hr\/wp-content\/uploads\/2021\/01\/logo-1-e1461010389735.png\",\"width\":200,\"height\":100,\"caption\":\"Zagro d.o.o.\"},\"image\":{\"@id\":\"https:\/\/zagro.hr\/#logo\"}},{\"@type\":\"WebSite\",\"@id\":\"https:\/\/zagro.hr\/#website\",\"url\":\"https:\/\/zagro.hr\/\",\"name\":\"Zagro d.o.o.\",\"description\":\"\",\"publisher\":{\"@id\":\"https:\/\/zagro.hr\/#organization\"},\"potentialAction\":[{\"@type\":\"SearchAction\",\"target\":\"https:\/\/zagro.hr\/?s={search_term_string}\",\"query-input\":\"required name=search_term_string\"}],\"inLanguage\":\"en-GB\"},{\"@type\":\"ImageObject\",\"@id\":\"https:\/\/zagro.hr\/flikweert\/#primaryimage\",\"inLanguage\":\"en-GB\",\"url\":\"https:\/\/zagro.hr\/wp-content\/uploads\/2024\/05\/download-1.png\",\"contentUrl\":\"https:\/\/zagro.hr\/wp-content\/uploads\/2024\/05\/download-1.png\",\"width\":482,\"height\":104},{\"@type\":\"WebPage\",\"@id\":\"https:\/\/zagro.hr\/flikweert\/#webpage\",\"url\":\"https:\/\/zagro.hr\/flikweert\/\",\"name\":\"Flikweert - Zagro d.o.o.\",\"isPartOf\":{\"@id\":\"https:\/\/zagro.hr\/#website\"},\"primaryImageOfPage\":{\"@id\":\"https:\/\/zagro.hr\/flikweert\/#primaryimage\"},\"datePublished\":\"2024-05-09T13:37:13+00:00\",\"dateModified\":\"2024-05-13T09:53:18+00:00\",\"description\":\"Tvrtka Domasz ve\\u0107 dugi niz godina proizvodi moderne sustave za vaganje i pakiranje. Domasz ure\\u0111aji uspje\\u0161no se koriste u raznim industrijama.\",\"breadcrumb\":{\"@id\":\"https:\/\/zagro.hr\/flikweert\/#breadcrumb\"},\"inLanguage\":\"en-GB\",\"potentialAction\":[{\"@type\":\"ReadAction\",\"target\":[\"https:\/\/zagro.hr\/flikweert\/\"]}]},{\"@type\":\"BreadcrumbList\",\"@id\":\"https:\/\/zagro.hr\/flikweert\/#breadcrumb\",\"itemListElement\":[{\"@type\":\"ListItem\",\"position\":1,\"name\":\"Po\\u010detna stranica\",\"item\":\"https:\/\/zagro.hr\/\"},{\"@type\":\"ListItem\",\"position\":2,\"name\":\"Flikweert\"}]}]}<\/script>\n<!-- \/ Yoast SEO plugin. -->","_links":{"self":[{"href":"https:\/\/zagro.hr\/en\/wp-json\/wp\/v2\/pages\/6013","targetHints":{"allow":["GET"]}}],"collection":[{"href":"https:\/\/zagro.hr\/en\/wp-json\/wp\/v2\/pages"}],"about":[{"href":"https:\/\/zagro.hr\/en\/wp-json\/wp\/v2\/types\/page"}],"author":[{"embeddable":true,"href":"https:\/\/zagro.hr\/en\/wp-json\/wp\/v2\/users\/1"}],"replies":[{"embeddable":true,"href":"https:\/\/zagro.hr\/en\/wp-json\/wp\/v2\/comments?post=6013"}],"version-history":[{"count":10,"href":"https:\/\/zagro.hr\/en\/wp-json\/wp\/v2\/pages\/6013\/revisions"}],"predecessor-version":[{"id":6211,"href":"https:\/\/zagro.hr\/en\/wp-json\/wp\/v2\/pages\/6013\/revisions\/6211"}],"wp:attachment":[{"href":"https:\/\/zagro.hr\/en\/wp-json\/wp\/v2\/media?parent=6013"}],"curies":[{"name":"wp","href":"https:\/\/api.w.org\/{rel}","templated":true}]}}