{"id":6137,"date":"2024-05-13T10:09:28","date_gmt":"2024-05-13T08:09:28","guid":{"rendered":"https:\/\/zagro.hr\/?page_id=6137"},"modified":"2024-05-13T11:53:32","modified_gmt":"2024-05-13T09:53:32","slug":"gerovit","status":"publish","type":"page","link":"https:\/\/zagro.hr\/en\/gerovit\/","title":{"rendered":"Gerovit"},"content":{"rendered":"<div data-elementor-type=\"wp-page\" data-elementor-id=\"6137\" class=\"elementor elementor-6137\" data-elementor-settings=\"[]\">\n\t\t\t\t\t\t\t<div class=\"elementor-section-wrap\">\n\t\t\t\t\t\t\t<div class=\"elementor-section elementor-top-section elementor-element elementor-element-c8315a4 elementor-section-full_width elementor-section-height-default elementor-section-height-default nt-section-ripped-top ripped-top-no nt-section-ripped-bottom ripped-bottom-no\" data-id=\"c8315a4\" data-element_type=\"section\">\n\t\t\t\t\t\t<div class=\"elementor-container elementor-column-gap-no\">\n\t\t\t\t\t<div class=\"elementor-column elementor-col-100 elementor-top-column elementor-element elementor-element-5a27a41\" data-id=\"5a27a41\" data-element_type=\"column\">\n\t\t\t<div class=\"elementor-widget-wrap elementor-element-populated\">\n\t\t\t\t\t\t\t\t<div class=\"elementor-element elementor-element-4e5250b elementor-widget elementor-widget-agrikon-page-hero\" data-id=\"4e5250b\" data-element_type=\"widget\" data-widget_type=\"agrikon-page-hero.default\">\n\t\t\t\t<div class=\"elementor-widget-container\">\n\t\t\t<div class=\"page-header\"><div class=\"page-header__bg\"><\/div><div class=\"container\"><ul class=\"breadcrumbs thm-breadcrumb list-unstyled\"><li><a class=\"breadcrumb_link\" href=\"https:\/\/zagro.hr\/en\/\"> Home<\/a><\/li><\/ul><p class=\"page-title\"><img decoding=\"async\" style=\"width:250px;\" src=\"https:\/\/zagro.hr\/wp-content\/uploads\/2024\/05\/gerovit-logo.png\"><\/p><\/div><\/div>\t\t<\/div>\n\t\t\t\t<\/div>\n\t\t\t\t\t<\/div>\n\t\t<\/div>\n\t\t\t\t\t\t\t<\/div>\n\t\t<\/div>\n\t\t\t\t<div class=\"elementor-section elementor-top-section elementor-element elementor-element-2472444 elementor-section-boxed elementor-section-height-default elementor-section-height-default nt-section-ripped-top ripped-top-no nt-section-ripped-bottom ripped-bottom-no\" data-id=\"2472444\" data-element_type=\"section\">\n\t\t\t\t\t\t<div class=\"elementor-container elementor-column-gap-no\">\n\t\t\t\t\t<div class=\"elementor-column elementor-col-33 elementor-top-column elementor-element elementor-element-59d7fa6\" data-id=\"59d7fa6\" data-element_type=\"column\" data-settings=\"{&quot;background_background&quot;:&quot;classic&quot;}\">\n\t\t\t<div class=\"elementor-widget-wrap elementor-element-populated\">\n\t\t\t\t\t\t\t\t<div class=\"elementor-section elementor-inner-section elementor-element elementor-element-713d062 elementor-section-boxed elementor-section-height-default elementor-section-height-default nt-section-ripped-top ripped-top-no nt-section-ripped-bottom ripped-bottom-no\" data-id=\"713d062\" data-element_type=\"section\" data-settings=\"{&quot;background_background&quot;:&quot;classic&quot;}\">\n\t\t\t\t\t\t<div class=\"elementor-container elementor-column-gap-default\">\n\t\t\t\t\t<div class=\"elementor-column elementor-col-100 elementor-inner-column elementor-element elementor-element-6a91259\" data-id=\"6a91259\" data-element_type=\"column\">\n\t\t\t<div class=\"elementor-widget-wrap elementor-element-populated\">\n\t\t\t\t\t\t\t\t<div class=\"elementor-element elementor-element-6c077ff agrikon-transform transform-type-translate elementor-widget elementor-widget-heading\" data-id=\"6c077ff\" data-element_type=\"widget\" data-widget_type=\"heading.default\">\n\t\t\t\t<div class=\"elementor-widget-container\">\n\t\t\t<div class=\"elementor-heading-title elementor-size-default\"><a href=\"https:\/\/www.gerovit.com\/rs\/\"><img decoding=\"async\" src=\"https:\/\/zagro.hr\/wp-content\/uploads\/2024\/05\/gerovit-logo.png\"><\/a><\/div>\t\t<\/div>\n\t\t\t\t<\/div>\n\t\t\t\t<div class=\"elementor-element elementor-element-22f3760 elementor-widget elementor-widget-text-editor\" data-id=\"22f3760\" data-element_type=\"widget\" data-widget_type=\"text-editor.default\">\n\t\t\t\t<div class=\"elementor-widget-container\">\n\t\t\t\t\t<div class=\"elementor-text-editor elementor-clearfix\"><p><a href=\"https:\/\/www.gerovit.com\/rs\/\" target=\"_blank\" rel=\"noopener\">www.gerovit.com<\/a><\/p><\/div>\n\t\t\t\t<\/div>\n\t\t\t\t<\/div>\n\t\t\t\t<div class=\"elementor-element elementor-element-e953fe2 agrikon-heading-link-#255946 agrikon-transform transform-type-translate elementor-widget elementor-widget-heading\" data-id=\"e953fe2\" data-element_type=\"widget\" data-widget_type=\"heading.default\">\n\t\t\t\t<div class=\"elementor-widget-container\">\n\t\t\t<div class=\"elementor-heading-title elementor-size-default\"><a href=\"https:\/\/www.gerovit.com\/rs\/\" target=\"_blank\">Products<\/a><\/div>\t\t<\/div>\n\t\t\t\t<\/div>\n\t\t\t\t\t<\/div>\n\t\t<\/div>\n\t\t\t\t\t\t\t<\/div>\n\t\t<\/div>\n\t\t\t\t<div class=\"elementor-element elementor-element-ca3e392 elementor-widget elementor-widget-image\" data-id=\"ca3e392\" data-element_type=\"widget\" data-widget_type=\"image.default\">\n\t\t\t\t<div class=\"elementor-widget-container\">\n\t\t\t\t\t<div class=\"elementor-image\">\n\t\t\t\t\t\t\t\t\t\t<img loading=\"lazy\" decoding=\"async\" width=\"960\" height=\"960\" src=\"https:\/\/zagro.hr\/wp-content\/uploads\/2024\/05\/gerovitt-1024x1024.png\" class=\"attachment-large size-large\" alt=\"\" srcset=\"https:\/\/zagro.hr\/wp-content\/uploads\/2024\/05\/gerovitt-1024x1024.png 1024w, https:\/\/zagro.hr\/wp-content\/uploads\/2024\/05\/gerovitt-300x300.png 300w, https:\/\/zagro.hr\/wp-content\/uploads\/2024\/05\/gerovitt-150x150.png 150w, https:\/\/zagro.hr\/wp-content\/uploads\/2024\/05\/gerovitt-768x767.png 768w, https:\/\/zagro.hr\/wp-content\/uploads\/2024\/05\/gerovitt-12x12.png 12w, https:\/\/zagro.hr\/wp-content\/uploads\/2024\/05\/gerovitt-500x500.png 500w, https:\/\/zagro.hr\/wp-content\/uploads\/2024\/05\/gerovitt-750x750.png 750w, https:\/\/zagro.hr\/wp-content\/uploads\/2024\/05\/gerovitt-48x48.png 48w, https:\/\/zagro.hr\/wp-content\/uploads\/2024\/05\/gerovitt-250x250.png 250w, https:\/\/zagro.hr\/wp-content\/uploads\/2024\/05\/gerovitt-550x549.png 550w, https:\/\/zagro.hr\/wp-content\/uploads\/2024\/05\/gerovitt-800x799.png 800w, https:\/\/zagro.hr\/wp-content\/uploads\/2024\/05\/gerovitt-180x180.png 180w, https:\/\/zagro.hr\/wp-content\/uploads\/2024\/05\/gerovitt-450x450.png 450w, https:\/\/zagro.hr\/wp-content\/uploads\/2024\/05\/gerovitt-980x979.png 980w, https:\/\/zagro.hr\/wp-content\/uploads\/2024\/05\/gerovitt-100x100.png 100w, https:\/\/zagro.hr\/wp-content\/uploads\/2024\/05\/gerovitt.png 1062w\" sizes=\"auto, (max-width: 960px) 100vw, 960px\" \/>\t\t\t\t\t\t\t\t\t\t\t<\/div>\n\t\t\t\t<\/div>\n\t\t\t\t<\/div>\n\t\t\t\t\t<\/div>\n\t\t<\/div>\n\t\t\t\t<div class=\"elementor-column elementor-col-66 elementor-top-column elementor-element elementor-element-b32df19\" data-id=\"b32df19\" data-element_type=\"column\">\n\t\t\t<div class=\"elementor-widget-wrap elementor-element-populated\">\n\t\t\t\t\t\t\t\t<section class=\"elementor-section elementor-inner-section elementor-element elementor-element-1e63add elementor-section-boxed elementor-section-height-default elementor-section-height-default nt-section-ripped-top ripped-top-no nt-section-ripped-bottom ripped-bottom-no\" data-id=\"1e63add\" data-element_type=\"section\">\n\t\t\t\t\t\t<div class=\"elementor-container elementor-column-gap-default\">\n\t\t\t\t\t<div class=\"elementor-column elementor-col-33 elementor-inner-column elementor-element elementor-element-e9bd675\" data-id=\"e9bd675\" data-element_type=\"column\">\n\t\t\t<div class=\"elementor-widget-wrap elementor-element-populated\">\n\t\t\t\t\t\t\t\t<div class=\"elementor-element elementor-element-8e711c3 elementor-widget elementor-widget-image\" data-id=\"8e711c3\" data-element_type=\"widget\" data-widget_type=\"image.default\">\n\t\t\t\t<div class=\"elementor-widget-container\">\n\t\t\t\t\t<div class=\"elementor-image\">\n\t\t\t\t\t\t\t\t\t\t<img loading=\"lazy\" decoding=\"async\" width=\"444\" height=\"446\" src=\"https:\/\/zagro.hr\/wp-content\/uploads\/2024\/05\/gerovit-1.png\" class=\"attachment-full size-full\" alt=\"\" srcset=\"https:\/\/zagro.hr\/wp-content\/uploads\/2024\/05\/gerovit-1.png 444w, https:\/\/zagro.hr\/wp-content\/uploads\/2024\/05\/gerovit-1-300x300.png 300w, https:\/\/zagro.hr\/wp-content\/uploads\/2024\/05\/gerovit-1-150x150.png 150w, https:\/\/zagro.hr\/wp-content\/uploads\/2024\/05\/gerovit-1-12x12.png 12w, https:\/\/zagro.hr\/wp-content\/uploads\/2024\/05\/gerovit-1-48x48.png 48w, https:\/\/zagro.hr\/wp-content\/uploads\/2024\/05\/gerovit-1-250x251.png 250w, https:\/\/zagro.hr\/wp-content\/uploads\/2024\/05\/gerovit-1-179x180.png 179w, https:\/\/zagro.hr\/wp-content\/uploads\/2024\/05\/gerovit-1-299x300.png 299w, https:\/\/zagro.hr\/wp-content\/uploads\/2024\/05\/gerovit-1-100x100.png 100w\" sizes=\"auto, (max-width: 444px) 100vw, 444px\" \/>\t\t\t\t\t\t\t\t\t\t\t<\/div>\n\t\t\t\t<\/div>\n\t\t\t\t<\/div>\n\t\t\t\t\t<\/div>\n\t\t<\/div>\n\t\t\t\t<div class=\"elementor-column elementor-col-33 elementor-inner-column elementor-element elementor-element-a3f02fc\" data-id=\"a3f02fc\" data-element_type=\"column\">\n\t\t\t<div class=\"elementor-widget-wrap elementor-element-populated\">\n\t\t\t\t\t\t\t\t<div class=\"elementor-element elementor-element-3ce8fd6 elementor-widget elementor-widget-image\" data-id=\"3ce8fd6\" data-element_type=\"widget\" data-widget_type=\"image.default\">\n\t\t\t\t<div class=\"elementor-widget-container\">\n\t\t\t\t\t<div class=\"elementor-image\">\n\t\t\t\t\t\t\t\t\t\t<img loading=\"lazy\" decoding=\"async\" width=\"446\" height=\"443\" src=\"https:\/\/zagro.hr\/wp-content\/uploads\/2024\/05\/gerovittt.png\" class=\"attachment-full size-full\" alt=\"\" srcset=\"https:\/\/zagro.hr\/wp-content\/uploads\/2024\/05\/gerovittt.png 446w, https:\/\/zagro.hr\/wp-content\/uploads\/2024\/05\/gerovittt-300x298.png 300w, https:\/\/zagro.hr\/wp-content\/uploads\/2024\/05\/gerovittt-150x150.png 150w, https:\/\/zagro.hr\/wp-content\/uploads\/2024\/05\/gerovittt-12x12.png 12w, https:\/\/zagro.hr\/wp-content\/uploads\/2024\/05\/gerovittt-48x48.png 48w, https:\/\/zagro.hr\/wp-content\/uploads\/2024\/05\/gerovittt-250x248.png 250w, https:\/\/zagro.hr\/wp-content\/uploads\/2024\/05\/gerovittt-181x180.png 181w, https:\/\/zagro.hr\/wp-content\/uploads\/2024\/05\/gerovittt-302x300.png 302w, https:\/\/zagro.hr\/wp-content\/uploads\/2024\/05\/gerovittt-100x100.png 100w\" sizes=\"auto, (max-width: 446px) 100vw, 446px\" \/>\t\t\t\t\t\t\t\t\t\t\t<\/div>\n\t\t\t\t<\/div>\n\t\t\t\t<\/div>\n\t\t\t\t\t<\/div>\n\t\t<\/div>\n\t\t\t\t<div class=\"elementor-column elementor-col-33 elementor-inner-column elementor-element elementor-element-966c844\" data-id=\"966c844\" data-element_type=\"column\">\n\t\t\t<div class=\"elementor-widget-wrap elementor-element-populated\">\n\t\t\t\t\t\t\t\t<div class=\"elementor-element elementor-element-32b17f6 elementor-widget elementor-widget-image\" data-id=\"32b17f6\" data-element_type=\"widget\" data-widget_type=\"image.default\">\n\t\t\t\t<div class=\"elementor-widget-container\">\n\t\t\t\t\t<div class=\"elementor-image\">\n\t\t\t\t\t\t\t\t\t\t<img loading=\"lazy\" decoding=\"async\" width=\"1058\" height=\"1063\" src=\"https:\/\/zagro.hr\/wp-content\/uploads\/2024\/05\/gerovit.png\" class=\"attachment-full size-full\" alt=\"\" srcset=\"https:\/\/zagro.hr\/wp-content\/uploads\/2024\/05\/gerovit.png 1058w, https:\/\/zagro.hr\/wp-content\/uploads\/2024\/05\/gerovit-300x300.png 300w, https:\/\/zagro.hr\/wp-content\/uploads\/2024\/05\/gerovit-1019x1024.png 1019w, https:\/\/zagro.hr\/wp-content\/uploads\/2024\/05\/gerovit-150x150.png 150w, https:\/\/zagro.hr\/wp-content\/uploads\/2024\/05\/gerovit-768x772.png 768w, https:\/\/zagro.hr\/wp-content\/uploads\/2024\/05\/gerovit-12x12.png 12w, https:\/\/zagro.hr\/wp-content\/uploads\/2024\/05\/gerovit-48x48.png 48w, https:\/\/zagro.hr\/wp-content\/uploads\/2024\/05\/gerovit-250x251.png 250w, https:\/\/zagro.hr\/wp-content\/uploads\/2024\/05\/gerovit-550x553.png 550w, https:\/\/zagro.hr\/wp-content\/uploads\/2024\/05\/gerovit-800x804.png 800w, https:\/\/zagro.hr\/wp-content\/uploads\/2024\/05\/gerovit-179x180.png 179w, https:\/\/zagro.hr\/wp-content\/uploads\/2024\/05\/gerovit-299x300.png 299w, https:\/\/zagro.hr\/wp-content\/uploads\/2024\/05\/gerovit-498x500.png 498w, https:\/\/zagro.hr\/wp-content\/uploads\/2024\/05\/gerovit-980x985.png 980w, https:\/\/zagro.hr\/wp-content\/uploads\/2024\/05\/gerovit-100x100.png 100w\" sizes=\"auto, (max-width: 1058px) 100vw, 1058px\" \/>\t\t\t\t\t\t\t\t\t\t\t<\/div>\n\t\t\t\t<\/div>\n\t\t\t\t<\/div>\n\t\t\t\t\t<\/div>\n\t\t<\/div>\n\t\t\t\t\t\t\t<\/div>\n\t\t<\/section>\n\t\t\t\t<div class=\"elementor-element elementor-element-cb579e0 agrikon-transform transform-type-translate elementor-widget elementor-widget-heading\" data-id=\"cb579e0\" data-element_type=\"widget\" data-widget_type=\"heading.default\">\n\t\t\t\t<div class=\"elementor-widget-container\">\n\t\t\t<h2 class=\"elementor-heading-title elementor-size-default\">Gerovit<\/h2>\t\t<\/div>\n\t\t\t\t<\/div>\n\t\t\t\t<div class=\"elementor-element elementor-element-d588f0c elementor-widget elementor-widget-text-editor\" data-id=\"d588f0c\" data-element_type=\"widget\" data-widget_type=\"text-editor.default\">\n\t\t\t\t<div class=\"elementor-widget-container\">\n\t\t\t\t\t<div class=\"elementor-text-editor elementor-clearfix\"><p>Production facilities of company are located in city Arandjelovac, SERBIA. We have 130 employees and company is present in Serbian and the market of Europe with a tendency towards further growth of the market. We are focused on fast production and fast logistic.<\/p><p>For maximum satisfaction of customer needs, the Company is constantly innovating and improving personnel and equipment. Since the beginning the Company introduced the SAP ERP modules MM, SD, PP, FI CO.<\/p><p>In 2019 our company get certificated at T\u00dcV S\u00dcD for Quality Management System (QMS) ISO 9001:2015 environmental management system (EMS) ISO 14001:2015 and Occupational Health and Safety Management Systems (OHS) ISO 45001:2018<\/p><\/div>\n\t\t\t\t<\/div>\n\t\t\t\t<\/div>\n\t\t\t\t<div class=\"elementor-element elementor-element-97840ae elementor-widget elementor-widget-agrikon-button\" data-id=\"97840ae\" data-element_type=\"widget\" data-widget_type=\"agrikon-button.default\">\n\t\t\t\t<div class=\"elementor-widget-container\">\n\t\t\t<div class=\"agrikon-button\"><a class=\"agrikon-btn thm-btn\" href=\"https:\/\/zagro.hr\/en\/kontakt\/\">Contact us <\/a><\/div>\t\t<\/div>\n\t\t\t\t<\/div>\n\t\t\t\t\t<\/div>\n\t\t<\/div>\n\t\t\t\t\t\t\t<\/div>\n\t\t<\/div>\n\t\t\t\t\t\t<\/div>\n\t\t\t\t\t<\/div>","protected":false},"excerpt":{"rendered":"<p>Home www.gerovit.com Proizvodi Gerovit Proizvodni pogoni tvrtke nalaze se u gradu Aran\u0111elovac, SRBIJA. Imamo 130 zaposlenih i kompanija je prisutna na tr\u017ei\u0161tu Srbije i Evrope sa tendencijom daljeg rasta tr\u017ei\u0161ta. Orijentirani smo na brzu proizvodnju i brzu logistiku. Radi maksimalnog zadovoljenja potreba kupaca, tvrtka neprestano inovira i usavr\u0161ava kadrove i opremu. Od samog po\u010detka tvrtka&#8230;<\/p>","protected":false},"author":1,"featured_media":0,"parent":0,"menu_order":0,"comment_status":"closed","ping_status":"closed","template":"","meta":{"bgseo_title":"Gerovit","bgseo_description":"","bgseo_robots_index":"index","bgseo_robots_follow":"follow","footnotes":""},"class_list":{"0":"post-6137","1":"page","2":"type-page","3":"status-publish","4":"hentry","5":"nt-post-class","6":"","8":"thumb-none","10":"excerpt-none"},"yoast_head":"<!-- This site is optimized with the Yoast SEO plugin v16.5 - https:\/\/yoast.com\/wordpress\/plugins\/seo\/ -->\n<title>Gerovit<\/title>\n<meta name=\"description\" content=\"Tvrtka Domasz ve\u0107 dugi niz godina proizvodi moderne sustave za vaganje i pakiranje. Domasz ure\u0111aji uspje\u0161no se koriste u raznim industrijama.\" \/>\n<meta name=\"robots\" content=\"index, follow, max-snippet:-1, max-image-preview:large, max-video-preview:-1\" \/>\n<link rel=\"canonical\" href=\"https:\/\/zagro.hr\/en\/gerovit\/\" \/>\n<meta property=\"og:locale\" content=\"en_GB\" \/>\n<meta property=\"og:type\" content=\"article\" \/>\n<meta property=\"og:title\" content=\"Gerovit - Zagro d.o.o.\" \/>\n<meta property=\"og:description\" content=\"Tvrtka Domasz ve\u0107 dugi niz godina proizvodi moderne sustave za vaganje i pakiranje. Domasz ure\u0111aji uspje\u0161no se koriste u raznim industrijama.\" \/>\n<meta property=\"og:url\" content=\"https:\/\/zagro.hr\/en\/gerovit\/\" \/>\n<meta property=\"og:site_name\" content=\"Zagro d.o.o.\" \/>\n<meta property=\"article:modified_time\" content=\"2024-05-13T09:53:32+00:00\" \/>\n<meta property=\"og:image\" content=\"https:\/\/zagro.hr\/wp-content\/uploads\/2024\/05\/gerovit-logo.png\" \/>\n<meta name=\"twitter:card\" content=\"summary_large_image\" \/>\n<meta name=\"twitter:label1\" content=\"Estimated reading time\" \/>\n\t<meta name=\"twitter:data1\" content=\"2 minutes\" \/>\n<script type=\"application\/ld+json\" class=\"yoast-schema-graph\">{\"@context\":\"https:\/\/schema.org\",\"@graph\":[{\"@type\":\"Organization\",\"@id\":\"https:\/\/zagro.hr\/#organization\",\"name\":\"Zagro d.o.o.\",\"url\":\"https:\/\/zagro.hr\/\",\"sameAs\":[],\"logo\":{\"@type\":\"ImageObject\",\"@id\":\"https:\/\/zagro.hr\/#logo\",\"inLanguage\":\"en-GB\",\"url\":\"https:\/\/zagro.hr\/wp-content\/uploads\/2021\/01\/logo-1-e1461010389735.png\",\"contentUrl\":\"https:\/\/zagro.hr\/wp-content\/uploads\/2021\/01\/logo-1-e1461010389735.png\",\"width\":200,\"height\":100,\"caption\":\"Zagro d.o.o.\"},\"image\":{\"@id\":\"https:\/\/zagro.hr\/#logo\"}},{\"@type\":\"WebSite\",\"@id\":\"https:\/\/zagro.hr\/#website\",\"url\":\"https:\/\/zagro.hr\/\",\"name\":\"Zagro d.o.o.\",\"description\":\"\",\"publisher\":{\"@id\":\"https:\/\/zagro.hr\/#organization\"},\"potentialAction\":[{\"@type\":\"SearchAction\",\"target\":\"https:\/\/zagro.hr\/?s={search_term_string}\",\"query-input\":\"required name=search_term_string\"}],\"inLanguage\":\"en-GB\"},{\"@type\":\"ImageObject\",\"@id\":\"https:\/\/zagro.hr\/gerovit\/#primaryimage\",\"inLanguage\":\"en-GB\",\"url\":\"https:\/\/zagro.hr\/wp-content\/uploads\/2024\/05\/gerovit-logo.png\",\"contentUrl\":\"https:\/\/zagro.hr\/wp-content\/uploads\/2024\/05\/gerovit-logo.png\",\"width\":916,\"height\":227},{\"@type\":\"WebPage\",\"@id\":\"https:\/\/zagro.hr\/gerovit\/#webpage\",\"url\":\"https:\/\/zagro.hr\/gerovit\/\",\"name\":\"Gerovit - Zagro d.o.o.\",\"isPartOf\":{\"@id\":\"https:\/\/zagro.hr\/#website\"},\"primaryImageOfPage\":{\"@id\":\"https:\/\/zagro.hr\/gerovit\/#primaryimage\"},\"datePublished\":\"2024-05-13T08:09:28+00:00\",\"dateModified\":\"2024-05-13T09:53:32+00:00\",\"description\":\"Tvrtka Domasz ve\\u0107 dugi niz godina proizvodi moderne sustave za vaganje i pakiranje. Domasz ure\\u0111aji uspje\\u0161no se koriste u raznim industrijama.\",\"breadcrumb\":{\"@id\":\"https:\/\/zagro.hr\/gerovit\/#breadcrumb\"},\"inLanguage\":\"en-GB\",\"potentialAction\":[{\"@type\":\"ReadAction\",\"target\":[\"https:\/\/zagro.hr\/gerovit\/\"]}]},{\"@type\":\"BreadcrumbList\",\"@id\":\"https:\/\/zagro.hr\/gerovit\/#breadcrumb\",\"itemListElement\":[{\"@type\":\"ListItem\",\"position\":1,\"name\":\"Po\\u010detna stranica\",\"item\":\"https:\/\/zagro.hr\/\"},{\"@type\":\"ListItem\",\"position\":2,\"name\":\"Gerovit\"}]}]}<\/script>\n<!-- \/ Yoast SEO plugin. -->","_links":{"self":[{"href":"https:\/\/zagro.hr\/en\/wp-json\/wp\/v2\/pages\/6137","targetHints":{"allow":["GET"]}}],"collection":[{"href":"https:\/\/zagro.hr\/en\/wp-json\/wp\/v2\/pages"}],"about":[{"href":"https:\/\/zagro.hr\/en\/wp-json\/wp\/v2\/types\/page"}],"author":[{"embeddable":true,"href":"https:\/\/zagro.hr\/en\/wp-json\/wp\/v2\/users\/1"}],"replies":[{"embeddable":true,"href":"https:\/\/zagro.hr\/en\/wp-json\/wp\/v2\/comments?post=6137"}],"version-history":[{"count":8,"href":"https:\/\/zagro.hr\/en\/wp-json\/wp\/v2\/pages\/6137\/revisions"}],"predecessor-version":[{"id":6212,"href":"https:\/\/zagro.hr\/en\/wp-json\/wp\/v2\/pages\/6137\/revisions\/6212"}],"wp:attachment":[{"href":"https:\/\/zagro.hr\/en\/wp-json\/wp\/v2\/media?parent=6137"}],"curies":[{"name":"wp","href":"https:\/\/api.w.org\/{rel}","templated":true}]}}