{"id":6182,"date":"2024-05-13T11:06:01","date_gmt":"2024-05-13T09:06:01","guid":{"rendered":"https:\/\/zagro.hr\/?page_id=6182"},"modified":"2024-05-13T11:53:07","modified_gmt":"2024-05-13T09:53:07","slug":"solidtec","status":"publish","type":"page","link":"https:\/\/zagro.hr\/en\/solidtec\/","title":{"rendered":"Solidtec"},"content":{"rendered":"<div data-elementor-type=\"wp-page\" data-elementor-id=\"6182\" class=\"elementor elementor-6182\" data-elementor-settings=\"[]\">\n\t\t\t\t\t\t\t<div class=\"elementor-section-wrap\">\n\t\t\t\t\t\t\t<div class=\"elementor-section elementor-top-section elementor-element elementor-element-c8315a4 elementor-section-full_width elementor-section-height-default elementor-section-height-default nt-section-ripped-top ripped-top-no nt-section-ripped-bottom ripped-bottom-no\" data-id=\"c8315a4\" data-element_type=\"section\">\n\t\t\t\t\t\t<div class=\"elementor-container elementor-column-gap-no\">\n\t\t\t\t\t<div class=\"elementor-column elementor-col-100 elementor-top-column elementor-element elementor-element-5a27a41\" data-id=\"5a27a41\" data-element_type=\"column\">\n\t\t\t<div class=\"elementor-widget-wrap elementor-element-populated\">\n\t\t\t\t\t\t\t\t<div class=\"elementor-element elementor-element-4e5250b elementor-widget elementor-widget-agrikon-page-hero\" data-id=\"4e5250b\" data-element_type=\"widget\" data-widget_type=\"agrikon-page-hero.default\">\n\t\t\t\t<div class=\"elementor-widget-container\">\n\t\t\t<div class=\"page-header\"><div class=\"page-header__bg\"><\/div><div class=\"container\"><ul class=\"breadcrumbs thm-breadcrumb list-unstyled\"><li><a class=\"breadcrumb_link\" href=\"https:\/\/zagro.hr\/en\/\"> Home<\/a><\/li><\/ul><h2 class=\"page-title\"><img decoding=\"async\" src=\"https:\/\/zagro.hr\/wp-content\/uploads\/2024\/05\/Solidtec-logo-4.png\"><\/h2><\/div><\/div>\t\t<\/div>\n\t\t\t\t<\/div>\n\t\t\t\t\t<\/div>\n\t\t<\/div>\n\t\t\t\t\t\t\t<\/div>\n\t\t<\/div>\n\t\t\t\t<div class=\"elementor-section elementor-top-section elementor-element elementor-element-2472444 elementor-section-boxed elementor-section-height-default elementor-section-height-default nt-section-ripped-top ripped-top-no nt-section-ripped-bottom ripped-bottom-no\" data-id=\"2472444\" data-element_type=\"section\">\n\t\t\t\t\t\t<div class=\"elementor-container elementor-column-gap-no\">\n\t\t\t\t\t<div class=\"elementor-column elementor-col-33 elementor-top-column elementor-element elementor-element-59d7fa6\" data-id=\"59d7fa6\" data-element_type=\"column\" data-settings=\"{&quot;background_background&quot;:&quot;classic&quot;}\">\n\t\t\t<div class=\"elementor-widget-wrap elementor-element-populated\">\n\t\t\t\t\t\t\t\t<div class=\"elementor-section elementor-inner-section elementor-element elementor-element-713d062 elementor-section-boxed elementor-section-height-default elementor-section-height-default nt-section-ripped-top ripped-top-no nt-section-ripped-bottom ripped-bottom-no\" data-id=\"713d062\" data-element_type=\"section\" data-settings=\"{&quot;background_background&quot;:&quot;classic&quot;}\">\n\t\t\t\t\t\t<div class=\"elementor-container elementor-column-gap-default\">\n\t\t\t\t\t<div class=\"elementor-column elementor-col-100 elementor-inner-column elementor-element elementor-element-6a91259\" data-id=\"6a91259\" data-element_type=\"column\">\n\t\t\t<div class=\"elementor-widget-wrap elementor-element-populated\">\n\t\t\t\t\t\t\t\t<div class=\"elementor-element elementor-element-6c077ff agrikon-transform transform-type-translate elementor-widget elementor-widget-heading\" data-id=\"6c077ff\" data-element_type=\"widget\" data-widget_type=\"heading.default\">\n\t\t\t\t<div class=\"elementor-widget-container\">\n\t\t\t<div class=\"elementor-heading-title elementor-size-default\"><a href=\"https:\/\/www.solidtec.nl\/en\/\" target=\"_blank\"><img decoding=\"async\" src=\"https:\/\/zagro.hr\/wp-content\/uploads\/2024\/05\/Solidtec-logo-4.png\"><\/a><\/div>\t\t<\/div>\n\t\t\t\t<\/div>\n\t\t\t\t<div class=\"elementor-element elementor-element-22f3760 elementor-widget elementor-widget-text-editor\" data-id=\"22f3760\" data-element_type=\"widget\" data-widget_type=\"text-editor.default\">\n\t\t\t\t<div class=\"elementor-widget-container\">\n\t\t\t\t\t<div class=\"elementor-text-editor elementor-clearfix\"><p><a href=\"https:\/\/www.solidtec.nl\/en\/\" target=\"_blank\" rel=\"noopener\">www.solidtec.nl<\/a><\/p><\/div>\n\t\t\t\t<\/div>\n\t\t\t\t<\/div>\n\t\t\t\t<div class=\"elementor-element elementor-element-e953fe2 agrikon-heading-link-#255946 agrikon-transform transform-type-translate elementor-widget elementor-widget-heading\" data-id=\"e953fe2\" data-element_type=\"widget\" data-widget_type=\"heading.default\">\n\t\t\t\t<div class=\"elementor-widget-container\">\n\t\t\t<div class=\"elementor-heading-title elementor-size-default\"><a href=\"https:\/\/www.solidtec.nl\/en\/\" target=\"_blank\">Products<\/a><\/div>\t\t<\/div>\n\t\t\t\t<\/div>\n\t\t\t\t\t<\/div>\n\t\t<\/div>\n\t\t\t\t\t\t\t<\/div>\n\t\t<\/div>\n\t\t\t\t\t<\/div>\n\t\t<\/div>\n\t\t\t\t<div class=\"elementor-column elementor-col-66 elementor-top-column elementor-element elementor-element-b32df19\" data-id=\"b32df19\" data-element_type=\"column\">\n\t\t\t<div class=\"elementor-widget-wrap elementor-element-populated\">\n\t\t\t\t\t\t\t\t<div class=\"elementor-element elementor-element-ca3e392 elementor-widget elementor-widget-image\" data-id=\"ca3e392\" data-element_type=\"widget\" data-widget_type=\"image.default\">\n\t\t\t\t<div class=\"elementor-widget-container\">\n\t\t\t\t\t<div class=\"elementor-image\">\n\t\t\t\t\t\t\t\t\t\t<img loading=\"lazy\" decoding=\"async\" width=\"550\" height=\"400\" src=\"https:\/\/zagro.hr\/wp-content\/uploads\/2024\/05\/Werkplaats-550-x-400.jpg\" class=\"attachment-large size-large\" alt=\"\" srcset=\"https:\/\/zagro.hr\/wp-content\/uploads\/2024\/05\/Werkplaats-550-x-400.jpg 550w, https:\/\/zagro.hr\/wp-content\/uploads\/2024\/05\/Werkplaats-550-x-400-300x218.jpg 300w, https:\/\/zagro.hr\/wp-content\/uploads\/2024\/05\/Werkplaats-550-x-400-18x12.jpg 18w, https:\/\/zagro.hr\/wp-content\/uploads\/2024\/05\/Werkplaats-550-x-400-250x182.jpg 250w, https:\/\/zagro.hr\/wp-content\/uploads\/2024\/05\/Werkplaats-550-x-400-248x180.jpg 248w, https:\/\/zagro.hr\/wp-content\/uploads\/2024\/05\/Werkplaats-550-x-400-413x300.jpg 413w\" sizes=\"auto, (max-width: 550px) 100vw, 550px\" \/>\t\t\t\t\t\t\t\t\t\t\t<\/div>\n\t\t\t\t<\/div>\n\t\t\t\t<\/div>\n\t\t\t\t<div class=\"elementor-element elementor-element-cb579e0 agrikon-transform transform-type-translate elementor-widget elementor-widget-heading\" data-id=\"cb579e0\" data-element_type=\"widget\" data-widget_type=\"heading.default\">\n\t\t\t\t<div class=\"elementor-widget-container\">\n\t\t\t<h2 class=\"elementor-heading-title elementor-size-default\">Solidtec<\/h2>\t\t<\/div>\n\t\t\t\t<\/div>\n\t\t\t\t<div class=\"elementor-element elementor-element-d588f0c elementor-widget elementor-widget-text-editor\" data-id=\"d588f0c\" data-element_type=\"widget\" data-widget_type=\"text-editor.default\">\n\t\t\t\t<div class=\"elementor-widget-container\">\n\t\t\t\t\t<div class=\"elementor-text-editor elementor-clearfix\"><p>Solidtec B.V. was founded in 2012 and started on the Pioniersweg in Dronten. It all started in an old onion barn, with a dream. After years of working in the fruit and vegetable sector for others, on October 9 it is time to continue independently with the knowledge and experience gained.<\/p><p>The company has now experienced good growth. As a result, the old onion shed was exchanged in 2020 for a more modern and larger building. Solidtec B.V. is now situated on the Dommel in Dronten.<\/p><p>Solidtec B.V. specializes in the development and production of high-quality palletizers. Therefore you will come across our machines and installations through our solid dealer network and valued customers worldwide. Solidtec B.V. is your total supplier in the field of palletizing machines, pallet stabilization and pallet handling.<\/p><p>Our mission is to build a long-term relationship with our customers and dealers by supplying the best machines, the most efficient solutions and above all; the best service!<\/p><p>Thanks to our many years of experience and continuous innovation, we are always at the forefront of exceeding your expectations: our expertise makes your business more efficient.<\/p><\/div>\n\t\t\t\t<\/div>\n\t\t\t\t<\/div>\n\t\t\t\t<div class=\"elementor-element elementor-element-97840ae elementor-widget elementor-widget-agrikon-button\" data-id=\"97840ae\" data-element_type=\"widget\" data-widget_type=\"agrikon-button.default\">\n\t\t\t\t<div class=\"elementor-widget-container\">\n\t\t\t<div class=\"agrikon-button\"><a class=\"agrikon-btn thm-btn\" href=\"https:\/\/zagro.hr\/en\/kontakt\/\">Contact us <\/a><\/div>\t\t<\/div>\n\t\t\t\t<\/div>\n\t\t\t\t\t<\/div>\n\t\t<\/div>\n\t\t\t\t\t\t\t<\/div>\n\t\t<\/div>\n\t\t\t\t\t\t<\/div>\n\t\t\t\t\t<\/div>","protected":false},"excerpt":{"rendered":"<p>Home www.solidtec.nl Proizvodi Solidtec Solidtec B.V. osnovan je 2012. godine i zapo\u010deo je na Pionierswegu u Drontenu. Sve je po\u010delo u staroj \u0161talici luka, sa snom. Nakon godina rada u sektoru vo\u0107a i povr\u0107a za druge, 9. listopada vrijeme je da nastavimo samostalno sa ste\u010denim znanjem i iskustvom. Tvrtka je sada do\u017eivjela dobar rast. Zbog&#8230;<\/p>","protected":false},"author":1,"featured_media":0,"parent":0,"menu_order":0,"comment_status":"closed","ping_status":"closed","template":"","meta":{"bgseo_title":"Solidtec","bgseo_description":"","bgseo_robots_index":"index","bgseo_robots_follow":"follow","footnotes":""},"class_list":{"0":"post-6182","1":"page","2":"type-page","3":"status-publish","4":"hentry","5":"nt-post-class","6":"","8":"thumb-none","10":"excerpt-none"},"yoast_head":"<!-- This site is optimized with the Yoast SEO plugin v16.5 - https:\/\/yoast.com\/wordpress\/plugins\/seo\/ -->\n<title>Solidtec<\/title>\n<meta name=\"description\" content=\"Tvrtka Domasz ve\u0107 dugi niz godina proizvodi moderne sustave za vaganje i pakiranje. Domasz ure\u0111aji uspje\u0161no se koriste u raznim industrijama.\" \/>\n<meta name=\"robots\" content=\"index, follow, max-snippet:-1, max-image-preview:large, max-video-preview:-1\" \/>\n<link rel=\"canonical\" href=\"https:\/\/zagro.hr\/en\/solidtec\/\" \/>\n<meta property=\"og:locale\" content=\"en_GB\" \/>\n<meta property=\"og:type\" content=\"article\" \/>\n<meta property=\"og:title\" content=\"Solidtec - Zagro d.o.o.\" \/>\n<meta property=\"og:description\" content=\"Tvrtka Domasz ve\u0107 dugi niz godina proizvodi moderne sustave za vaganje i pakiranje. Domasz ure\u0111aji uspje\u0161no se koriste u raznim industrijama.\" \/>\n<meta property=\"og:url\" content=\"https:\/\/zagro.hr\/en\/solidtec\/\" \/>\n<meta property=\"og:site_name\" content=\"Zagro d.o.o.\" \/>\n<meta property=\"article:modified_time\" content=\"2024-05-13T09:53:07+00:00\" \/>\n<meta property=\"og:image\" content=\"https:\/\/zagro.hr\/wp-content\/uploads\/2024\/05\/Solidtec-logo-4.png\" \/>\n<meta name=\"twitter:card\" content=\"summary_large_image\" \/>\n<meta name=\"twitter:label1\" content=\"Estimated reading time\" \/>\n\t<meta name=\"twitter:data1\" content=\"2 minutes\" \/>\n<script type=\"application\/ld+json\" class=\"yoast-schema-graph\">{\"@context\":\"https:\/\/schema.org\",\"@graph\":[{\"@type\":\"Organization\",\"@id\":\"https:\/\/zagro.hr\/#organization\",\"name\":\"Zagro d.o.o.\",\"url\":\"https:\/\/zagro.hr\/\",\"sameAs\":[],\"logo\":{\"@type\":\"ImageObject\",\"@id\":\"https:\/\/zagro.hr\/#logo\",\"inLanguage\":\"en-GB\",\"url\":\"https:\/\/zagro.hr\/wp-content\/uploads\/2021\/01\/logo-1-e1461010389735.png\",\"contentUrl\":\"https:\/\/zagro.hr\/wp-content\/uploads\/2021\/01\/logo-1-e1461010389735.png\",\"width\":200,\"height\":100,\"caption\":\"Zagro d.o.o.\"},\"image\":{\"@id\":\"https:\/\/zagro.hr\/#logo\"}},{\"@type\":\"WebSite\",\"@id\":\"https:\/\/zagro.hr\/#website\",\"url\":\"https:\/\/zagro.hr\/\",\"name\":\"Zagro d.o.o.\",\"description\":\"\",\"publisher\":{\"@id\":\"https:\/\/zagro.hr\/#organization\"},\"potentialAction\":[{\"@type\":\"SearchAction\",\"target\":\"https:\/\/zagro.hr\/?s={search_term_string}\",\"query-input\":\"required name=search_term_string\"}],\"inLanguage\":\"en-GB\"},{\"@type\":\"ImageObject\",\"@id\":\"https:\/\/zagro.hr\/solidtec\/#primaryimage\",\"inLanguage\":\"en-GB\",\"url\":\"https:\/\/zagro.hr\/wp-content\/uploads\/2024\/05\/Solidtec-logo-4.png\",\"contentUrl\":\"https:\/\/zagro.hr\/wp-content\/uploads\/2024\/05\/Solidtec-logo-4.png\",\"width\":600,\"height\":100},{\"@type\":\"WebPage\",\"@id\":\"https:\/\/zagro.hr\/solidtec\/#webpage\",\"url\":\"https:\/\/zagro.hr\/solidtec\/\",\"name\":\"Solidtec - Zagro d.o.o.\",\"isPartOf\":{\"@id\":\"https:\/\/zagro.hr\/#website\"},\"primaryImageOfPage\":{\"@id\":\"https:\/\/zagro.hr\/solidtec\/#primaryimage\"},\"datePublished\":\"2024-05-13T09:06:01+00:00\",\"dateModified\":\"2024-05-13T09:53:07+00:00\",\"description\":\"Tvrtka Domasz ve\\u0107 dugi niz godina proizvodi moderne sustave za vaganje i pakiranje. Domasz ure\\u0111aji uspje\\u0161no se koriste u raznim industrijama.\",\"breadcrumb\":{\"@id\":\"https:\/\/zagro.hr\/solidtec\/#breadcrumb\"},\"inLanguage\":\"en-GB\",\"potentialAction\":[{\"@type\":\"ReadAction\",\"target\":[\"https:\/\/zagro.hr\/solidtec\/\"]}]},{\"@type\":\"BreadcrumbList\",\"@id\":\"https:\/\/zagro.hr\/solidtec\/#breadcrumb\",\"itemListElement\":[{\"@type\":\"ListItem\",\"position\":1,\"name\":\"Po\\u010detna stranica\",\"item\":\"https:\/\/zagro.hr\/\"},{\"@type\":\"ListItem\",\"position\":2,\"name\":\"Solidtec\"}]}]}<\/script>\n<!-- \/ Yoast SEO plugin. -->","_links":{"self":[{"href":"https:\/\/zagro.hr\/en\/wp-json\/wp\/v2\/pages\/6182","targetHints":{"allow":["GET"]}}],"collection":[{"href":"https:\/\/zagro.hr\/en\/wp-json\/wp\/v2\/pages"}],"about":[{"href":"https:\/\/zagro.hr\/en\/wp-json\/wp\/v2\/types\/page"}],"author":[{"embeddable":true,"href":"https:\/\/zagro.hr\/en\/wp-json\/wp\/v2\/users\/1"}],"replies":[{"embeddable":true,"href":"https:\/\/zagro.hr\/en\/wp-json\/wp\/v2\/comments?post=6182"}],"version-history":[{"count":5,"href":"https:\/\/zagro.hr\/en\/wp-json\/wp\/v2\/pages\/6182\/revisions"}],"predecessor-version":[{"id":6210,"href":"https:\/\/zagro.hr\/en\/wp-json\/wp\/v2\/pages\/6182\/revisions\/6210"}],"wp:attachment":[{"href":"https:\/\/zagro.hr\/en\/wp-json\/wp\/v2\/media?parent=6182"}],"curies":[{"name":"wp","href":"https:\/\/api.w.org\/{rel}","templated":true}]}}