{"id":5134,"date":"2021-02-15T13:05:42","date_gmt":"2021-02-15T12:05:42","guid":{"rendered":"http:\/\/zagro.cwebspace.hr\/?post_type=product&#038;p=5134"},"modified":"2022-01-26T16:26:18","modified_gmt":"2022-01-26T15:26:18","slug":"raschel-vrece-za-rucno-pakiranje","status":"publish","type":"product","link":"https:\/\/zagro.hr\/en\/product\/raschel-vrece-za-rucno-pakiranje\/","title":{"rendered":"Raschel vre\u0107e za ru\u010dno pakiranje"},"content":{"rendered":"","protected":false},"excerpt":{"rendered":"<table style=\"height: 290px;\" width=\"321\">\n<tbody>\n<tr>\n<td>Zapremnina (kg)<\/td>\n<td>Dimenzija (cm)<\/td>\n<td>Dostupno u boji<\/td>\n<\/tr>\n<tr>\n<td>5<\/td>\n<td>32&#215;46<\/td>\n<td>Crvena, \u017euta, naran\u010dasta, bijela, ljubi\u010dasta<\/td>\n<\/tr>\n<tr>\n<td>10<\/td>\n<td>36&#215;58<\/td>\n<td>Crvena, \u017euta, naran\u010dasta, bijela, ljubi\u010dasta<\/td>\n<\/tr>\n<tr>\n<td>15<\/td>\n<td>40&#215;60<\/td>\n<td>Crvena, \u017euta, zelena<\/td>\n<\/tr>\n<tr>\n<td>30<\/td>\n<td>50&#215;60<\/td>\n<td>Crvena, \u017euta, zelena<\/td>\n<\/tr>\n<\/tbody>\n<\/table>","protected":false},"featured_media":5135,"comment_status":"closed","ping_status":"closed","template":"","meta":{"bgseo_title":"","bgseo_description":"","bgseo_robots_index":"","bgseo_robots_follow":""},"class_list":["post-5134","product","type-product","status-publish","has-post-thumbnail","hentry","product_cat-raschel-vrece","product_tag-poljoprivredna-ambalaza","agrikon_product_brands-raschel","nt-post-class",""],"yoast_head":"<!-- This site is optimized with the Yoast SEO plugin v16.5 - https:\/\/yoast.com\/wordpress\/plugins\/seo\/ -->\n<title>Raschel vre\u0107e za ru\u010dno pakiranje | Zagro d.o.o.<\/title>\n<meta name=\"robots\" content=\"index, follow, max-snippet:-1, max-image-preview:large, max-video-preview:-1\" \/>\n<link rel=\"canonical\" href=\"https:\/\/zagro.hr\/en\/product\/raschel-vrece-za-rucno-pakiranje\/\" \/>\n<meta property=\"og:locale\" content=\"en_GB\" \/>\n<meta property=\"og:type\" content=\"article\" \/>\n<meta property=\"og:title\" content=\"Raschel vre\u0107e za ru\u010dno pakiranje - Zagro d.o.o.\" \/>\n<meta property=\"og:description\" content=\"Zapremnina (kg) Dimenzija (cm) Dostupno u boji   5 32x46 Crvena, \u017euta, naran\u010dasta, bijela, ljubi\u010dasta   10 36x58 Crvena, \u017euta, naran\u010dasta, bijela, ljubi\u010dasta   15 40x60 Crvena, \u017euta, zelena   30 50x60 Crvena, \u017euta, zelena\" \/>\n<meta property=\"og:url\" content=\"https:\/\/zagro.hr\/en\/product\/raschel-vrece-za-rucno-pakiranje\/\" \/>\n<meta property=\"og:site_name\" content=\"Zagro d.o.o.\" \/>\n<meta property=\"article:modified_time\" content=\"2022-01-26T15:26:18+00:00\" \/>\n<meta property=\"og:image\" content=\"https:\/\/zagro.hr\/wp-content\/uploads\/2021\/02\/1_raschel_rucno.jpg\" \/>\n\t<meta property=\"og:image:width\" content=\"735\" \/>\n\t<meta property=\"og:image:height\" content=\"641\" \/>\n<meta name=\"twitter:card\" content=\"summary_large_image\" \/>\n<script type=\"application\/ld+json\" class=\"yoast-schema-graph\">{\"@context\":\"https:\/\/schema.org\",\"@graph\":[{\"@type\":\"Organization\",\"@id\":\"https:\/\/zagro.hr\/#organization\",\"name\":\"Zagro d.o.o.\",\"url\":\"https:\/\/zagro.hr\/\",\"sameAs\":[],\"logo\":{\"@type\":\"ImageObject\",\"@id\":\"https:\/\/zagro.hr\/#logo\",\"inLanguage\":\"en-GB\",\"url\":\"https:\/\/zagro.hr\/wp-content\/uploads\/2021\/01\/logo-1-e1461010389735.png\",\"contentUrl\":\"https:\/\/zagro.hr\/wp-content\/uploads\/2021\/01\/logo-1-e1461010389735.png\",\"width\":200,\"height\":100,\"caption\":\"Zagro d.o.o.\"},\"image\":{\"@id\":\"https:\/\/zagro.hr\/#logo\"}},{\"@type\":\"WebSite\",\"@id\":\"https:\/\/zagro.hr\/#website\",\"url\":\"https:\/\/zagro.hr\/\",\"name\":\"Zagro d.o.o.\",\"description\":\"\",\"publisher\":{\"@id\":\"https:\/\/zagro.hr\/#organization\"},\"potentialAction\":[{\"@type\":\"SearchAction\",\"target\":\"https:\/\/zagro.hr\/?s={search_term_string}\",\"query-input\":\"required name=search_term_string\"}],\"inLanguage\":\"en-GB\"},{\"@type\":\"ImageObject\",\"@id\":\"https:\/\/zagro.hr\/product\/raschel-vrece-za-rucno-pakiranje\/#primaryimage\",\"inLanguage\":\"en-GB\",\"url\":\"https:\/\/zagro.hr\/wp-content\/uploads\/2021\/02\/1_raschel_rucno.jpg\",\"contentUrl\":\"https:\/\/zagro.hr\/wp-content\/uploads\/2021\/02\/1_raschel_rucno.jpg\",\"width\":735,\"height\":641,\"caption\":\"Raschel vre\\u0107e za ru\\u010dno pakiranje\"},{\"@type\":\"WebPage\",\"@id\":\"https:\/\/zagro.hr\/product\/raschel-vrece-za-rucno-pakiranje\/#webpage\",\"url\":\"https:\/\/zagro.hr\/product\/raschel-vrece-za-rucno-pakiranje\/\",\"name\":\"Raschel vre\\u0107e za ru\\u010dno pakiranje - Zagro d.o.o.\",\"isPartOf\":{\"@id\":\"https:\/\/zagro.hr\/#website\"},\"primaryImageOfPage\":{\"@id\":\"https:\/\/zagro.hr\/product\/raschel-vrece-za-rucno-pakiranje\/#primaryimage\"},\"datePublished\":\"2021-02-15T12:05:42+00:00\",\"dateModified\":\"2022-01-26T15:26:18+00:00\",\"breadcrumb\":{\"@id\":\"https:\/\/zagro.hr\/product\/raschel-vrece-za-rucno-pakiranje\/#breadcrumb\"},\"inLanguage\":\"en-GB\",\"potentialAction\":[{\"@type\":\"ReadAction\",\"target\":[\"https:\/\/zagro.hr\/product\/raschel-vrece-za-rucno-pakiranje\/\"]}]},{\"@type\":\"BreadcrumbList\",\"@id\":\"https:\/\/zagro.hr\/product\/raschel-vrece-za-rucno-pakiranje\/#breadcrumb\",\"itemListElement\":[{\"@type\":\"ListItem\",\"position\":1,\"name\":\"Po\\u010detna stranica\",\"item\":\"https:\/\/zagro.hr\/\"},{\"@type\":\"ListItem\",\"position\":2,\"name\":\"Proizvodi\",\"item\":\"https:\/\/zagro.hr\/shop\/\"},{\"@type\":\"ListItem\",\"position\":3,\"name\":\"Raschel vre\\u0107e za ru\\u010dno pakiranje\"}]}]}<\/script>\n<!-- \/ Yoast SEO plugin. -->","_links":{"self":[{"href":"https:\/\/zagro.hr\/en\/wp-json\/wp\/v2\/product\/5134","targetHints":{"allow":["GET"]}}],"collection":[{"href":"https:\/\/zagro.hr\/en\/wp-json\/wp\/v2\/product"}],"about":[{"href":"https:\/\/zagro.hr\/en\/wp-json\/wp\/v2\/types\/product"}],"replies":[{"embeddable":true,"href":"https:\/\/zagro.hr\/en\/wp-json\/wp\/v2\/comments?post=5134"}],"wp:featuredmedia":[{"embeddable":true,"href":"https:\/\/zagro.hr\/en\/wp-json\/wp\/v2\/media\/5135"}],"wp:attachment":[{"href":"https:\/\/zagro.hr\/en\/wp-json\/wp\/v2\/media?parent=5134"}],"curies":[{"name":"wp","href":"https:\/\/api.w.org\/{rel}","templated":true}]}}