{"id":5213,"date":"2021-02-15T13:10:30","date_gmt":"2021-02-15T12:10:30","guid":{"rendered":"http:\/\/zagro.cwebspace.hr\/?post_type=product&#038;p=5213"},"modified":"2022-01-22T12:24:37","modified_gmt":"2022-01-22T11:24:37","slug":"raschel-vrece-na-roli-za-strojno-pakiranje-automatske","status":"publish","type":"product","link":"https:\/\/zagro.hr\/en\/product\/raschel-vrece-na-roli-za-strojno-pakiranje-automatske\/","title":{"rendered":"Raschel vre\u0107e na roli za strojno pakiranje &#8211; automatske"},"content":{"rendered":"","protected":false},"excerpt":{"rendered":"<table style=\"height: 362px;\" width=\"362\">\n<tbody>\n<tr>\n<td>Zapremnina (kg)<\/td>\n<td>Dimenzija (cm)<\/td>\n<td>Dostupno u boji<\/td>\n<\/tr>\n<tr>\n<td>2<\/td>\n<td>29&#215;37<\/td>\n<td>Crvena, naran\u010dasta, \u017euta<\/td>\n<\/tr>\n<tr>\n<td>5<\/td>\n<td>34&#215;46<\/td>\n<td>\u00a0Crvena, naran\u010dasta, \u017euta<\/td>\n<\/tr>\n<tr>\n<td>10<\/td>\n<td>41&#215;60<\/td>\n<td>Crvena, naran\u010dasta, \u017euta, ljubi\u010dasta, bijela<\/td>\n<\/tr>\n<tr>\n<td>5 &#8211; guste<\/td>\n<td>34&#215;46<\/td>\n<td>Naran\u010dasta<\/td>\n<\/tr>\n<tr>\n<td>10 &#8211; guste<\/td>\n<td>41&#215;60<\/td>\n<td>Naran\u010dasta<\/td>\n<\/tr>\n<\/tbody>\n<\/table>","protected":false},"featured_media":5534,"comment_status":"closed","ping_status":"closed","template":"","meta":{"bgseo_title":"","bgseo_description":"","bgseo_robots_index":"","bgseo_robots_follow":""},"class_list":["post-5213","product","type-product","status-publish","has-post-thumbnail","hentry","product_cat-raschel-vrece","product_tag-poljoprivredna-ambalaza","agrikon_product_brands-raschel","nt-post-class",""],"yoast_head":"<!-- This site is optimized with the Yoast SEO plugin v16.5 - https:\/\/yoast.com\/wordpress\/plugins\/seo\/ -->\n<title>Raschel vre\u0107e na roli za strojno pakiranje &#8211; automatske | Zagro d.o.o.<\/title>\n<meta name=\"robots\" content=\"index, follow, max-snippet:-1, max-image-preview:large, max-video-preview:-1\" \/>\n<link rel=\"canonical\" href=\"https:\/\/zagro.hr\/en\/product\/raschel-vrece-na-roli-za-strojno-pakiranje-automatske\/\" \/>\n<meta property=\"og:locale\" content=\"en_GB\" \/>\n<meta property=\"og:type\" content=\"article\" \/>\n<meta property=\"og:title\" content=\"Raschel vre\u0107e na roli za strojno pakiranje - automatske - Zagro d.o.o.\" \/>\n<meta property=\"og:description\" content=\"Zapremnina (kg) Dimenzija (cm) Dostupno u boji   2 29x37 Crvena, naran\u010dasta, \u017euta   5 34x46 \u00a0Crvena, naran\u010dasta, \u017euta   10 41x60 Crvena, naran\u010dasta, \u017euta, ljubi\u010dasta, bijela   5 - guste 34x46 Naran\u010dasta   10 - guste 41x60 Naran\u010dasta\" \/>\n<meta property=\"og:url\" content=\"https:\/\/zagro.hr\/en\/product\/raschel-vrece-na-roli-za-strojno-pakiranje-automatske\/\" \/>\n<meta property=\"og:site_name\" content=\"Zagro d.o.o.\" \/>\n<meta property=\"article:modified_time\" content=\"2022-01-22T11:24:37+00:00\" \/>\n<meta property=\"og:image\" content=\"https:\/\/zagro.hr\/wp-content\/uploads\/2021\/07\/IMG-20210715-WA0001.jpg\" \/>\n\t<meta property=\"og:image:width\" content=\"1600\" \/>\n\t<meta property=\"og:image:height\" content=\"900\" \/>\n<meta name=\"twitter:card\" content=\"summary_large_image\" \/>\n<script type=\"application\/ld+json\" class=\"yoast-schema-graph\">{\"@context\":\"https:\/\/schema.org\",\"@graph\":[{\"@type\":\"Organization\",\"@id\":\"https:\/\/zagro.hr\/#organization\",\"name\":\"Zagro d.o.o.\",\"url\":\"https:\/\/zagro.hr\/\",\"sameAs\":[],\"logo\":{\"@type\":\"ImageObject\",\"@id\":\"https:\/\/zagro.hr\/#logo\",\"inLanguage\":\"en-GB\",\"url\":\"https:\/\/zagro.hr\/wp-content\/uploads\/2021\/01\/logo-1-e1461010389735.png\",\"contentUrl\":\"https:\/\/zagro.hr\/wp-content\/uploads\/2021\/01\/logo-1-e1461010389735.png\",\"width\":200,\"height\":100,\"caption\":\"Zagro d.o.o.\"},\"image\":{\"@id\":\"https:\/\/zagro.hr\/#logo\"}},{\"@type\":\"WebSite\",\"@id\":\"https:\/\/zagro.hr\/#website\",\"url\":\"https:\/\/zagro.hr\/\",\"name\":\"Zagro d.o.o.\",\"description\":\"\",\"publisher\":{\"@id\":\"https:\/\/zagro.hr\/#organization\"},\"potentialAction\":[{\"@type\":\"SearchAction\",\"target\":\"https:\/\/zagro.hr\/?s={search_term_string}\",\"query-input\":\"required name=search_term_string\"}],\"inLanguage\":\"en-GB\"},{\"@type\":\"ImageObject\",\"@id\":\"https:\/\/zagro.hr\/product\/raschel-vrece-na-roli-za-strojno-pakiranje-automatske\/#primaryimage\",\"inLanguage\":\"en-GB\",\"url\":\"https:\/\/zagro.hr\/wp-content\/uploads\/2021\/07\/IMG-20210715-WA0001.jpg\",\"contentUrl\":\"https:\/\/zagro.hr\/wp-content\/uploads\/2021\/07\/IMG-20210715-WA0001.jpg\",\"width\":1600,\"height\":900},{\"@type\":\"WebPage\",\"@id\":\"https:\/\/zagro.hr\/product\/raschel-vrece-na-roli-za-strojno-pakiranje-automatske\/#webpage\",\"url\":\"https:\/\/zagro.hr\/product\/raschel-vrece-na-roli-za-strojno-pakiranje-automatske\/\",\"name\":\"Raschel vre\\u0107e na roli za strojno pakiranje - automatske - Zagro d.o.o.\",\"isPartOf\":{\"@id\":\"https:\/\/zagro.hr\/#website\"},\"primaryImageOfPage\":{\"@id\":\"https:\/\/zagro.hr\/product\/raschel-vrece-na-roli-za-strojno-pakiranje-automatske\/#primaryimage\"},\"datePublished\":\"2021-02-15T12:10:30+00:00\",\"dateModified\":\"2022-01-22T11:24:37+00:00\",\"breadcrumb\":{\"@id\":\"https:\/\/zagro.hr\/product\/raschel-vrece-na-roli-za-strojno-pakiranje-automatske\/#breadcrumb\"},\"inLanguage\":\"en-GB\",\"potentialAction\":[{\"@type\":\"ReadAction\",\"target\":[\"https:\/\/zagro.hr\/product\/raschel-vrece-na-roli-za-strojno-pakiranje-automatske\/\"]}]},{\"@type\":\"BreadcrumbList\",\"@id\":\"https:\/\/zagro.hr\/product\/raschel-vrece-na-roli-za-strojno-pakiranje-automatske\/#breadcrumb\",\"itemListElement\":[{\"@type\":\"ListItem\",\"position\":1,\"name\":\"Po\\u010detna stranica\",\"item\":\"https:\/\/zagro.hr\/\"},{\"@type\":\"ListItem\",\"position\":2,\"name\":\"Proizvodi\",\"item\":\"https:\/\/zagro.hr\/shop\/\"},{\"@type\":\"ListItem\",\"position\":3,\"name\":\"Raschel vre\\u0107e na roli za strojno pakiranje &#8211; automatske\"}]}]}<\/script>\n<!-- \/ Yoast SEO plugin. -->","_links":{"self":[{"href":"https:\/\/zagro.hr\/en\/wp-json\/wp\/v2\/product\/5213","targetHints":{"allow":["GET"]}}],"collection":[{"href":"https:\/\/zagro.hr\/en\/wp-json\/wp\/v2\/product"}],"about":[{"href":"https:\/\/zagro.hr\/en\/wp-json\/wp\/v2\/types\/product"}],"replies":[{"embeddable":true,"href":"https:\/\/zagro.hr\/en\/wp-json\/wp\/v2\/comments?post=5213"}],"wp:featuredmedia":[{"embeddable":true,"href":"https:\/\/zagro.hr\/en\/wp-json\/wp\/v2\/media\/5534"}],"wp:attachment":[{"href":"https:\/\/zagro.hr\/en\/wp-json\/wp\/v2\/media?parent=5213"}],"curies":[{"name":"wp","href":"https:\/\/api.w.org\/{rel}","templated":true}]}}