{"id":5236,"date":"2021-02-15T14:14:44","date_gmt":"2021-02-15T14:14:44","guid":{"rendered":"http:\/\/zagro.cwebspace.hr\/?post_type=product&#038;p=5236"},"modified":"2021-02-15T14:15:24","modified_gmt":"2021-02-15T14:15:24","slug":"vaga-automatska-we-30-plus","status":"publish","type":"product","link":"https:\/\/zagro.hr\/en\/product\/vaga-automatska-we-30-plus\/","title":{"rendered":"Vaga automatska WE &#8211; 30 PLUS"},"content":{"rendered":"<p>WE 30 PLUS elektronska vaga i pakirni stroj je moderan i efikasan stroj za vaganje povr\u0107a kao \u0161to su krumpir, luk, mrkva itd. Konstrukcija je napravljena za rad sa RA-1 pakirnim strojem koji tako\u0111er proizvodi tvrtka Domasz. WE-30 PLUS automatska vaga mo\u017ee puniti proizvod koji se pakira u vre\u0107e koje su spojene na stroj. Velik kapaciteti i preciznost vaganog proizvoda je garantirana produ\u017eenim glavnim remenjem sa 5 brzina i promjenivim brzinama remena za vaganje. \u010cetke koje dr\u017ee povr\u0107e tijekom procesa vaganja imaju tako\u0111er velik utjecaj na preciznost i brzinu samog vaganja. \u010cetke su kontrolirane pneumatski. Mogu\u0107nost samo \u2013 kalibriranja koja uklju\u010duje te\u017einu pakirne ambala\u017ee za povr\u0107e kod vaganja je tako\u0111er jedna va\u017ena osobina vage i pakirnice WE-30 PLUS. Ovo rije\u0161enje omogu\u0107uje da se svako vaganje proizvoda izvr\u0161i precizno te da zemlja u samoj pakirnoj ambala\u017ei nema utjecaj na preciznost vaganja. Va\u017ena osobina elektronske vage i pakirnog stroja WE-30 PLUS je mogu\u0107nost skidanja razdjelnika lijevka \u0161to omogu\u0107uje vaganje manjih proizvoda. WE-30 stroj tako\u0111er ima, standardno, dodatke za reduciranje koji se koriste za punjenje manjih vre\u0107a razli\u010ditih veli\u010dina.<\/p>","protected":false},"excerpt":{"rendered":"<p>TEHNI\u010cKE SPECIFIKACIJE:<\/p>\n<p>&#8211; samokalibriraju\u0107a vaga (1-30kg)<br \/>\n&#8211; automatsko ili ru\u010dno punjenje<br \/>\n&#8211; kontrola brzine punjenja<br \/>\n&#8211; traka sa 5 brzina + kontrola brzine vaganja<br \/>\n&#8211; kapacitet 15kg vre\u0107a -max 6 t\/h<br \/>\n&#8211; deklarirane i certificirane vage<br \/>\n&#8211; kompatibilno sa pakirnicom RA 1<br \/>\nNapajanje:<br \/>\n&#8211; 3*400V 2.3 KW (32A 5P)<br \/>\n&#8211; kompresor zraka 5bar (DIN 17)<\/p>","protected":false},"featured_media":5240,"comment_status":"closed","ping_status":"closed","template":"","meta":{"bgseo_title":"","bgseo_description":"","bgseo_robots_index":"","bgseo_robots_follow":""},"class_list":["post-5236","product","type-product","status-publish","has-post-thumbnail","hentry","product_cat-vage","product_tag-strojevi-za-sortiranje-i-pakiranje-poljopriv-proizvoda","agrikon_product_brands-domasz","nt-post-class",""],"yoast_head":"<!-- This site is optimized with the Yoast SEO plugin v16.5 - https:\/\/yoast.com\/wordpress\/plugins\/seo\/ -->\n<title>Vaga automatska WE &#8211; 30 PLUS | Zagro d.o.o.<\/title>\n<meta name=\"robots\" content=\"index, follow, max-snippet:-1, max-image-preview:large, max-video-preview:-1\" \/>\n<link rel=\"canonical\" href=\"https:\/\/zagro.hr\/en\/product\/vaga-automatska-we-30-plus\/\" \/>\n<meta property=\"og:locale\" content=\"en_GB\" \/>\n<meta property=\"og:type\" content=\"article\" \/>\n<meta property=\"og:title\" content=\"Vaga automatska WE - 30 PLUS - Zagro d.o.o.\" \/>\n<meta property=\"og:description\" content=\"TEHNI\u010cKE SPECIFIKACIJE:  - samokalibriraju\u0107a vaga (1-30kg) - automatsko ili ru\u010dno punjenje - kontrola brzine punjenja - traka sa 5 brzina + kontrola brzine vaganja - kapacitet 15kg vre\u0107a -max 6 t\/h - deklarirane i certificirane vage - kompatibilno sa pakirnicom RA 1 Napajanje: - 3*400V 2.3 KW (32A 5P) - kompresor zraka 5bar (DIN 17)\" \/>\n<meta property=\"og:url\" content=\"https:\/\/zagro.hr\/en\/product\/vaga-automatska-we-30-plus\/\" \/>\n<meta property=\"og:site_name\" content=\"Zagro d.o.o.\" \/>\n<meta property=\"article:modified_time\" content=\"2021-02-15T14:15:24+00:00\" \/>\n<meta property=\"og:image\" content=\"https:\/\/zagro.hr\/wp-content\/uploads\/2021\/02\/we30.jpg\" \/>\n\t<meta property=\"og:image:width\" content=\"900\" \/>\n\t<meta property=\"og:image:height\" content=\"600\" \/>\n<meta name=\"twitter:card\" content=\"summary_large_image\" \/>\n<meta name=\"twitter:label1\" content=\"Estimated reading time\" \/>\n\t<meta name=\"twitter:data1\" content=\"1 minute\" \/>\n<script type=\"application\/ld+json\" class=\"yoast-schema-graph\">{\"@context\":\"https:\/\/schema.org\",\"@graph\":[{\"@type\":\"Organization\",\"@id\":\"https:\/\/zagro.hr\/#organization\",\"name\":\"Zagro d.o.o.\",\"url\":\"https:\/\/zagro.hr\/\",\"sameAs\":[],\"logo\":{\"@type\":\"ImageObject\",\"@id\":\"https:\/\/zagro.hr\/#logo\",\"inLanguage\":\"en-GB\",\"url\":\"https:\/\/zagro.hr\/wp-content\/uploads\/2021\/01\/logo-1-e1461010389735.png\",\"contentUrl\":\"https:\/\/zagro.hr\/wp-content\/uploads\/2021\/01\/logo-1-e1461010389735.png\",\"width\":200,\"height\":100,\"caption\":\"Zagro d.o.o.\"},\"image\":{\"@id\":\"https:\/\/zagro.hr\/#logo\"}},{\"@type\":\"WebSite\",\"@id\":\"https:\/\/zagro.hr\/#website\",\"url\":\"https:\/\/zagro.hr\/\",\"name\":\"Zagro d.o.o.\",\"description\":\"\",\"publisher\":{\"@id\":\"https:\/\/zagro.hr\/#organization\"},\"potentialAction\":[{\"@type\":\"SearchAction\",\"target\":\"https:\/\/zagro.hr\/?s={search_term_string}\",\"query-input\":\"required name=search_term_string\"}],\"inLanguage\":\"en-GB\"},{\"@type\":\"ImageObject\",\"@id\":\"https:\/\/zagro.hr\/product\/vaga-automatska-we-30-plus\/#primaryimage\",\"inLanguage\":\"en-GB\",\"url\":\"https:\/\/zagro.hr\/wp-content\/uploads\/2021\/02\/we30.jpg\",\"contentUrl\":\"https:\/\/zagro.hr\/wp-content\/uploads\/2021\/02\/we30.jpg\",\"width\":900,\"height\":600,\"caption\":\"Vaga automatska WE - 30 PLUS\"},{\"@type\":\"WebPage\",\"@id\":\"https:\/\/zagro.hr\/product\/vaga-automatska-we-30-plus\/#webpage\",\"url\":\"https:\/\/zagro.hr\/product\/vaga-automatska-we-30-plus\/\",\"name\":\"Vaga automatska WE - 30 PLUS - Zagro d.o.o.\",\"isPartOf\":{\"@id\":\"https:\/\/zagro.hr\/#website\"},\"primaryImageOfPage\":{\"@id\":\"https:\/\/zagro.hr\/product\/vaga-automatska-we-30-plus\/#primaryimage\"},\"datePublished\":\"2021-02-15T14:14:44+00:00\",\"dateModified\":\"2021-02-15T14:15:24+00:00\",\"breadcrumb\":{\"@id\":\"https:\/\/zagro.hr\/product\/vaga-automatska-we-30-plus\/#breadcrumb\"},\"inLanguage\":\"en-GB\",\"potentialAction\":[{\"@type\":\"ReadAction\",\"target\":[\"https:\/\/zagro.hr\/product\/vaga-automatska-we-30-plus\/\"]}]},{\"@type\":\"BreadcrumbList\",\"@id\":\"https:\/\/zagro.hr\/product\/vaga-automatska-we-30-plus\/#breadcrumb\",\"itemListElement\":[{\"@type\":\"ListItem\",\"position\":1,\"name\":\"Po\\u010detna stranica\",\"item\":\"https:\/\/zagro.hr\/\"},{\"@type\":\"ListItem\",\"position\":2,\"name\":\"Proizvodi\",\"item\":\"https:\/\/zagro.hr\/shop\/\"},{\"@type\":\"ListItem\",\"position\":3,\"name\":\"Vaga automatska WE &#8211; 30 PLUS\"}]}]}<\/script>\n<!-- \/ Yoast SEO plugin. -->","_links":{"self":[{"href":"https:\/\/zagro.hr\/en\/wp-json\/wp\/v2\/product\/5236","targetHints":{"allow":["GET"]}}],"collection":[{"href":"https:\/\/zagro.hr\/en\/wp-json\/wp\/v2\/product"}],"about":[{"href":"https:\/\/zagro.hr\/en\/wp-json\/wp\/v2\/types\/product"}],"replies":[{"embeddable":true,"href":"https:\/\/zagro.hr\/en\/wp-json\/wp\/v2\/comments?post=5236"}],"wp:featuredmedia":[{"embeddable":true,"href":"https:\/\/zagro.hr\/en\/wp-json\/wp\/v2\/media\/5240"}],"wp:attachment":[{"href":"https:\/\/zagro.hr\/en\/wp-json\/wp\/v2\/media?parent=5236"}],"curies":[{"name":"wp","href":"https:\/\/api.w.org\/{rel}","templated":true}]}}