{"id":5241,"date":"2021-02-15T14:17:01","date_gmt":"2021-02-15T14:17:01","guid":{"rendered":"http:\/\/zagro.cwebspace.hr\/?post_type=product&#038;p=5241"},"modified":"2021-02-15T14:24:17","modified_gmt":"2021-02-15T14:24:17","slug":"pakirnica-automatska-ra-1","status":"publish","type":"product","link":"https:\/\/zagro.hr\/en\/product\/pakirnica-automatska-ra-1\/","title":{"rendered":"Pakirnica automatska RA-1"},"content":{"rendered":"<p>Automatska pakirnica za vre\u0107e na roli RA-1 je odli\u010dan potpuno automatiziran stroj za pakiranje povr\u0107a u raschel vre\u0107e. Kona\u010dan proizvod je lijepo pakirana raschel vre\u0107a puna povr\u0107a sa deklaracijom ( labelom ) preko cijele \u0161irine proizvoda. Automatska pakirnica RA-1 je dizajnirana za kori\u0161tenje sa WE-30 PLUS elektronskom vagom ili vi\u0161e kanalnom elektronskom vagom WK-10. Kombinacija pakirnog stroja RA-1 i strojeva za vaganje koje proizvodi tvrtka Domasz pru\u017ea odli\u010dnu i potpuno automatiziranu proizvodnu liniju za vaganje i pakiranje. Stroj je dizajniran za pakiranje u raschel vre\u0107e od 2.5kg do 25kg. Mo\u017ee se koristiti za pakiranje povr\u0107a kao \u0161to su krumpir, luk, mrkva itd. Automatska pakirnica uzima vre\u0107e sa role, re\u017ee ih i nakon \u0161to ih napuni, za\u0161ije vre\u0107u i deklaraciju na mjestu gdje je vre\u0107a zatvorena. Pakirnica je opremljena sa Fischbein &#8220;F&#8221; ili Yao Han glavom za \u0161ivanje (1 nit konca). Tako\u0111er postoji verzija od nehr\u0111aju\u010deg \u010delika.<\/p>","protected":false},"excerpt":{"rendered":"<p>TEHNI\u010cKE SPECIFIKACIJE:<\/p>\n<p>&#8211; pakiranje razli\u010ditih vrsta povr\u0107a<br \/>\n&#8211; u potpunosti automatiziran sustav<br \/>\n&#8211; pakiranje u vre\u0107e od 2.5 &#8211; 25kg<br \/>\n&#8211; kapacitet pakiranja 10kg vre\u0107a je 4t\/<br \/>\n&#8211; deklariranje vre\u0107a<br \/>\n&#8211; vibracija gornjeg lijevka ( opcija )<br \/>\n&#8211; vibracija podno\u017eja vre\u0107a ( opcija )<\/p>\n<p>Napajanje:<br \/>\n&#8211; 3*400V 3.5 KW (32A 5P)<br \/>\n&#8211; kompresija 5bar (DIN 17)<\/p>","protected":false},"featured_media":5243,"comment_status":"closed","ping_status":"closed","template":"","meta":{"bgseo_title":"","bgseo_description":"","bgseo_robots_index":"","bgseo_robots_follow":""},"class_list":["post-5241","product","type-product","status-publish","has-post-thumbnail","hentry","product_cat-pakirnica","product_tag-strojevi-za-sortiranje-i-pakiranje-poljopriv-proizvoda","agrikon_product_brands-domasz","nt-post-class",""],"yoast_head":"<!-- This site is optimized with the Yoast SEO plugin v16.5 - https:\/\/yoast.com\/wordpress\/plugins\/seo\/ -->\n<title>Pakirnica automatska RA-1 | Zagro d.o.o.<\/title>\n<meta name=\"robots\" content=\"index, follow, max-snippet:-1, max-image-preview:large, max-video-preview:-1\" \/>\n<link rel=\"canonical\" href=\"https:\/\/zagro.hr\/en\/product\/pakirnica-automatska-ra-1\/\" \/>\n<meta property=\"og:locale\" content=\"en_GB\" \/>\n<meta property=\"og:type\" content=\"article\" \/>\n<meta property=\"og:title\" content=\"Pakirnica automatska RA-1 - Zagro d.o.o.\" \/>\n<meta property=\"og:description\" content=\"TEHNI\u010cKE SPECIFIKACIJE:  - pakiranje razli\u010ditih vrsta povr\u0107a - u potpunosti automatiziran sustav - pakiranje u vre\u0107e od 2.5 - 25kg - kapacitet pakiranja 10kg vre\u0107a je 4t\/ - deklariranje vre\u0107a - vibracija gornjeg lijevka ( opcija ) - vibracija podno\u017eja vre\u0107a ( opcija )  Napajanje: - 3*400V 3.5 KW (32A 5P) - kompresija 5bar (DIN 17)\" \/>\n<meta property=\"og:url\" content=\"https:\/\/zagro.hr\/en\/product\/pakirnica-automatska-ra-1\/\" \/>\n<meta property=\"og:site_name\" content=\"Zagro d.o.o.\" \/>\n<meta property=\"article:modified_time\" content=\"2021-02-15T14:24:17+00:00\" \/>\n<meta property=\"og:image\" content=\"https:\/\/zagro.hr\/wp-content\/uploads\/2021\/02\/ra003.jpg\" \/>\n\t<meta property=\"og:image:width\" content=\"900\" \/>\n\t<meta property=\"og:image:height\" content=\"831\" \/>\n<meta name=\"twitter:card\" content=\"summary_large_image\" \/>\n<meta name=\"twitter:label1\" content=\"Estimated reading time\" \/>\n\t<meta name=\"twitter:data1\" content=\"1 minute\" \/>\n<script type=\"application\/ld+json\" class=\"yoast-schema-graph\">{\"@context\":\"https:\/\/schema.org\",\"@graph\":[{\"@type\":\"Organization\",\"@id\":\"https:\/\/zagro.hr\/#organization\",\"name\":\"Zagro d.o.o.\",\"url\":\"https:\/\/zagro.hr\/\",\"sameAs\":[],\"logo\":{\"@type\":\"ImageObject\",\"@id\":\"https:\/\/zagro.hr\/#logo\",\"inLanguage\":\"en-GB\",\"url\":\"https:\/\/zagro.hr\/wp-content\/uploads\/2021\/01\/logo-1-e1461010389735.png\",\"contentUrl\":\"https:\/\/zagro.hr\/wp-content\/uploads\/2021\/01\/logo-1-e1461010389735.png\",\"width\":200,\"height\":100,\"caption\":\"Zagro d.o.o.\"},\"image\":{\"@id\":\"https:\/\/zagro.hr\/#logo\"}},{\"@type\":\"WebSite\",\"@id\":\"https:\/\/zagro.hr\/#website\",\"url\":\"https:\/\/zagro.hr\/\",\"name\":\"Zagro d.o.o.\",\"description\":\"\",\"publisher\":{\"@id\":\"https:\/\/zagro.hr\/#organization\"},\"potentialAction\":[{\"@type\":\"SearchAction\",\"target\":\"https:\/\/zagro.hr\/?s={search_term_string}\",\"query-input\":\"required name=search_term_string\"}],\"inLanguage\":\"en-GB\"},{\"@type\":\"ImageObject\",\"@id\":\"https:\/\/zagro.hr\/product\/pakirnica-automatska-ra-1\/#primaryimage\",\"inLanguage\":\"en-GB\",\"url\":\"https:\/\/zagro.hr\/wp-content\/uploads\/2021\/02\/ra003.jpg\",\"contentUrl\":\"https:\/\/zagro.hr\/wp-content\/uploads\/2021\/02\/ra003.jpg\",\"width\":900,\"height\":831,\"caption\":\"Pakirnica automatska RA-1 Domasz\"},{\"@type\":\"WebPage\",\"@id\":\"https:\/\/zagro.hr\/product\/pakirnica-automatska-ra-1\/#webpage\",\"url\":\"https:\/\/zagro.hr\/product\/pakirnica-automatska-ra-1\/\",\"name\":\"Pakirnica automatska RA-1 - Zagro d.o.o.\",\"isPartOf\":{\"@id\":\"https:\/\/zagro.hr\/#website\"},\"primaryImageOfPage\":{\"@id\":\"https:\/\/zagro.hr\/product\/pakirnica-automatska-ra-1\/#primaryimage\"},\"datePublished\":\"2021-02-15T14:17:01+00:00\",\"dateModified\":\"2021-02-15T14:24:17+00:00\",\"breadcrumb\":{\"@id\":\"https:\/\/zagro.hr\/product\/pakirnica-automatska-ra-1\/#breadcrumb\"},\"inLanguage\":\"en-GB\",\"potentialAction\":[{\"@type\":\"ReadAction\",\"target\":[\"https:\/\/zagro.hr\/product\/pakirnica-automatska-ra-1\/\"]}]},{\"@type\":\"BreadcrumbList\",\"@id\":\"https:\/\/zagro.hr\/product\/pakirnica-automatska-ra-1\/#breadcrumb\",\"itemListElement\":[{\"@type\":\"ListItem\",\"position\":1,\"name\":\"Po\\u010detna stranica\",\"item\":\"https:\/\/zagro.hr\/\"},{\"@type\":\"ListItem\",\"position\":2,\"name\":\"Proizvodi\",\"item\":\"https:\/\/zagro.hr\/shop\/\"},{\"@type\":\"ListItem\",\"position\":3,\"name\":\"Pakirnica automatska RA-1\"}]}]}<\/script>\n<!-- \/ Yoast SEO plugin. -->","_links":{"self":[{"href":"https:\/\/zagro.hr\/en\/wp-json\/wp\/v2\/product\/5241","targetHints":{"allow":["GET"]}}],"collection":[{"href":"https:\/\/zagro.hr\/en\/wp-json\/wp\/v2\/product"}],"about":[{"href":"https:\/\/zagro.hr\/en\/wp-json\/wp\/v2\/types\/product"}],"replies":[{"embeddable":true,"href":"https:\/\/zagro.hr\/en\/wp-json\/wp\/v2\/comments?post=5241"}],"wp:featuredmedia":[{"embeddable":true,"href":"https:\/\/zagro.hr\/en\/wp-json\/wp\/v2\/media\/5243"}],"wp:attachment":[{"href":"https:\/\/zagro.hr\/en\/wp-json\/wp\/v2\/media?parent=5241"}],"curies":[{"name":"wp","href":"https:\/\/api.w.org\/{rel}","templated":true}]}}