{"id":5246,"date":"2021-02-15T14:18:25","date_gmt":"2021-02-15T14:18:25","guid":{"rendered":"http:\/\/zagro.cwebspace.hr\/?post_type=product&#038;p=5246"},"modified":"2021-02-15T14:24:12","modified_gmt":"2021-02-15T14:24:12","slug":"cetka-za-cetkanje-cs-55-cs-110","status":"publish","type":"product","link":"https:\/\/zagro.hr\/en\/product\/cetka-za-cetkanje-cs-55-cs-110\/","title":{"rendered":"\u010cetka za \u010detkanje CS-55 \/ CS-110"},"content":{"rendered":"<p>\u010cetke za \u010di\u0161\u0107enje CS-55 su pouzdan ure\u0111aj za \u010di\u0161\u0107enje gomoljastog povr\u0107a. Zami\u0161ljeno je prvenstveno za \u010di\u0161\u0107enje krumpira, celera, repe itd. Ure\u0111aj je opremljen sa 10 rotiraju\u0107ih \u010detki koje pomi\u010du povr\u0107e i priti\u0161\u0107u ih koriste\u0107i gumeni pokrov. \u010cetke za \u010di\u0161\u0107enje imaju 4 rotacijska kota\u010da sa mogu\u0107no\u0161\u0107u prilago\u0111avanja visine. Ure\u0111aj se mo\u017ee koristiti i kao zasebna jedinica, ali se naj\u010de\u0161\u0107e koristi kao dio cijele proizvodne linije. Domasz nudi \u010detke za \u010di\u0161\u0107enje i od nehr\u0111aju\u0107eg \u010delika sa sistemom promjenjive kontrole brzine (inverterom).<\/p>","protected":false},"excerpt":{"rendered":"<p>TEHNI\u010cKE SPECIFIKACIJE:<\/p>\n<p>&#8211;\u00a0jednostavna i pouzdana konstrukcija<br \/>\n&#8211;\u00a010 \u010detki za \u010di\u0161\u0107enje (\u0161irina 55cm\/180br. okr.) (ili 110cm kod modela CS-110)<br \/>\n&#8211;\u00a0rotiraju\u0107i kota\u010di sa prilagodbom visine<br \/>\n&#8211;\u00a0kapacitet max 5t\/h<br \/>\n&#8211; sistem kontrole brzine\u00a0( opcija )<\/p>\n<p class=\"p1\">Napajanje:<\/p>\n<p class=\"p1\">&#8211; 3 * 400V 0.75 KW (32A 5P plastic plug)<br \/>\n&#8211; kompresor nije potreban<\/p>","protected":false},"featured_media":5247,"comment_status":"closed","ping_status":"closed","template":"","meta":{"bgseo_title":"","bgseo_description":"","bgseo_robots_index":"","bgseo_robots_follow":""},"class_list":["post-5246","product","type-product","status-publish","has-post-thumbnail","hentry","product_cat-cetke","product_tag-strojevi-za-sortiranje-i-pakiranje-poljopriv-proizvoda","agrikon_product_brands-domasz","nt-post-class",""],"yoast_head":"<!-- This site is optimized with the Yoast SEO plugin v16.5 - https:\/\/yoast.com\/wordpress\/plugins\/seo\/ -->\n<title>\u010cetka za \u010detkanje CS-55 \/ CS-110 | Zagro d.o.o.<\/title>\n<meta name=\"robots\" content=\"index, follow, max-snippet:-1, max-image-preview:large, max-video-preview:-1\" \/>\n<link rel=\"canonical\" href=\"https:\/\/zagro.hr\/en\/product\/cetka-za-cetkanje-cs-55-cs-110\/\" \/>\n<meta property=\"og:locale\" content=\"en_GB\" \/>\n<meta property=\"og:type\" content=\"article\" \/>\n<meta property=\"og:title\" content=\"\u010cetka za \u010detkanje CS-55 \/ CS-110 - Zagro d.o.o.\" \/>\n<meta property=\"og:description\" content=\"TEHNI\u010cKE SPECIFIKACIJE:  -\u00a0jednostavna i pouzdana konstrukcija -\u00a010 \u010detki za \u010di\u0161\u0107enje (\u0161irina 55cm\/180br. okr.) (ili 110cm kod modela CS-110) -\u00a0rotiraju\u0107i kota\u010di sa prilagodbom visine -\u00a0kapacitet max 5t\/h - sistem kontrole brzine\u00a0( opcija ) Napajanje: - 3 * 400V 0.75 KW (32A 5P plastic plug) - kompresor nije potreban\" \/>\n<meta property=\"og:url\" content=\"https:\/\/zagro.hr\/en\/product\/cetka-za-cetkanje-cs-55-cs-110\/\" \/>\n<meta property=\"og:site_name\" content=\"Zagro d.o.o.\" \/>\n<meta property=\"article:modified_time\" content=\"2021-02-15T14:24:12+00:00\" \/>\n<meta property=\"og:image\" content=\"https:\/\/zagro.hr\/wp-content\/uploads\/2021\/02\/Cetka-CS-55-3.jpg\" \/>\n\t<meta property=\"og:image:width\" content=\"900\" \/>\n\t<meta property=\"og:image:height\" content=\"600\" \/>\n<meta name=\"twitter:card\" content=\"summary_large_image\" \/>\n<meta name=\"twitter:label1\" content=\"Estimated reading time\" \/>\n\t<meta name=\"twitter:data1\" content=\"1 minute\" \/>\n<script type=\"application\/ld+json\" class=\"yoast-schema-graph\">{\"@context\":\"https:\/\/schema.org\",\"@graph\":[{\"@type\":\"Organization\",\"@id\":\"https:\/\/zagro.hr\/#organization\",\"name\":\"Zagro d.o.o.\",\"url\":\"https:\/\/zagro.hr\/\",\"sameAs\":[],\"logo\":{\"@type\":\"ImageObject\",\"@id\":\"https:\/\/zagro.hr\/#logo\",\"inLanguage\":\"en-GB\",\"url\":\"https:\/\/zagro.hr\/wp-content\/uploads\/2021\/01\/logo-1-e1461010389735.png\",\"contentUrl\":\"https:\/\/zagro.hr\/wp-content\/uploads\/2021\/01\/logo-1-e1461010389735.png\",\"width\":200,\"height\":100,\"caption\":\"Zagro d.o.o.\"},\"image\":{\"@id\":\"https:\/\/zagro.hr\/#logo\"}},{\"@type\":\"WebSite\",\"@id\":\"https:\/\/zagro.hr\/#website\",\"url\":\"https:\/\/zagro.hr\/\",\"name\":\"Zagro d.o.o.\",\"description\":\"\",\"publisher\":{\"@id\":\"https:\/\/zagro.hr\/#organization\"},\"potentialAction\":[{\"@type\":\"SearchAction\",\"target\":\"https:\/\/zagro.hr\/?s={search_term_string}\",\"query-input\":\"required name=search_term_string\"}],\"inLanguage\":\"en-GB\"},{\"@type\":\"ImageObject\",\"@id\":\"https:\/\/zagro.hr\/product\/cetka-za-cetkanje-cs-55-cs-110\/#primaryimage\",\"inLanguage\":\"en-GB\",\"url\":\"https:\/\/zagro.hr\/wp-content\/uploads\/2021\/02\/Cetka-CS-55-3.jpg\",\"contentUrl\":\"https:\/\/zagro.hr\/wp-content\/uploads\/2021\/02\/Cetka-CS-55-3.jpg\",\"width\":900,\"height\":600,\"caption\":\"\\u010cetka-CS-55-3 Domasz\"},{\"@type\":\"WebPage\",\"@id\":\"https:\/\/zagro.hr\/product\/cetka-za-cetkanje-cs-55-cs-110\/#webpage\",\"url\":\"https:\/\/zagro.hr\/product\/cetka-za-cetkanje-cs-55-cs-110\/\",\"name\":\"\\u010cetka za \\u010detkanje CS-55 \/ CS-110 - Zagro d.o.o.\",\"isPartOf\":{\"@id\":\"https:\/\/zagro.hr\/#website\"},\"primaryImageOfPage\":{\"@id\":\"https:\/\/zagro.hr\/product\/cetka-za-cetkanje-cs-55-cs-110\/#primaryimage\"},\"datePublished\":\"2021-02-15T14:18:25+00:00\",\"dateModified\":\"2021-02-15T14:24:12+00:00\",\"breadcrumb\":{\"@id\":\"https:\/\/zagro.hr\/product\/cetka-za-cetkanje-cs-55-cs-110\/#breadcrumb\"},\"inLanguage\":\"en-GB\",\"potentialAction\":[{\"@type\":\"ReadAction\",\"target\":[\"https:\/\/zagro.hr\/product\/cetka-za-cetkanje-cs-55-cs-110\/\"]}]},{\"@type\":\"BreadcrumbList\",\"@id\":\"https:\/\/zagro.hr\/product\/cetka-za-cetkanje-cs-55-cs-110\/#breadcrumb\",\"itemListElement\":[{\"@type\":\"ListItem\",\"position\":1,\"name\":\"Po\\u010detna stranica\",\"item\":\"https:\/\/zagro.hr\/\"},{\"@type\":\"ListItem\",\"position\":2,\"name\":\"Proizvodi\",\"item\":\"https:\/\/zagro.hr\/shop\/\"},{\"@type\":\"ListItem\",\"position\":3,\"name\":\"\\u010cetka za \\u010detkanje CS-55 \/ CS-110\"}]}]}<\/script>\n<!-- \/ Yoast SEO plugin. -->","_links":{"self":[{"href":"https:\/\/zagro.hr\/en\/wp-json\/wp\/v2\/product\/5246","targetHints":{"allow":["GET"]}}],"collection":[{"href":"https:\/\/zagro.hr\/en\/wp-json\/wp\/v2\/product"}],"about":[{"href":"https:\/\/zagro.hr\/en\/wp-json\/wp\/v2\/types\/product"}],"replies":[{"embeddable":true,"href":"https:\/\/zagro.hr\/en\/wp-json\/wp\/v2\/comments?post=5246"}],"wp:featuredmedia":[{"embeddable":true,"href":"https:\/\/zagro.hr\/en\/wp-json\/wp\/v2\/media\/5247"}],"wp:attachment":[{"href":"https:\/\/zagro.hr\/en\/wp-json\/wp\/v2\/media?parent=5246"}],"curies":[{"name":"wp","href":"https:\/\/api.w.org\/{rel}","templated":true}]}}