{"id":5249,"date":"2021-02-15T14:20:27","date_gmt":"2021-02-15T14:20:27","guid":{"rendered":"http:\/\/zagro.cwebspace.hr\/?post_type=product&#038;p=5249"},"modified":"2021-02-15T14:24:23","modified_gmt":"2021-02-15T14:24:23","slug":"stol-kontrolni-st-100","status":"publish","type":"product","link":"https:\/\/zagro.hr\/en\/product\/stol-kontrolni-st-100\/","title":{"rendered":"Stol kontrolni ST 100"},"content":{"rendered":"<p>Stol za selektiranje je pouzdan ure\u0111aj koji omogu\u0107ava preciznu i ru\u010dnu selekciju razli\u010ditih vrsta povr\u0107a. Na rotiraju\u0107im i klize\u0107im proizvodima se lako vr\u0161i kontrola i ru\u010dno se odstranjuju proizvodi koji ne zadovoljavaju na poseban dio stola koji transportira te proizvode u npr. otpadni konetjner ili drugi sistem za pakiranje. Vrlo pozitivna karakteristika stola za selektiranje ST-100 je mogu\u0107nost prilagodbe brzine kretanja povr\u0107a ( koriste\u0107i inverter ). Radna udobnost je tako\u0111er garantirana dodatnom rasvjetom koja omogu\u0107ava bolju selekciju. Dostupno je vi\u0161e dimenzija stolova za selektiranje. Zamjena klasi\u010dnih PVC rola sa mnogo izdr\u017eljivijim aluminjskim rolama daje garanciju korisniku da i nakon mnogo godina kontinuiranog kori\u0161tenja ne\u0107e do\u0107i do deformacija ili o\u0161te\u0107enja. Stol za selektiranje ST-100 se mo\u017ee koristiti i kao samostalan ure\u0111aj, ali je naj\u010de\u0161\u0107e kori\u0161ten kao dio cijele proizvodne linije, koja mo\u017ee uklju\u010divati i ostale proizvode koje proizvodi Domasz. Za zahtjevnije korisnike preporu\u010damo stol za selektiranje od nehr\u0111aju\u010deg \u010delika.<\/p>","protected":false},"excerpt":{"rendered":"<p>TEHNI\u010cKE SPECIFIKACIJE:<\/p>\n<p>&#8211;\u00a0aluminijske role otporne na deformacije<br \/>\n&#8211;\u00a0sistem promjenjive brzine (inverter)<br \/>\n&#8211;\u00a0dodatno osvjetljenje<br \/>\n&#8211;\u00a0prilago\u0111avaju\u0107a visina rada<br \/>\n&#8211;\u00a0role sa ko\u010dnicama<\/p>\n<p class=\"p1\">Napajanje:<\/p>\n<p class=\"p1\">&#8211; 3 * 400V 0.75 KW (32A 5P )<br \/>\n&#8211; kompresor nije potreban<\/p>","protected":false},"featured_media":5252,"comment_status":"closed","ping_status":"closed","template":"","meta":{"bgseo_title":"","bgseo_description":"","bgseo_robots_index":"","bgseo_robots_follow":""},"class_list":["post-5249","product","type-product","status-publish","has-post-thumbnail","hentry","product_cat-stol-kontrolni","product_tag-strojevi-za-sortiranje-i-pakiranje-poljopriv-proizvoda","agrikon_product_brands-domasz","nt-post-class",""],"yoast_head":"<!-- This site is optimized with the Yoast SEO plugin v16.5 - https:\/\/yoast.com\/wordpress\/plugins\/seo\/ -->\n<title>Stol kontrolni ST 100 | Zagro d.o.o.<\/title>\n<meta name=\"robots\" content=\"index, follow, max-snippet:-1, max-image-preview:large, max-video-preview:-1\" \/>\n<link rel=\"canonical\" href=\"https:\/\/zagro.hr\/en\/product\/stol-kontrolni-st-100\/\" \/>\n<meta property=\"og:locale\" content=\"en_GB\" \/>\n<meta property=\"og:type\" content=\"article\" \/>\n<meta property=\"og:title\" content=\"Stol kontrolni ST 100 - Zagro d.o.o.\" \/>\n<meta property=\"og:description\" content=\"TEHNI\u010cKE SPECIFIKACIJE:  -\u00a0aluminijske role otporne na deformacije -\u00a0sistem promjenjive brzine (inverter) -\u00a0dodatno osvjetljenje -\u00a0prilago\u0111avaju\u0107a visina rada -\u00a0role sa ko\u010dnicama Napajanje: - 3 * 400V 0.75 KW (32A 5P ) - kompresor nije potreban\" \/>\n<meta property=\"og:url\" content=\"https:\/\/zagro.hr\/en\/product\/stol-kontrolni-st-100\/\" \/>\n<meta property=\"og:site_name\" content=\"Zagro d.o.o.\" \/>\n<meta property=\"article:modified_time\" content=\"2021-02-15T14:24:23+00:00\" \/>\n<meta property=\"og:image\" content=\"https:\/\/zagro.hr\/wp-content\/uploads\/2021\/02\/Kontrolni-stol-ST-100-2.jpg\" \/>\n\t<meta property=\"og:image:width\" content=\"900\" \/>\n\t<meta property=\"og:image:height\" content=\"888\" \/>\n<meta name=\"twitter:card\" content=\"summary_large_image\" \/>\n<meta name=\"twitter:label1\" content=\"Estimated reading time\" \/>\n\t<meta name=\"twitter:data1\" content=\"1 minute\" \/>\n<script type=\"application\/ld+json\" class=\"yoast-schema-graph\">{\"@context\":\"https:\/\/schema.org\",\"@graph\":[{\"@type\":\"Organization\",\"@id\":\"https:\/\/zagro.hr\/#organization\",\"name\":\"Zagro d.o.o.\",\"url\":\"https:\/\/zagro.hr\/\",\"sameAs\":[],\"logo\":{\"@type\":\"ImageObject\",\"@id\":\"https:\/\/zagro.hr\/#logo\",\"inLanguage\":\"en-GB\",\"url\":\"https:\/\/zagro.hr\/wp-content\/uploads\/2021\/01\/logo-1-e1461010389735.png\",\"contentUrl\":\"https:\/\/zagro.hr\/wp-content\/uploads\/2021\/01\/logo-1-e1461010389735.png\",\"width\":200,\"height\":100,\"caption\":\"Zagro d.o.o.\"},\"image\":{\"@id\":\"https:\/\/zagro.hr\/#logo\"}},{\"@type\":\"WebSite\",\"@id\":\"https:\/\/zagro.hr\/#website\",\"url\":\"https:\/\/zagro.hr\/\",\"name\":\"Zagro d.o.o.\",\"description\":\"\",\"publisher\":{\"@id\":\"https:\/\/zagro.hr\/#organization\"},\"potentialAction\":[{\"@type\":\"SearchAction\",\"target\":\"https:\/\/zagro.hr\/?s={search_term_string}\",\"query-input\":\"required name=search_term_string\"}],\"inLanguage\":\"en-GB\"},{\"@type\":\"ImageObject\",\"@id\":\"https:\/\/zagro.hr\/product\/stol-kontrolni-st-100\/#primaryimage\",\"inLanguage\":\"en-GB\",\"url\":\"https:\/\/zagro.hr\/wp-content\/uploads\/2021\/02\/Kontrolni-stol-ST-100-2.jpg\",\"contentUrl\":\"https:\/\/zagro.hr\/wp-content\/uploads\/2021\/02\/Kontrolni-stol-ST-100-2.jpg\",\"width\":900,\"height\":888,\"caption\":\"Kontrolni-stol-ST-100-2 Domasz\"},{\"@type\":\"WebPage\",\"@id\":\"https:\/\/zagro.hr\/product\/stol-kontrolni-st-100\/#webpage\",\"url\":\"https:\/\/zagro.hr\/product\/stol-kontrolni-st-100\/\",\"name\":\"Stol kontrolni ST 100 - Zagro d.o.o.\",\"isPartOf\":{\"@id\":\"https:\/\/zagro.hr\/#website\"},\"primaryImageOfPage\":{\"@id\":\"https:\/\/zagro.hr\/product\/stol-kontrolni-st-100\/#primaryimage\"},\"datePublished\":\"2021-02-15T14:20:27+00:00\",\"dateModified\":\"2021-02-15T14:24:23+00:00\",\"breadcrumb\":{\"@id\":\"https:\/\/zagro.hr\/product\/stol-kontrolni-st-100\/#breadcrumb\"},\"inLanguage\":\"en-GB\",\"potentialAction\":[{\"@type\":\"ReadAction\",\"target\":[\"https:\/\/zagro.hr\/product\/stol-kontrolni-st-100\/\"]}]},{\"@type\":\"BreadcrumbList\",\"@id\":\"https:\/\/zagro.hr\/product\/stol-kontrolni-st-100\/#breadcrumb\",\"itemListElement\":[{\"@type\":\"ListItem\",\"position\":1,\"name\":\"Po\\u010detna stranica\",\"item\":\"https:\/\/zagro.hr\/\"},{\"@type\":\"ListItem\",\"position\":2,\"name\":\"Proizvodi\",\"item\":\"https:\/\/zagro.hr\/shop\/\"},{\"@type\":\"ListItem\",\"position\":3,\"name\":\"Stol kontrolni ST 100\"}]}]}<\/script>\n<!-- \/ Yoast SEO plugin. -->","_links":{"self":[{"href":"https:\/\/zagro.hr\/en\/wp-json\/wp\/v2\/product\/5249","targetHints":{"allow":["GET"]}}],"collection":[{"href":"https:\/\/zagro.hr\/en\/wp-json\/wp\/v2\/product"}],"about":[{"href":"https:\/\/zagro.hr\/en\/wp-json\/wp\/v2\/types\/product"}],"replies":[{"embeddable":true,"href":"https:\/\/zagro.hr\/en\/wp-json\/wp\/v2\/comments?post=5249"}],"wp:featuredmedia":[{"embeddable":true,"href":"https:\/\/zagro.hr\/en\/wp-json\/wp\/v2\/media\/5252"}],"wp:attachment":[{"href":"https:\/\/zagro.hr\/en\/wp-json\/wp\/v2\/media?parent=5249"}],"curies":[{"name":"wp","href":"https:\/\/api.w.org\/{rel}","templated":true}]}}